{"id":6971,"date":"2022-09-09T09:54:20","date_gmt":"2022-09-09T02:54:20","guid":{"rendered":"https:\/\/achisonsafety.com.vn\/?post_type=product&#038;p=6971"},"modified":"2025-09-17T16:44:59","modified_gmt":"2025-09-17T09:44:59","slug":"phin-loc-hoi-huu-co-3m-3301k-100","status":"publish","type":"product","link":"https:\/\/achisonsafety.com.vn\/en\/san-pham\/phin-loc-hoi-huu-co-3m-3301k-100\/","title":{"rendered":"Phin l\u1ecdc h\u01a1i h\u1eefu c\u01a1 3M 3301K-100"},"content":{"rendered":"<p><strong>Phin l\u1ecdc h\u01a1i h\u1eefu c\u01a1 3M 3301K-100<\/strong>\u00a0k\u1ebft h\u1ee3p v\u1edbi m\u1eb7t n\u1ea1 ph\u00f2ng \u0111\u1ed9c l\u00e0 b\u1ed9 s\u1ea3n ph\u1ea9m ho\u00e0n h\u1ea3o gi\u00fap b\u1ea3o v\u1ec7 \u0111\u01b0\u1eddng h\u00f4 h\u1ea5p c\u1ee7a ng\u01b0\u1eddi s\u1eed d\u1ee5ng khi h\u1ecd th\u01b0\u1eddng xuy\u00ean l\u00e0m vi\u1ec7c trong m\u00f4i tr\u01b0\u1eddng ng\u00e0nh h\u00f3a ch\u1ea5t, phun s\u01a1n, in \u1ea5n,&#8230;<\/p>\n<p><b>Th\u01b0\u01a1ng Hi\u1ec7u:<\/b>\u00a03M<\/p>\n<p><b>M\u00e3 S\u1ea3n Ph\u1ea9m:<\/b> 3301K-100<\/p>\n<p><b>C\u00f4ng D\u1ee5ng:<\/b>\u00a0H\u1ed7 tr\u1ee3 b\u1ea3o v\u1ec7 h\u00f4 h\u1ea5p cho ng\u01b0\u1eddi lao \u0111\u1ed9ng trong qu\u00e1 tr\u00ecnh l\u00e0m vi\u1ec7c t\u1ea1i m\u00f4i tr\u01b0\u1eddng \u00f4 nhi\u1ec5m, \u0111\u1ed9c h\u1ea1i, c\u00f3 h\u00f3a ch\u1ea5t, ph\u00e2n b\u00f3n<\/p>\n<p><b>M\u00f4 T\u1ea3:<\/b><\/p>\n<p>3M 3301K-100 l\u00e0 s\u1ea3n ph\u1ea9m gi\u00fap h\u1ed7 tr\u1ee3 b\u1ea3o v\u1ec7 h\u00f4 h\u1ea5p cho ng\u01b0\u1eddi lao \u0111\u1ed9ng l\u00e0m vi\u1ec7c trong m\u00f4i tr\u01b0\u1eddng c\u00f3 nhi\u1ec1u h\u01a1i dung m\u00f4i.<\/p>\n<p>\u0110\u01b0\u1ee3c d\u00f9ng v\u1edbi m\u1eb7t n\u1ea1 n\u1eeda m\u1eb7t series 3000.<\/p>\n<p><strong>Ch\u1ea5t li\u1ec7u:<\/strong> Than ho\u1ea1t t\u00ednh + m\u00e0ng poly<\/p>\n<p><b>Ti\u00eau Chu\u1ea9n: <\/b>NIOSH \u2013 N95<\/p>\n<p><b>M\u00e0u S\u1eafc:<\/b> \u0110en<\/p>\n<p><b>Quy C\u00e1ch \u0110\u00f3ng G\u00f3i:<\/b> 1 C\u00e1i\/G\u00f3i<\/p>\n<p><b>\u1ee8ng D\u1ee5ng:<\/b>\u00a0\u0110\u01b0\u1ee3c \u1ee9ng d\u1ee5ng trong nhi\u1ec1u l\u0129nh v\u1ef1c kh\u00e1c nhau:<\/p>\n<p>\u2013 D\u1ea7u kh\u00ed, \u0111\u00f3ng t\u00e0u, c\u1ea3ng<\/p>\n<p>\u2013 \u00d4 t\u00f4, xe m\u00e1y, nh\u1ef1a, g\u1ed7, kim lo\u1ea1i<\/p>\n<p>\u2013 Gi\u00e0y da, may m\u1eb7c, nhu\u1ed9m<\/p>\n<p>\u2013 Th\u1ef1c ph\u1ea9m, th\u1ee7y s\u1ea3n, th\u1ee9c \u0103n gia s\u1ee9c<\/p>\n<p>\u2013 Xi m\u0103ng, x\u00e2y d\u1ef1ng, h\u00f3a ch\u1ea5t, ph\u00e2n b\u00f3n<\/p>\n<p><strong>L\u01b0u \u00fd:<\/strong><\/p>\n<p>\u2013 Th\u1eddi gian s\u1eed d\u1ee5ng c\u1ee7a Phin l\u1ecdc h\u01a1i h\u1eefu c\u01a1 3M 3301K-100 ph\u1ee5 thu\u1ed9c r\u1ea5t nhi\u1ec1u v\u00e0o \u0111i\u1ec1u ki\u1ec7n m\u00f4i tr\u01b0\u1eddng b\u00ean c\u1ea1nh n\u1ed3ng \u0111\u1ed9 h\u01a1i h\u1eefu c\u01a1 v\u00e0 dung m\u00f4i trong m\u00f4i tr\u01b0\u1eddng l\u00e0m vi\u1ec7c.<\/p>\n<p>\u2013 Tuy\u1ec7t \u0111\u1ed1i kh\u00f4ng s\u1eed d\u1ee5ng trong \u0111i\u1ec1u ki\u1ec7n thi\u1ebfu oxy hay kh\u00f4ng c\u00f3 th\u00f4ng gi\u00f3.<\/p>\n<p>\u2013 B\u1ea3o qu\u1ea3n phin l\u1ecdc t\u1ea1i n\u01a1i tho\u00e1ng m\u00e1t, m\u1ed7i t\u00fai phin l\u1ecdc \u0111\u1ec1u ghi r\u00f5 r\u00e0ng ng\u00e0y s\u1ea3n xu\u1ea5t v\u00e0 c\u00f3 tem chu\u1ea9n c\u1ee7a 3M cho s\u1ea3n ph\u1ea9m ch\u00ednh h\u00e3ng ,h\u1ea1n s\u1eed d\u1ee5ng m\u1ed7i s\u1ea3n ph\u1ea7m \u0111\u1ec1u k\u00e9o d\u00e0i \u0111\u1ebfn 5 n\u0103m k\u1ec3 t\u1eeb ng\u00e0y s\u1ea3n xu\u1ea5t.<\/p>\n<p>==&gt; Tham kh\u1ea3o th\u00eam c\u00e1c d\u00f2ng Phin l\u1ecdc kh\u00e1c: <a href=\"https:\/\/achisonsafety.com.vn\/danh-muc-san-pham\/bao-ho-lao-dong\/mat-na-phin-loc\/phin-loc\/\">https:\/\/achisonsafety.com.vn\/danh-muc-san-pham\/bao-ho-lao-dong\/mat-na-phin-loc\/phin-loc\/\u00a0<\/a><\/p>\n","protected":false},"excerpt":{"rendered":"<ul>\n<li>Phin l\u1ecdc h\u01a1i h\u1eefu c\u01a1 3301K-100 c\u1ee7a 3M l\u00e0 s\u1ea3n ph\u1ea9m gi\u00fap h\u1ed7 tr\u1ee3 b\u1ea3o v\u1ec7 h\u00f4 h\u1ea5p cho ng\u01b0\u1eddi lao \u0111\u1ed9ng l\u00e0m vi\u1ec7c trong m\u00f4i tr\u01b0\u1eddng c\u00f3 nhi\u1ec1u h\u01a1i dung m\u00f4i<\/li>\n<li>\u0110\u01b0\u1ee3c d\u00f9ng v\u1edbi m\u1eb7t n\u1ea1 n\u1eeda m\u1eb7t series 3000<\/li>\n<\/ul>\n","protected":false},"featured_media":6973,"comment_status":"open","ping_status":"closed","template":"","meta":[],"product_cat":[113],"product_tag":[],"class_list":{"0":"post-6971","1":"product","2":"type-product","3":"status-publish","4":"has-post-thumbnail","6":"product_cat-phin-loc","7":"yith_product_brand-3m","9":"first","10":"instock","11":"shipping-taxable","12":"product-type-simple"},"acf":[],"_links":{"self":[{"href":"https:\/\/achisonsafety.com.vn\/en\/wp-json\/wp\/v2\/product\/6971"}],"collection":[{"href":"https:\/\/achisonsafety.com.vn\/en\/wp-json\/wp\/v2\/product"}],"about":[{"href":"https:\/\/achisonsafety.com.vn\/en\/wp-json\/wp\/v2\/types\/product"}],"replies":[{"embeddable":true,"href":"https:\/\/achisonsafety.com.vn\/en\/wp-json\/wp\/v2\/comments?post=6971"}],"wp:featuredmedia":[{"embeddable":true,"href":"https:\/\/achisonsafety.com.vn\/en\/wp-json\/wp\/v2\/media\/6973"}],"wp:attachment":[{"href":"https:\/\/achisonsafety.com.vn\/en\/wp-json\/wp\/v2\/media?parent=6971"}],"wp:term":[{"taxonomy":"product_cat","embeddable":true,"href":"https:\/\/achisonsafety.com.vn\/en\/wp-json\/wp\/v2\/product_cat?post=6971"},{"taxonomy":"product_tag","embeddable":true,"href":"https:\/\/achisonsafety.com.vn\/en\/wp-json\/wp\/v2\/product_tag?post=6971"}],"curies":[{"name":"wp","href":"https:\/\/api.w.org\/{rel}","templated":true}]}}