{"id":6991,"date":"2022-09-09T13:38:36","date_gmt":"2022-09-09T06:38:36","guid":{"rendered":"https:\/\/achisonsafety.com.vn\/?post_type=product&#038;p=6991"},"modified":"2025-09-17T16:44:57","modified_gmt":"2025-09-17T09:44:57","slug":"kinh-chong-bui-chong-dong-suong-3m-sf301af","status":"publish","type":"product","link":"https:\/\/achisonsafety.com.vn\/en\/san-pham\/kinh-chong-bui-chong-dong-suong-3m-sf301af\/","title":{"rendered":"K\u00ednh ch\u1ed1ng b\u1ee5i, ch\u1ed1ng \u0111\u1ecdng s\u01b0\u01a1ng 3M SF301AF"},"content":{"rendered":"<p><strong>D\u00f2ng k\u00ednh K\u00ednh ch\u1ed1ng b\u1ee5i, ch\u1ed1ng \u0111\u1ecdng s\u01b0\u01a1ng 3M SF301AF thi\u1ebft k\u1ebf k\u00edch th\u01b0\u1edbc d\u00e0nh cho ng\u01b0\u1eddi ch\u00e2u \u00c1. G\u1ecdng k\u00ednh v\u1edbi c\u00f4ng ngh\u1ec7 ph\u00e2n t\u00e1n \u00e1p l\u1ef1c\u00a0 gi\u00fap gi\u1ea3m t\u1ea3i \u00e1p l\u1ef1c t\u1ea1i v\u00f9ng tai khi mang cho c\u1ea3m gi\u00e1c tho\u1ea3i m\u00e1i.<\/strong><\/p>\n<p><strong>Th\u01b0\u01a1ng hi\u1ec7u: <\/strong>3M<\/p>\n<p><strong>M\u00e3 s\u1ea3n ph\u1ea9m: <\/strong>SF301AF<\/p>\n<p><strong>Ti\u00eau chu\u1ea9n:<\/strong> CSA Z94.3 v\u00e0 ANSI Z87.1 2015<\/p>\n<p><strong>C\u00f4ng d\u1ee5ng:<\/strong> B\u1ea3o v\u1ec7 m\u1eaft, ch\u1ed1ng b\u1ee5i, ch\u1ed1ng tia UV, ch\u1ed1ng \u0111\u1ecdng s\u01b0\u01a1ng<\/p>\n<p><strong>M\u00f4 t\u1ea3:<\/strong><\/p>\n<p>C\u00f4ng ngh\u1ec7 ph\u00e2n t\u00e1n \u00e1p l\u1ef1c cho ph\u00e9p g\u1ecdn k\u00ednh t\u1ef1 \u0111i\u1ec1u ch\u1ec9nh ph\u00f9 h\u1ee3p t\u1eebng k\u00edch c\u1ee1 ng\u01b0\u1eddi mang<\/p>\n<p>V\u1edbi thi\u1ebft k\u1ebf \u00f4m s\u00e1t khu\u00f4n m\u1eb7t v\u00e0 t\u00edch h\u1ee3p c\u00f4ng ngh\u1ec7 ch\u1ed1ng \u0111\u1ecdng s\u01b0\u01a1ng gi\u00fap ch\u1ed1ng \u0111\u1ecdng s\u01b0\u01a1ng t\u1ed1i \u0111a v\u00e0 gia t\u0103ng s\u1ef1 b\u1ea3o v\u1ec7<\/p>\n<p>K\u00ednh ch\u1ed1ng b\u1ee5i, ch\u1ed1ng \u0111\u1ecdng s\u01b0\u01a1ng 3M SF301AF an to\u00e0n, v\u1eeba kh\u00edt gi\u00fap gi\u1eef cho m\u1eaft k\u00ednh kh\u00f4ng b\u1ecb tr\u01b0\u1ee3t ngay c\u1ea3 khi b\u1ea1n \u0111ang di chuy\u1ec3n v\u00e0 ho\u1ea1t \u0111\u1ed9ng m\u1ea1nh<\/p>\n<p>L\u1edbp ch\u1ed1ng \u0111\u1ecdng s\u01b0\u01a1ng ph\u00f9 h\u1ee3p v\u1edbi c\u00f4ng vi\u1ec7c trong \u0111i\u1ec1u ki\u1ec7n l\u00e0m vi\u1ec7c n\u00f3ng \u1ea9m<strong>\u00a0<\/strong><\/p>\n<p><b>\u1ee8ng D\u1ee5ng:<\/b><\/p>\n<p>\u2013 D\u1ea7u kh\u00ed, \u0111\u00f3ng t\u00e0u, c\u1ea3ng<\/p>\n<p>\u2013 \u00d4 t\u00f4, xe m\u00e1y<\/p>\n<p>\u2013 Nh\u1ef1a, g\u1ed7, kim lo\u1ea1i<\/p>\n<p>\u2013 Gi\u00e0y da, may m\u1eb7c, nhu\u1ed9m<\/p>\n<p>\u2013 Th\u1ef1c ph\u1ea9m, th\u1ee7y s\u1ea3n, th\u1ee9c \u0103n gia s\u00fac<\/p>\n<p>\u2013 Xi m\u0103ng, x\u00e2y d\u1ef1ng, h\u00f3a ch\u1ea5t, ph\u00e2n b\u00f3n<\/p>\n","protected":false},"excerpt":{"rendered":"<ul>\n<li>C\u00f4ng ngh\u1ec7 ph\u00e2n t\u00e1n \u00e1p l\u1ef1c cho ph\u00e9p g\u1ecdn k\u00ednh t\u1ef1 \u0111i\u1ec1u ch\u1ec9nh ph\u00f9 h\u1ee3p t\u1eebng k\u00edch c\u1ee1 ng\u01b0\u1eddi mang<\/li>\n<li>V\u1edbi thi\u1ebft k\u1ebf \u00f4m s\u00e1t khu\u00f4n m\u1eb7t v\u00e0 t\u00edch h\u1ee3p c\u00f4ng ngh\u1ec7 ch\u1ed1ng \u0111\u1ecdng s\u01b0\u01a1ng gi\u00fap ch\u1ed1ng \u0111\u1ecdng s\u01b0\u01a1ng t\u1ed1i \u0111a v\u00e0 gia t\u0103ng s\u1ef1 b\u1ea3o v\u1ec7<\/li>\n<li>An to\u00e0n, v\u1eeba kh\u00edt gi\u00fap gi\u1eef cho m\u1eaft k\u00ednh kh\u00f4ng b\u1ecb tr\u01b0\u1ee3t ngay c\u1ea3 khi b\u1ea1n \u0111ang di chuy\u1ec3n v\u00e0 ho\u1ea1t \u0111\u1ed9ng m\u1ea1nh<\/li>\n<\/ul>\n","protected":false},"featured_media":7072,"comment_status":"open","ping_status":"closed","template":"","meta":[],"product_cat":[106],"product_tag":[],"class_list":{"0":"post-6991","1":"product","2":"type-product","3":"status-publish","4":"has-post-thumbnail","6":"product_cat-kinh-chong-bui","7":"yith_product_brand-3m","9":"first","10":"instock","11":"shipping-taxable","12":"product-type-simple"},"acf":[],"_links":{"self":[{"href":"https:\/\/achisonsafety.com.vn\/en\/wp-json\/wp\/v2\/product\/6991"}],"collection":[{"href":"https:\/\/achisonsafety.com.vn\/en\/wp-json\/wp\/v2\/product"}],"about":[{"href":"https:\/\/achisonsafety.com.vn\/en\/wp-json\/wp\/v2\/types\/product"}],"replies":[{"embeddable":true,"href":"https:\/\/achisonsafety.com.vn\/en\/wp-json\/wp\/v2\/comments?post=6991"}],"wp:featuredmedia":[{"embeddable":true,"href":"https:\/\/achisonsafety.com.vn\/en\/wp-json\/wp\/v2\/media\/7072"}],"wp:attachment":[{"href":"https:\/\/achisonsafety.com.vn\/en\/wp-json\/wp\/v2\/media?parent=6991"}],"wp:term":[{"taxonomy":"product_cat","embeddable":true,"href":"https:\/\/achisonsafety.com.vn\/en\/wp-json\/wp\/v2\/product_cat?post=6991"},{"taxonomy":"product_tag","embeddable":true,"href":"https:\/\/achisonsafety.com.vn\/en\/wp-json\/wp\/v2\/product_tag?post=6991"}],"curies":[{"name":"wp","href":"https:\/\/api.w.org\/{rel}","templated":true}]}}