{"id":7006,"date":"2022-09-09T14:07:59","date_gmt":"2022-09-09T07:07:59","guid":{"rendered":"https:\/\/achisonsafety.com.vn\/?post_type=product&#038;p=7006"},"modified":"2025-09-17T16:44:56","modified_gmt":"2025-09-17T09:44:56","slug":"nap-giu-tam-loc-3m-774","status":"publish","type":"product","link":"https:\/\/achisonsafety.com.vn\/en\/san-pham\/nap-giu-tam-loc-3m-774\/","title":{"rendered":"N\u1eafp gi\u1eef t\u1ea5m l\u1ecdc 3M 774"},"content":{"rendered":"<p><strong>N\u1eafp gi\u1eef t\u1ea5m l\u1ecdc 774<\/strong><\/p>\n<p><strong>Th\u01b0\u01a1ng hi\u1ec7u: <\/strong>3M<\/p>\n<p><strong>M\u00e3 s\u1ea3n ph\u1ea9m: <\/strong>N\u1eafp gi\u1eef t\u1ea5m l\u1ecdc 3M 774<\/p>\n<p><strong>M\u00e0u s\u1eafc: <\/strong>Tr\u1eafng<\/p>\n<p><strong>M\u00f4 t\u1ea3:<\/strong><\/p>\n<p>Thi\u1ebft k\u1ebf nh\u1ecf g\u1ecdn l\u00e0m t\u0103ng t\u1ea7m nh\u00ecn v\u00e0 an to\u00e0n<\/p>\n<p>Tr\u1ecdng l\u01b0\u1ee3ng nh\u1eb9 t\u0103ng s\u1ef1 tho\u1ea3i m\u00e1i<\/p>\n<p>C\u00e1c b\u1ed9 ph\u1eadn thay th\u1ebf t\u1ed1i thi\u1ec3u \u0111\u1ec3 ti\u1ebft ki\u1ec7m kh\u00f4ng gian, th\u1eddi gian v\u00e0 ti\u1ec1n b\u1ea1c<\/p>\n<p>Th\u00e1o l\u1eafp linh ho\u1ea1t v\u1edbi van th\u1edf<\/p>\n<p><strong>\u1ee8ng d\u1ee5ng: <\/strong>S\u1eed d\u1ee5ng \u0111\u1ec3 \u0111\u1ef1ng t\u1ea5m l\u1ecdc b\u1ee5i 7711<\/p>\n","protected":false},"excerpt":{"rendered":"<ul>\n<li>Tr\u1ecdng l\u01b0\u1ee3ng nh\u1eb9 t\u0103ng s\u1ef1 tho\u1ea3i m\u00e1i<\/li>\n<li>C\u00e1c b\u1ed9 ph\u1eadn thay th\u1ebf t\u1ed1i thi\u1ec3u \u0111\u1ec3 ti\u1ebft ki\u1ec7m kh\u00f4ng gian, th\u1eddi gian v\u00e0 ti\u1ec1n b\u1ea1c<\/li>\n<li>Th\u00e1o l\u1eafp linh ho\u1ea1t v\u1edbi van th\u1edf<\/li>\n<\/ul>\n","protected":false},"featured_media":7007,"comment_status":"open","ping_status":"closed","template":"","meta":[],"product_cat":[115],"product_tag":[],"class_list":{"0":"post-7006","1":"product","2":"type-product","3":"status-publish","4":"has-post-thumbnail","6":"product_cat-nap-giu-tam-loc","7":"yith_product_brand-3m","9":"first","10":"instock","11":"shipping-taxable","12":"product-type-simple"},"acf":[],"_links":{"self":[{"href":"https:\/\/achisonsafety.com.vn\/en\/wp-json\/wp\/v2\/product\/7006"}],"collection":[{"href":"https:\/\/achisonsafety.com.vn\/en\/wp-json\/wp\/v2\/product"}],"about":[{"href":"https:\/\/achisonsafety.com.vn\/en\/wp-json\/wp\/v2\/types\/product"}],"replies":[{"embeddable":true,"href":"https:\/\/achisonsafety.com.vn\/en\/wp-json\/wp\/v2\/comments?post=7006"}],"wp:featuredmedia":[{"embeddable":true,"href":"https:\/\/achisonsafety.com.vn\/en\/wp-json\/wp\/v2\/media\/7007"}],"wp:attachment":[{"href":"https:\/\/achisonsafety.com.vn\/en\/wp-json\/wp\/v2\/media?parent=7006"}],"wp:term":[{"taxonomy":"product_cat","embeddable":true,"href":"https:\/\/achisonsafety.com.vn\/en\/wp-json\/wp\/v2\/product_cat?post=7006"},{"taxonomy":"product_tag","embeddable":true,"href":"https:\/\/achisonsafety.com.vn\/en\/wp-json\/wp\/v2\/product_tag?post=7006"}],"curies":[{"name":"wp","href":"https:\/\/api.w.org\/{rel}","templated":true}]}}