{"id":7075,"date":"2022-09-15T14:31:18","date_gmt":"2022-09-15T07:31:18","guid":{"rendered":"https:\/\/achisonsafety.com.vn\/?post_type=product&#038;p=7075"},"modified":"2025-09-17T16:44:55","modified_gmt":"2025-09-17T09:44:55","slug":"kinh-bao-ho-chong-bui-hf-110-trang","status":"publish","type":"product","link":"https:\/\/achisonsafety.com.vn\/en\/san-pham\/kinh-bao-ho-chong-bui-hf-110-trang\/","title":{"rendered":"K\u00ednh b\u1ea3o h\u1ed9 ch\u1ed1ng b\u1ee5i HF 110 tr\u1eafng"},"content":{"rendered":"<p>Khi b\u1ea1n l\u00e0m vi\u1ec7c ngo\u00e0i tr\u1eddi hay trong m\u00f4i tr\u01b0\u1eddng c\u00f3 ph\u00e1t sinh b\u1ee5i, c\u00f4ng nh\u00e2n ch\u1ec9 trang b\u1ecb kh\u1ea9u trang hay m\u1eb7t n\u1ea1 b\u1ea3o v\u1ec7 h\u00f4 h\u1ea5p th\u00ec ch\u01b0a th\u1ec3 ng\u0103n ch\u1eb7n b\u1ee5i b\u1ea9n ti\u1ebfp x\u00fac v\u1edbi c\u01a1 th\u1ec3. C\u00f4ng nh\u00e2n c\u1ea7n trang b\u1ecb th\u00eam cho m\u00ecnh m\u1ed9t chi\u1ebfc <a href=\"https:\/\/achisonsafety.com.vn\/danh-muc-san-pham\/bao-ho-lao-dong\/kinh-bao-ho-lao-dong\/\">k\u00ednh b\u1ea3o h\u1ed9 ch\u1ed1ng b\u1ee5i<\/a> chuy\u00ean d\u1ee5ng \u0111\u1ec3 b\u1ea3o v\u1ec7 m\u1eaft kh\u1ecfi b\u1ee5i b\u1ea9n.<\/p>\n<p><strong>Th\u00f4ng s\u1ed1 K\u00ednh ch\u1ed1ng b\u1ee5i HF 110 tr\u1eafng<\/strong><\/p>\n<p><strong>Th\u01b0\u01a1ng hi\u1ec7u:<\/strong>\u00a0Jinhua<\/p>\n<p><strong>M\u00e3 s\u1ea3n ph\u1ea9m:<\/strong>\u00a0HF 110<\/p>\n<p><strong>M\u00e0u s\u1eafc:<\/strong>\u00a0C\u00f3 hai m\u00e0u c\u01a1 b\u1ea3n tr\u1eafng v\u00e0 \u0111en. Th\u00edch h\u1ee3p khi l\u00e0m vi\u1ec7c ngo\u00e0i n\u1eafng l\u1eabn trong nh\u00e0<\/p>\n<p><strong>Ch\u1ea5t li\u1ec7u:<\/strong>\u00a0Tr\u00f2ng k\u00ednh \u0111\u01b0\u1ee3c l\u00e0m b\u1eb1ng Polycacbonate, b\u1ec1n b\u1ec9,\u00a0g\u1ecdng k\u00ednh l\u00e0m b\u1eb1ng Nylon kh\u00f4ng g\u00e2y k\u00edch \u1ee9ng da<\/p>\n<p><strong>Ti\u00eau chu\u1ea9n:<\/strong>\u00a0CE EN166 v\u00e0 ANSI Z87.1<\/p>\n<p><strong>M\u00f4 t\u1ea3:<\/strong><\/p>\n<p>Th\u00edch h\u1ee3p s\u1eed d\u1ee5ng trong m\u00f4i tr\u01b0\u1eddng ngo\u00e0i tr\u1eddi<\/p>\n<p>D\u00f9ng trong m\u00f4i tr\u01b0\u1eddng c\u00f3 ph\u00e1t sinh b\u1ee5i<\/p>\n<p>Ch\u1ed1ng tia UV<\/p>\n<p>Ch\u1ed1ng \u0111\u1ecdng s\u01b0\u01a1ng<\/p>\n<p>Ch\u1ed1ng tr\u1ea7y x\u01b0\u1edbc<\/p>\n<p>Ch\u00e2n k\u00ednh c\u00f3 th\u1ec3 \u0111i\u1ec1u ch\u1ec9nh \u0111\u01b0\u1ee3c sao cho ph\u00f9 h\u1ee3p v\u1edbi khu\u00f4n m\u1eb7t<\/p>\n<p>Thi\u1ebft k\u1ebf g\u1ecdn nh\u1eb9, h\u1ee3p th\u1eddi trang, c\u00f3 th\u1ec3 s\u1eed d\u1ee5ng khi \u0111i \u0111\u01b0\u1eddng<\/p>\n<p>K\u00ednh b\u1ea3o h\u1ed9 ch\u1ed1ng b\u1ee5i HF 110 tr\u1eafng \u0111\u01b0\u1ee3c thi\u1ebft k\u1ebf th\u00eam t\u1ea5m ch\u1eafn \u1edf hai b\u00ean gi\u00fap h\u1ea1n ch\u1ebf b\u1ee5i bay v\u00e0o m\u1eaft.<\/p>\n<p><strong>\u1ee8ng d\u1ee5ng:<\/strong>\u00a0D\u00f9ng trong c\u00e1c ng\u00e0nh may m\u1eb7c, x\u00e2y d\u1ef1ng, \u00f4 t\u00f4, \u2026.<\/p>\n","protected":false},"excerpt":{"rendered":"<ul>\n<li>D\u00f9ng trong m\u00f4i tr\u01b0\u1eddng c\u00f3 ph\u00e1t sinh b\u1ee5i<\/li>\n<li>Ch\u1ed1ng tia UV<\/li>\n<li>Ch\u1ed1ng \u0111\u1ecdng s\u01b0\u01a1ng<\/li>\n<\/ul>\n","protected":false},"featured_media":7082,"comment_status":"open","ping_status":"closed","template":"","meta":[],"product_cat":[106],"product_tag":[],"class_list":{"0":"post-7075","1":"product","2":"type-product","3":"status-publish","4":"has-post-thumbnail","6":"product_cat-kinh-chong-bui","7":"yith_product_brand-thuong-hieu-khac","9":"first","10":"instock","11":"shipping-taxable","12":"product-type-simple"},"acf":[],"_links":{"self":[{"href":"https:\/\/achisonsafety.com.vn\/en\/wp-json\/wp\/v2\/product\/7075"}],"collection":[{"href":"https:\/\/achisonsafety.com.vn\/en\/wp-json\/wp\/v2\/product"}],"about":[{"href":"https:\/\/achisonsafety.com.vn\/en\/wp-json\/wp\/v2\/types\/product"}],"replies":[{"embeddable":true,"href":"https:\/\/achisonsafety.com.vn\/en\/wp-json\/wp\/v2\/comments?post=7075"}],"wp:featuredmedia":[{"embeddable":true,"href":"https:\/\/achisonsafety.com.vn\/en\/wp-json\/wp\/v2\/media\/7082"}],"wp:attachment":[{"href":"https:\/\/achisonsafety.com.vn\/en\/wp-json\/wp\/v2\/media?parent=7075"}],"wp:term":[{"taxonomy":"product_cat","embeddable":true,"href":"https:\/\/achisonsafety.com.vn\/en\/wp-json\/wp\/v2\/product_cat?post=7075"},{"taxonomy":"product_tag","embeddable":true,"href":"https:\/\/achisonsafety.com.vn\/en\/wp-json\/wp\/v2\/product_tag?post=7075"}],"curies":[{"name":"wp","href":"https:\/\/api.w.org\/{rel}","templated":true}]}}