{"id":7089,"date":"2022-09-15T16:27:54","date_gmt":"2022-09-15T09:27:54","guid":{"rendered":"https:\/\/achisonsafety.com.vn\/?post_type=product&#038;p=7089"},"modified":"2025-09-17T16:44:55","modified_gmt":"2025-09-17T09:44:55","slug":"non-bao-ho-msa-vgard-500-trang","status":"publish","type":"product","link":"https:\/\/achisonsafety.com.vn\/en\/san-pham\/non-bao-ho-msa-vgard-500-trang\/","title":{"rendered":"N\u00f3n b\u1ea3o h\u1ed9 MSA VGARD 500 Tr\u1eafng"},"content":{"rendered":"<p><b>N\u00f3n b\u1ea3o h\u1ed9 MSA VGARD 500 Tr\u1eafng &#8211; <\/b><b>B\u1ea3o v\u1ec7 \u0111\u1ea7u trong l\u00fac l\u00e0m vi\u1ec7c l\u00e0 \u0111i\u1ec1u h\u1ebft s\u1ee9c quan tr\u1ecdng v\u00ec c\u00e1c v\u1eadt nh\u1ecdn, s\u1eafc b\u00e9n c\u00f3 th\u1ec3 r\u01a1i v\u00e0o \u0111\u1ea7u c\u00f4ng nh\u00e2n b\u1ea5t k\u1ef3 l\u00fac n\u00e0o. Gi\u1ea3i ph\u00e1p t\u1ed1i \u01b0u nh\u1ea5t l\u00e0 trang b\u1ecb cho m\u00ecnh m\u1ed9t chi\u1ebfc n\u00f3n \u0111\u1ec3 b\u1ea3o v\u1ec7 \u0111\u1ea7u kh\u1ecfi nguy hi\u1ec3m<\/b><\/p>\n<p><b>Th\u01b0\u01a1ng Hi\u1ec7u: <\/b><span style=\"font-weight: 400\">MSA<\/span><\/p>\n<p><b>M\u00e3 S\u1ea3n Ph\u1ea9m: <\/b><span style=\"font-weight: 400\">VGARD 500<\/span><\/p>\n<p><b>C\u00f4ng D\u1ee5ng: <\/b><span style=\"font-weight: 400\">B\u1ea3o v\u1ec7 \u0111\u1ea7u<\/span><\/p>\n<p><b>C\u1ea5p \u0110\u1ed9: <\/b><span style=\"font-weight: 400\">Class C<\/span><\/p>\n<p><b>M\u00f4 T\u1ea3:\u00a0<\/b><\/p>\n<p><span style=\"font-weight: 400\">N\u00f3n b\u1ea3o h\u1ed9 MSA VGARD 500 c\u00f3<\/span> <span style=\"font-weight: 400\">thi\u1ebft k\u1ebf tho\u1ea3i m\u00e1i, d\u1ec5 v\u1eb7n.\u00a0<\/span><\/p>\n<p><span style=\"font-weight: 400\">Ph\u00eda tr\u01b0\u1edbc ph\u1ea7n ti\u1ebfp x\u00fac tr\u00e1n c\u00f3 mi\u1ebfng \u0111\u1ec7m h\u00fat m\u1ed3 h\u00f4i<\/span><\/p>\n<p><span style=\"font-weight: 400\">Ch\u1ecbu \u0111\u01b0\u1ee3c l\u1ef1c k\u00e9o d\u00e3n l\u00ean \u0111\u1ebfn 4300 psi, ch\u1ed1ng d\u1ea7u, khung n\u00f3n 4 \u0111i\u1ec3m ti\u1ebfp x\u00fac<\/span><\/p>\n<p><b>Ch\u1ea5t Li\u1ec7u: <\/b><span style=\"font-weight: 400\">Polyethylene<\/span><\/p>\n<p><b>Ti\u00eau Chu\u1ea9n: <\/b><span style=\"font-weight: 400\">ANSI\/ISEA Z89.1-2014, Type I<\/span><\/p>\n<p><b>Tr\u1ecdng L\u01b0\u1ee3ng: <\/b><span style=\"font-weight: 400\">430gram<\/span><\/p>\n<p><b>M\u00e0u S\u1eafc: <\/b>Tr\u1eafng<\/p>\n<p><b>Quy C\u00e1ch \u0110\u00f3ng G\u00f3i:<\/b><span style=\"font-weight: 400\"> 1 C\u00e1i\/H\u1ed9p<\/span><\/p>\n<p><b>\u1ee8ng D\u1ee5ng: <\/b><span style=\"font-weight: 400\">D\u1ea7u kh\u00ed, \u0111\u00f3ng t\u00e0u, c\u1ea3ng &#8211; \u00d4 t\u00f4, xe m\u00e1y, nh\u1ef1a, g\u1ed7, kim lo\u1ea1i &#8211; Xi m\u0103ng, x\u00e2y d\u1ef1ng, h\u00f3a ch\u1ea5t, ph\u00e2n b\u00f3n<\/span><\/p>\n<p><b>&gt;&gt; Tham kh\u1ea3o nhi\u1ec1u gi\u1ea3i ph\u00e1p n\u00f3n b\u1ea3o h\u1ed9 kh\u00e1c\u00a0<\/b><\/p>\n<p><a href=\"https:\/\/achisonsafety.com.vn\/danh-muc-san-pham\/bao-ho-lao-dong\/non-bao-ho\/\"><span style=\"font-weight: 400\">https:\/\/achisonsafety.com.vn\/danh-muc-san-pham\/bao-ho-lao-dong\/non-bao-ho\/<\/span><\/a><span style=\"font-weight: 400\">\u00a0<\/span><\/p>\n<p><b>L\u01b0u \u00fd:<\/b><\/p>\n<p><span style=\"font-weight: 400\">&#8211; Ki\u1ec3m tra s\u1ea3n ph\u1ea9m k\u1ef9 tr\u01b0\u1edbc khi s\u1eed d\u1ee5ng<\/span><\/p>\n<p><span style=\"font-weight: 400\">&#8211; Kh\u00f4ng s\u1eed d\u1ee5ng n\u00f3n c\u00f3 d\u1ea5u hi\u1ec7u n\u1ee9t v\u1ee1 \u0111\u1ec3 \u0111\u1ea3m b\u1ea3o an to\u00e0n<\/span><\/p>\n<p><span style=\"font-weight: 400\">&#8211; Lau ch\u00f9i n\u00f3n th\u01b0\u1eddng xuy\u00ean \u0111\u1ec3 \u0111\u1ea3m b\u1ea3o v\u1ec7 sinh cho n\u00f3n<\/span><\/p>\n","protected":false},"excerpt":{"rendered":"<ul>\n<li><span style=\"font-weight: 400\">N\u00f3n b\u1ea3o h\u1ed9 MSA VGARD 500 c\u00f3<\/span> <span style=\"font-weight: 400\">thi\u1ebft k\u1ebf tho\u1ea3i m\u00e1i, d\u1ec5 v\u1eb7n.\u00a0<\/span><\/li>\n<li><span style=\"font-weight: 400\">Ph\u00eda tr\u01b0\u1edbc ph\u1ea7n ti\u1ebfp x\u00fac tr\u00e1n c\u00f3 mi\u1ebfng \u0111\u1ec7m h\u00fat m\u1ed3 h\u00f4i<\/span><\/li>\n<li><span style=\"font-weight: 400\">Ch\u1ecbu \u0111\u01b0\u1ee3c l\u1ef1c k\u00e9o d\u00e3n l\u00ean \u0111\u1ebfn 4300 psi, ch\u1ed1ng d\u1ea7u, khung n\u00f3n 4 \u0111i\u1ec3m ti\u1ebfp x\u00fac<\/span><\/li>\n<\/ul>\n","protected":false},"featured_media":4038,"comment_status":"open","ping_status":"closed","template":"","meta":[],"product_cat":[97],"product_tag":[],"class_list":{"0":"post-7089","1":"product","2":"type-product","3":"status-publish","4":"has-post-thumbnail","6":"product_cat-non-bao-ho","7":"yith_product_brand-thuong-hieu-khac","9":"first","10":"instock","11":"shipping-taxable","12":"product-type-simple"},"acf":[],"_links":{"self":[{"href":"https:\/\/achisonsafety.com.vn\/en\/wp-json\/wp\/v2\/product\/7089"}],"collection":[{"href":"https:\/\/achisonsafety.com.vn\/en\/wp-json\/wp\/v2\/product"}],"about":[{"href":"https:\/\/achisonsafety.com.vn\/en\/wp-json\/wp\/v2\/types\/product"}],"replies":[{"embeddable":true,"href":"https:\/\/achisonsafety.com.vn\/en\/wp-json\/wp\/v2\/comments?post=7089"}],"wp:featuredmedia":[{"embeddable":true,"href":"https:\/\/achisonsafety.com.vn\/en\/wp-json\/wp\/v2\/media\/4038"}],"wp:attachment":[{"href":"https:\/\/achisonsafety.com.vn\/en\/wp-json\/wp\/v2\/media?parent=7089"}],"wp:term":[{"taxonomy":"product_cat","embeddable":true,"href":"https:\/\/achisonsafety.com.vn\/en\/wp-json\/wp\/v2\/product_cat?post=7089"},{"taxonomy":"product_tag","embeddable":true,"href":"https:\/\/achisonsafety.com.vn\/en\/wp-json\/wp\/v2\/product_tag?post=7089"}],"curies":[{"name":"wp","href":"https:\/\/api.w.org\/{rel}","templated":true}]}}