{"id":7224,"date":"2022-09-29T14:46:59","date_gmt":"2022-09-29T07:46:59","guid":{"rendered":"https:\/\/achisonsafety.com.vn\/?post_type=product&#038;p=7224"},"modified":"2025-09-17T16:44:53","modified_gmt":"2025-09-17T09:44:53","slug":"quan-ao-chong-hoa-chat-dupont-tychem-2000","status":"publish","type":"product","link":"https:\/\/achisonsafety.com.vn\/en\/san-pham\/quan-ao-chong-hoa-chat-dupont-tychem-2000\/","title":{"rendered":"Qu\u1ea7n \u00e1o ch\u1ed1ng h\u00f3a ch\u1ea5t Dupont Tychem 2000"},"content":{"rendered":"<p><strong>Qu\u1ea7n \u00e1o ch\u1ed1ng h\u00f3a ch\u1ea5t l\u00e0 m\u1ed9t trong nh\u1eefng trang thi\u1ebft b\u1ecb b\u1ea3o h\u1ed9 kh\u00f4ng th\u1ec3 thi\u1ebfu khi l\u00e0m vi\u1ec7c trong ng\u00e0nh c\u00f4ng nghi\u1ec7p ch\u1ebf bi\u1ebfn, nghi\u00ean c\u1ee9u, th\u00ed nghi\u1ec7m,&#8230;. Ch\u00fang mang \u0111\u1ebfn s\u1ef1 b\u1ea3o v\u1ec7 t\u1ed1i \u01b0u cho ng\u01b0\u1eddi d\u00f9ng khi ph\u1ea3i l\u00e0m vi\u1ec7c v\u00e0 ti\u1ebfp x\u00fac v\u1edbi nh\u1eefng lo\u1ea1i ho\u00e1 ch\u1ea5t \u0111\u1ed9c h\u1ea1i.<\/strong><\/p>\n<p><strong>Qu\u1ea7n \u00e1o ch\u1ed1ng h\u00f3a ch\u1ea5t Dupont Tychem 2000 &#8211; Gi\u1ea3i ph\u00e1p b\u1ea3o h\u1ed9 to\u00e0n th\u00e2n khi l\u00e0m vi\u1ec7c trong m\u00f4i tr\u01b0\u1eddng h\u00f3a ch\u1ea5t nguy hi\u1ec3m<\/strong><\/p>\n<p><strong>Th\u00f4ng tin s\u1ea3n ph\u1ea9m<\/strong><\/p>\n<p><strong>Th\u01b0\u01a1ng hi\u1ec7u:<\/strong> Dupont<\/p>\n<p><strong>M\u00e3 s\u1ea3n ph\u1ea9m: <\/strong>Tychem 2000<\/p>\n<p><strong>M\u00e0u:<\/strong> V\u00e0ng<\/p>\n<p><strong>K\u00edch c\u1ee1:<\/strong> S &#8211; XXXL<\/p>\n<p><strong>Ph\u00e2n lo\u1ea1i:<\/strong> Lo\u1ea1i III, 3-B, 4-B, 5-B v\u00e0 6-B<\/p>\n<p><strong>Ch\u1ea5t li\u1ec7u:<\/strong> S\u1ee3i Tyvek v\u00e0 m\u00e0ng ph\u1ee7 Polymer \u0111\u1eb7c bi\u1ec7t<\/p>\n<p><strong>Ti\u00eau chu\u1ea9n:<\/strong> EN 14126, EN 1073-2, EN 1149-5, EU 2016\/425<\/p>\n<p><strong>M\u00f4 t\u1ea3:<\/strong><\/p>\n<p>Kh\u00f4ng th\u1ea5m v\u00e0 ch\u1ed1ng b\u00e1m d\u00ednh<\/p>\n<p>Si\u00eau b\u1ec1n, dai, ch\u1ecbu \u0111\u01b0\u1ee3c m\u00e0i m\u00f2n, va ch\u1ea1m<\/p>\n<p>R\u1ea5t nh\u1eb9, m\u00e1t v\u1edbi t\u00ednh n\u0103ng \u0111\u1eb7c bi\u1ec7t &#8211; th\u1ea9m th\u1ea5u ng\u01b0\u1ee3c, \u0111em l\u1ea1i c\u1ea3m gi\u00e1c tho\u1ea3i m\u00e1i<\/p>\n<p>Ch\u1ed1ng t\u0129nh \u0111i\u1ec7n<\/p>\n<p>Thi\u1ebft k\u1ebf b\u00f3 s\u00e1t t\u1ea1i c\u00e1c b\u1ed9 ph\u1eadn tr\u00ean c\u01a1 th\u1ec3, ng\u0103n hi\u1ec7n t\u01b0\u1ee3ng c\u1ed5 tay \u00e1o v\u00f4 t\u00ecnh b\u1ecb xo\u1eafn l\u00ean g\u00e2y nguy hi\u1ec3m l\u00fac s\u1eed d\u1ee5ng<\/p>\n<p>Ch\u1ed1ng t\u1ea5t c\u1ea3 c\u00e1c lo\u1ea1i b\u1ee5i, vi khu\u1ea9n \u0111\u1ed9c h\u1ea1i (&gt;0,5 \u00b5m) v\u00e0 ho\u00e1 ch\u1ea5t l\u1ecfng nh\u01b0 axit<\/p>\n<p>Qu\u1ea7n \u00e1o ch\u1ed1ng ho\u00e1 ch\u1ea5t d\u00f9ng 1 l\u1ea7n<\/p>\n<p><strong>\u1ee8ng d\u1ee5ng:<\/strong> Qu\u1ea7n \u00e1o ch\u1ed1ng h\u00f3a ch\u1ea5t Dupont Tychem 2000\u00a0\u0111\u01b0\u1ee3c s\u1eed d\u1ee5ng nhi\u1ec1u trong ph\u00f2ng th\u00ed nghi\u1ec7m, b\u1ec7nh vi\u1ec7n, ch\u1ed1ng ph\u00f3ng x\u1ea1\u2026<\/p>\n<p><strong>L\u01b0u \u00fd: <\/strong><\/p>\n<p>&#8211; Qu\u1ea7n \u00e1o kh\u00f4ng b\u1ea3o v\u1ec7 ch\u1ed1ng b\u1ee9c x\u1ea1 ion h\u00f3a.<\/p>\n<p>&#8211; Qu\u1ea7n \u00e1o ho\u1eb7c v\u1ea3i n\u00e0y kh\u00f4ng c\u00f3 kh\u1ea3 n\u0103ng ch\u1ed1ng ch\u00e1y v\u00e0 kh\u00f4ng n\u00ean \u0111\u01b0\u1ee3c s\u1eed d\u1ee5ng xung quanh nhi\u1ec7t, ng\u1ecdn l\u1eeda, tia l\u1eeda ho\u1eb7c trong m\u00f4i tr\u01b0\u1eddng d\u1ec5 ch\u00e1y. Khuy\u1ebfn c\u00e1o khi s\u1eed d\u1ee5ng n\u00ean tr\u00e1nh xa c\u00e1c ngu\u1ed3n nhi\u1ec7t, tr\u00e1nh \u00e1nh s\u00e1ng tr\u1ef1c ti\u1ebfp..<\/p>\n<p>&#8211; Do c\u00f3 th\u00e0nh ph\u1ea7n polymer kh\u00f3 ph\u00e2n h\u1ee7y trong m\u00f4i tr\u01b0\u1eddng n\u00ean x\u1eed l\u00fd qu\u1ea7n \u00e1o b\u1ea3o h\u1ed9<\/p>\n<p>| ==&gt; Xem th\u00eam c\u00e1c gi\u1ea3i ph\u00e1p qu\u1ea7n \u00e1o ch\u1ed1ng h\u00f3a ch\u1ea5t kh\u00e1c: <a href=\"https:\/\/achisonsafety.com.vn\/danh-muc-san-pham\/bao-ho-lao-dong\/quan-ao-bao-ho\/quan-ao-chong-hoa-chat\/\">https:\/\/achisonsafety.com.vn\/danh-muc-san-pham\/bao-ho-lao-dong\/quan-ao-bao-ho\/quan-ao-chong-hoa-chat\/<\/a><\/p>\n","protected":false},"excerpt":{"rendered":"<ul>\n<li>Kh\u00f4ng th\u1ea5m v\u00e0 ch\u1ed1ng b\u00e1m d\u00ednh<\/li>\n<li>Si\u00eau b\u1ec1n, dai, ch\u1ecbu \u0111\u01b0\u1ee3c m\u00e0i m\u00f2n, va ch\u1ea1m<\/li>\n<li>R\u1ea5t nh\u1eb9, m\u00e1t v\u1edbi t\u00ednh n\u0103ng \u0111\u1eb7c bi\u1ec7t &#8211; th\u1ea9m th\u1ea5u ng\u01b0\u1ee3c, \u0111em l\u1ea1i c\u1ea3m gi\u00e1c tho\u1ea3i m\u00e1i<\/li>\n<\/ul>\n","protected":false},"featured_media":7225,"comment_status":"open","ping_status":"closed","template":"","meta":[],"product_cat":[131],"product_tag":[187,189],"class_list":{"0":"post-7224","1":"product","2":"type-product","3":"status-publish","4":"has-post-thumbnail","6":"product_cat-quan-ao-chong-hoa-chat","7":"product_tag-nganh-duoc-duoc-pham-benh-vien","8":"product_tag-nganh-xay-dung-logistic-hoa-chat","9":"yith_product_brand-dupont","11":"first","12":"instock","13":"shipping-taxable","14":"product-type-simple"},"acf":[],"_links":{"self":[{"href":"https:\/\/achisonsafety.com.vn\/en\/wp-json\/wp\/v2\/product\/7224"}],"collection":[{"href":"https:\/\/achisonsafety.com.vn\/en\/wp-json\/wp\/v2\/product"}],"about":[{"href":"https:\/\/achisonsafety.com.vn\/en\/wp-json\/wp\/v2\/types\/product"}],"replies":[{"embeddable":true,"href":"https:\/\/achisonsafety.com.vn\/en\/wp-json\/wp\/v2\/comments?post=7224"}],"wp:featuredmedia":[{"embeddable":true,"href":"https:\/\/achisonsafety.com.vn\/en\/wp-json\/wp\/v2\/media\/7225"}],"wp:attachment":[{"href":"https:\/\/achisonsafety.com.vn\/en\/wp-json\/wp\/v2\/media?parent=7224"}],"wp:term":[{"taxonomy":"product_cat","embeddable":true,"href":"https:\/\/achisonsafety.com.vn\/en\/wp-json\/wp\/v2\/product_cat?post=7224"},{"taxonomy":"product_tag","embeddable":true,"href":"https:\/\/achisonsafety.com.vn\/en\/wp-json\/wp\/v2\/product_tag?post=7224"}],"curies":[{"name":"wp","href":"https:\/\/api.w.org\/{rel}","templated":true}]}}