{"id":7323,"date":"2022-10-19T14:06:11","date_gmt":"2022-10-19T07:06:11","guid":{"rendered":"https:\/\/achisonsafety.com.vn\/?post_type=product&#038;p=7323"},"modified":"2025-09-17T16:44:52","modified_gmt":"2025-09-17T09:44:52","slug":"hop-dung-nut-tai-chong-on-3m-391-0000","status":"publish","type":"product","link":"https:\/\/achisonsafety.com.vn\/en\/san-pham\/hop-dung-nut-tai-chong-on-3m-391-0000\/","title":{"rendered":"H\u1ed9p \u0111\u1ef1ng n\u00fat tai ch\u1ed1ng \u1ed3n 3M 391-0000"},"content":{"rendered":"<p>S\u1ea3n ph\u1ea9m h\u1ed9p \u0111\u1ef1ng n\u00fat tai ch\u1ed1ng \u1ed3n 3M 391-0000 &#8211; Gi\u1ea3i ph\u00e1p gi\u00fap ng\u01b0\u1eddi lao \u0111\u1ed9ng l\u1ea5y n\u00fat tai m\u1ed9t c\u00e1ch d\u1ec5 d\u00e0ng<\/p>\n<p>Th\u00f4ng tin s\u1ea3n ph\u1ea9m<\/p>\n<p><strong>Th\u01b0\u01a1ng hi\u1ec7<\/strong>u: 3M<\/p>\n<p><strong>M\u00e3 s\u1ea3n ph\u1ea9m:<\/strong> 391-0000<\/p>\n<p>\u01afu \u0111i\u1ec3m<\/p>\n<p>&#8211; Thao t\u00e1c s\u1eed d\u1ee5ng h\u1ed9p \u0111\u1ef1ng n\u00fat tai ch\u1ed1ng \u1ed3n 3M 391-0000 \u0111\u01a1n gi\u1ea3n, l\u00e0m r\u01a1i n\u00fat tai v\u00e0o tay ng\u01b0\u1eddi lao \u0111\u1ed9ng t\u1eebng c\u00e1i m\u1ed9t<\/p>\n<p>&#8211; Thi\u1ebft k\u1ebf \u0111a n\u0103ng, \u0111\u1ebf h\u1ed9p v\u1eefng ch\u1eafc, c\u00f3 m\u00f3c treo cho ph\u00e9p \u0111\u1eb7t tr\u00ean m\u1eb7t b\u00e0n hay treo t\u01b0\u1eddng.<\/p>\n<p>&#8211; D\u00f9ng h\u1ed9p \u0111\u1ef1ng n\u00fat tai ch\u1ed1ng \u1ed3n trong nh\u00e0 hay ngo\u00e0i tr\u1eddi \u0111\u1ec1u \u0111\u01b0\u1ee3c.<\/p>\n<p>&#8211; Khi n\u00fat tai \u0111\u01b0\u1ee3c \u0111\u1eb7t \u1edf v\u1ecb tr\u00ed thu\u1eadn ti\u1ec7n, nh\u1ea7m n\u00e2ng cao t\u1ef7 l\u1ec7 tu\u00e2n th\u1ee7 b\u1ea3o v\u1ec7 th\u00ednh gi\u00e1c c\u1ee7a ng\u01b0\u1eddi lao \u0111\u1ed9ng.<\/p>\n<p><strong>Quy c\u00e1ch:<\/strong> 1 h\u1ed9p\/th\u00f9ng<\/p>\n<p><strong>\u1ee8ng d\u1ee5ng trong c\u00e1c ng\u00e0nh<\/strong>: X\u00e2y d\u1ef1ng, s\u1ea3n xu\u1ea5t th\u1ef1c ph\u1ea9m v\u00e0 \u0111\u1ed3 u\u1ed1ng, h\u00e0ng h\u1ea3i, ch\u1ebf t\u1ea1o kim lo\u1ea1i, b\u1ea3o d\u01b0\u1ee1ng, khai th\u00e1c m\u1ecf, d\u1ea7u kh\u00ed, v\u1eadn t\u1ea3i,&#8230;<\/p>\n","protected":false},"excerpt":{"rendered":"<p>S\u1ea3n ph\u1ea9m h\u1ed9p \u0111\u1ef1ng n\u00fat tai ch\u1ed1ng \u1ed3n 3M 391-0000 &#8211; Gi\u1ea3i ph\u00e1p gi\u00fap ng\u01b0\u1eddi lao \u0111\u1ed9ng l\u1ea5y n\u00fat tai m\u1ed9t c\u00e1ch d\u1ec5 d\u00e0ng Th\u00f4ng tin s\u1ea3n ph\u1ea9m Th\u01b0\u01a1ng hi\u1ec7u: 3M M\u00e3 s\u1ea3n ph\u1ea9m: 391-0000 \u01afu \u0111i\u1ec3m &#8211; Thao t\u00e1c s\u1eed d\u1ee5ng h\u1ed9p \u0111\u1ef1ng n\u00fat tai ch\u1ed1ng \u1ed3n 3M 391-0000 \u0111\u01a1n gi\u1ea3n, l\u00e0m r\u01a1i n\u00fat&#8230;<\/p>\n","protected":false},"featured_media":7324,"comment_status":"open","ping_status":"closed","template":"","meta":[],"product_cat":[109],"product_tag":[],"class_list":{"0":"post-7323","1":"product","2":"type-product","3":"status-publish","4":"has-post-thumbnail","6":"product_cat-nut-tai-chong-on-dung-nhieu-lan","7":"yith_product_brand-3m","9":"first","10":"instock","11":"shipping-taxable","12":"product-type-simple"},"acf":[],"_links":{"self":[{"href":"https:\/\/achisonsafety.com.vn\/en\/wp-json\/wp\/v2\/product\/7323"}],"collection":[{"href":"https:\/\/achisonsafety.com.vn\/en\/wp-json\/wp\/v2\/product"}],"about":[{"href":"https:\/\/achisonsafety.com.vn\/en\/wp-json\/wp\/v2\/types\/product"}],"replies":[{"embeddable":true,"href":"https:\/\/achisonsafety.com.vn\/en\/wp-json\/wp\/v2\/comments?post=7323"}],"wp:featuredmedia":[{"embeddable":true,"href":"https:\/\/achisonsafety.com.vn\/en\/wp-json\/wp\/v2\/media\/7324"}],"wp:attachment":[{"href":"https:\/\/achisonsafety.com.vn\/en\/wp-json\/wp\/v2\/media?parent=7323"}],"wp:term":[{"taxonomy":"product_cat","embeddable":true,"href":"https:\/\/achisonsafety.com.vn\/en\/wp-json\/wp\/v2\/product_cat?post=7323"},{"taxonomy":"product_tag","embeddable":true,"href":"https:\/\/achisonsafety.com.vn\/en\/wp-json\/wp\/v2\/product_tag?post=7323"}],"curies":[{"name":"wp","href":"https:\/\/api.w.org\/{rel}","templated":true}]}}