{"id":7326,"date":"2022-10-19T15:13:44","date_gmt":"2022-10-19T08:13:44","guid":{"rendered":"https:\/\/achisonsafety.com.vn\/?post_type=product&#038;p=7326"},"modified":"2025-09-17T16:44:52","modified_gmt":"2025-09-17T09:44:52","slug":"bang-keo-giay-3m-244","status":"publish","type":"product","link":"https:\/\/achisonsafety.com.vn\/en\/san-pham\/bang-keo-giay-3m-244\/","title":{"rendered":"B\u0103ng keo gi\u1ea5y 3M 244"},"content":{"rendered":"<p><span style=\"font-family: helvetica, arial, sans-serif\">B\u0103ng keo gi\u1ea5y 3M 244 l\u00e0 lo\u1ea1i b\u0103ng keo 1 m\u1eb7t che ch\u1eafn s\u01a1n v\u1edbi ch\u1ea5t li\u1ec7u gi\u1ea5y dai ch\u1eafc, m\u1ecfng, ch\u1ecbu nhi\u1ec7t \u0111\u1ed9 l\u00ean \u0111\u1ebfn 150oC v\u00e0 kh\u00f4ng \u0111\u1ec3 l\u1ea1i keo tr\u00ean b\u1ec1 m\u1eb7t khi th\u00e1o b\u1ecf.<\/span><\/p>\n<p><span style=\"font-family: helvetica, arial, sans-serif\"><strong>Th\u01b0\u01a1ng hi\u1ec7u:<\/strong> 3M<\/span><\/p>\n<p><span style=\"font-family: helvetica, arial, sans-serif\"><strong>M\u00e3 s\u1ea3n ph\u1ea9m<\/strong>: 244<\/span><\/p>\n<p><span style=\"font-family: helvetica, arial, sans-serif\"><strong>\u0110\u1ed9 d\u00e0y:<\/strong> 0.085 mm<\/span><\/p>\n<p><span style=\"font-family: helvetica, arial, sans-serif\"><strong>Chi\u1ec1u d\u00e0i:<\/strong> 50 m<\/span><\/p>\n<p><span style=\"font-family: helvetica, arial, sans-serif\"><strong>Th\u00e0nh ph\u1ea7n keo<\/strong>: acrylic<\/span><\/p>\n<p><span style=\"font-family: helvetica, arial, sans-serif\"><strong>M\u00e0u s\u1eafc:<\/strong> gi\u1ea5y washi v\u00e0ng<\/span><\/p>\n<p><span style=\"font-family: helvetica, arial, sans-serif\"><strong>K\u00edch th\u01b0\u1edbc s\u1eb5n c\u00f3<\/strong>: 10mm, 12mm, 25mm, 50mm<\/span><\/p>\n<p><strong><span style=\"font-family: helvetica, arial, sans-serif\">M\u00f4 t\u1ea3:<\/span><\/strong><\/p>\n<p><span style=\"font-family: helvetica, arial, sans-serif\">&#8211; S\u1ea3n ph\u1ea9m gi\u00fap b\u1ea3o v\u1ec7 kim lo\u1ea1i, nh\u1ef1a, m\u1eb7t k\u00ednh ch\u1ed1ng tr\u1ea7y x\u01b0\u1edbc.<\/span><\/p>\n<p><span style=\"font-family: helvetica, arial, sans-serif\">&#8211; L\u00e0m m\u1edbi l\u1ea1i s\u00e1ch, b\u1ea3n \u0111\u1ed3 v\u00e0 \u00e1p ph\u00edch.<\/span><\/p>\n<p><span style=\"font-family: helvetica, arial, sans-serif\">&#8211; D\u00f9ng che ch\u1eafn khi s\u01a1n ph\u1ee7, d\u00f9ng \u0111\u1ecbnh v\u1ecb, \u0111\u00e1nh d\u1ea5u ghi ch\u00fa\u2026<\/span><\/p>\n<p><span style=\"font-family: helvetica, arial, sans-serif\">&#8211; Khi g\u1ee1 b\u0103ng keo kh\u00f4ng b\u1ecb \u0111\u1ee9t d\u1ec5 d\u00e0ng x\u00e9 b\u1eb1ng tay, kh\u00f4ng l\u00e0m tr\u00f3c l\u1edbp s\u01a1n.\\<\/span><\/p>\n<p><span style=\"font-family: helvetica, arial, sans-serif\"><strong>\u1ee8ng d\u1ee5ng<\/strong>:<\/span><\/p>\n<p><span style=\"font-family: helvetica, arial, sans-serif\">\u2013 T\u1ea1o \u0111\u01b0\u1eddng ch\u1ec9, ph\u00e2n c\u00e1ch cho s\u1ea3n ph\u1ea9m\u2026<\/span><\/p>\n<p><span style=\"font-family: helvetica, arial, sans-serif\">\u2013 Ph\u00f9 h\u1ee3p cho c\u00f4ng \u0111o\u1ea1n s\u01a1n t\u0129nh \u0111i\u1ec7n v\u1edbi nhi\u1ec7t \u0111\u1ed9 cao.<\/span><\/p>\n","protected":false},"excerpt":{"rendered":"<p>B\u0103ng keo gi\u1ea5y 3M 244 l\u00e0 lo\u1ea1i b\u0103ng keo 1 m\u1eb7t che ch\u1eafn s\u01a1n v\u1edbi ch\u1ea5t li\u1ec7u gi\u1ea5y dai ch\u1eafc, m\u1ecfng, ch\u1ecbu nhi\u1ec7t \u0111\u1ed9 l\u00ean \u0111\u1ebfn 150oC v\u00e0 kh\u00f4ng \u0111\u1ec3 l\u1ea1i keo tr\u00ean b\u1ec1 m\u1eb7t khi th\u00e1o b\u1ecf. Th\u01b0\u01a1ng hi\u1ec7u: 3M M\u00e3 s\u1ea3n ph\u1ea9m: 244 \u0110\u1ed9 d\u00e0y: 0.085 mm Chi\u1ec1u d\u00e0i: 50 m Th\u00e0nh ph\u1ea7n&#8230;<\/p>\n","protected":false},"featured_media":7327,"comment_status":"open","ping_status":"closed","template":"","meta":[],"product_cat":[415],"product_tag":[],"class_list":{"0":"post-7326","1":"product","2":"type-product","3":"status-publish","4":"has-post-thumbnail","6":"product_cat-bang-keo-khac-2","7":"yith_product_brand-3m","9":"first","10":"instock","11":"shipping-taxable","12":"product-type-simple"},"acf":[],"_links":{"self":[{"href":"https:\/\/achisonsafety.com.vn\/en\/wp-json\/wp\/v2\/product\/7326"}],"collection":[{"href":"https:\/\/achisonsafety.com.vn\/en\/wp-json\/wp\/v2\/product"}],"about":[{"href":"https:\/\/achisonsafety.com.vn\/en\/wp-json\/wp\/v2\/types\/product"}],"replies":[{"embeddable":true,"href":"https:\/\/achisonsafety.com.vn\/en\/wp-json\/wp\/v2\/comments?post=7326"}],"wp:featuredmedia":[{"embeddable":true,"href":"https:\/\/achisonsafety.com.vn\/en\/wp-json\/wp\/v2\/media\/7327"}],"wp:attachment":[{"href":"https:\/\/achisonsafety.com.vn\/en\/wp-json\/wp\/v2\/media?parent=7326"}],"wp:term":[{"taxonomy":"product_cat","embeddable":true,"href":"https:\/\/achisonsafety.com.vn\/en\/wp-json\/wp\/v2\/product_cat?post=7326"},{"taxonomy":"product_tag","embeddable":true,"href":"https:\/\/achisonsafety.com.vn\/en\/wp-json\/wp\/v2\/product_tag?post=7326"}],"curies":[{"name":"wp","href":"https:\/\/api.w.org\/{rel}","templated":true}]}}