{"id":7329,"date":"2022-10-19T15:46:25","date_gmt":"2022-10-19T08:46:25","guid":{"rendered":"https:\/\/achisonsafety.com.vn\/?post_type=product&#038;p=7329"},"modified":"2025-09-17T16:44:52","modified_gmt":"2025-09-17T09:44:52","slug":"hoa-chat-3m-novec-7500","status":"publish","type":"product","link":"https:\/\/achisonsafety.com.vn\/en\/san-pham\/hoa-chat-3m-novec-7500\/","title":{"rendered":"H\u00f3a ch\u1ea5t 3M Novec 7500"},"content":{"rendered":"<p><a href=\"https:\/\/achisonsafety.com.vn\/danh-muc-san-pham\/san-pham-cong-nghiep\/hoa-chat\/\">H\u00f3a ch\u1ea5t 3M Novec 7500 Engineered Fluid<\/a> &#8211; l\u00e0 ch\u1ea5t l\u1ecfng kh\u00f4ng ch\u00e1y v\u1edbi kh\u1ea3 n\u0103ng l\u00e0m n\u00f3ng l\u00ean to\u00e0n c\u1ea7u r\u1ea5t th\u1ea5p \u0111\u1ec3 s\u1eed d\u1ee5ng trong c\u00e1c \u1ee9ng d\u1ee5ng truy\u1ec1n nhi\u1ec7t. Ch\u1ea5t l\u1ecfng Novec 7500 chia s\u1ebb nhi\u1ec1u t\u00ednh ch\u1ea5t tr\u01a1 v\u00e0 \u0111i\u1ec7n m\u00f4i c\u1ee7a perfluorocarbon (PFCs) v\u00e0 perfluoropolyethers (PFPE), v\u00e0 l\u00e0 m\u1ed9t l\u1ef1a ch\u1ecdn kh\u1ea3 thi \u0111\u1ec3 thay th\u1ebf ch\u00fang trong m\u1ed9t lo\u1ea1t c\u00e1c \u1ee9ng d\u1ee5ng.<\/p>\n<p><strong>Th\u00f4ng tin s\u1ea3n ph\u1ea9m:<\/strong><\/p>\n<p><strong>Th\u01b0\u01a1ng hi\u1ec7u:\u00a0<\/strong> 3M<\/p>\n<p><strong>M\u00e3 s\u1ea3n ph\u1ea9m:\u00a0<\/strong>Novec 7500<\/p>\n<p><strong>C\u00f4ng d\u1ee5ng: <\/strong>H\u00f3a ch\u1ea5t 3M Novec 7500 s\u1eed d\u1ee5ng trong c\u00e1c \u1ee9ng d\u1ee5ng truy\u1ec1n nhi\u1ec7t<\/p>\n<p><b>T\u00ednh ch\u1ea5t:<\/b><\/p>\n<p>\u2013 Kh\u00f4ng b\u1eaft l\u1eeda<\/p>\n<p>\u2013 Kh\u00f4ng d\u1eabn \u0111i\u1ec7n<\/p>\n<p>\u2013 T\u01b0\u01a1ng th\u00edch v\u1edbi ch\u1ea5t d\u1ebbo<\/p>\n<p>\u2013 \u0110\u1ed9 \u0111\u1ed9c th\u1ea5p<\/p>\n<p>\u2013 Ti\u1ec1m n\u0103ng g\u00e2y n\u00f3ng to\u00e0n c\u1ea7u th\u1ea5p (GWP)<\/p>\n<p>\u2013\u00a0Kh\u00f4ng c\u00f3 ozone suy gi\u1ea3m ti\u1ec1m n\u0103ng<\/p>\n<p>\u2013\u00a0Dung m\u00f4i kh\u00f4ng c\u00f3 VOC (Hoa K\u1ef3 EPA)<\/p>\n<p>\u2013\u00a0\u00c1p su\u1ea5t b\u1ec1 m\u1eb7t th\u1ea5p x\u00e2m nh\u1eadp kh\u00f4ng gian ch\u1eadt h\u1eb9p \u0111\u1ec3 c\u1ea3i thi\u1ec7n v\u1ec7 sinh<\/p>\n<p><b>\u1ee8ng d\u1ee5ng:<\/b><\/p>\n<p>\u2013 Ch\u1ea5t l\u00e0m s\u1ea1ch nh\u1eb9 nh\u01b0 ch\u1ea5t x\u1ea3<\/p>\n<p>\u2013\u00a0Ch\u1ea5t r\u1eeda tr\u00e1ng r\u1ea5t hi\u1ec7u qu\u1ea3 khi k\u1ebft h\u1ee3p v\u1edbi c\u00e1c \u0111\u1ed3ng ph\u00e2n hydrocarbon \u0111\u1ec3 l\u00e0m s\u1ea1ch n\u1eb7ng<\/p>\n<p>\u2013\u00a0X\u00f3a b\u1ecf h\u01a1i n\u01b0\u1edbc, lau s\u1ea1ch v\u00e0 x\u1ecbt s\u1ea1ch \u00b7<\/p>\n<p>\u2013 L\u00e0m s\u1ea1ch h\u1ec7 th\u1ed1ng oxy<\/p>\n<p>\u2013\u00a0B\u00f4i tr\u01a1n<\/p>\n","protected":false},"excerpt":{"rendered":"<p>H\u00f3a ch\u1ea5t 3M Novec 7500 Engineered Fluid &#8211; l\u00e0 ch\u1ea5t l\u1ecfng kh\u00f4ng ch\u00e1y v\u1edbi kh\u1ea3 n\u0103ng l\u00e0m n\u00f3ng l\u00ean to\u00e0n c\u1ea7u r\u1ea5t th\u1ea5p \u0111\u1ec3 s\u1eed d\u1ee5ng trong c\u00e1c \u1ee9ng d\u1ee5ng truy\u1ec1n nhi\u1ec7t. Ch\u1ea5t l\u1ecfng Novec 7500 chia s\u1ebb nhi\u1ec1u t\u00ednh ch\u1ea5t tr\u01a1 v\u00e0 \u0111i\u1ec7n m\u00f4i c\u1ee7a perfluorocarbon (PFCs) v\u00e0 perfluoropolyethers (PFPE), v\u00e0 l\u00e0 m\u1ed9t l\u1ef1a&#8230;<\/p>\n","protected":false},"featured_media":7330,"comment_status":"open","ping_status":"closed","template":"","meta":[],"product_cat":[498],"product_tag":[],"class_list":{"0":"post-7329","1":"product","2":"type-product","3":"status-publish","4":"has-post-thumbnail","6":"product_cat-hoa-chat-3m","7":"yith_product_brand-3m","9":"first","10":"instock","11":"shipping-taxable","12":"product-type-simple"},"acf":[],"_links":{"self":[{"href":"https:\/\/achisonsafety.com.vn\/en\/wp-json\/wp\/v2\/product\/7329"}],"collection":[{"href":"https:\/\/achisonsafety.com.vn\/en\/wp-json\/wp\/v2\/product"}],"about":[{"href":"https:\/\/achisonsafety.com.vn\/en\/wp-json\/wp\/v2\/types\/product"}],"replies":[{"embeddable":true,"href":"https:\/\/achisonsafety.com.vn\/en\/wp-json\/wp\/v2\/comments?post=7329"}],"wp:featuredmedia":[{"embeddable":true,"href":"https:\/\/achisonsafety.com.vn\/en\/wp-json\/wp\/v2\/media\/7330"}],"wp:attachment":[{"href":"https:\/\/achisonsafety.com.vn\/en\/wp-json\/wp\/v2\/media?parent=7329"}],"wp:term":[{"taxonomy":"product_cat","embeddable":true,"href":"https:\/\/achisonsafety.com.vn\/en\/wp-json\/wp\/v2\/product_cat?post=7329"},{"taxonomy":"product_tag","embeddable":true,"href":"https:\/\/achisonsafety.com.vn\/en\/wp-json\/wp\/v2\/product_tag?post=7329"}],"curies":[{"name":"wp","href":"https:\/\/api.w.org\/{rel}","templated":true}]}}