{"id":7332,"date":"2022-10-19T16:05:29","date_gmt":"2022-10-19T09:05:29","guid":{"rendered":"https:\/\/achisonsafety.com.vn\/?post_type=product&#038;p=7332"},"modified":"2025-09-17T16:44:52","modified_gmt":"2025-09-17T09:44:52","slug":"hoa-chat-3m-novec-7200","status":"publish","type":"product","link":"https:\/\/achisonsafety.com.vn\/en\/san-pham\/hoa-chat-3m-novec-7200\/","title":{"rendered":"H\u00f3a Ch\u1ea5t 3M Novec 7200"},"content":{"rendered":"<p>Th\u00f4ng tin s\u1ea3n ph\u1ea9m<\/p>\n<p>\u2022 Ch\u1ea5t l\u00e0m s\u1ea1ch l\u1ea1nh (u\u1ed1n m\u1ea1ch, dung m\u00f4i lau)<\/p>\n<p>\u2022 Ch\u1ea5t l\u00e0m s\u1ea1ch v\u00e0 r\u1eeda \u0111\u1ec3 t\u1ea9y d\u1ea7u m\u1ee1<\/p>\n<p>\u2022 L\u00e0m s\u1ea1ch t\u00e1c d\u1ee5ng nh\u1eb9 (g\u1ecdn g\u00e0ng) \u2013particates, fluorolubes, d\u1ea7u nh\u1eb9, fluoropolyme<\/p>\n<p>\u2022 Ch\u1ea5t mang d\u1ea7u nh\u1eddn<\/p>\n<p>Fluorocarbons<\/p>\n<p>Hydrocarbons<\/p>\n<p>Silicones<\/p>\n<p>\u2022 Dung m\u00f4i \u0111\u1eb7c bi\u1ec7t, m\u00f4i tr\u01b0\u1eddng ph\u00e2n t\u00e1n, m\u00f4i tr\u01b0\u1eddng ph\u1ea3n \u1ee9ng , dung m\u00f4i chi\u1ebft<\/p>\n<p>\u2022 Ch\u1ea5t t\u1ea9y r\u1eeda ti\u1ebfp x\u00fac d\u1ea1ng phun<\/p>\n<p>\u2022 Ch\u1ea5t thay th\u1ebf CFC, HCFC, HFC v\u00e0 PFC<\/p>\n<p>\u2022 Ch\u1ea5t l\u1ecfng truy\u1ec1n nhi\u1ec7t (Xem t\u00e0i li\u1ec7u \u0111i\u1ec7n t\u1eed 3M \u201cCh\u1ea5t l\u1ecfng v\u00e0 d\u1ecbch v\u1ee5 qu\u1ea3n l\u00fd nhi\u1ec7t\u201d.)<\/p>\n<p><strong>L\u01b0u \u00fd:<\/strong><\/p>\n<p>\u2013 Tr\u00e1nh xa ngu\u1ed3n nhi\u1ec7t cao ho\u1eb7c ti\u1ebfp x\u00fac v\u1edbi \u00e1nh n\u1eafng m\u1eb7t tr\u1eddi trong th\u1eddi gian d\u00e0i.<\/p>\n<p>\u2013 Tuy\u1ec7t \u0111\u1ed1i kh\u00f4ng \u0111\u01b0\u1ee3c u\u1ed1ng.<\/p>\n<p>\u2013 Kh\u00f4ng \u0111\u01b0\u1ee3c \u0111\u1ed1t ho\u1eb7c \u0111\u00e2m th\u1ee7ng b\u00ecnh x\u1ecbt ngay c\u1ea3 khi \u0111\u00e3 d\u00f9ng h\u1ebft.<\/p>\n<p>\u2013 Tr\u00e1nh xa t\u1ea7m tay tr\u1ebb em.<\/p>\n<div><\/div>\n","protected":false},"excerpt":{"rendered":"<p>Th\u00f4ng tin s\u1ea3n ph\u1ea9m \u2022 Ch\u1ea5t l\u00e0m s\u1ea1ch l\u1ea1nh (u\u1ed1n m\u1ea1ch, dung m\u00f4i lau) \u2022 Ch\u1ea5t l\u00e0m s\u1ea1ch v\u00e0 r\u1eeda \u0111\u1ec3 t\u1ea9y d\u1ea7u m\u1ee1 \u2022 L\u00e0m s\u1ea1ch t\u00e1c d\u1ee5ng nh\u1eb9 (g\u1ecdn g\u00e0ng) \u2013particates, fluorolubes, d\u1ea7u nh\u1eb9, fluoropolyme \u2022 Ch\u1ea5t mang d\u1ea7u nh\u1eddn Fluorocarbons Hydrocarbons Silicones \u2022 Dung m\u00f4i \u0111\u1eb7c bi\u1ec7t, m\u00f4i tr\u01b0\u1eddng ph\u00e2n t\u00e1n, m\u00f4i&#8230;<\/p>\n","protected":false},"featured_media":7333,"comment_status":"open","ping_status":"closed","template":"","meta":[],"product_cat":[498],"product_tag":[],"class_list":{"0":"post-7332","1":"product","2":"type-product","3":"status-publish","4":"has-post-thumbnail","6":"product_cat-hoa-chat-3m","7":"yith_product_brand-3m","9":"first","10":"instock","11":"shipping-taxable","12":"product-type-simple"},"acf":[],"_links":{"self":[{"href":"https:\/\/achisonsafety.com.vn\/en\/wp-json\/wp\/v2\/product\/7332"}],"collection":[{"href":"https:\/\/achisonsafety.com.vn\/en\/wp-json\/wp\/v2\/product"}],"about":[{"href":"https:\/\/achisonsafety.com.vn\/en\/wp-json\/wp\/v2\/types\/product"}],"replies":[{"embeddable":true,"href":"https:\/\/achisonsafety.com.vn\/en\/wp-json\/wp\/v2\/comments?post=7332"}],"wp:featuredmedia":[{"embeddable":true,"href":"https:\/\/achisonsafety.com.vn\/en\/wp-json\/wp\/v2\/media\/7333"}],"wp:attachment":[{"href":"https:\/\/achisonsafety.com.vn\/en\/wp-json\/wp\/v2\/media?parent=7332"}],"wp:term":[{"taxonomy":"product_cat","embeddable":true,"href":"https:\/\/achisonsafety.com.vn\/en\/wp-json\/wp\/v2\/product_cat?post=7332"},{"taxonomy":"product_tag","embeddable":true,"href":"https:\/\/achisonsafety.com.vn\/en\/wp-json\/wp\/v2\/product_tag?post=7332"}],"curies":[{"name":"wp","href":"https:\/\/api.w.org\/{rel}","templated":true}]}}