{"id":7536,"date":"2023-01-17T16:46:43","date_gmt":"2023-01-17T09:46:43","guid":{"rendered":"https:\/\/achisonsafety.com.vn\/?post_type=product&#038;p=7536"},"modified":"2025-09-17T16:44:50","modified_gmt":"2025-09-17T09:44:50","slug":"3m-microfiber-sq21-36-cm-x-36-cm-cloth","status":"publish","type":"product","link":"https:\/\/achisonsafety.com.vn\/en\/san-pham\/3m-microfiber-sq21-36-cm-x-36-cm-cloth\/","title":{"rendered":"3M MICROFIBER SQ21 36 CM X 36 CM CLOTH"},"content":{"rendered":"<p>The Scoth-brite high performance cloth is specifically designed with a unique combination of bi-component microfibers and knit construction<\/p>\n<p><img loading=\"lazy\" decoding=\"async\" class=\"alignnone size-full wp-image-7528\" src=\"https:\/\/achisonsafety.com.vn\/wp-content\/uploads\/2023\/01\/khan-lau-3M-cong-nghe-microfiber.jpeg\" alt=\"C\u1ea5u t\u1ea1o kh\u0103n lau microfiber\" width=\"466\" height=\"466\" title=\"\" srcset=\"https:\/\/achisonsafety.com.vn\/wp-content\/uploads\/2023\/01\/khan-lau-3M-cong-nghe-microfiber.jpeg 466w, https:\/\/achisonsafety.com.vn\/wp-content\/uploads\/2023\/01\/khan-lau-3M-cong-nghe-microfiber-400x400.jpeg 400w, https:\/\/achisonsafety.com.vn\/wp-content\/uploads\/2023\/01\/khan-lau-3M-cong-nghe-microfiber-280x280.jpeg 280w, https:\/\/achisonsafety.com.vn\/wp-content\/uploads\/2023\/01\/khan-lau-3M-cong-nghe-microfiber-30x30.jpeg 30w, https:\/\/achisonsafety.com.vn\/wp-content\/uploads\/2023\/01\/khan-lau-3M-cong-nghe-microfiber-60x60.jpeg 60w, https:\/\/achisonsafety.com.vn\/wp-content\/uploads\/2023\/01\/khan-lau-3M-cong-nghe-microfiber-247x247.jpeg 247w, https:\/\/achisonsafety.com.vn\/wp-content\/uploads\/2023\/01\/khan-lau-3M-cong-nghe-microfiber-100x100.jpeg 100w\" sizes=\"(max-width: 466px) 100vw, 466px\" \/><\/p>\n<p>This combonation provides excellent dust, oil and water pickup with minimal linting<\/p>\n<p><img loading=\"lazy\" decoding=\"async\" class=\"alignnone size-full wp-image-7526\" src=\"https:\/\/achisonsafety.com.vn\/wp-content\/uploads\/2023\/01\/what-is-microfiber.jpeg\" alt=\"Khau lau da nang 3M microfiber\" width=\"500\" height=\"240\" title=\"\" srcset=\"https:\/\/achisonsafety.com.vn\/wp-content\/uploads\/2023\/01\/what-is-microfiber.jpeg 500w, https:\/\/achisonsafety.com.vn\/wp-content\/uploads\/2023\/01\/what-is-microfiber-63x30.jpeg 63w, https:\/\/achisonsafety.com.vn\/wp-content\/uploads\/2023\/01\/what-is-microfiber-125x60.jpeg 125w\" sizes=\"(max-width: 500px) 100vw, 500px\" \/><\/p>\n<p>Ideal for surface: painted, metal, wood, glass, mirrors, windows, stainless steel, crome, plastic<\/p>\n<p>Reusable, machine washable<\/p>\n<p><img loading=\"lazy\" decoding=\"async\" class=\"alignnone size-full wp-image-7534\" src=\"https:\/\/achisonsafety.com.vn\/wp-content\/uploads\/2023\/01\/3M-SQ21.png\" alt=\"Kh\u0103n lau \u0111a n\u0103ng 3M SQ21\" width=\"600\" height=\"612\" title=\"\" srcset=\"https:\/\/achisonsafety.com.vn\/wp-content\/uploads\/2023\/01\/3M-SQ21.png 600w, https:\/\/achisonsafety.com.vn\/wp-content\/uploads\/2023\/01\/3M-SQ21-392x400.png 392w, https:\/\/achisonsafety.com.vn\/wp-content\/uploads\/2023\/01\/3M-SQ21-29x30.png 29w, https:\/\/achisonsafety.com.vn\/wp-content\/uploads\/2023\/01\/3M-SQ21-59x60.png 59w, https:\/\/achisonsafety.com.vn\/wp-content\/uploads\/2023\/01\/3M-SQ21-510x520.png 510w\" sizes=\"(max-width: 600px) 100vw, 600px\" \/><\/p>\n","protected":false},"excerpt":{"rendered":"<p><b>Brand:<\/b> 3M<\/p>\n<p><b>Material:<\/b> Microfiber<\/p>\n<p><b>Dimension:<\/b> 36cm x 36cm<\/p>\n","protected":false},"featured_media":11363,"comment_status":"open","ping_status":"closed","template":"","meta":[],"product_cat":[271],"product_tag":[],"class_list":{"0":"post-7536","1":"product","2":"type-product","3":"status-publish","4":"has-post-thumbnail","6":"product_cat-sorbents","7":"yith_product_brand-3m-en","9":"first","10":"instock","11":"shipping-taxable","12":"product-type-simple"},"acf":[],"_links":{"self":[{"href":"https:\/\/achisonsafety.com.vn\/en\/wp-json\/wp\/v2\/product\/7536"}],"collection":[{"href":"https:\/\/achisonsafety.com.vn\/en\/wp-json\/wp\/v2\/product"}],"about":[{"href":"https:\/\/achisonsafety.com.vn\/en\/wp-json\/wp\/v2\/types\/product"}],"replies":[{"embeddable":true,"href":"https:\/\/achisonsafety.com.vn\/en\/wp-json\/wp\/v2\/comments?post=7536"}],"wp:featuredmedia":[{"embeddable":true,"href":"https:\/\/achisonsafety.com.vn\/en\/wp-json\/wp\/v2\/media\/11363"}],"wp:attachment":[{"href":"https:\/\/achisonsafety.com.vn\/en\/wp-json\/wp\/v2\/media?parent=7536"}],"wp:term":[{"taxonomy":"product_cat","embeddable":true,"href":"https:\/\/achisonsafety.com.vn\/en\/wp-json\/wp\/v2\/product_cat?post=7536"},{"taxonomy":"product_tag","embeddable":true,"href":"https:\/\/achisonsafety.com.vn\/en\/wp-json\/wp\/v2\/product_tag?post=7536"}],"curies":[{"name":"wp","href":"https:\/\/api.w.org\/{rel}","templated":true}]}}