{"id":7984,"date":"2023-02-01T14:26:03","date_gmt":"2023-02-01T07:26:03","guid":{"rendered":"https:\/\/achisonsafety.com.vn\/?post_type=product&#038;p=7984"},"modified":"2025-09-17T16:44:48","modified_gmt":"2025-09-17T09:44:48","slug":"toothbrush-systema","status":"publish","type":"product","link":"https:\/\/achisonsafety.com.vn\/en\/san-pham\/toothbrush-systema\/","title":{"rendered":"Toothbrush Systema"},"content":{"rendered":"<p>Systema toothbrush including 4 product lines:<\/p>\n<ul>\n<li>Basic Cleaning<\/li>\n<li>Special Cleaning<\/li>\n<li>Pro-Clean<\/li>\n<li>Extra-Clean<\/li>\n<\/ul>\n<p><img loading=\"lazy\" decoding=\"async\" class=\"alignnone size-full wp-image-7960\" src=\"https:\/\/achisonsafety.com.vn\/wp-content\/uploads\/2023\/02\/Ban-chai-danh-rang-Systema.jpg\" alt=\"B\u00e0n ch\u1ea3i \u0111\u00e1nh r\u0103ng Systema\" width=\"1000\" height=\"1009\" title=\"\" srcset=\"https:\/\/achisonsafety.com.vn\/wp-content\/uploads\/2023\/02\/Ban-chai-danh-rang-Systema.jpg 1000w, https:\/\/achisonsafety.com.vn\/wp-content\/uploads\/2023\/02\/Ban-chai-danh-rang-Systema-396x400.jpg 396w, https:\/\/achisonsafety.com.vn\/wp-content\/uploads\/2023\/02\/Ban-chai-danh-rang-Systema-793x800.jpg 793w, https:\/\/achisonsafety.com.vn\/wp-content\/uploads\/2023\/02\/Ban-chai-danh-rang-Systema-768x775.jpg 768w, https:\/\/achisonsafety.com.vn\/wp-content\/uploads\/2023\/02\/Ban-chai-danh-rang-Systema-30x30.jpg 30w, https:\/\/achisonsafety.com.vn\/wp-content\/uploads\/2023\/02\/Ban-chai-danh-rang-Systema-59x60.jpg 59w, https:\/\/achisonsafety.com.vn\/wp-content\/uploads\/2023\/02\/Ban-chai-danh-rang-Systema-510x515.jpg 510w, https:\/\/achisonsafety.com.vn\/wp-content\/uploads\/2023\/02\/Ban-chai-danh-rang-Systema-100x100.jpg 100w\" sizes=\"(max-width: 1000px) 100vw, 1000px\" \/><\/p>\n<p><strong>Basic Cleaning<\/strong><\/p>\n<p>Systema Active Clean: Brush away plaque for clean teeth, 0.02 mm ultra-fine bristles, gentle on gums<\/p>\n<p>Systema Activated Charcoal: Antibacterial charcoal coated bristles, 0.02 mm ultra-fine bristles, quick drying<\/p>\n<p><strong>Special Cleaning<\/strong><\/p>\n<p>Systema Sensitive: The brush head is suitable for Vietnamese people, the bristles are super soft, the rubber handle is easy to control, many colors are easy to choose<\/p>\n<p>Systema Bi-level: 2-layer bristles, suitable for individuals with braces, maximum cleaning between teeth, stains, plaque<\/p>\n<p><strong>Pro-Clean<\/strong><\/p>\n<p>Systema Compact: Compact brush head (Only 22mm), easy to reach and clean every nook and cranny<\/p>\n<p>Systema Comfort: Popular size brush head for Vietnamese people (27mm), rubber coated handle design<\/p>\n<p>Systema Full Head: Large brush head (32mm) increases contact area with teeth, comfortable rubberized handle design<\/p>\n<p>Systema Silver Charcoal: Antibacterial up to 99%, the bristles are coated with micro carbon and Silver Ions + Japan<\/p>\n<p><strong>Extra-Clean<\/strong><\/p>\n<p>Systema Spiral: 40% more effective at removing plaque without strong brushing, super fine bristles with 0.02 mm<\/p>\n<p>Systema 3D clean: 5 cleaning effects, eliminating bacteria that cause bad breath<\/p>\n<p>Systema Super Thin Charcoal: Reach deeper than 5mm of wisdom tooth area, remove innermost dental plaque<\/p>\n","protected":false},"excerpt":{"rendered":"<ul>\n<li>8 out of 10 people like Systema right after using it for the first time<\/li>\n<li>Super soft, thin bristles<\/li>\n<li>Cleaning plaque 9 times cleaner<\/li>\n<li>40% cleaner teeth cleaning<\/li>\n<li>3 times softer for teeth and gums<\/li>\n<\/ul>\n","protected":false},"featured_media":7960,"comment_status":"open","ping_status":"closed","template":"","meta":[],"product_cat":[607],"product_tag":[],"class_list":{"0":"post-7984","1":"product","2":"type-product","3":"status-publish","4":"has-post-thumbnail","6":"product_cat-consumer-goods","7":"yith_product_brand-systema-2","9":"first","10":"instock","11":"shipping-taxable","12":"product-type-simple"},"acf":[],"_links":{"self":[{"href":"https:\/\/achisonsafety.com.vn\/en\/wp-json\/wp\/v2\/product\/7984"}],"collection":[{"href":"https:\/\/achisonsafety.com.vn\/en\/wp-json\/wp\/v2\/product"}],"about":[{"href":"https:\/\/achisonsafety.com.vn\/en\/wp-json\/wp\/v2\/types\/product"}],"replies":[{"embeddable":true,"href":"https:\/\/achisonsafety.com.vn\/en\/wp-json\/wp\/v2\/comments?post=7984"}],"wp:featuredmedia":[{"embeddable":true,"href":"https:\/\/achisonsafety.com.vn\/en\/wp-json\/wp\/v2\/media\/7960"}],"wp:attachment":[{"href":"https:\/\/achisonsafety.com.vn\/en\/wp-json\/wp\/v2\/media?parent=7984"}],"wp:term":[{"taxonomy":"product_cat","embeddable":true,"href":"https:\/\/achisonsafety.com.vn\/en\/wp-json\/wp\/v2\/product_cat?post=7984"},{"taxonomy":"product_tag","embeddable":true,"href":"https:\/\/achisonsafety.com.vn\/en\/wp-json\/wp\/v2\/product_tag?post=7984"}],"curies":[{"name":"wp","href":"https:\/\/api.w.org\/{rel}","templated":true}]}}