{"id":8034,"date":"2023-02-02T10:00:42","date_gmt":"2023-02-02T03:00:42","guid":{"rendered":"https:\/\/achisonsafety.com.vn\/?post_type=product&#038;p=8034"},"modified":"2025-09-17T16:44:48","modified_gmt":"2025-09-17T09:44:48","slug":"fresh-white-toothpaste","status":"publish","type":"product","link":"https:\/\/achisonsafety.com.vn\/en\/san-pham\/fresh-white-toothpaste\/","title":{"rendered":"Fresh &amp; White Toothpaste"},"content":{"rendered":"<div>Fresh &amp; White toothpaste | MAX FRESH MAX WHITE MAX CONFIDENCE<\/div>\n<div><\/div>\n<ul>\n<li>Formula containing protective layer Cal-Shield &amp; 2-Fluoride prevents tooth decay, maintains strong enamel<\/li>\n<li>White max makes teeth shiny<\/li>\n<li>Mint flavor for fresh, fresh breath<\/li>\n<\/ul>\n<p><img loading=\"lazy\" decoding=\"async\" class=\"alignnone size-full wp-image-8020\" src=\"https:\/\/achisonsafety.com.vn\/wp-content\/uploads\/2023\/02\/Kem-danh-rang-FreshWhite.png\" alt=\"Kem \u0111\u00e1nh r\u0103ng Fresh&amp;White\" width=\"1186\" height=\"808\" title=\"\" srcset=\"https:\/\/achisonsafety.com.vn\/wp-content\/uploads\/2023\/02\/Kem-danh-rang-FreshWhite.png 1186w, https:\/\/achisonsafety.com.vn\/wp-content\/uploads\/2023\/02\/Kem-danh-rang-FreshWhite-587x400.png 587w, https:\/\/achisonsafety.com.vn\/wp-content\/uploads\/2023\/02\/Kem-danh-rang-FreshWhite-1174x800.png 1174w, https:\/\/achisonsafety.com.vn\/wp-content\/uploads\/2023\/02\/Kem-danh-rang-FreshWhite-768x523.png 768w, https:\/\/achisonsafety.com.vn\/wp-content\/uploads\/2023\/02\/Kem-danh-rang-FreshWhite-44x30.png 44w, https:\/\/achisonsafety.com.vn\/wp-content\/uploads\/2023\/02\/Kem-danh-rang-FreshWhite-88x60.png 88w, https:\/\/achisonsafety.com.vn\/wp-content\/uploads\/2023\/02\/Kem-danh-rang-FreshWhite-510x347.png 510w\" sizes=\"(max-width: 1186px) 100vw, 1186px\" \/><\/p>\n","protected":false},"excerpt":{"rendered":"<ul>\n<li>Cool Mint<\/li>\n<\/ul>\n","protected":false},"featured_media":8033,"comment_status":"open","ping_status":"closed","template":"","meta":[],"product_cat":[607],"product_tag":[638],"class_list":{"0":"post-8034","1":"product","2":"type-product","3":"status-publish","4":"has-post-thumbnail","6":"product_cat-consumer-goods","7":"product_tag-toothpaste","8":"yith_product_brand-freshwhite-2","10":"first","11":"instock","12":"shipping-taxable","13":"product-type-simple"},"acf":[],"_links":{"self":[{"href":"https:\/\/achisonsafety.com.vn\/en\/wp-json\/wp\/v2\/product\/8034"}],"collection":[{"href":"https:\/\/achisonsafety.com.vn\/en\/wp-json\/wp\/v2\/product"}],"about":[{"href":"https:\/\/achisonsafety.com.vn\/en\/wp-json\/wp\/v2\/types\/product"}],"replies":[{"embeddable":true,"href":"https:\/\/achisonsafety.com.vn\/en\/wp-json\/wp\/v2\/comments?post=8034"}],"wp:featuredmedia":[{"embeddable":true,"href":"https:\/\/achisonsafety.com.vn\/en\/wp-json\/wp\/v2\/media\/8033"}],"wp:attachment":[{"href":"https:\/\/achisonsafety.com.vn\/en\/wp-json\/wp\/v2\/media?parent=8034"}],"wp:term":[{"taxonomy":"product_cat","embeddable":true,"href":"https:\/\/achisonsafety.com.vn\/en\/wp-json\/wp\/v2\/product_cat?post=8034"},{"taxonomy":"product_tag","embeddable":true,"href":"https:\/\/achisonsafety.com.vn\/en\/wp-json\/wp\/v2\/product_tag?post=8034"}],"curies":[{"name":"wp","href":"https:\/\/api.w.org\/{rel}","templated":true}]}}