{"id":8123,"date":"2023-02-02T11:31:30","date_gmt":"2023-02-02T04:31:30","guid":{"rendered":"https:\/\/achisonsafety.com.vn\/?post_type=product&#038;p=8123"},"modified":"2025-09-17T16:44:47","modified_gmt":"2025-09-17T09:44:47","slug":"zact-toothpaste-for-tea-and-coffee-lovers","status":"publish","type":"product","link":"https:\/\/achisonsafety.com.vn\/en\/san-pham\/zact-toothpaste-for-tea-and-coffee-lovers\/","title":{"rendered":"Zact toothpaste for tea and coffee lovers"},"content":{"rendered":"<div>Super whitening toothpaste for coffee and tea lovers | ZACT (Product line of Lion Group)<\/div>\n<div><\/div>\n<div>\u2713 Sodium Monofluorophosphate ingredient protects tooth enamel for many hours after brushing, against corrosion, enamel perforation<\/div>\n<div><\/div>\n<div>\u2713 Special formula, 3 times effective in safely removing yellow stains, plaque on teeth<\/div>\n<div><\/div>\n<div>\u2713 Can be used every day<\/div>\n<div><\/div>\n<div><img loading=\"lazy\" decoding=\"async\" class=\"alignnone size-full wp-image-8061\" src=\"https:\/\/achisonsafety.com.vn\/wp-content\/uploads\/2023\/02\/Kem-danh-rang-Zact.png\" alt=\"Kem \u0111\u00e1nh r\u0103ng Zact d\u00e0nh cho ng\u01b0\u1eddi u\u1ed1ng tr\u00e0 v\u00e0 c\u00e0 ph\u00ea\" width=\"1172\" height=\"498\" title=\"\" srcset=\"https:\/\/achisonsafety.com.vn\/wp-content\/uploads\/2023\/02\/Kem-danh-rang-Zact.png 1172w, https:\/\/achisonsafety.com.vn\/wp-content\/uploads\/2023\/02\/Kem-danh-rang-Zact-800x340.png 800w, https:\/\/achisonsafety.com.vn\/wp-content\/uploads\/2023\/02\/Kem-danh-rang-Zact-768x326.png 768w, https:\/\/achisonsafety.com.vn\/wp-content\/uploads\/2023\/02\/Kem-danh-rang-Zact-71x30.png 71w, https:\/\/achisonsafety.com.vn\/wp-content\/uploads\/2023\/02\/Kem-danh-rang-Zact-141x60.png 141w, https:\/\/achisonsafety.com.vn\/wp-content\/uploads\/2023\/02\/Kem-danh-rang-Zact-510x217.png 510w\" sizes=\"(max-width: 1172px) 100vw, 1172px\" \/><\/div>\n","protected":false},"excerpt":{"rendered":"<ul>\n<li>Does not cause pain<\/li>\n<li>Does not erode tooth enamel<\/li>\n<\/ul>\n","protected":false},"featured_media":8068,"comment_status":"open","ping_status":"closed","template":"","meta":[],"product_cat":[607],"product_tag":[638],"class_list":{"0":"post-8123","1":"product","2":"type-product","3":"status-publish","4":"has-post-thumbnail","6":"product_cat-consumer-goods","7":"product_tag-toothpaste","8":"yith_product_brand-zact-2","10":"first","11":"instock","12":"shipping-taxable","13":"product-type-simple"},"acf":[],"_links":{"self":[{"href":"https:\/\/achisonsafety.com.vn\/en\/wp-json\/wp\/v2\/product\/8123"}],"collection":[{"href":"https:\/\/achisonsafety.com.vn\/en\/wp-json\/wp\/v2\/product"}],"about":[{"href":"https:\/\/achisonsafety.com.vn\/en\/wp-json\/wp\/v2\/types\/product"}],"replies":[{"embeddable":true,"href":"https:\/\/achisonsafety.com.vn\/en\/wp-json\/wp\/v2\/comments?post=8123"}],"wp:featuredmedia":[{"embeddable":true,"href":"https:\/\/achisonsafety.com.vn\/en\/wp-json\/wp\/v2\/media\/8068"}],"wp:attachment":[{"href":"https:\/\/achisonsafety.com.vn\/en\/wp-json\/wp\/v2\/media?parent=8123"}],"wp:term":[{"taxonomy":"product_cat","embeddable":true,"href":"https:\/\/achisonsafety.com.vn\/en\/wp-json\/wp\/v2\/product_cat?post=8123"},{"taxonomy":"product_tag","embeddable":true,"href":"https:\/\/achisonsafety.com.vn\/en\/wp-json\/wp\/v2\/product_tag?post=8123"}],"curies":[{"name":"wp","href":"https:\/\/api.w.org\/{rel}","templated":true}]}}