{"id":8186,"date":"2023-02-03T09:53:29","date_gmt":"2023-02-03T02:53:29","guid":{"rendered":"https:\/\/achisonsafety.com.vn\/?post_type=product&#038;p=8186"},"modified":"2025-09-17T16:44:46","modified_gmt":"2025-09-17T09:44:46","slug":"essence-liquid-detergent-for-color-fabric","status":"publish","type":"product","link":"https:\/\/achisonsafety.com.vn\/en\/san-pham\/essence-liquid-detergent-for-color-fabric\/","title":{"rendered":"Essence Liquid Detergent for color fabric"},"content":{"rendered":"<p>ESSENCE | COSMETIC FOR FABRIC<\/p>\n<p>For clean, fragrant, and colorful fabrics.<br \/>\nSpecifically made for color fabrics to preserve vivid colors.<\/p>\n<ul>\n<li><strong>Color Guard:<\/strong> lock in the color pigment even after multiple washes. Keep your clothes colorful for each time you wear.<\/li>\n<li><strong>UV Protection:<\/strong> protect the color and fabric from sunlight.<\/li>\n<li><strong>Balanced pH<\/strong> for optimum fabric care<\/li>\n<li><strong>Floral Essence:<\/strong> unique perfume of Essence that keeps the fabric fragrant for a long time.<\/li>\n<li><strong>Biodegradable Surfactant:<\/strong> environmentally friendly<\/li>\n<\/ul>\n<p>Suitable for all fabrics \/ For hand wash<\/p>\n<figure id=\"attachment_8183\" aria-describedby=\"caption-attachment-8183\" style=\"width: 625px\" class=\"wp-caption alignnone\"><img loading=\"lazy\" decoding=\"async\" class=\"size-full wp-image-8183\" src=\"https:\/\/achisonsafety.com.vn\/wp-content\/uploads\/2023\/02\/Nuoc-giat-essence-cho-quan-ao-mau.jpg\" alt=\"N\u01b0\u1edbc gi\u1eb7t Essence cho qu\u1ea7n \u00e1o m\u00e0u 1,9 L\u00edt\" width=\"625\" height=\"625\" title=\"\" srcset=\"https:\/\/achisonsafety.com.vn\/wp-content\/uploads\/2023\/02\/Nuoc-giat-essence-cho-quan-ao-mau.jpg 625w, https:\/\/achisonsafety.com.vn\/wp-content\/uploads\/2023\/02\/Nuoc-giat-essence-cho-quan-ao-mau-400x400.jpg 400w, https:\/\/achisonsafety.com.vn\/wp-content\/uploads\/2023\/02\/Nuoc-giat-essence-cho-quan-ao-mau-280x280.jpg 280w, https:\/\/achisonsafety.com.vn\/wp-content\/uploads\/2023\/02\/Nuoc-giat-essence-cho-quan-ao-mau-30x30.jpg 30w, https:\/\/achisonsafety.com.vn\/wp-content\/uploads\/2023\/02\/Nuoc-giat-essence-cho-quan-ao-mau-60x60.jpg 60w, https:\/\/achisonsafety.com.vn\/wp-content\/uploads\/2023\/02\/Nuoc-giat-essence-cho-quan-ao-mau-247x247.jpg 247w, https:\/\/achisonsafety.com.vn\/wp-content\/uploads\/2023\/02\/Nuoc-giat-essence-cho-quan-ao-mau-510x510.jpg 510w, https:\/\/achisonsafety.com.vn\/wp-content\/uploads\/2023\/02\/Nuoc-giat-essence-cho-quan-ao-mau-100x100.jpg 100w\" sizes=\"(max-width: 625px) 100vw, 625px\" \/><figcaption id=\"caption-attachment-8183\" class=\"wp-caption-text\">N\u01b0\u1edbc gi\u1eb7t Essence cho qu\u1ea7n \u00e1o m\u00e0u 1,9 L\u00edt<\/figcaption><\/figure>\n","protected":false},"excerpt":{"rendered":"<ul>\n<li>For clean, fragrant, and colorful fabrics.<\/li>\n<li>Specifically made for color fabrics to preserve vivid colors.<\/li>\n<\/ul>\n","protected":false},"featured_media":8183,"comment_status":"open","ping_status":"closed","template":"","meta":[],"product_cat":[607],"product_tag":[],"class_list":{"0":"post-8186","1":"product","2":"type-product","3":"status-publish","4":"has-post-thumbnail","6":"product_cat-consumer-goods","7":"yith_product_brand-essence-en","9":"first","10":"instock","11":"shipping-taxable","12":"product-type-simple"},"acf":[],"_links":{"self":[{"href":"https:\/\/achisonsafety.com.vn\/en\/wp-json\/wp\/v2\/product\/8186"}],"collection":[{"href":"https:\/\/achisonsafety.com.vn\/en\/wp-json\/wp\/v2\/product"}],"about":[{"href":"https:\/\/achisonsafety.com.vn\/en\/wp-json\/wp\/v2\/types\/product"}],"replies":[{"embeddable":true,"href":"https:\/\/achisonsafety.com.vn\/en\/wp-json\/wp\/v2\/comments?post=8186"}],"wp:featuredmedia":[{"embeddable":true,"href":"https:\/\/achisonsafety.com.vn\/en\/wp-json\/wp\/v2\/media\/8183"}],"wp:attachment":[{"href":"https:\/\/achisonsafety.com.vn\/en\/wp-json\/wp\/v2\/media?parent=8186"}],"wp:term":[{"taxonomy":"product_cat","embeddable":true,"href":"https:\/\/achisonsafety.com.vn\/en\/wp-json\/wp\/v2\/product_cat?post=8186"},{"taxonomy":"product_tag","embeddable":true,"href":"https:\/\/achisonsafety.com.vn\/en\/wp-json\/wp\/v2\/product_tag?post=8186"}],"curies":[{"name":"wp","href":"https:\/\/api.w.org\/{rel}","templated":true}]}}