{"id":8287,"date":"2022-11-08T18:19:48","date_gmt":"2022-11-08T11:19:48","guid":{"rendered":"https:\/\/achisonsafety.com.vn\/?post_type=product&#038;p=8287"},"modified":"2025-09-17T16:44:51","modified_gmt":"2025-09-17T09:44:51","slug":"horizontal-lifeline-kstrong-proof-mounted","status":"publish","type":"product","link":"https:\/\/achisonsafety.com.vn\/en\/san-pham\/horizontal-lifeline-kstrong-proof-mounted\/","title":{"rendered":"Horizontal Lifeline KStrong Proof Mounted"},"content":{"rendered":"<p>AFF4000 FXline Cable line Fall Arrest System is designed for commercial and industrial buildings of all structural types. Our engineered systems cover all your working at height requirements for maintenance, cleaning, access and inspections. Suitable for Trapezoidal or Standing Seam Roof Profiles.<\/p>\n<p>The AFF4000 system has been rigorously tested and manufactured in accordance with EN795:2012 Type C and TS 16415:2013 Standards ensuring you have quality and guarantee of any system installed onto your asset.<br \/>\nThe fall arrest system provides a permanent connection for 4 users who require to move along fall zones while working at height. It comprises of stainless-steel components, wire cable thickness (grade 316) of 8mm diameter and intermediate posts hold the wire cable in position along the length of the fixed cable line. The Intermediate brackets hold the wire in position all along the length of the wire and are installed at an interval of 5m \u2013 15m\u2019s.<\/p>\n<p>The wire cable is tensioned with a tensioner at one end, the other end has an energy absorber connected to the end extremity post to absorb the forces in the event of a fall.<br \/>\nThe stainless-steel carriage body connects the user to the fixed cable line using a lanyard or HLL (Horizontal lifeline assembly), the carriage body slides smoothly without interruption along the entire length of the horizontal wire cable line through the intermediate posts, always ensuring 100% anchorage of the user.<\/p>\n<p><span style=\"color: #ed1c24\"><strong>A. Meet standard<\/strong><\/span><\/p>\n<ul>\n<li>EN 795:2012<\/li>\n<li>TCVN 8206<\/li>\n<li>AS\/NZS 5532:2013<\/li>\n<li>TS16415:2013 can be used by up to four users simultaneously<\/li>\n<li>EN 13463-1: 2009 and EN 13463-5: 2003. The system is certified to be intrinsically safe, hence is an ideal choice for use in Industries like Petroleum\/ Petro-Chemical Plants without fear of causing explosion due to any spark.<\/li>\n<\/ul>\n<p><span style=\"color: #ed1c24\"><strong>B. IMPACT Fall Arrest System Components<\/strong><\/span><\/p>\n<figure id=\"attachment_7389\" aria-describedby=\"caption-attachment-7389\" style=\"width: 1000px\" class=\"wp-caption alignnone\"><img loading=\"lazy\" decoding=\"async\" class=\"size-full wp-image-7389\" src=\"https:\/\/achisonsafety.com.vn\/wp-content\/uploads\/2022\/11\/Cau-truc-day-cuu-sinh_ton-can-song-vuong-1.jpg\" alt=\"\" width=\"1000\" height=\"949\" title=\"\" srcset=\"https:\/\/achisonsafety.com.vn\/wp-content\/uploads\/2022\/11\/Cau-truc-day-cuu-sinh_ton-can-song-vuong-1.jpg 1000w, https:\/\/achisonsafety.com.vn\/wp-content\/uploads\/2022\/11\/Cau-truc-day-cuu-sinh_ton-can-song-vuong-1-421x400.jpg 421w, https:\/\/achisonsafety.com.vn\/wp-content\/uploads\/2022\/11\/Cau-truc-day-cuu-sinh_ton-can-song-vuong-1-843x800.jpg 843w, https:\/\/achisonsafety.com.vn\/wp-content\/uploads\/2022\/11\/Cau-truc-day-cuu-sinh_ton-can-song-vuong-1-768x729.jpg 768w, https:\/\/achisonsafety.com.vn\/wp-content\/uploads\/2022\/11\/Cau-truc-day-cuu-sinh_ton-can-song-vuong-1-32x30.jpg 32w, https:\/\/achisonsafety.com.vn\/wp-content\/uploads\/2022\/11\/Cau-truc-day-cuu-sinh_ton-can-song-vuong-1-63x60.jpg 63w, https:\/\/achisonsafety.com.vn\/wp-content\/uploads\/2022\/11\/Cau-truc-day-cuu-sinh_ton-can-song-vuong-1-510x484.jpg 510w\" sizes=\"(max-width: 1000px) 100vw, 1000px\" \/><figcaption id=\"caption-attachment-7389\" class=\"wp-caption-text\">C\u1ea5u tr\u00fac d\u00e2y c\u1ee9u sinh theo ph\u01b0\u01a1ng ngang (Horizontal Lifeline &#8211; HLL) d\u00e0nh cho t\u00f4n c\u00e1n s\u00f3ng vu\u00f4ng<\/figcaption><\/figure>\n<figure id=\"attachment_7393\" aria-describedby=\"caption-attachment-7393\" style=\"width: 1000px\" class=\"wp-caption alignnone\"><img loading=\"lazy\" decoding=\"async\" class=\"size-full wp-image-7393\" src=\"https:\/\/achisonsafety.com.vn\/wp-content\/uploads\/2022\/11\/Cau-truc-day-cuu-sinh_ton-kliplok.jpg\" alt=\"\" width=\"1000\" height=\"1072\" title=\"\" srcset=\"https:\/\/achisonsafety.com.vn\/wp-content\/uploads\/2022\/11\/Cau-truc-day-cuu-sinh_ton-kliplok.jpg 1000w, https:\/\/achisonsafety.com.vn\/wp-content\/uploads\/2022\/11\/Cau-truc-day-cuu-sinh_ton-kliplok-373x400.jpg 373w, https:\/\/achisonsafety.com.vn\/wp-content\/uploads\/2022\/11\/Cau-truc-day-cuu-sinh_ton-kliplok-746x800.jpg 746w, https:\/\/achisonsafety.com.vn\/wp-content\/uploads\/2022\/11\/Cau-truc-day-cuu-sinh_ton-kliplok-768x823.jpg 768w, https:\/\/achisonsafety.com.vn\/wp-content\/uploads\/2022\/11\/Cau-truc-day-cuu-sinh_ton-kliplok-28x30.jpg 28w, https:\/\/achisonsafety.com.vn\/wp-content\/uploads\/2022\/11\/Cau-truc-day-cuu-sinh_ton-kliplok-56x60.jpg 56w, https:\/\/achisonsafety.com.vn\/wp-content\/uploads\/2022\/11\/Cau-truc-day-cuu-sinh_ton-kliplok-510x547.jpg 510w\" sizes=\"(max-width: 1000px) 100vw, 1000px\" \/><figcaption id=\"caption-attachment-7393\" class=\"wp-caption-text\">C\u1ea5u tr\u00fac d\u00e2y sinh c\u1ee9u sinh tr\u00ean m\u00e1i Kstrong d\u00e0nh cho t\u00f4n kliplok<\/figcaption><\/figure>\n<figure id=\"attachment_7391\" aria-describedby=\"caption-attachment-7391\" style=\"width: 1000px\" class=\"wp-caption alignnone\"><img loading=\"lazy\" decoding=\"async\" class=\"size-full wp-image-7391\" src=\"https:\/\/achisonsafety.com.vn\/wp-content\/uploads\/2022\/11\/Cau-truc-day-cuu-sinh_ton-seamlock.jpg\" alt=\"\" width=\"1000\" height=\"1065\" title=\"\" srcset=\"https:\/\/achisonsafety.com.vn\/wp-content\/uploads\/2022\/11\/Cau-truc-day-cuu-sinh_ton-seamlock.jpg 1000w, https:\/\/achisonsafety.com.vn\/wp-content\/uploads\/2022\/11\/Cau-truc-day-cuu-sinh_ton-seamlock-376x400.jpg 376w, https:\/\/achisonsafety.com.vn\/wp-content\/uploads\/2022\/11\/Cau-truc-day-cuu-sinh_ton-seamlock-751x800.jpg 751w, https:\/\/achisonsafety.com.vn\/wp-content\/uploads\/2022\/11\/Cau-truc-day-cuu-sinh_ton-seamlock-768x818.jpg 768w, https:\/\/achisonsafety.com.vn\/wp-content\/uploads\/2022\/11\/Cau-truc-day-cuu-sinh_ton-seamlock-28x30.jpg 28w, https:\/\/achisonsafety.com.vn\/wp-content\/uploads\/2022\/11\/Cau-truc-day-cuu-sinh_ton-seamlock-56x60.jpg 56w, https:\/\/achisonsafety.com.vn\/wp-content\/uploads\/2022\/11\/Cau-truc-day-cuu-sinh_ton-seamlock-510x543.jpg 510w\" sizes=\"(max-width: 1000px) 100vw, 1000px\" \/><figcaption id=\"caption-attachment-7391\" class=\"wp-caption-text\">D\u00e2y c\u1ee9u sinh theo ph\u01b0\u01a1ng ngang Kstrong (Horizontal Lifeline &#8211; HLL) tr\u00ean t\u00f4n seam<\/figcaption><\/figure>\n<p><span style=\"color: #ed1c24\"><strong>C. Advantages<\/strong><\/span><\/p>\n<ul>\n<li>Easy installation<\/li>\n<li>The fall arrest system provides a permanent connection for 4 users at the same time<\/li>\n<li>Suitable for aluminum roofing sheets, concrete, or brick walls<\/li>\n<li>8mm stainless steel diameter wire cable<\/li>\n<\/ul>\n<figure id=\"attachment_7395\" aria-describedby=\"caption-attachment-7395\" style=\"width: 1000px\" class=\"wp-caption alignnone\"><img loading=\"lazy\" decoding=\"async\" class=\"size-full wp-image-7395\" src=\"https:\/\/achisonsafety.com.vn\/wp-content\/uploads\/2022\/11\/Cau-truc-cap-day-cuu-sinh.jpg\" alt=\"\" width=\"1000\" height=\"530\" title=\"\" srcset=\"https:\/\/achisonsafety.com.vn\/wp-content\/uploads\/2022\/11\/Cau-truc-cap-day-cuu-sinh.jpg 1000w, https:\/\/achisonsafety.com.vn\/wp-content\/uploads\/2022\/11\/Cau-truc-cap-day-cuu-sinh-755x400.jpg 755w, https:\/\/achisonsafety.com.vn\/wp-content\/uploads\/2022\/11\/Cau-truc-cap-day-cuu-sinh-768x407.jpg 768w, https:\/\/achisonsafety.com.vn\/wp-content\/uploads\/2022\/11\/Cau-truc-cap-day-cuu-sinh-57x30.jpg 57w, https:\/\/achisonsafety.com.vn\/wp-content\/uploads\/2022\/11\/Cau-truc-cap-day-cuu-sinh-113x60.jpg 113w, https:\/\/achisonsafety.com.vn\/wp-content\/uploads\/2022\/11\/Cau-truc-cap-day-cuu-sinh-510x270.jpg 510w\" sizes=\"(max-width: 1000px) 100vw, 1000px\" \/><figcaption id=\"caption-attachment-7395\" class=\"wp-caption-text\">C\u1ea5u tr\u00fac s\u1ee3i c\u00e1p d\u00e2y c\u1ee9u sinh<\/figcaption><\/figure>\n<div>\n<div><strong>D. KSTRONG Service<\/strong><\/div>\n<div><strong>Quy tr\u00ecnh l\u1eafp \u0111\u1eb7t h\u1ec7 th\u1ed1ng lifeline<\/strong><\/div>\n<div><em><strong>Input: Customer Request<\/strong><\/em><\/div>\n<div>Step 1: Job Analysis<\/div>\n<div>Step 2: Site Visit<\/div>\n<div>Step 3: Design<\/div>\n<div>Step 4: Revise and Process<\/div>\n<div>Step 5: Site Visit Before Installation<\/div>\n<div>Step 6: Installation and Inspection<\/div>\n<div>Step 7: Training<\/div>\n<div>Step 8: Periodic inspection<\/div>\n<\/div>\n<div><\/div>\n<div>The Inspection Plate is installed on the tensioner side of the system for identification, traceability and maintenance of inspection records. At time of installation, the relevant details are recorded on the ID tag. The next inspection dates are also recorded on the month and year on the back of the ID plate. The label is provided with a protective aluminum frame with a poly carbonate sheet for UV protection. It is installed on the pin ring of the tensioner. The label is equipped with a dynamic QR code and an RFID tag that are linked to the Compass inspection software.<\/div>\n<div>\n<figure id=\"attachment_7397\" aria-describedby=\"caption-attachment-7397\" style=\"width: 1000px\" class=\"wp-caption alignnone\"><img loading=\"lazy\" decoding=\"async\" class=\"size-full wp-image-7397\" src=\"https:\/\/achisonsafety.com.vn\/wp-content\/uploads\/2022\/11\/The-kiem-dinh-day-cuu-sinh.jpg\" alt=\"\" width=\"1000\" height=\"326\" title=\"\" srcset=\"https:\/\/achisonsafety.com.vn\/wp-content\/uploads\/2022\/11\/The-kiem-dinh-day-cuu-sinh.jpg 1000w, https:\/\/achisonsafety.com.vn\/wp-content\/uploads\/2022\/11\/The-kiem-dinh-day-cuu-sinh-800x261.jpg 800w, https:\/\/achisonsafety.com.vn\/wp-content\/uploads\/2022\/11\/The-kiem-dinh-day-cuu-sinh-768x250.jpg 768w, https:\/\/achisonsafety.com.vn\/wp-content\/uploads\/2022\/11\/The-kiem-dinh-day-cuu-sinh-92x30.jpg 92w, https:\/\/achisonsafety.com.vn\/wp-content\/uploads\/2022\/11\/The-kiem-dinh-day-cuu-sinh-184x60.jpg 184w, https:\/\/achisonsafety.com.vn\/wp-content\/uploads\/2022\/11\/The-kiem-dinh-day-cuu-sinh-510x166.jpg 510w\" sizes=\"(max-width: 1000px) 100vw, 1000px\" \/><figcaption id=\"caption-attachment-7397\" class=\"wp-caption-text\">Th\u1ebb ki\u1ec3m \u0111\u1ecbnh d\u00e2y c\u1ee9u sinh<\/figcaption><\/figure>\n<\/div>\n","protected":false},"excerpt":{"rendered":"<ul>\n<li>Aluminum roofing sheets, concrete, or brick walls: Trapezoidal Roof, Standing Seam Roof, Kliplok Roof<\/li>\n<li>Customized design<\/li>\n<li>8mm diameter wire cable<\/li>\n<\/ul>\n","protected":false},"featured_media":7399,"comment_status":"open","ping_status":"closed","template":"","meta":[],"product_cat":[554,400],"product_tag":[],"class_list":{"0":"post-8287","1":"product","2":"type-product","3":"status-publish","4":"has-post-thumbnail","6":"product_cat-horizontal-lifeline","7":"product_cat-portable-lifeline-system","8":"yith_product_brand-kstrong-en","10":"first","11":"instock","12":"shipping-taxable","13":"product-type-simple"},"acf":[],"_links":{"self":[{"href":"https:\/\/achisonsafety.com.vn\/en\/wp-json\/wp\/v2\/product\/8287"}],"collection":[{"href":"https:\/\/achisonsafety.com.vn\/en\/wp-json\/wp\/v2\/product"}],"about":[{"href":"https:\/\/achisonsafety.com.vn\/en\/wp-json\/wp\/v2\/types\/product"}],"replies":[{"embeddable":true,"href":"https:\/\/achisonsafety.com.vn\/en\/wp-json\/wp\/v2\/comments?post=8287"}],"wp:featuredmedia":[{"embeddable":true,"href":"https:\/\/achisonsafety.com.vn\/en\/wp-json\/wp\/v2\/media\/7399"}],"wp:attachment":[{"href":"https:\/\/achisonsafety.com.vn\/en\/wp-json\/wp\/v2\/media?parent=8287"}],"wp:term":[{"taxonomy":"product_cat","embeddable":true,"href":"https:\/\/achisonsafety.com.vn\/en\/wp-json\/wp\/v2\/product_cat?post=8287"},{"taxonomy":"product_tag","embeddable":true,"href":"https:\/\/achisonsafety.com.vn\/en\/wp-json\/wp\/v2\/product_tag?post=8287"}],"curies":[{"name":"wp","href":"https:\/\/api.w.org\/{rel}","templated":true}]}}