{"id":8560,"date":"2023-04-05T16:19:56","date_gmt":"2023-04-05T09:19:56","guid":{"rendered":"https:\/\/achisonsafety.com.vn\/?post_type=product&#038;p=8560"},"modified":"2025-09-17T16:44:41","modified_gmt":"2025-09-17T09:44:41","slug":"tripod-kstrong-aft710007","status":"publish","type":"product","link":"https:\/\/achisonsafety.com.vn\/en\/san-pham\/tripod-kstrong-aft710007\/","title":{"rendered":"Tripod KSTRONG AFT710007"},"content":{"rendered":"<p>KStrong Extreme Tripod has been designed for confined space entry \/ retrieval applications. Its simplistic design allows the easy set up providing the user a means of controlled ascent and descent in minimal time.<\/p>\n<p><strong>Features<\/strong><\/p>\n<p>Double integral head mounted pulleys which is permanently incorporated in the cast aluminum head of the Tripod and provides independent passing over of cable from a Winch and a Retrieval Block. \u0178 Two auxiliary 15kN eye bolts as attachment points.<\/p>\n<p>Every Tripod is provided with pre-installed universal mounting attachments to easily mount the Winch and Retrieval Blocks.<\/p>\n<p>Can be used with Winches AFT730020, AFT730040, when used with AFT710007UW Winch Bracket and Retrieval Blocks AFS510020R and AFS510030R when used with AFT710007UR Retrieval Bracket.<\/p>\n<p>Adjustable height from 1.19m to 2.38m<\/p>\n<p><strong>Load Capacity<\/strong><\/p>\n<p>Maximum Load Capacity: Personal use 140kg &amp; Materials Handling 500 kg<\/p>\n<p><strong>Material<\/strong><\/p>\n<p>Aluminum Alloy<\/p>\n<p><strong>Weight<\/strong><\/p>\n<p>17.150 kg \u00b1 0.100 Kgs<\/p>\n<p><strong>System Strength<\/strong><\/p>\n<p>15kN MBS<\/p>\n<div class=\"tbw\"><table>\n<tbody>\n<tr>\n<td><strong>\u00a0Code<\/strong><\/td>\n<td><strong>\u00a0Bracket used for Mounting<\/strong><\/td>\n<\/tr>\n<tr>\n<td>\u00a0Winch Bracket AFT710007UW<\/td>\n<td>\u00a0Winch AFT73020, AFT730040, AFT730120 &amp; AFT730135<\/td>\n<\/tr>\n<tr>\n<td>\u00a0Retrieval Bracket AFT710007UR<\/td>\n<td>\u00a0Retrieval Blocks AFS510030R AFS510020R<\/td>\n<\/tr>\n<\/tbody>\n<\/table><\/div>\n<figure id=\"attachment_8551\" aria-describedby=\"caption-attachment-8551\" style=\"width: 1000px\" class=\"wp-caption aligncenter\"><img loading=\"lazy\" decoding=\"async\" class=\"size-full wp-image-8551\" src=\"https:\/\/achisonsafety.com.vn\/wp-content\/uploads\/2023\/04\/Tripod_Khong-gian-han-che_Kstrong-Fall_web.jpg\" alt=\"Khong gian han che tripod\" width=\"1000\" height=\"665\" title=\"\" srcset=\"https:\/\/achisonsafety.com.vn\/wp-content\/uploads\/2023\/04\/Tripod_Khong-gian-han-che_Kstrong-Fall_web.jpg 1000w, https:\/\/achisonsafety.com.vn\/wp-content\/uploads\/2023\/04\/Tripod_Khong-gian-han-che_Kstrong-Fall_web-602x400.jpg 602w, https:\/\/achisonsafety.com.vn\/wp-content\/uploads\/2023\/04\/Tripod_Khong-gian-han-che_Kstrong-Fall_web-768x511.jpg 768w, https:\/\/achisonsafety.com.vn\/wp-content\/uploads\/2023\/04\/Tripod_Khong-gian-han-che_Kstrong-Fall_web-45x30.jpg 45w, https:\/\/achisonsafety.com.vn\/wp-content\/uploads\/2023\/04\/Tripod_Khong-gian-han-che_Kstrong-Fall_web-90x60.jpg 90w, https:\/\/achisonsafety.com.vn\/wp-content\/uploads\/2023\/04\/Tripod_Khong-gian-han-che_Kstrong-Fall_web-510x339.jpg 510w\" sizes=\"(max-width: 1000px) 100vw, 1000px\" \/><figcaption id=\"caption-attachment-8551\" class=\"wp-caption-text\">Gi\u00e1 ba ch\u00e2n Tripod l\u00ean xu\u1ed1ng kh\u00f4ng gian h\u1ea1n ch\u1ebf<\/figcaption><\/figure>\n","protected":false},"excerpt":{"rendered":"<ul>\n<li>Using with body harness and SRL<\/li>\n<\/ul>\n","protected":false},"featured_media":8551,"comment_status":"open","ping_status":"closed","template":"","meta":[],"product_cat":[],"product_tag":[380,343,379,378,342],"class_list":{"0":"post-8560","1":"product","2":"type-product","3":"status-publish","4":"has-post-thumbnail","6":"product_tag-automation-industry","7":"product_tag-construction-logistics-chemical-industry","8":"product_tag-food-production-and-processing-industry","9":"product_tag-general","10":"product_tag-nganh-gia-cong-kim-loai-en","11":"yith_product_brand-kstrong-en","13":"first","14":"instock","15":"shipping-taxable","16":"product-type-simple"},"acf":[],"_links":{"self":[{"href":"https:\/\/achisonsafety.com.vn\/en\/wp-json\/wp\/v2\/product\/8560"}],"collection":[{"href":"https:\/\/achisonsafety.com.vn\/en\/wp-json\/wp\/v2\/product"}],"about":[{"href":"https:\/\/achisonsafety.com.vn\/en\/wp-json\/wp\/v2\/types\/product"}],"replies":[{"embeddable":true,"href":"https:\/\/achisonsafety.com.vn\/en\/wp-json\/wp\/v2\/comments?post=8560"}],"wp:featuredmedia":[{"embeddable":true,"href":"https:\/\/achisonsafety.com.vn\/en\/wp-json\/wp\/v2\/media\/8551"}],"wp:attachment":[{"href":"https:\/\/achisonsafety.com.vn\/en\/wp-json\/wp\/v2\/media?parent=8560"}],"wp:term":[{"taxonomy":"product_cat","embeddable":true,"href":"https:\/\/achisonsafety.com.vn\/en\/wp-json\/wp\/v2\/product_cat?post=8560"},{"taxonomy":"product_tag","embeddable":true,"href":"https:\/\/achisonsafety.com.vn\/en\/wp-json\/wp\/v2\/product_tag?post=8560"}],"curies":[{"name":"wp","href":"https:\/\/api.w.org\/{rel}","templated":true}]}}