{"id":8614,"date":"2023-04-13T16:42:33","date_gmt":"2023-04-13T09:42:33","guid":{"rendered":"https:\/\/achisonsafety.com.vn\/?post_type=product&#038;p=8614"},"modified":"2025-09-17T16:44:38","modified_gmt":"2025-09-17T09:44:38","slug":"noi-chien-khong-dau-joyoung-3l","status":"publish","type":"product","link":"https:\/\/achisonsafety.com.vn\/en\/san-pham\/noi-chien-khong-dau-joyoung-3l\/","title":{"rendered":"N\u1ed3i chi\u00ean kh\u00f4ng d\u1ea7u JOYOUNG 3L"},"content":{"rendered":"<p>S\u1ea3n ph\u1ea9m <a href=\"https:\/\/achisonsafety.com.vn\/danh-muc-san-pham\/qua-tang-doanh-nghiep\/dien-gia-dung\/joyoung\/\">n\u1ed3i chi\u00ean kh\u00f4ng d\u1ea7u Joyoung<\/a>, s\u1eed d\u1ee5ng c\u00f4ng ngh\u1ec7 l\u00e0m ch\u00edn th\u1ef1c ph\u1ea9m b\u1eb1ng lu\u1ed3ng kh\u00ed n\u00f3ng (Rapid Air) gi\u00fap th\u1ef1c ph\u1ea9m ch\u00edn \u0111\u1ec1u h\u01a1n.<\/p>\n<p><strong>Th\u00f4ng tin chi ti\u1ebft:<\/strong><\/p>\n<p><strong>Th\u01b0\u01a1ng hi\u1ec7u: <\/strong>Joyoung<\/p>\n<p><strong>M\u00e3 s\u1ea3n ph\u1ea9m:\u00a0<\/strong>Joyoung KL30-VF525<\/p>\n<p><strong>Dung t\u00edch: <\/strong>3L<\/p>\n<p><strong>C\u00f4ng su\u1ea5t:\u00a0<\/strong>1500W<\/p>\n<p><strong>M\u00f4 t\u1ea3:<\/strong><\/p>\n<p>C\u00f4ng ngh\u1ec7 Rapid Air, gi\u00fap ti\u1ebft ki\u1ec7m d\u1ea7u \u0103n, \u0111\u1ed3ng th\u1eddi gi\u1ea3m \u0111\u01b0\u1ee3c l\u01b0\u1ee3ng d\u1ea7u m\u1ee1 t\u1eeb trong ch\u00ednh ngu\u1ed3n th\u1ef1c ph\u1ea9m \u0111\u00f3.<\/p>\n<p>C\u00f4ng su\u1ea5t 1500W, gi\u00fap th\u1ef1c ph\u1ea9m \u0111\u01b0\u1ee3c ch\u00edn nhanh v\u00e0 \u0111\u1ec1u h\u01a1n, ti\u1ebft ki\u1ec7m th\u1eddi gian so v\u1edbi vi\u1ec7c chi\u00ean\/n\u01b0\u1edbng truy\u1ec1n th\u1ed1n<\/p>\n<p>Dung t\u00edch 3L, m\u1ed9t l\u1ea7n n\u1ea5u \u0111\u01b0\u1ee3c l\u01b0\u1ee3ng th\u1ee9c \u0103n \u0111\u1ee7 cho 3 ng\u01b0\u1eddi<\/p>\n<p>L\u00f2ng n\u1ed3i r\u1ed9ng r\u00e3i gi\u00fap b\u1ea1n c\u00f3 th\u1ec3 n\u01b0\u1edbng c\u00f9ng l\u00fac 4-5 c\u00e1nh g\u00e0, th\u1ecbt s\u01b0\u1eddn hay ch\u00e2n g\u00e0 tho\u1ea3i m\u00e1i<\/p>\n<p>Thi\u1ebft k\u1ebf sang tr\u1ecdng, \u0111\u01b0\u1ee3c ho\u00e0n thi\u1ec7n v\u1edbi th\u00e2n n\u1ed3i b\u1eb1ng nh\u1ef1a ch\u1ecbu nhi\u1ec7t cao c\u1ea5p, l\u00f2ng n\u1ed3i gia c\u00f4ng b\u1eb1ng th\u00e9p kh\u00f4ng g\u1ec9 ph\u1ee7 l\u1edbp ch\u1ed1ng d\u00ednh. An to\u00e0n cho s\u1ee9c kh\u1ecfe, d\u1ec5 d\u00e0ng v\u1ec7 sinh<\/p>\n<p>Ngo\u00e0i ra, n\u1ed3i chi\u00ean kh\u00f4ng d\u1ea7u Joyoung c\u00f2n g\u00f3p ph\u1ea7n trang tr\u00ed, t\u00f4 \u0111i\u1ec3m cho c\u0103n b\u1ebfp nh\u00e0 b\u1ea1n tr\u1edf n\u00ean hi\u1ec7n \u0111\u1ea1i v\u00e0 sang tr\u1ecdng h\u01a1n.Thi\u1ebft<\/p>\n<p>N\u1ed3i chi\u00ean kh\u00f4ng d\u1ea7u Joyoung KL30-VF525 c\u00f3 th\u1ec3 \u0111i\u1ec1u ch\u1ec9nh th\u1ee7 c\u00f4ng nhi\u1ec7t \u0111\u1ed9 v\u00e0 th\u1eddi gian b\u1eb1ng b\u1ea3ng \u0111i\u1ec1u khi\u1ec3n c\u1ea3m \u1ee9ng. Gi\u00fap b\u1ea1n c\u00f3 th\u1ec3 \u0111a d\u1ea1ng h\u00f3a c\u00e1ch n\u1ea5u kh\u00e1c nhau v\u00e0 c\u00e1c m\u00f3n kh\u00e1c nhau<\/p>\n<p><strong>L\u01b0u \u00fd:<\/strong><\/p>\n<p>&#8211; L\u1ea7n \u0111\u1ea7u ti\u00ean s\u1eed d\u1ee5ng, b\u1ea1n n\u00ean r\u1eeda l\u00f2ng n\u1ed3i v\u00e0 lau s\u1ea1ch, sau \u0111\u00f3 b\u1eadt n\u1ed3i chi\u00ean l\u00ean m\u00e0 kh\u00f4ng c\u00f3 th\u1ef1c ph\u1ea9m \u0111\u1ec3 kh\u1eed m\u00f9i nh\u1ef1a m\u1edbi t\u1eeb s\u1ea3n ph\u1ea9m.<\/p>\n<p>&#8211; Th\u1ef1c ph\u1ea9m \u0111\u01b0\u1ee3c n\u1ea5u n\u01b0\u1edbc trong n\u1ed3i chi\u00ean, h\u00e3y \u0111\u1ec3 m\u1ee9c v\u1eeba ph\u1ea3i, tr\u00e1nh x\u1ebfp ch\u1ed3ng qu\u00e1 nhi\u1ec1u \u0111\u1ec3 lu\u1ed3ng kh\u00f4ng kh\u00ed n\u00f3ng c\u00f3 th\u1ec3 \u0111i qua h\u1ebft c\u00e1c b\u1ec1 m\u1eb7t c\u1ee7a th\u1ef1c ph\u1ea9m, \u0111\u1ea3m b\u1ea3o th\u1ef1c ph\u1ea9m \u0111\u01b0\u1ee3c ch\u00edn \u0111\u1ec1u v\u00e0 nhanh ch\u00f3ng<\/p>\n<p>&#8211; V\u1ec7 sinh s\u1ea3n ph\u1ea9m ngay sau khi s\u1eed d\u1ee5ng \u0111\u1ec3 tr\u00e1nh v\u1ebft b\u1ea9n \u0111\u1ec3 l\u00e2u kh\u00f4 c\u1ee9ng kh\u00f3 v\u1ec7 sinh.<\/p>\n","protected":false},"excerpt":{"rendered":"<p>C\u00f4ng ngh\u1ec7 Rapid Air, gi\u00fap ti\u1ebft ki\u1ec7m d\u1ea7u \u0103n, \u0111\u1ed3ng th\u1eddi gi\u1ea3m \u0111\u01b0\u1ee3c l\u01b0\u1ee3ng d\u1ea7u m\u1ee1 t\u1eeb trong ch\u00ednh ngu\u1ed3n th\u1ef1c ph\u1ea9m \u0111\u00f3.<\/p>\n<p>C\u00f4ng su\u1ea5t 1500W, gi\u00fap th\u1ef1c ph\u1ea9m \u0111\u01b0\u1ee3c ch\u00edn nhanh v\u00e0 \u0111\u1ec1u h\u01a1n, ti\u1ebft ki\u1ec7m th\u1eddi gian so v\u1edbi vi\u1ec7c chi\u00ean\/n\u01b0\u1edbng truy\u1ec1n th\u1ed1n<\/p>\n<p>Dung t\u00edch 3L, m\u1ed9t l\u1ea7n n\u1ea5u \u0111\u01b0\u1ee3c l\u01b0\u1ee3ng th\u1ee9c \u0103n \u0111\u1ee7 cho 3 ng\u01b0\u1eddi<\/p>\n","protected":false},"featured_media":8619,"comment_status":"open","ping_status":"closed","template":"","meta":[],"product_cat":[706],"product_tag":[],"class_list":{"0":"post-8614","1":"product","2":"type-product","3":"status-publish","4":"has-post-thumbnail","6":"product_cat-joyoung","7":"yith_product_brand-joyoung","9":"first","10":"instock","11":"shipping-taxable","12":"product-type-simple"},"acf":[],"_links":{"self":[{"href":"https:\/\/achisonsafety.com.vn\/en\/wp-json\/wp\/v2\/product\/8614"}],"collection":[{"href":"https:\/\/achisonsafety.com.vn\/en\/wp-json\/wp\/v2\/product"}],"about":[{"href":"https:\/\/achisonsafety.com.vn\/en\/wp-json\/wp\/v2\/types\/product"}],"replies":[{"embeddable":true,"href":"https:\/\/achisonsafety.com.vn\/en\/wp-json\/wp\/v2\/comments?post=8614"}],"wp:featuredmedia":[{"embeddable":true,"href":"https:\/\/achisonsafety.com.vn\/en\/wp-json\/wp\/v2\/media\/8619"}],"wp:attachment":[{"href":"https:\/\/achisonsafety.com.vn\/en\/wp-json\/wp\/v2\/media?parent=8614"}],"wp:term":[{"taxonomy":"product_cat","embeddable":true,"href":"https:\/\/achisonsafety.com.vn\/en\/wp-json\/wp\/v2\/product_cat?post=8614"},{"taxonomy":"product_tag","embeddable":true,"href":"https:\/\/achisonsafety.com.vn\/en\/wp-json\/wp\/v2\/product_tag?post=8614"}],"curies":[{"name":"wp","href":"https:\/\/api.w.org\/{rel}","templated":true}]}}