{"id":8629,"date":"2023-04-14T17:23:25","date_gmt":"2023-04-14T10:23:25","guid":{"rendered":"https:\/\/achisonsafety.com.vn\/?post_type=product&#038;p=8629"},"modified":"2025-09-17T16:44:38","modified_gmt":"2025-09-17T09:44:38","slug":"dien-thoai-iphone-13-128gb-bao-hanh-den-2-nam-tra-gop-0-gia-tot","status":"publish","type":"product","link":"https:\/\/achisonsafety.com.vn\/en\/san-pham\/dien-thoai-iphone-13-128gb-bao-hanh-den-2-nam-tra-gop-0-gia-tot\/","title":{"rendered":"\u0110i\u1ec7n tho\u1ea1i Iphone 13 128GB | B\u1ea3o h\u00e0nh \u0111\u1ebfn 2 n\u0103m, tr\u1ea3 g\u00f3p 0% | Gi\u00e1 t\u1ed1t"},"content":{"rendered":"<p><a href=\"https:\/\/achisonsafety.com.vn\/danh-muc-san-pham\/ict\/dien-thoai\/iphone\/\">\u0110i\u1ec7n tho\u1ea1i IPhone 13<\/a> v\u1edbi nhi\u1ec1u c\u1ea3i ti\u1ebfn th\u00fa v\u1ecb s\u1ebd mang l\u1ea1i nh\u1eefng tr\u1ea3i nghi\u1ec7m h\u1ea5p d\u1eabn nh\u1ea5t cho ng\u01b0\u1eddi d\u00f9ng.<\/p>\n<p>Th\u01b0\u01a1ng hi\u1ec7u: Apple<\/p>\n<p>M\u00e3 s\u1ea3n ph\u1ea9m: Iphone 13<\/p>\n<p>M\u00e0u s\u1eafc:<\/p>\n<p><img loading=\"lazy\" decoding=\"async\" class=\"alignnone size-full wp-image-8640\" src=\"https:\/\/achisonsafety.com.vn\/wp-content\/uploads\/2023\/04\/6.png\" alt=\"\u0110i\u1ec7n tho\u1ea1i Iphone 13\" width=\"500\" height=\"500\" title=\"\" srcset=\"https:\/\/achisonsafety.com.vn\/wp-content\/uploads\/2023\/04\/6.png 500w, https:\/\/achisonsafety.com.vn\/wp-content\/uploads\/2023\/04\/6-400x400.png 400w, https:\/\/achisonsafety.com.vn\/wp-content\/uploads\/2023\/04\/6-280x280.png 280w, https:\/\/achisonsafety.com.vn\/wp-content\/uploads\/2023\/04\/6-30x30.png 30w, https:\/\/achisonsafety.com.vn\/wp-content\/uploads\/2023\/04\/6-60x60.png 60w, https:\/\/achisonsafety.com.vn\/wp-content\/uploads\/2023\/04\/6-247x247.png 247w, https:\/\/achisonsafety.com.vn\/wp-content\/uploads\/2023\/04\/6-100x100.png 100w\" sizes=\"(max-width: 500px) 100vw, 500px\" \/><\/p>\n<p><strong>M\u00f4 t\u1ea3:<\/strong><\/p>\n<p>&#8211; \u0110\u01b0\u1ee3c trang b\u1ecb con chip Apple A15 Bionic si\u00eau m\u1ea1nh \u0111\u01b0\u1ee3c s\u1ea3n xu\u1ea5t tr\u00ean quy tr\u00ecnh 5 nm gi\u00fap iPhone 13 \u0111\u1ea1t hi\u1ec7u n\u0103ng \u1ea5n t\u01b0\u1ee3ng, v\u1edbi CPU nhanh h\u01a1n 50%, GPU nhanh h\u01a1n 30% so v\u1edbi c\u00e1c \u0111\u1ed1i th\u1ee7 trong c\u00f9ng ph\u00e2n kh\u00fac<\/p>\n<p>&#8211; IPhone 13 s\u1edf h\u1eefu h\u1ec7 th\u1ed1ng camera k\u00e9p xu\u1ea5t s\u1eafc nh\u1ea5t t\u1eeb tr\u01b0\u1edbc \u0111\u1ebfn nay, b\u1ed9 vi x\u1eed l\u00fd Apple A15 nhanh nh\u1ea5t th\u1ebf gi\u1edbi smartphone c\u00f9ng th\u1eddi l\u01b0\u1ee3ng pin c\u1ef1c kh\u1ee7ng, gi\u00fap t\u0103ng th\u1eddi gian s\u1eed d\u1ee5ng v\u00e0 t\u1ed1i \u01b0u h\u00f3a tr\u1ea3i nghi\u1ec7m t\u1ed1t nh\u1ea5t<\/p>\n<p>&#8211; IPhone 13 l\u00e0 chi\u1ebfc \u0111i\u1ec7n tho\u1ea1i to\u00e1t l\u00ean s\u1ef1 \u0111\u1eb3ng c\u1ea5p ngay t\u1eeb c\u00e1i nh\u00ecn \u0111\u1ea7u ti\u00ean nh\u1edd thi\u1ebft k\u1ebf sang tr\u1ecdng v\u1edbi ng\u00f4n ng\u1eef thi\u1ebft k\u1ebf ph\u1eb3ng v\u00e0 ch\u1ea5t l\u01b0\u1ee3ng ho\u00e0n thi\u1ec7n tuy\u1ec7t v\u1eddi.<\/p>\n<p>&#8211; Khung nh\u00f4m cao c\u1ea5p k\u1ebft h\u1ee3p c\u00f9ng k\u00ednh b\u1ea3o v\u1ec7 Ceramic Shield si\u00eau c\u1ee9ng t\u1ea1o n\u00ean chi\u1ebfc \u0111i\u1ec7n tho\u1ea1i v\u1eeba th\u1eddi trang, l\u1ea1i v\u00f4 c\u00f9ng b\u1ec1n b\u1ec9. Kh\u1ea3 n\u0103ng ch\u1ed1ng n\u01b0\u1edbc chu\u1ea9n IP68 gi\u00fap b\u1ea1n ho\u00e0n to\u00e0n y\u00ean t\u00e2m tr\u01b0\u1edbc m\u1ecdi nguy c\u01a1 t\u1eeb n\u01b0\u1edbc trong qu\u00e1 tr\u00ecnh s\u1eed d\u1ee5ng th\u01b0\u1eddng ng\u00e0y.<\/p>\n<p>&#8211; IPhone 13 trang b\u1ecb b\u1ed9 nh\u1edb trong 128 GB dung l\u01b0\u1ee3ng l\u00fd t\u01b0\u1edfng cho ph\u00e9p b\u1ea1n th\u1ecfa th\u00edch l\u01b0u tr\u1eef m\u1ecdi n\u1ed9i dung theo \u00fd mu\u1ed1n m\u00e0 kh\u00f4ng lo nhanh \u0111\u1ea7y b\u1ed9 nh\u1edb.<\/p>\n<p>&#8211; IPhone 13 s\u1eed d\u1ee5ng t\u1ea5m n\u1ec1n OLED v\u1edbi k\u00edch th\u01b0\u1edbc m\u00e0n h\u00ecnh 6.1 inch\u00a0cho ch\u1ea5t l\u01b0\u1ee3ng m\u00e0u s\u1eafc v\u00e0 chi ti\u1ebft h\u00ecnh \u1ea3nh s\u1eafc n\u00e9t, s\u1ed1ng \u0111\u1ed9ng, \u0111\u1ed9 ph\u00e2n gi\u1ea3i \u0111\u1ea1t 1170 x 2532 Pixels.<\/p>\n","protected":false},"excerpt":{"rendered":"<p>&#8211; \u0110\u01b0\u1ee3c trang b\u1ecb con chip Apple A15 Bionic si\u00eau m\u1ea1nh \u0111\u01b0\u1ee3c s\u1ea3n xu\u1ea5t tr\u00ean quy tr\u00ecnh 5 nm gi\u00fap iPhone 13 \u0111\u1ea1t hi\u1ec7u n\u0103ng \u1ea5n t\u01b0\u1ee3ng, v\u1edbi CPU nhanh h\u01a1n 50%, GPU nhanh h\u01a1n 30% so v\u1edbi c\u00e1c \u0111\u1ed1i th\u1ee7 trong c\u00f9ng ph\u00e2n kh\u00fac<\/p>\n<p>&#8211; IPhone 13 s\u1edf h\u1eefu h\u1ec7 th\u1ed1ng camera k\u00e9p xu\u1ea5t s\u1eafc nh\u1ea5t t\u1eeb tr\u01b0\u1edbc \u0111\u1ebfn nay, b\u1ed9 vi x\u1eed l\u00fd Apple A15 nhanh nh\u1ea5t th\u1ebf gi\u1edbi smartphone c\u00f9ng th\u1eddi l\u01b0\u1ee3ng pin c\u1ef1c kh\u1ee7ng, gi\u00fap t\u0103ng th\u1eddi gian s\u1eed d\u1ee5ng v\u00e0 t\u1ed1i \u01b0u h\u00f3a tr\u1ea3i nghi\u1ec7m t\u1ed1t nh\u1ea5t<\/p>\n<p>&#8211; IPhone 13 l\u00e0 chi\u1ebfc \u0111i\u1ec7n tho\u1ea1i to\u00e1t l\u00ean s\u1ef1 \u0111\u1eb3ng c\u1ea5p ngay t\u1eeb c\u00e1i nh\u00ecn \u0111\u1ea7u ti\u00ean nh\u1edd thi\u1ebft k\u1ebf sang tr\u1ecdng v\u1edbi ng\u00f4n ng\u1eef thi\u1ebft k\u1ebf ph\u1eb3ng v\u00e0 ch\u1ea5t l\u01b0\u1ee3ng ho\u00e0n thi\u1ec7n tuy\u1ec7t v\u1eddi.<\/p>\n","protected":false},"featured_media":8640,"comment_status":"open","ping_status":"closed","template":"","meta":[],"product_cat":[700],"product_tag":[],"class_list":{"0":"post-8629","1":"product","2":"type-product","3":"status-publish","4":"has-post-thumbnail","6":"product_cat-iphone","7":"yith_product_brand-apple","9":"first","10":"instock","11":"shipping-taxable","12":"product-type-simple"},"acf":[],"_links":{"self":[{"href":"https:\/\/achisonsafety.com.vn\/en\/wp-json\/wp\/v2\/product\/8629"}],"collection":[{"href":"https:\/\/achisonsafety.com.vn\/en\/wp-json\/wp\/v2\/product"}],"about":[{"href":"https:\/\/achisonsafety.com.vn\/en\/wp-json\/wp\/v2\/types\/product"}],"replies":[{"embeddable":true,"href":"https:\/\/achisonsafety.com.vn\/en\/wp-json\/wp\/v2\/comments?post=8629"}],"wp:featuredmedia":[{"embeddable":true,"href":"https:\/\/achisonsafety.com.vn\/en\/wp-json\/wp\/v2\/media\/8640"}],"wp:attachment":[{"href":"https:\/\/achisonsafety.com.vn\/en\/wp-json\/wp\/v2\/media?parent=8629"}],"wp:term":[{"taxonomy":"product_cat","embeddable":true,"href":"https:\/\/achisonsafety.com.vn\/en\/wp-json\/wp\/v2\/product_cat?post=8629"},{"taxonomy":"product_tag","embeddable":true,"href":"https:\/\/achisonsafety.com.vn\/en\/wp-json\/wp\/v2\/product_tag?post=8629"}],"curies":[{"name":"wp","href":"https:\/\/api.w.org\/{rel}","templated":true}]}}