{"id":8645,"date":"2023-04-17T17:25:16","date_gmt":"2023-04-17T10:25:16","guid":{"rendered":"https:\/\/achisonsafety.com.vn\/?post_type=product&#038;p=8645"},"modified":"2025-09-17T16:44:38","modified_gmt":"2025-09-17T09:44:38","slug":"dien-thoai-iphone-14-chinh-hang-gia-cuc-tot-uu-dai-khung-achisonsafety-com-vn","status":"publish","type":"product","link":"https:\/\/achisonsafety.com.vn\/en\/san-pham\/dien-thoai-iphone-14-chinh-hang-gia-cuc-tot-uu-dai-khung-achisonsafety-com-vn\/","title":{"rendered":"\u0110i\u1ec7n tho\u1ea1i iPhone 14 ch\u00ednh h\u00e3ng | Gi\u00e1 c\u1ef1c t\u1ed1t &#8211; \u01b0u \u0111\u00e3i kh\u1ee7ng | achisonsafety.com.vn"},"content":{"rendered":"<p>iPhone 14 128GB \u0111\u01b0\u1ee3c ra m\u1eaft trong n\u0103m 2022. Ngo\u1ea1i h\u00ecnh tr\u1ebb trung, m\u00e0n h\u00ecnh ch\u1ea5t l\u01b0\u1ee3ng \u0111i k\u00e8m v\u1edbi nh\u1eefng c\u1ea3i ti\u1ebfn v\u1ec1 h\u1ec7 \u0111i\u1ec1u h\u00e0nh v\u00e0 thu\u1eadt to\u00e1n x\u1eed l\u00fd h\u00ecnh \u1ea3nh, gi\u00fap iPhone 14 tr\u1edf th\u00e0nh m\u1ed9t trong nh\u1eefng chi\u1ebfc \u0111i\u1ec7n tho\u1ea1i \u0111\u01b0\u1ee3c s\u0103n \u0111\u00f3n nh\u1ea5t trong n\u0103m 2022<\/p>\n<p><strong>Th\u00f4ng tin chi ti\u1ebft<\/strong><\/p>\n<p><strong>Th\u01b0\u01a1ng hi\u1ec7u:\u00a0<\/strong>Apple<\/p>\n<p><strong>M\u00e3 s\u1ea3n ph\u1ea9m:\u00a0<\/strong>Iphone 14<\/p>\n<p><strong>M\u00e0u s\u1eafc:\u00a0<\/strong><\/p>\n<p><img loading=\"lazy\" decoding=\"async\" class=\"alignnone wp-image-8660\" src=\"https:\/\/achisonsafety.com.vn\/wp-content\/uploads\/2023\/04\/1-4.png\" alt=\"\" width=\"460\" height=\"460\" title=\"\" srcset=\"https:\/\/achisonsafety.com.vn\/wp-content\/uploads\/2023\/04\/1-4.png 500w, https:\/\/achisonsafety.com.vn\/wp-content\/uploads\/2023\/04\/1-4-400x400.png 400w, https:\/\/achisonsafety.com.vn\/wp-content\/uploads\/2023\/04\/1-4-280x280.png 280w, https:\/\/achisonsafety.com.vn\/wp-content\/uploads\/2023\/04\/1-4-30x30.png 30w, https:\/\/achisonsafety.com.vn\/wp-content\/uploads\/2023\/04\/1-4-60x60.png 60w, https:\/\/achisonsafety.com.vn\/wp-content\/uploads\/2023\/04\/1-4-247x247.png 247w, https:\/\/achisonsafety.com.vn\/wp-content\/uploads\/2023\/04\/1-4-100x100.png 100w\" sizes=\"(max-width: 460px) 100vw, 460px\" \/><\/p>\n<p><strong>H\u1ec7 \u0111i\u1ec1u h\u00e0nh: <\/strong>Apple A15 Bionic<\/p>\n<p><strong>M\u00f4 t\u1ea3:<\/strong><\/p>\n<p>&#8211; K\u00edch c\u1ee1 6.1 inch gi\u00fap s\u1ea3n ph\u1ea9m tr\u1edf n\u00ean g\u1ecdn g\u00e0ng v\u00e0 th\u00e2n thi\u1ec7n h\u01a1n khi c\u1ea7m n\u1eafm. Cho ph\u00e9p ng\u01b0\u1eddi d\u00f9ng thao t\u00e1c tr\u00ean to\u00e0n kh\u00f4ng gian hi\u1ec3n th\u1ecb ch\u1ec9 v\u1edbi m\u1ed9t tay. \u0110i\u1ec7n tho\u1ea1i iPhone 14 c\u00f3 kh\u1ea3 n\u0103ng ch\u1ed1ng n\u01b0\u1edbc IP68, do \u0111\u00f3 b\u1ea1n kh\u00f4ng c\u1ea7n lo l\u1eafng v\u1ec1 nh\u1eefng s\u1ef1 c\u1ed1 li\u00ean quan \u0111\u1ebfn n\u01b0\u1edbc khi s\u1eed d\u1ee5ng thi\u1ebft b\u1ecb.<\/p>\n<p>&#8211; \u0110i\u1ec7n tho\u1ea1i iPhone 14 \u0111\u01b0\u1ee3c c\u1ea3i thi\u1ec7n v\u1ec1 th\u1eddi gian s\u1eed d\u1ee5ng. S\u1ea3n ph\u1ea9m c\u00f3 th\u1ec3 ph\u00e1t video trong 20 gi\u1edd li\u00ean t\u1ee5c kh\u00f4ng ngh\u1ec9. \u0110\u1ed3ng th\u1eddi, s\u1ea3n ph\u1ea9m c\u00f2n \u0111\u01b0\u1ee3c c\u1ea3i ti\u1ebfn t\u00ednh n\u0103ng s\u1ea1c kh\u00f4ng d\u00e2y nh\u1eb1m t\u0103ng t\u1ed1c \u0111\u1ed9 n\u1ea1p n\u0103ng l\u01b0\u1ee3ng khi k\u1ebft h\u1ee3p c\u00f9ng b\u1ed9 s\u1ea1c MagSafe.<\/p>\n<div>&#8211; H\u1ec7 th\u1ed1ng camera iPhone 14 bao g\u1ed3m camera ch\u00ednh 12MP F\/1.5, k\u1ebft h\u1ee3p c\u00f9ng camera g\u00f3c si\u00eau r\u1ed9ng 120 \u0111\u1ed9 F\/2.4. Trong \u0111\u00f3, camera ch\u00ednh v\u1edbi kh\u1ea9u \u0111\u1ed9 l\u1edbn gi\u00fap gia t\u0103ng kh\u1ea3 n\u0103ng thu s\u00e1ng th\u00eam 49%, l\u01b0u gi\u1eef \u0111\u01b0\u1ee3c nhi\u1ec1u d\u1eef li\u1ec7u h\u00ecnh \u1ea3nh \u0111\u1ec3 t\u1ea1o n\u00ean c\u00e1c khu\u00f4n h\u00ecnh th\u00e0nh ph\u1ea9m v\u1edbi m\u00e0u s\u1eafc t\u01b0\u01a1i t\u1eafn, s\u1ed1ng \u0111\u1ed9ng v\u00e0 \u0111\u1eb9p m\u1eaft d\u00f9 trong \u0111i\u1ec1u ki\u1ec7n \u00e1nh s\u00e1ng n\u00e0o \u0111i n\u1eefa.<\/div>\n<div><img loading=\"lazy\" decoding=\"async\" class=\"alignnone wp-image-8666\" src=\"https:\/\/achisonsafety.com.vn\/wp-content\/uploads\/2023\/04\/4-3.png\" alt=\"\" width=\"310\" height=\"310\" title=\"\" srcset=\"https:\/\/achisonsafety.com.vn\/wp-content\/uploads\/2023\/04\/4-3.png 500w, https:\/\/achisonsafety.com.vn\/wp-content\/uploads\/2023\/04\/4-3-400x400.png 400w, https:\/\/achisonsafety.com.vn\/wp-content\/uploads\/2023\/04\/4-3-280x280.png 280w, https:\/\/achisonsafety.com.vn\/wp-content\/uploads\/2023\/04\/4-3-30x30.png 30w, https:\/\/achisonsafety.com.vn\/wp-content\/uploads\/2023\/04\/4-3-60x60.png 60w, https:\/\/achisonsafety.com.vn\/wp-content\/uploads\/2023\/04\/4-3-247x247.png 247w, https:\/\/achisonsafety.com.vn\/wp-content\/uploads\/2023\/04\/4-3-100x100.png 100w\" sizes=\"(max-width: 310px) 100vw, 310px\" \/><\/div>\n<div>&#8211; Con chip Apple A15 Bionic m\u1ea1nh v\u1ec1 kh\u1ea3 n\u0103ng x\u1eed l\u00fd t\u00e1c v\u1ee5 v\u01b0\u1ee3t tr\u1ed9i, \u0111\u01b0\u1ee3c \u0111\u00e1nh gi\u00e1 l\u00e0 con chip c\u00f3 hi\u1ec7u n\u0103ng nh\u1ea5t nh\u00ec th\u1ecb tr\u01b0\u1eddng \u0111i\u1ec7n tho\u1ea1i v\u00e0o th\u1eddi \u0111i\u1ec3m \u0111\u00f3.<\/div>\n<div><\/div>\n","protected":false},"excerpt":{"rendered":"<p>&#8211; K\u00edch c\u1ee1 6.1 inch gi\u00fap s\u1ea3n ph\u1ea9m tr\u1edf n\u00ean g\u1ecdn g\u00e0ng v\u00e0 th\u00e2n thi\u1ec7n h\u01a1n khi c\u1ea7m n\u1eafm.<\/p>\n<p>&#8211; \u0110i\u1ec7n tho\u1ea1i iPhone 14 \u0111\u01b0\u1ee3c c\u1ea3i thi\u1ec7n v\u1ec1 th\u1eddi gian s\u1eed d\u1ee5ng. S\u1ea3n ph\u1ea9m c\u00f3 th\u1ec3 ph\u00e1t video trong 20 gi\u1edd li\u00ean t\u1ee5c kh\u00f4ng ngh\u1ec9.<\/p>\n","protected":false},"featured_media":8660,"comment_status":"open","ping_status":"closed","template":"","meta":[],"product_cat":[700],"product_tag":[],"class_list":{"0":"post-8645","1":"product","2":"type-product","3":"status-publish","4":"has-post-thumbnail","6":"product_cat-iphone","7":"yith_product_brand-apple","9":"first","10":"instock","11":"shipping-taxable","12":"product-type-simple"},"acf":[],"_links":{"self":[{"href":"https:\/\/achisonsafety.com.vn\/en\/wp-json\/wp\/v2\/product\/8645"}],"collection":[{"href":"https:\/\/achisonsafety.com.vn\/en\/wp-json\/wp\/v2\/product"}],"about":[{"href":"https:\/\/achisonsafety.com.vn\/en\/wp-json\/wp\/v2\/types\/product"}],"replies":[{"embeddable":true,"href":"https:\/\/achisonsafety.com.vn\/en\/wp-json\/wp\/v2\/comments?post=8645"}],"wp:featuredmedia":[{"embeddable":true,"href":"https:\/\/achisonsafety.com.vn\/en\/wp-json\/wp\/v2\/media\/8660"}],"wp:attachment":[{"href":"https:\/\/achisonsafety.com.vn\/en\/wp-json\/wp\/v2\/media?parent=8645"}],"wp:term":[{"taxonomy":"product_cat","embeddable":true,"href":"https:\/\/achisonsafety.com.vn\/en\/wp-json\/wp\/v2\/product_cat?post=8645"},{"taxonomy":"product_tag","embeddable":true,"href":"https:\/\/achisonsafety.com.vn\/en\/wp-json\/wp\/v2\/product_tag?post=8645"}],"curies":[{"name":"wp","href":"https:\/\/api.w.org\/{rel}","templated":true}]}}