{"id":8683,"date":"2023-04-19T10:40:44","date_gmt":"2023-04-19T03:40:44","guid":{"rendered":"https:\/\/achisonsafety.com.vn\/?post_type=product&#038;p=8683"},"modified":"2025-09-17T16:44:37","modified_gmt":"2025-09-17T09:44:37","slug":"dung-dich-ve-sinh-kinh-o-to-3m-08888","status":"publish","type":"product","link":"https:\/\/achisonsafety.com.vn\/en\/san-pham\/dung-dich-ve-sinh-kinh-o-to-3m-08888\/","title":{"rendered":"Dung d\u1ecbch v\u1ec7 sinh k\u00ednh \u00f4 t\u00f4 3M\u2122 08888"},"content":{"rendered":"<p>Dung d\u1ecbch v\u1ec7 sinh k\u00ednh \u00f4 t\u00f4 3M\u2122 08888 c\u00f3 t\u00e1c d\u1ee5ng t\u1ea9y r\u1eeda v\u1ebft b\u1ea9n, v\u1ebft \u1ed1, d\u1ea7u m\u1ee1 tr\u00ean k\u00ednh xe \u00f4 t\u00f4. M\u1eb7t k\u00ednh ch\u1eafn gi\u00f3 v\u00e0 c\u1eeda s\u1ed5 xe h\u01a1i \u0111\u01b0\u1ee3c kh\u00f4i ph\u1ee5c l\u1ea1i \u0111\u1ed9 s\u1ea1ch s\u00e1ng v\u00e0 trong su\u1ed1t.<\/p>\n<p><strong>Th\u00f4ng tin s\u1ea3n ph\u1ea9m:<\/strong><\/p>\n<p><strong>Th\u01b0\u01a1ng hi\u1ec7u: <\/strong>3M<\/p>\n<p><strong>M\u00e3 s\u1ea3n ph\u1ea9m:\u00a0<\/strong>08888<\/p>\n<p><strong>Dung t\u00edch:\u00a0<\/strong>500mL<\/p>\n<p><strong>M\u00f4 t\u1ea3:<\/strong><\/p>\n<p>Dung d\u1ecbch v\u1ec7 sinh k\u00ednh \u00f4 t\u00f4 3M\u2122 08888\u00a0 kh\u00f4ng \u0111\u1ec3 l\u1ea1i v\u1ec7t sau khi lau<\/p>\n<p>Dung d\u1ecbch d\u1ea1ng b\u1ecdt gi\u00fap b\u00e1m \u0111\u01b0\u1ee3c tr\u00ean b\u1ec1 m\u1eb7t k\u00ednh th\u1eb3ng \u0111\u1ee9ng.<\/p>\n<p>D\u00f9ng \u0111\u01b0\u1ee3c cho k\u00ednh m\u00e0u v\u00e0 k\u00ednh trong su\u1ed1t.<\/p>\n<p>D\u00f9ng \u0111\u01b0\u1ee3c cho b\u1ec1 m\u1eb7t nh\u1ef1a, cr\u00f4me v\u00e0 kim l\u1ecdai.<\/p>\n<p>Dung d\u1ecbch v\u1ec7 sinh k\u00ednh 3M 0888 thu\u1ed9c nh\u00f3m s\u1ea3n ph\u1ea9m ch\u0103m s\u00f3c xe cao c\u1ea5p c\u1ee7a 3M (g\u1ed3m chai x\u1ecbt b\u1ea3o d\u01b0\u1ee1ng n\u1ed9i th\u1ea5t 39040; chai x\u1ecbt b\u1ea3o d\u01b0\u1ee1ng v\u1ecf xe 39042; dung d\u1ecbch ph\u1ee5c h\u1ed3i nh\u1ef1a \u0111en Bondo 0800; \u2026).<\/p>\n<p><strong>\u1ee8ng d\u1ee5ng: <\/strong>Lau k\u00ednh, V\u1ec7 sinh, L\u00e0m s\u1ea1ch k\u00ednh, C\u1eeda s\u1ed5 v\u00e0 G\u01b0\u01a1ng<\/p>\n","protected":false},"excerpt":{"rendered":"<p>S\u1ea3n ph\u1ea9m kh\u00f4ng \u0111\u1ec3 l\u1ea1i v\u1ec7t b\u1ea9n d\u00e0i, k\u00ednh \u00f4 t\u00f4 s\u1ebd ho\u00e0n to\u00e0n s\u00e1ng b\u00f3ng<\/p>\n<p>Lo\u1ea1i b\u1ecf c\u00e1c v\u00e9t b\u1ea9n b\u01b0\u1edbng b\u1ec9nh v\u00e0 b\u1ee5i b\u1ea9n tr\u00ean k\u00ednh ch\u1eafn gi\u00f3 v\u00e0 c\u1eeda s\u1ed5<\/p>\n<p>Kh\u00f4ng nh\u1ecf gi\u1ecdt, t\u1ea1o b\u1ecdt b\u00e1m tr\u00ean b\u1ec1 m\u1eb7t th\u1eb3ng \u0111\u1ee9ng<\/p>\n","protected":false},"featured_media":8686,"comment_status":"open","ping_status":"closed","template":"","meta":[],"product_cat":[538],"product_tag":[],"class_list":{"0":"post-8683","1":"product","2":"type-product","3":"status-publish","4":"has-post-thumbnail","6":"product_cat-hoa-chat-tay-rua","7":"yith_product_brand-3m","9":"first","10":"instock","11":"shipping-taxable","12":"product-type-simple"},"acf":[],"_links":{"self":[{"href":"https:\/\/achisonsafety.com.vn\/en\/wp-json\/wp\/v2\/product\/8683"}],"collection":[{"href":"https:\/\/achisonsafety.com.vn\/en\/wp-json\/wp\/v2\/product"}],"about":[{"href":"https:\/\/achisonsafety.com.vn\/en\/wp-json\/wp\/v2\/types\/product"}],"replies":[{"embeddable":true,"href":"https:\/\/achisonsafety.com.vn\/en\/wp-json\/wp\/v2\/comments?post=8683"}],"wp:featuredmedia":[{"embeddable":true,"href":"https:\/\/achisonsafety.com.vn\/en\/wp-json\/wp\/v2\/media\/8686"}],"wp:attachment":[{"href":"https:\/\/achisonsafety.com.vn\/en\/wp-json\/wp\/v2\/media?parent=8683"}],"wp:term":[{"taxonomy":"product_cat","embeddable":true,"href":"https:\/\/achisonsafety.com.vn\/en\/wp-json\/wp\/v2\/product_cat?post=8683"},{"taxonomy":"product_tag","embeddable":true,"href":"https:\/\/achisonsafety.com.vn\/en\/wp-json\/wp\/v2\/product_tag?post=8683"}],"curies":[{"name":"wp","href":"https:\/\/api.w.org\/{rel}","templated":true}]}}