{"id":8703,"date":"2023-04-24T11:11:35","date_gmt":"2023-04-24T04:11:35","guid":{"rendered":"https:\/\/achisonsafety.com.vn\/?post_type=product&#038;p=8703"},"modified":"2025-09-17T16:44:37","modified_gmt":"2025-09-17T09:44:37","slug":"may-phat-hien-don-khi-drager-pac-8000","status":"publish","type":"product","link":"https:\/\/achisonsafety.com.vn\/en\/san-pham\/may-phat-hien-don-khi-drager-pac-8000\/","title":{"rendered":"M\u00e1y Ph\u00e1t Hi\u1ec7n \u0110\u01a1n Kh\u00ed DRAGER PAC 8000"},"content":{"rendered":"<p><a href=\"https:\/\/achisonsafety.com.vn\/danh-muc-san-pham\/bao-ho-lao-dong\/may-do-khi\/may-do-don-khi\/\">M\u00e1y Ph\u00e1t Hi\u1ec7n \u0110\u01a1n Kh\u00ed DRAGER PAC 8000<\/a> \u0111\u01b0\u1ee3c trang b\u1ecb cho c\u00e1c t\u00ecnh hu\u1ed1ng c\u1ea7n ki\u1ec3m tra c\u00e1c lo\u1ea1i kh\u00ed t\u1ea1i n\u01a1i l\u00e0m vi\u1ec7c \u0111\u1ec3 \u0111\u1ea3m b\u1ea3o an to\u00e0n. Thi\u1ebft b\u1ecb ph\u00e1t hi\u1ec7n m\u1ed9t lo\u1ea1i kh\u00ed c\u00e1 nh\u00e2n s\u1eed d\u1ee5ng l\u00e2u d\u00e0i n\u00e0y l\u00e0 s\u1ea3n ph\u1ea9m \u0111\u00e1ng tin c\u1eady v\u00e0 ch\u00ednh x\u00e1c, ph\u00e1t hi\u1ec7n c\u00e1c n\u1ed3ng \u0111\u1ed9 \u0111\u1ed9c h\u1ea1i c\u1ee7a 29 lo\u1ea1i kh\u00ed kh\u00e1c nhau, trong \u0111\u00f3 c\u00f3 nh\u1eefng lo\u1ea1i kh\u00ed \u0111\u1eb7c bi\u1ec7t nh\u01b0 NO2,O3 ho\u1eb7c COCl2. K\u1ebft qu\u1ea3 \u0111o \u0111\u01b0\u1ee3c c\u00f3 th\u1ec3 d\u1ec5 d\u00e0ng \u0111\u01b0\u1ee3c truy\u1ec1n t\u1edbi h\u1ec7 th\u1ed1ng ph\u1ea7n m\u1ec1m Dr\u00e4ger Gas Detection Connect qua Bluetooth\u00ae.<\/p>\n<p><strong>Th\u00f4ng tin chi ti\u1ebft:<\/strong><\/p>\n<p><strong>Th\u01b0\u01a1ng hi\u1ec7u:\u00a0<\/strong>DRAGER<\/p>\n<p><strong>M\u00e3 s\u1ea3n ph\u1ea9m:\u00a0<\/strong>PAC 8000<\/p>\n<p><strong>S\u1ed1 l\u01b0\u1ee3ng kh\u00ed \u0111o \u0111\u01b0\u1ee3c: <\/strong>\u0110o \u0111\u01b0\u1ee3c 29 lo\u1ea1i kh\u00ed kh\u00e1c nhau, trong \u0111\u00f3 c\u00f3 nh\u1eefng lo\u1ea1i kh\u00ed \u0111\u1eb7c bi\u1ec7t nh\u01b0 NO2,O3 ho\u1eb7c COCl2<\/p>\n<p><strong>M\u00f4 t\u1ea3:<\/strong><\/p>\n<p>&#8211; M\u00e1y Ph\u00e1t Hi\u1ec7n \u0110\u01a1n Kh\u00ed DRAGER PAC 8000 \u0111\u01b0\u1ee3c s\u1eed d\u1ee5ng d\u00f9ng \u0111\u1ec3 theo d\u00f5i kh\u00ed c\u00e1 nh\u00e2n. Ph\u00e1t hi\u1ec7n 29 lo\u1ea1i kh\u00ed kh\u00e1c nhau, bao g\u1ed3m nh\u1eefng lo\u1ea1i kh\u00ed \u0111\u1eb7c bi\u1ec7t nh\u01b0 nitrogen dioxide, ozone ho\u1eb7c phosgene<\/p>\n<p>&#8211; \u0110\u01b0\u1ee3c thi\u1ebft k\u1ebf b\u1ec1n b\u1ec9, s\u1eed d\u1ee5ng l\u00e2u d\u00e0i<\/p>\n<p>&#8211; Hi\u1ec7u su\u1ea5t l\u00e0m vi\u1ec7c m\u1ea1nh m\u1ebd, \u0111\u1ea3m b\u1ea3o s\u1ef1 an to\u00e0n t\u1ed1i \u0111a<\/p>\n<p>&#8211; D\u1ec5 s\u1eed d\u1ee5ng nh\u1edd c\u00f3 h\u01b0\u1edbng d\u1eabn s\u1eed d\u1ee5ng c\u1ee5 th\u1ec3<\/p>\n<p><img loading=\"lazy\" decoding=\"async\" class=\"alignnone  wp-image-8704\" src=\"https:\/\/achisonsafety.com.vn\/wp-content\/uploads\/2023\/04\/May-Phat-Hien-Don-Khi-DRAGER-PAC-8000.png\" alt=\"\" width=\"414\" height=\"414\" title=\"\" srcset=\"https:\/\/achisonsafety.com.vn\/wp-content\/uploads\/2023\/04\/May-Phat-Hien-Don-Khi-DRAGER-PAC-8000.png 500w, https:\/\/achisonsafety.com.vn\/wp-content\/uploads\/2023\/04\/May-Phat-Hien-Don-Khi-DRAGER-PAC-8000-400x400.png 400w, https:\/\/achisonsafety.com.vn\/wp-content\/uploads\/2023\/04\/May-Phat-Hien-Don-Khi-DRAGER-PAC-8000-280x280.png 280w, https:\/\/achisonsafety.com.vn\/wp-content\/uploads\/2023\/04\/May-Phat-Hien-Don-Khi-DRAGER-PAC-8000-30x30.png 30w, https:\/\/achisonsafety.com.vn\/wp-content\/uploads\/2023\/04\/May-Phat-Hien-Don-Khi-DRAGER-PAC-8000-60x60.png 60w, https:\/\/achisonsafety.com.vn\/wp-content\/uploads\/2023\/04\/May-Phat-Hien-Don-Khi-DRAGER-PAC-8000-247x247.png 247w, https:\/\/achisonsafety.com.vn\/wp-content\/uploads\/2023\/04\/May-Phat-Hien-Don-Khi-DRAGER-PAC-8000-100x100.png 100w\" sizes=\"(max-width: 414px) 100vw, 414px\" \/><\/p>\n<p>&#8211; M\u00e1y Ph\u00e1t Hi\u1ec7n \u0110\u01a1n Kh\u00ed Dr\u00e4ger Pac 8000 cung c\u1ea5p nh\u1eefng s\u1ed1 li\u1ec7u \u0111\u00e1ng tin c\u1eady, nhanh ch\u00f3ng v\u00e0 ch\u00ednh x\u00e1c v\u00e0o b\u1ea5t k\u1ef3 th\u1eddi \u0111i\u1ec3m n\u00e0o, ngay c\u1ea3 trong nh\u1eefng \u0111i\u1ec1u ki\u1ec7n kh\u1eafc nghi\u1ec7t nh\u1ea5t. C\u00e1c c\u1ea3m bi\u1ebfn m\u1ea1nh m\u1ebd, v\u1edbi th\u1eddi gian ph\u1ea3n h\u1ed3i t-90 r\u1ea5t th\u1ea5p, \u0111\u1ea3m b\u1ea3o ph\u1ea3n \u1ee9ng nhanh. Ngo\u00e0i c\u1ea3nh b\u00e1o ti\u00eau chu\u1ea9n, b\u1ea1n c\u00f3 th\u1ec3 ch\u1ec9 \u0111\u1ecbnh th\u00eam c\u00e1c ng\u01b0\u1ee1ng c\u1ea3nh b\u00e1o cho TLV\u00ae\/TWA* v\u00e0 STEL*.<\/p>\n<p><em>(*TLV\u00ae\/TWA = C\u00e1c gi\u00e1 tr\u1ecb ng\u01b0\u1ee1ng gi\u1edbi h\u1ea1n \/ Trung b\u00ecnh t\u00ednh theo th\u1eddi gian, STEL = Gi\u1edbi h\u1ea1n ti\u1ebfp x\u00fac ng\u1eafn h\u1ea1n<\/em><\/p>\n<p>&#8211; C\u1ea3m bi\u1ebfn ph\u00e1t hi\u1ec7n \u0111\u01b0\u1ee3c c\u00e1c lo\u1ea1i kh\u00ed carbon dioxide (CO2), chlorine (Cl2), hydrogen cyanide (HCN), ammonia (NH3), nitrogen dioxide (NO2), phosphine (PH3) v\u00e0 h\u01a1i h\u1eefu c\u01a1 (OV or OV-A). \u0110\u1eb7c bi\u1ec7t thi\u1ebft b\u1ecb c\u00f3 th\u1ec3 ph\u00e1t hi\u1ec7n kh\u00ed ozone (O3) v\u1edbi n\u1ed3ng \u0111\u1ed9 th\u1ea5p \u0111\u1ebfn 0,02 ppm v\u00e0 phosgene (COCL2) t\u1eeb 0,01 ppm. Pac 8000 ph\u00e1t hi\u1ec7n nitrogen dioxide (NO2) t\u1eeb n\u1ed3ng \u0111\u1ed9 0,04 ppm.<\/p>\n<p>&#8211; Thi\u1ebft b\u1ecb \u0111\u01b0\u1ee3c g\u1eafn m\u00e0ng l\u1ecdc \u0111\u1ec3 b\u1ea3o v\u1ec7 c\u1ea3m bi\u1ebfn kh\u1ecfi c\u00e1c t\u1ea1p ch\u1ea5t nh\u01b0 b\u1ee5i v\u00e0 ch\u1ea5t l\u1ecfng. V\u1ecf ch\u1ed1ng va \u0111\u1eadp, ch\u1ecbu h\u00f3a ch\u1ea5t \u0111\u00e1p \u1ee9ng c\u00e1c y\u00eau c\u1ea7u \u0111\u01b0\u1ee3c quy \u0111\u1ecbnh trong ti\u00eau chu\u1ea9n IP68.<\/p>\n<p>&#8211; \u0110\u00e8n D-Light cho bi\u1ebft ch\u1ee9c n\u0103ng c\u1ee7a thi\u1ebft b\u1ecb \u0111\u00e3 \u0111\u01b0\u1ee3c ki\u1ec3m tra v\u00e0 thi\u1ebft b\u1ecb \u0111\u00e3 s\u1eb5n s\u00e0ng \u0111\u1ec3 s\u1eed d\u1ee5ng hay ch\u01b0a. Ph\u1ea7n v\u1ecf c\u0169ng \u0111\u01b0\u1ee3c thi\u1ebft k\u1ebf nh\u1eb1m m\u1ee5c \u0111\u00edch \u0111\u1ea3m b\u1ea3o an to\u00e0n cho ng\u01b0\u1eddi s\u1eed d\u1ee5ng: m\u1ed7i d\u00f2ng c\u1ea3m bi\u1ebfn c\u1ee7a Dr\u00e4ger Pac 8000 \u0111\u1ec1u c\u00f3 quy \u0111\u1ecbnh m\u00e3 m\u00e0u r\u00f5 r\u00e0ng, d\u1ec5 nh\u00ecn, nh\u1edd \u0111\u00f3 gi\u1ea3m thi\u1ec3u kh\u1ea3 n\u0103ng nh\u1ea7m l\u1eabn.<\/p>\n<p>&#8211; M\u00e0n h\u00ecnh th\u00e2n thi\u1ec7n v\u1edbi ng\u01b0\u1eddi d\u00f9ng, hi\u1ec3n th\u1ecb t\u1ea5t c\u1ea3 c\u00e1c th\u00f4ng tin quan tr\u1ecdng nh\u01b0 \u0111\u01a1n v\u1ecb n\u1ed3ng \u0111\u1ed9 v\u00e0 c\u00f4ng su\u1ea5t pin, c\u0169ng \u0111\u01b0\u1ee3c hi\u1ec3n th\u1ecb<\/p>\n<p>&#8211; B\u00e1o \u0111\u1ed9ng 360\u00b0 v\u1edbi nhi\u1ec1u ch\u1ee9c n\u0103ng<\/p>\n<p><strong>\u1ee8ng d\u1ee5ng:<\/strong> S\u1eed d\u1ee5ng \u0111\u1ec3 \u0111o l\u01b0\u1eddng c\u00e1c lo\u1ea1i kh\u00ed carbon dioxide (CO2), chlorine (Cl2), hydrogen cyanide (HCN), ammonia (NH3), nitrogen dioxide (NO2), phosphine (PH3) v\u00e0 h\u01a1i h\u1eefu c\u01a1 (OV or OV-A),&#8230;\u00a0trong c\u00e1c m\u00f4i tr\u01b0\u1eddng l\u00e0m vi\u1ec7c nh\u01b0: H\u1ea7m m\u1ecf, khu ch\u1ebf xu\u1ea5t, ph\u00f2ng th\u00ed nghi\u1ec7m,\u2026<\/p>\n","protected":false},"excerpt":{"rendered":"<p>&#8211; \u0110\u01b0\u1ee3c thi\u1ebft k\u1ebf b\u1ec1n b\u1ec9, s\u1eed d\u1ee5ng l\u00e2u d\u00e0i<\/p>\n<p>&#8211; Hi\u1ec7u su\u1ea5t l\u00e0m vi\u1ec7c m\u1ea1nh m\u1ebd, \u0111\u1ea3m b\u1ea3o s\u1ef1 an to\u00e0n t\u1ed1i \u0111a<\/p>\n<p>&#8211; D\u1ec5 s\u1eed d\u1ee5ng nh\u1edd c\u00f3 h\u01b0\u1edbng d\u1eabn s\u1eed d\u1ee5ng c\u1ee5 th\u1ec3<\/p>\n","protected":false},"featured_media":8708,"comment_status":"open","ping_status":"closed","template":"","meta":[],"product_cat":[153],"product_tag":[],"class_list":{"0":"post-8703","1":"product","2":"type-product","3":"status-publish","4":"has-post-thumbnail","6":"product_cat-may-do-don-khi","7":"yith_product_brand-drager","9":"first","10":"instock","11":"shipping-taxable","12":"product-type-simple"},"acf":[],"_links":{"self":[{"href":"https:\/\/achisonsafety.com.vn\/en\/wp-json\/wp\/v2\/product\/8703"}],"collection":[{"href":"https:\/\/achisonsafety.com.vn\/en\/wp-json\/wp\/v2\/product"}],"about":[{"href":"https:\/\/achisonsafety.com.vn\/en\/wp-json\/wp\/v2\/types\/product"}],"replies":[{"embeddable":true,"href":"https:\/\/achisonsafety.com.vn\/en\/wp-json\/wp\/v2\/comments?post=8703"}],"wp:featuredmedia":[{"embeddable":true,"href":"https:\/\/achisonsafety.com.vn\/en\/wp-json\/wp\/v2\/media\/8708"}],"wp:attachment":[{"href":"https:\/\/achisonsafety.com.vn\/en\/wp-json\/wp\/v2\/media?parent=8703"}],"wp:term":[{"taxonomy":"product_cat","embeddable":true,"href":"https:\/\/achisonsafety.com.vn\/en\/wp-json\/wp\/v2\/product_cat?post=8703"},{"taxonomy":"product_tag","embeddable":true,"href":"https:\/\/achisonsafety.com.vn\/en\/wp-json\/wp\/v2\/product_tag?post=8703"}],"curies":[{"name":"wp","href":"https:\/\/api.w.org\/{rel}","templated":true}]}}