{"id":8714,"date":"2023-04-24T14:22:21","date_gmt":"2023-04-24T07:22:21","guid":{"rendered":"https:\/\/achisonsafety.com.vn\/?post_type=product&#038;p=8714"},"modified":"2025-09-17T16:44:36","modified_gmt":"2025-09-17T09:44:36","slug":"bep-hong-ngoai-don-joyoung-h22-h5_b1","status":"publish","type":"product","link":"https:\/\/achisonsafety.com.vn\/en\/san-pham\/bep-hong-ngoai-don-joyoung-h22-h5_b1\/","title":{"rendered":"B\u1ebfp h\u1ed3ng ngo\u1ea1i \u0111\u01a1n Joyoung H22-H5_B1"},"content":{"rendered":"<p><a href=\"https:\/\/achisonsafety.com.vn\/danh-muc-san-pham\/qua-tang-doanh-nghiep\/dien-gia-dung\/joyoung\/\">B\u1ebfp h\u1ed3ng ngo\u1ea1i \u0111\u01a1n Joyoung H22-H5-B1<\/a> m\u1edbi v\u1edbi c\u00f4ng ngh\u1ec7 gia nhi\u1ec7t b\u1eb1ng s\u1ee3i \u0111\u1ed1t h\u1ed3ng ngo\u1ea1i, c\u00f4ng su\u1ea5t l\u00ean \u0111\u1ebfn 2200W &#8211; Gi\u00fap qu\u00e1 tr\u00ecnh ch\u1ebf bi\u1ebfn th\u1ee9c \u0103n tr\u1edf n\u00ean nhanh ch\u00f3ng, \u0111\u01a1n gi\u1ea3n v\u00e0 ti\u1ec7n l\u1ee3i<\/p>\n<p><strong>Th\u00f4ng tin chi ti\u1ebft:<\/strong><\/p>\n<p><strong>Th\u01b0\u01a1ng hi\u1ec7u:\u00a0<\/strong>Joyoung<\/p>\n<p><strong>M\u00e3 s\u1ea3n ph\u1ea9m:\u00a0<\/strong>H22-H5-B1<\/p>\n<p><strong>C\u00f4ng su\u1ea5t:\u00a0<\/strong>2200W<\/p>\n<p><strong>M\u00f4 t\u1ea3:<\/strong><\/p>\n<p>&#8211; C\u00f4ng su\u1ea5t l\u1edbn 2200W, n\u00fam xoay \u0111i\u1ec1u khi\u1ec3n m\u01b0\u1ee3t m\u00e0<\/p>\n<p>&#8211; 2 v\u00f9ng n\u1ea5u, ph\u00f9 h\u1ee3p m\u1ecdi lo\u1ea1i n\u1ed3i<\/p>\n<p>&#8211; Khung vi\u1ec1n b\u1ebfp h\u1ed3ng ngo\u1ea1i \u0111\u01a1n Joyoung H22-H5-B1 \u0111\u01b0\u1ee3c gia c\u00f4ng t\u1eeb th\u00e9p kh\u00f4ng g\u1ec9 cao c\u1ea5p, m\u1eb7t n\u1ea7u \u0111\u01b0\u1ee3c ho\u00e0n thi\u1ec7n t\u1eeb k\u00ednh c\u01b0\u1eddng l\u1ef1c ch\u1ecbu nhi\u1ec7t cao c\u1ea5p<\/p>\n<p>&#8211; B\u1ebfp \u0111\u01b0\u1ee3c trang b\u1ecb 2 n\u00fam v\u1eb7n \u00eam \u00e1i, \u0111i\u1ec1u khi\u1ec3n nhi\u1ec7t \u0111\u1ed9 v\u00e0 th\u1eddi gian n\u1ea5u thu\u1eadn ti\u1ec7n v\u00e0 \u0111\u01a1n gi\u1ea3n, th\u00edch h\u1ee3p v\u1edbi nh\u1eefng ng\u01b0\u1eddi y\u00eau c\u1ea7u th\u1eddi gian v\u00e0o b\u1ebfp nhanh ch\u00f3ng, ti\u1ec7n l\u1ee3i<\/p>\n<p><strong>L\u01b0u \u00fd: <\/strong><\/p>\n<p>&#8211; Khi s\u1eed d\u1ee5ng, \u0111\u1ec3 s\u1ea3n ph\u1ea9m tr\u00ean m\u1eb7t ph\u1eb3ng<\/p>\n<p>&#8211; Tr\u00e1nh ch\u1ea1m tay v\u00e0o m\u1eb7t b\u1ebfp khi b\u1ebfp \u0111ang ho\u1ea1t \u0111\u1ed9ng ho\u1eb7c \u0111\u00e3 t\u1eaft nh\u0169ng h\u1ec7 th\u1ed1ng l\u00e0m ngu\u1ed9i v\u1eabn c\u00f2n ho\u1ea1t \u0111\u1ed9ng<\/p>\n<p>&#8211; \u0110\u1ec3 xa t\u1ea7m tay tr\u1ebb em<\/p>\n<p>&nbsp;<\/p>\n","protected":false},"excerpt":{"rendered":"<p>&#8211; C\u00f4ng su\u1ea5t l\u1edbn 2200W, n\u00fam xoay \u0111i\u1ec1u khi\u1ec3n m\u01b0\u1ee3t m\u00e0<\/p>\n<p>&#8211; 2 v\u00f9ng n\u1ea5u, ph\u00f9 h\u1ee3p m\u1ecdi lo\u1ea1i n\u1ed3i<\/p>\n<p>&#8211; Khung vi\u1ec1n b\u1ebfp h\u1ed3ng ngo\u1ea1i \u0111\u01a1n Joyoung H22-H5-B1 \u0111\u01b0\u1ee3c gia c\u00f4ng t\u1eeb th\u00e9p kh\u00f4ng g\u1ec9 cao c\u1ea5p, m\u1eb7t n\u1ea7u \u0111\u01b0\u1ee3c ho\u00e0n thi\u1ec7n t\u1eeb k\u00ednh c\u01b0\u1eddng l\u1ef1c ch\u1ecbu nhi\u1ec7t cao c\u1ea5p<\/p>\n","protected":false},"featured_media":8719,"comment_status":"open","ping_status":"closed","template":"","meta":[],"product_cat":[706],"product_tag":[],"class_list":{"0":"post-8714","1":"product","2":"type-product","3":"status-publish","4":"has-post-thumbnail","6":"product_cat-joyoung","7":"yith_product_brand-joyoung","9":"first","10":"instock","11":"shipping-taxable","12":"product-type-simple"},"acf":[],"_links":{"self":[{"href":"https:\/\/achisonsafety.com.vn\/en\/wp-json\/wp\/v2\/product\/8714"}],"collection":[{"href":"https:\/\/achisonsafety.com.vn\/en\/wp-json\/wp\/v2\/product"}],"about":[{"href":"https:\/\/achisonsafety.com.vn\/en\/wp-json\/wp\/v2\/types\/product"}],"replies":[{"embeddable":true,"href":"https:\/\/achisonsafety.com.vn\/en\/wp-json\/wp\/v2\/comments?post=8714"}],"wp:featuredmedia":[{"embeddable":true,"href":"https:\/\/achisonsafety.com.vn\/en\/wp-json\/wp\/v2\/media\/8719"}],"wp:attachment":[{"href":"https:\/\/achisonsafety.com.vn\/en\/wp-json\/wp\/v2\/media?parent=8714"}],"wp:term":[{"taxonomy":"product_cat","embeddable":true,"href":"https:\/\/achisonsafety.com.vn\/en\/wp-json\/wp\/v2\/product_cat?post=8714"},{"taxonomy":"product_tag","embeddable":true,"href":"https:\/\/achisonsafety.com.vn\/en\/wp-json\/wp\/v2\/product_tag?post=8714"}],"curies":[{"name":"wp","href":"https:\/\/api.w.org\/{rel}","templated":true}]}}