{"id":8734,"date":"2023-04-25T14:39:16","date_gmt":"2023-04-25T07:39:16","guid":{"rendered":"https:\/\/achisonsafety.com.vn\/?post_type=product&#038;p=8734"},"modified":"2025-09-17T16:44:36","modified_gmt":"2025-09-17T09:44:36","slug":"kinh-bao-ho-3m-securefit-sf401sgaf-trong-trong-suot-chong-dong-suong","status":"publish","type":"product","link":"https:\/\/achisonsafety.com.vn\/en\/san-pham\/kinh-bao-ho-3m-securefit-sf401sgaf-trong-trong-suot-chong-dong-suong\/","title":{"rendered":"K\u00ednh b\u1ea3o h\u1ed9 3M\u2122 Securefit\u2122 SF401SGAF, Tr\u00f2ng Trong Su\u1ed1t, Ch\u1ed1ng \u0110\u1ecdng S\u01b0\u01a1ng"},"content":{"rendered":"<p><a href=\"https:\/\/achisonsafety.com.vn\/danh-muc-san-pham\/bao-ho-lao-dong\/bao-ve-mat-mat\/kinh-bao-ho-lao-dong\/kinh-chong-bui\/\">K\u00ednh b\u1ea3o h\u1ed9<\/a> 3M Securefit\u2122 SF401SGAF ch\u1ed1ng b\u1ee5i, ch\u1ed1ng \u0111\u1ecdng s\u01b0\u01a1ng l\u00e0 d\u00f2ng k\u00ednh SecureFit th\u1ebf h\u1ec7 m\u1edbi \u00e1p d\u1ee5ng c\u00f4ng ngh\u1ec7 gi\u1ea3m \u00e1p l\u1ef1c, linh ho\u1ea1t \u0111i\u1ec1u ch\u1ec9nh c\u00e0ng k\u00ednh, th\u00edch h\u1ee3p nhi\u1ec1u size v\u00f2ng \u0111\u1ea7u. Kh\u1ea3 n\u0103ng ch\u1ed1ng \u0111\u1ed9ng s\u01b0\u01a1ng so v\u1edbi k\u00ednh \u0111\u1ecdng s\u01b0\u01a1ng th\u00f4ng th\u01b0\u1eddng g\u1ea5p 10 l\u1ea7n<\/p>\n<p>Th\u00f4ng tin chi ti\u1ebft:<\/p>\n<p><b>M\u00e3 s\u1ea3n ph\u1ea9m:<\/b> SF401AF<\/p>\n<p><b>Ch\u1ea5t li\u1ec7u tr\u00f2ng k\u00ednh: <\/b>Polycarbonate<\/p>\n<p><b>K\u00edch c\u1ee1: <\/b>Ph\u00f9 h\u1ee3p h\u1ea7u h\u1ebft khu\u00f4n m\u1eb7t<\/p>\n<p><b>Ti\u00eau chu\u1ea9n:\u00a0<\/b>ANSI Z87.1-2003 v\u00e0 CSA Z94.3-2007<\/p>\n<p><b>Quy c\u00e1ch \u0111\u00f3ng g\u00f3i ti\u00eau chu\u1ea9n:\u00a0<\/b>01 c\u00e1i\/t\u00fai, 20 c\u00e1i\/case<\/p>\n<p><strong>M\u00f4 t\u1ea3:<\/strong><\/p>\n<p>C\u00f4ng ngh\u1ec7 khu\u1ebfch t\u00e1n l\u1ef1c cho ph\u00e9p g\u1ecdng k\u00ednh t\u1ef1 \u0111i\u1ec1u ch\u1ec9nh ph\u00f9 h\u1ee3p t\u1eebng k\u00edch c\u1ee1 ng\u01b0\u1eddi mang<\/p>\n<p>Ch\u1ea5t li\u1ec7u tr\u00f2ng k\u00ednh b\u1ea3o h\u1ed9 3M Securefit\u2122 SF401SGAF polycacbonate h\u1ea5p ph\u1ee5 99.9% UVA v\u00e0 UVB t\u1edbi 280 nm v\u00e0 \u0111\u1ea1t ti\u00eau chu\u1ea9n CSA Z94.3, ANSI Z87.1-2010<\/p>\n<p>\u0110i\u1ec3m ti\u1ebfp x\u00fac m\u1ec1m m\u1ea1i, mi\u1ebfng \u0111\u1ec7m m\u0169i \u0111i\u1ec1u ch\u1ec9nh \u0111\u01b0\u1ee3c gi\u00fap ng\u01b0\u1eddi \u0111eo tho\u1ea3i m\u00e1i khi mang trong th\u1eddi gian d\u00e0i\\<\/p>\n<p><img decoding=\"async\" src=\"https:\/\/achisonsafety.com.vn\/wp-content\/uploads\/2022\/05\/3MSF401AF_Pressure-DiffusionTemples-400x400.jpg\" alt=\"\" title=\"\"><\/p>\n<p><b>\u01afu \u0111i\u1ec3m:\u00a0<\/b><\/p>\n<p>M\u00e0u s\u1eafc c\u00e0ng k\u00ednh n\u1ed5i b\u1eadt, d\u1ec5 ph\u00e2n bi\u1ec7t, \u0111\u1ec7m cao su c\u00e0ng k\u00ednh, \u0111\u1ec7m m\u0169i ph\u00f9 h\u1ee3p s\u1eed d\u1ee5ng trong th\u1eddi gian d\u00e0i, t\u1ea7m nh\u00ecn r\u1ed9ng kh\u00f4ng bi\u1ebfn d\u1ea1ng h\u00ecnh \u1ea3nh<\/p>\n<p>Kh\u1ea3 n\u0103ng ch\u1ed1ng \u0111\u1ed9ng s\u01b0\u01a1ng so v\u1edbi k\u00ednh \u0111\u1ecdng s\u01b0\u01a1ng th\u00f4ng th\u01b0\u1eddng g\u1ea5p 10 l\u1ea7n<\/p>\n<p>Thi\u1ebft k\u1ebf an to\u00e0n v\u00e0 v\u1eeba v\u1eb7n, gi\u00fap k\u00ednh kh\u00f4ng b\u1ecb tr\u01b0\u1ee3t ngay c\u1ea3 khi b\u1ea1n \u0111ang di chuy\u1ec3n v\u00e0 ho\u1ea1t \u0111\u1ed9ng m\u1ea1nh<\/p>\n<p>&nbsp;<\/p>\n","protected":false},"excerpt":{"rendered":"<p>M\u00e0u s\u1eafc c\u00e0ng k\u00ednh n\u1ed5i b\u1eadt, d\u1ec5 ph\u00e2n bi\u1ec7t, \u0111\u1ec7m cao su c\u00e0ng k\u00ednh, \u0111\u1ec7m m\u0169i ph\u00f9 h\u1ee3p s\u1eed d\u1ee5ng trong th\u1eddi gian d\u00e0i, t\u1ea7m nh\u00ecn r\u1ed9ng kh\u00f4ng bi\u1ebfn d\u1ea1ng h\u00ecnh \u1ea3nh<\/p>\n<p>Kh\u1ea3 n\u0103ng ch\u1ed1ng \u0111\u1ed9ng s\u01b0\u01a1ng so v\u1edbi k\u00ednh \u0111\u1ecdng s\u01b0\u01a1ng th\u00f4ng th\u01b0\u1eddng g\u1ea5p 10 l\u1ea7n<\/p>\n<p>Thi\u1ebft k\u1ebf an to\u00e0n v\u00e0 v\u1eeba v\u1eb7n, gi\u00fap k\u00ednh kh\u00f4ng b\u1ecb tr\u01b0\u1ee3t ngay c\u1ea3 khi b\u1ea1n \u0111ang di chuy\u1ec3n v\u00e0 ho\u1ea1t \u0111\u1ed9ng m\u1ea1nh<\/p>\n","protected":false},"featured_media":8743,"comment_status":"open","ping_status":"closed","template":"","meta":[],"product_cat":[106],"product_tag":[],"class_list":{"0":"post-8734","1":"product","2":"type-product","3":"status-publish","4":"has-post-thumbnail","6":"product_cat-kinh-chong-bui","7":"yith_product_brand-3m","9":"first","10":"instock","11":"shipping-taxable","12":"product-type-simple"},"acf":[],"_links":{"self":[{"href":"https:\/\/achisonsafety.com.vn\/en\/wp-json\/wp\/v2\/product\/8734"}],"collection":[{"href":"https:\/\/achisonsafety.com.vn\/en\/wp-json\/wp\/v2\/product"}],"about":[{"href":"https:\/\/achisonsafety.com.vn\/en\/wp-json\/wp\/v2\/types\/product"}],"replies":[{"embeddable":true,"href":"https:\/\/achisonsafety.com.vn\/en\/wp-json\/wp\/v2\/comments?post=8734"}],"wp:featuredmedia":[{"embeddable":true,"href":"https:\/\/achisonsafety.com.vn\/en\/wp-json\/wp\/v2\/media\/8743"}],"wp:attachment":[{"href":"https:\/\/achisonsafety.com.vn\/en\/wp-json\/wp\/v2\/media?parent=8734"}],"wp:term":[{"taxonomy":"product_cat","embeddable":true,"href":"https:\/\/achisonsafety.com.vn\/en\/wp-json\/wp\/v2\/product_cat?post=8734"},{"taxonomy":"product_tag","embeddable":true,"href":"https:\/\/achisonsafety.com.vn\/en\/wp-json\/wp\/v2\/product_tag?post=8734"}],"curies":[{"name":"wp","href":"https:\/\/api.w.org\/{rel}","templated":true}]}}