{"id":8745,"date":"2023-04-26T15:40:49","date_gmt":"2023-04-26T08:40:49","guid":{"rendered":"https:\/\/achisonsafety.com.vn\/?post_type=product&#038;p=8745"},"modified":"2025-09-17T16:44:36","modified_gmt":"2025-09-17T09:44:36","slug":"may-do-don-khi-drager-pac-8500","status":"publish","type":"product","link":"https:\/\/achisonsafety.com.vn\/en\/san-pham\/may-do-don-khi-drager-pac-8500\/","title":{"rendered":"M\u00e1y d\u00f2 \u0111\u01a1n kh\u00ed Dr\u00e4ger Pac\u00ae 8500"},"content":{"rendered":"<p>M\u00e1y d\u00f2 \u0111\u01a1n kh\u00ed Dr\u00e4ger Pac\u00ae 8500 l\u00e0 d\u00f2ng s\u1ea3n ph\u1ea9m ph\u00e1t hi\u1ec7n kh\u00ed ho\u1ea1t \u0111\u1ed9ng \u0111\u00e1ng tin c\u1eady v\u00e0 ch\u00ednh x\u00e1c, ngay c\u1ea3 trong nh\u1eefng \u0111i\u1ec1u ki\u1ec7n kh\u1eafc nghi\u1ec7t nh\u1ea5t. K\u1ebft qu\u1ea3 \u0111o \u0111\u01b0\u1ee3c c\u00f3 th\u1ec3 d\u1ec5 d\u00e0ng \u0111\u01b0\u1ee3c truy\u1ec1n t\u1edbi h\u1ec7 th\u1ed1ng ph\u1ea7n m\u1ec1m Dr\u00e4ger Gas Detection Connect qua Bluetooth\u00ae. Thi\u1ebft b\u1ecb c\u00f3 th\u1ec3 \u0111i k\u00e8m m\u1ed9t c\u1ea3m bi\u1ebfn CO b\u00f9 hydrogen ho\u1eb7c m\u1ed9t c\u1ea3m bi\u1ebfn k\u00e9p Dr\u00e4ger. Thi\u1ebft b\u1ecb gi\u00fap b\u1ea1n c\u00f3 l\u1ef1a ch\u1ecdn \u0111o 2 lo\u1ea1i kh\u00ed c\u00f9ng l\u00fac: H2S v\u1edbi CO, H2S v\u1edbi O2 ho\u1eb7c O2 v\u1edbi CO.<\/p>\n<p><strong>Th\u00f4ng tin chi ti\u1ebft:<\/strong><\/p>\n<p><strong>Th\u01b0\u01a1ng hi\u1ec7u:\u00a0<\/strong>Dr\u00e4ger<\/p>\n<p><strong>M\u00e3 s\u1ea3n ph\u1ea9m:\u00a0<\/strong>Pac\u00ae 8500<\/p>\n<p><strong>M\u00f4 t\u1ea3:<\/strong><\/p>\n<p>M\u00e1y d\u00f2 \u0111\u01a1n kh\u00ed Dr\u00e4ger Pac\u00ae 8500 \u0111\u01b0\u1ee3c s\u1eed d\u1ee5ng \u0111\u1ec3 theo d\u00f5i kh\u00ed c\u00e1 nh\u00e2n<\/p>\n<p>Ph\u00e1t hi\u1ec7n ngay l\u1eadp t\u1ee9c hai lo\u1ea1i kh\u00ed nh\u1edd c\u1ea3m bi\u1ebfn k\u00e9p \u0111\u1ed1i v\u1edbi O2 \/ CO, H2S \/ O2 ho\u1eb7c H2S \/ CO, c\u00f3 th\u1ec3 s\u1eed d\u1ee5ng v\u1edbi m\u1ed9t c\u1ea3m bi\u1ebfn kh\u00ed CO b\u00f9 hydro<\/p>\n<p>\u0110\u01b0\u1ee3c thi\u1ebft k\u1ebf b\u1ec1n b\u1ec9, th\u1eddi gian s\u1eed d\u1ee5ng l\u00e2u d\u00e0i<\/p>\n<p>M\u00e1y d\u00f2 \u0111\u01a1n kh\u00ed Dr\u00e4ger Pac\u00ae 8500 cung c\u1ea5p c\u00e1c k\u1ebft h\u1ee3p v\u1ec1 c\u1ea3m bi\u1ebfn nh\u01b0 sau: hydro sulphide v\u1edbi carbon monoxide ho\u1eb7c oxy v\u1edbi carbon monoxide. C\u1ea3m bi\u1ebfn k\u00e9p c\u00f3 th\u1ec3 ph\u00e1t hi\u1ec7n c\u00e1c n\u1ed3ng \u0111\u1ed9 r\u1ea5t th\u1ea5p, v\u00e0 t\u1ea5t c\u1ea3 ch\u1ec9 n\u1eb1m trong m\u1ed9t thi\u1ebft b\u1ecb c\u1ea7m tay. \u0110o 2 lo\u1ea1i kh\u00ed c\u00f9ng l\u00fac, gi\u00fap ti\u1ebft ki\u1ec7m th\u1eddi gian. B\u1ea1n c\u00f3 th\u1ec3 l\u1ea5y s\u1ed1 \u0111o t\u1ef7 l\u1ec7 dung t\u00edch oxy v\u00e0 n\u1ed3ng \u0111\u1ed9 ph\u1ea7n tri\u1ec7u c\u1ee7a carbon monoxide c\u00f9ng l\u00fac ch\u1ec9 b\u1eb1ng m\u1ed9t thi\u1ebft b\u1ecb c\u1ea3m bi\u1ebfn.<\/p>\n<p>Dr\u00e4ger Pac 8500 \u0111\u1ec1u \u0111\u01b0\u1ee3c trang b\u1ecb c\u1ea3m bi\u1ebfn Dr\u00e4gerSensors\u00ae c\u1ef1c b\u1ec1n v\u00e0 pin kh\u1ecfe. Thi\u1ebft b\u1ecb Pac 8500 \u0111\u01b0\u1ee3c b\u1ea3o v\u1ec7 ch\u1ed1ng n\u01b0\u1edbc, b\u1ee5i v\u00e0 c\u00e1c t\u1ea1p ch\u1ea5t kh\u00e1c b\u1eb1ng m\u1ed9t b\u1ed9 l\u1ecdc \u0111\u1eb7c bi\u1ec7t ki\u1ec3u m\u00e0ng. Khi b\u1ed9 l\u1ecdc b\u1ecb d\u00ednh nhi\u1ec1u ch\u1ea5t b\u1ea9n, b\u1ea1n c\u00f3 th\u1ec3 t\u1ef1 thay b\u1ed9 l\u1ecdc m\u1ed9t c\u00e1ch nhanh ch\u00f3ng v\u00e0 d\u1ec5 d\u00e0ng. Sau \u0111\u00f3 c\u00f3 th\u1ec3 s\u1eed d\u1ee5ng l\u1ea1i thi\u1ebft b\u1ecb ngay<\/p>\n<p>&nbsp;<\/p>\n","protected":false},"excerpt":{"rendered":"<p>M\u00e1y d\u00f2 \u0111\u01a1n kh\u00ed Dr\u00e4ger Pac\u00ae 8500 \u0111\u01b0\u1ee3c s\u1eed d\u1ee5ng \u0111\u1ec3 theo d\u00f5i kh\u00ed c\u00e1 nh\u00e2n<\/p>\n<p>Ph\u00e1t hi\u1ec7n ngay l\u1eadp t\u1ee9c hai lo\u1ea1i kh\u00ed nh\u1edd c\u1ea3m bi\u1ebfn k\u00e9p \u0111\u1ed1i v\u1edbi O2 \/ CO, H2S \/ O2 ho\u1eb7c H2S \/ CO, c\u00f3 th\u1ec3 s\u1eed d\u1ee5ng v\u1edbi m\u1ed9t c\u1ea3m bi\u1ebfn kh\u00ed CO b\u00f9 hydro<\/p>\n<p>\u0110\u01b0\u1ee3c thi\u1ebft k\u1ebf b\u1ec1n b\u1ec9, th\u1eddi gian s\u1eed d\u1ee5ng l\u00e2u d\u00e0i<\/p>\n","protected":false},"featured_media":8750,"comment_status":"open","ping_status":"closed","template":"","meta":[],"product_cat":[153],"product_tag":[],"class_list":{"0":"post-8745","1":"product","2":"type-product","3":"status-publish","4":"has-post-thumbnail","6":"product_cat-may-do-don-khi","7":"yith_product_brand-drager","9":"first","10":"instock","11":"shipping-taxable","12":"product-type-simple"},"acf":[],"_links":{"self":[{"href":"https:\/\/achisonsafety.com.vn\/en\/wp-json\/wp\/v2\/product\/8745"}],"collection":[{"href":"https:\/\/achisonsafety.com.vn\/en\/wp-json\/wp\/v2\/product"}],"about":[{"href":"https:\/\/achisonsafety.com.vn\/en\/wp-json\/wp\/v2\/types\/product"}],"replies":[{"embeddable":true,"href":"https:\/\/achisonsafety.com.vn\/en\/wp-json\/wp\/v2\/comments?post=8745"}],"wp:featuredmedia":[{"embeddable":true,"href":"https:\/\/achisonsafety.com.vn\/en\/wp-json\/wp\/v2\/media\/8750"}],"wp:attachment":[{"href":"https:\/\/achisonsafety.com.vn\/en\/wp-json\/wp\/v2\/media?parent=8745"}],"wp:term":[{"taxonomy":"product_cat","embeddable":true,"href":"https:\/\/achisonsafety.com.vn\/en\/wp-json\/wp\/v2\/product_cat?post=8745"},{"taxonomy":"product_tag","embeddable":true,"href":"https:\/\/achisonsafety.com.vn\/en\/wp-json\/wp\/v2\/product_tag?post=8745"}],"curies":[{"name":"wp","href":"https:\/\/api.w.org\/{rel}","templated":true}]}}