{"id":8759,"date":"2023-05-04T11:41:25","date_gmt":"2023-05-04T04:41:25","guid":{"rendered":"https:\/\/achisonsafety.com.vn\/?post_type=product&#038;p=8759"},"modified":"2025-09-17T16:44:36","modified_gmt":"2025-09-17T09:44:36","slug":"bep-dien-tu-joyoung-c22-l7","status":"publish","type":"product","link":"https:\/\/achisonsafety.com.vn\/en\/san-pham\/bep-dien-tu-joyoung-c22-l7\/","title":{"rendered":"B\u1ebfp \u0111i\u1ec7n t\u1eeb Joyoung C22-L7"},"content":{"rendered":"<p>B\u1ebfp \u0111i\u1ec7n t\u1eeb Joyoung C22-L7 &#8211; Thi\u1ebft k\u1ebf trang nh\u00e3, hi\u1ec7n \u0111\u1ea1i. Gi\u1ea3i ph\u00e1p m\u1edbi trong c\u0103n b\u1ebfp c\u1ee7a b\u1ea1n<\/p>\n<p><strong>Th\u00f4ng tin chi ti\u1ebft:<\/strong><\/p>\n<p><strong>Th\u01b0\u01a1ng hi\u1ec7u:\u00a0<\/strong> Joyoung<\/p>\n<p><strong>M\u00e3 s\u1ea3n ph\u1ea9m:\u00a0<\/strong>C22-L7<\/p>\n<p><strong>C\u00f4ng su\u1ea5t:<\/strong> 2200W<\/p>\n<p><strong>\u0110\u1ed9 d\u00e0y:\u00a0<\/strong>38 mm<\/p>\n<p><strong>Ch\u1ee9c n\u0103ng:\u00a0<\/strong>6 ch\u1ee9c n\u0103ng ch\u00ednh v\u00e0 t\u00f9y ch\u1ec9nh h\u1eb9n gi\u1edd<\/p>\n<p><strong>M\u00f4 t\u1ea3:<\/strong><\/p>\n<p>V\u1edbi c\u00f4ng su\u1ea5t l\u00ean \u0111\u1ebfn 2200W, b\u1ebfp \u0111i\u1ec7n t\u1eeb Joyoung C22-L7 c\u00f3 th\u1ec3 gia t\u0103ng nhi\u1ec7t \u0111\u1ed9 nhanh ch\u00f3ng v\u00e0 gi\u1eef l\u01b0\u1ee3ng nhi\u1ec7t \u1ed5n \u0111\u1ecbnh trong su\u1ed1t qu\u00e1 tr\u00ecnh n\u1ea5u n\u01b0\u1edbng, gi\u00fap b\u1ea1n ti\u1ebft ki\u1ec7m th\u1eddi gian<\/p>\n<p>B\u1ebfp \u0111\u01b0\u1ee3c trang b\u1ecb h\u1ec7 th\u1ed1ng gia nhi\u1ec7t t\u1eeb t\u00ednh, ch\u1ec9 k\u00ednh ho\u1ea1t khi s\u1eed d\u1ee5ng n\u1ed3i chuy\u00ean d\u1ee5ng t\u01b0\u01a1ng th\u00edch cho b\u1ebfp t\u1eeb, \u0111i\u1ec1u n\u00e0y g\u00f3p ph\u1ea7n h\u1ea1n ch\u1ebf c\u00e1c s\u1ef1 c\u1ed1 ph\u00e1t sinh khi s\u01a1 \u00fd ho\u1eb7c c\u00f3 tr\u1ebb em ngh\u1ecbch b\u1ebfp<\/p>\n<p>B\u1ebfp \u0111\u01b0\u1ee3c trang b\u1ecb c\u00e1c n\u00fat c\u1ea3m \u1ee9ng c\u00f3 ti\u1ebfng Vi\u1ec7t d\u1ec5 d\u00e0ng thao t\u00e1c. M\u1eb7t b\u1ebfp c\u00f3 ch\u1ea5t li\u1ec7u l\u00e0 k\u00ednh c\u01b0\u1eddng l\u1ef1c ch\u1ecbu nhi\u1ec7t cao c\u1ea5p, n\u00f3 \u0111em l\u1ea1i s\u1ef1 trang nh\u00e3 v\u00e0 xinh x\u1eafn, t\u00f4 \u0111i\u1ec3m th\u00eam cho c\u0103n b\u1ebfp nh\u00e0 b\u1ea1n<\/p>\n<p>Vi\u1ec7c trang b\u1ecb b\u1eb1ng k\u00ednh cao c\u1ea5p c\u0169ng gi\u00fap b\u1ea1n d\u1ec5 d\u00e0ng v\u1ec7 sinh h\u01a1n sau m\u1ed7i l\u1ea7n s\u1eed d\u1ee5ng<\/p>\n<p><strong>\u1ee8ng d\u1ee5ng: <\/strong>B\u1ebfp c\u00f3 th\u1ec3 \u0111\u01b0\u1ee3c s\u1eed d\u1ee5ng \u0111\u1ec3 n\u1ea5u \u0111a d\u1ea1ng m\u00f3n \u0103n nh\u01b0: Canh, l\u1ea9u, chi\u00ean, x\u00e0o,&#8230;<\/p>\n","protected":false},"excerpt":{"rendered":"<p>B\u1ebfp \u0111\u01b0\u1ee3c trang b\u1ecb h\u1ec7 th\u1ed1ng gia nhi\u1ec7t t\u1eeb t\u00ednh<\/p>\n<p>B\u1ebfp \u0111\u01b0\u1ee3c trang b\u1ecb c\u00e1c n\u00fat c\u1ea3m \u1ee9ng c\u00f3 ti\u1ebfng Vi\u1ec7t d\u1ec5 d\u00e0ng thao t\u00e1c<\/p>\n<p>M\u1eb7t b\u1ebfp c\u00f3 ch\u1ea5t li\u1ec7u l\u00e0 k\u00ednh c\u01b0\u1eddng l\u1ef1c ch\u1ecbu nhi\u1ec7t cao c\u1ea5p<\/p>\n","protected":false},"featured_media":8760,"comment_status":"open","ping_status":"closed","template":"","meta":[],"product_cat":[706],"product_tag":[],"class_list":{"0":"post-8759","1":"product","2":"type-product","3":"status-publish","4":"has-post-thumbnail","6":"product_cat-joyoung","7":"yith_product_brand-joyoung","9":"first","10":"instock","11":"shipping-taxable","12":"product-type-simple"},"acf":[],"_links":{"self":[{"href":"https:\/\/achisonsafety.com.vn\/en\/wp-json\/wp\/v2\/product\/8759"}],"collection":[{"href":"https:\/\/achisonsafety.com.vn\/en\/wp-json\/wp\/v2\/product"}],"about":[{"href":"https:\/\/achisonsafety.com.vn\/en\/wp-json\/wp\/v2\/types\/product"}],"replies":[{"embeddable":true,"href":"https:\/\/achisonsafety.com.vn\/en\/wp-json\/wp\/v2\/comments?post=8759"}],"wp:featuredmedia":[{"embeddable":true,"href":"https:\/\/achisonsafety.com.vn\/en\/wp-json\/wp\/v2\/media\/8760"}],"wp:attachment":[{"href":"https:\/\/achisonsafety.com.vn\/en\/wp-json\/wp\/v2\/media?parent=8759"}],"wp:term":[{"taxonomy":"product_cat","embeddable":true,"href":"https:\/\/achisonsafety.com.vn\/en\/wp-json\/wp\/v2\/product_cat?post=8759"},{"taxonomy":"product_tag","embeddable":true,"href":"https:\/\/achisonsafety.com.vn\/en\/wp-json\/wp\/v2\/product_tag?post=8759"}],"curies":[{"name":"wp","href":"https:\/\/api.w.org\/{rel}","templated":true}]}}