{"id":8768,"date":"2023-05-08T10:52:30","date_gmt":"2023-05-08T03:52:30","guid":{"rendered":"https:\/\/achisonsafety.com.vn\/?post_type=product&#038;p=8768"},"modified":"2025-09-17T16:44:35","modified_gmt":"2025-09-17T09:44:35","slug":"mat-na-thoat-hiem-khi-hoa-hoan-drager-parat-5520","status":"publish","type":"product","link":"https:\/\/achisonsafety.com.vn\/en\/san-pham\/mat-na-thoat-hiem-khi-hoa-hoan-drager-parat-5520\/","title":{"rendered":"M\u1eb7t n\u1ea1 tho\u00e1t hi\u1ec3m khi h\u1ecfa ho\u1ea1n Drager Parat 5520"},"content":{"rendered":"<p>Khi c\u00f3 h\u1ecfa ho\u1ea1n x\u1ea3y ra, h\u1ea7u h\u1ebft ng\u01b0\u1eddi t\u1eed vong ph\u1ea7n l\u1edbn do ng\u1ea1t kh\u00f3i ch\u1ee9 kh\u00f4ng ph\u1ea3i do l\u1eeda. H\u00e3y trang b\u1ecb nh\u1eefng thi\u1ebft b\u1ecb tho\u00e1t hi\u1ec3m c\u1ea7n thi\u1ebft t\u1ea1i Nh\u00e0, C\u00f4ng Ty v\u00e0 N\u01a1i C\u00f4ng C\u1ed9ng. M\u1eb7t n\u1ea1 tho\u00e1t hi\u1ec3m khi h\u1ecfa ho\u1ea1n Drager Parat 5520 l\u00e0 m\u1ed9t trong nh\u1eefng gi\u1ea3i ph\u00e1p trang b\u1ecb an to\u00e0n \u0111\u1ec3 tho\u00e1t hi\u1ec3m khi g\u1eb7p h\u1ecfa ho\u1ea1n<\/p>\n<p><strong>Th\u00f4ng tin chi ti\u1ebft:<\/strong><\/p>\n<p><strong>Th\u01b0\u01a1ng Hi\u1ec7u:<\/strong>\u00a0DRAGER<\/p>\n<p><strong>M\u00e3 S\u1ed1 S\u1ea3n Ph\u1ea9m:<\/strong> PARAT 5520<\/p>\n<p><strong>C\u00f4ng D\u1ee5ng:<\/strong>\u00a0M\u1eb7t n\u1ea1 tho\u00e1t hi\u1ec3m khi c\u00f3 h\u1ecfa ho\u1ea1n<\/p>\n<p><strong>M\u00f4 T\u1ea3:<\/strong><\/p>\n<p>M\u1eb7t n\u1ea1 tho\u00e1t hi\u1ec3m khi h\u1ecfa ho\u1ea1n Drager Parat 5520 \u0111\u01b0\u1ee3c trang b\u1ecb b\u1ed9 l\u1ecdc CO P2 hi\u1ec7u su\u1ea5t cao gi\u00fap b\u1ea3o v\u1ec7 ng\u01b0\u1eddi d\u00f9ng m\u1ed9t c\u00e1ch t\u1ed1i \u01b0u ch\u1ed1ng nhi\u1ec1u lo\u1ea1i kh\u00ed, h\u01a1i v\u00e0 h\u1ea1t t\u1ea1p ch\u1ea5t \u0111\u1ed9c h\u1ea1i trong \u0111\u00e1m ch\u00e1y. B\u1ed9 l\u1ecdc \u0111\u01b0\u1ee3c thi\u1ebft k\u1ebf b\u00edt k\u00edn b\u1eb1ng hai ch\u1ed1t gi\u00fap \u0111\u1ea3m b\u1ea3o an to\u00e0n trong th\u1eddi gian d\u00e0i, b\u1ea3o v\u1ec7 t\u1ed1i thi\u1ec3u 15 ph\u00fat.<\/p>\n<p><strong>Ti\u00eau Chu\u1ea9n:<\/strong>\u00a0EN 403:2004<\/p>\n<p><strong>M\u00e0u S\u1eafc:<\/strong>\u00a0V\u00e0ng d\u1ea1 quang<\/p>\n<p><strong>Tu\u1ed5i th\u1ecd:<\/strong>\u00a0M\u1eb7t n\u1ea1 \u2013 16 n\u0103m, phin l\u1ecdc \u2013 8 n\u0103m<\/p>\n<p><strong>\u1ee8ng D\u1ee5ng:<\/strong>\u00a0S\u1eed d\u1ee5ng c\u00e1 nh\u00e2n t\u1ea1i nh\u00e0, c\u00f4ng s\u1edf ho\u1eb7c n\u01a1i c\u00f4ng c\u1ed9ng<\/p>\n<p><strong>H\u01b0\u1edbng d\u1eabn s\u1eed d\u1ee5ng:<\/strong><\/p>\n<p><img loading=\"lazy\" decoding=\"async\" class=\"alignnone size-medium wp-image-6313\" src=\"https:\/\/achisonsafety.com.vn\/wp-content\/uploads\/2022\/08\/matnachongkhiu-397x400.png\" alt=\"\" width=\"397\" height=\"400\" title=\"\" srcset=\"https:\/\/achisonsafety.com.vn\/wp-content\/uploads\/2022\/08\/matnachongkhiu-397x400.png 397w, https:\/\/achisonsafety.com.vn\/wp-content\/uploads\/2022\/08\/matnachongkhiu-30x30.png 30w, https:\/\/achisonsafety.com.vn\/wp-content\/uploads\/2022\/08\/matnachongkhiu-60x60.png 60w, https:\/\/achisonsafety.com.vn\/wp-content\/uploads\/2022\/08\/matnachongkhiu-100x100.png 100w, https:\/\/achisonsafety.com.vn\/wp-content\/uploads\/2022\/08\/matnachongkhiu.png 451w\" sizes=\"(max-width: 397px) 100vw, 397px\" \/><\/p>\n<p><strong>&gt;&gt;<\/strong>\u00a0<strong>Tham kh\u1ea3o th\u00eam c\u00e1c gi\u1ea3i ph\u00e1p kh\u00e1c:\u00a0<\/strong><a href=\"https:\/\/achisonsafety.com.vn\/danh-muc-san-pham\/phong-chay-chua-chay-cuu-ho\/mat-na-thoat-hiem\/mat-na-chong-khoi\/\">https:\/\/achisonsafety.com.vn\/danh-muc-san-pham\/bao-ho-lao-dong\/mat-na-thoat-hiem\/mat-na-chong-khoi\/\u00a0<\/a><\/p>\n<p><strong>&gt;&gt;\u00a0Ch\u00fang t\u00f4i c\u00f3 m\u1eabu test s\u1ea3n ph\u1ea9m v\u00e0 cam k\u1ebft t\u01b0 v\u1ea5n k\u1ef9 thu\u1eadt chi ti\u1ebft nh\u1ea5t.<\/strong><\/p>\n<p><strong>&gt;&gt; Li\u00ean h\u1ec7 v\u1edbi Hotline: 0913.820.539 ho\u1eb7c\u00a0<a href=\"mailto:achisonjsc@achison.com\">achisonjsc@achison.com<\/a>\u00a0\u0111\u1ec3 \u0111\u01b0\u1ee3c b\u00e1o gi\u00e1.<\/strong><\/p>\n","protected":false},"excerpt":{"rendered":"<p>\u0110\u01b0\u1ee3c trang b\u1ecb b\u1ed9 l\u1ecdc CO P2 hi\u1ec7u su\u1ea5t cao gi\u00fap b\u1ea3o v\u1ec7 ng\u01b0\u1eddi d\u00f9ng m\u1ed9t c\u00e1ch t\u1ed1i \u01b0u ch\u1ed1ng nhi\u1ec1u lo\u1ea1i kh\u00ed, h\u01a1i v\u00e0 h\u1ea1t t\u1ea1p ch\u1ea5t \u0111\u1ed9c h\u1ea1i trong \u0111\u00e1m ch\u00e1y<\/p>\n<p>B\u1ed9 l\u1ecdc \u0111\u01b0\u1ee3c thi\u1ebft k\u1ebf b\u00edt k\u00edn b\u1eb1ng hai ch\u1ed1t gi\u00fap \u0111\u1ea3m b\u1ea3o an to\u00e0n trong th\u1eddi gian d\u00e0i, b\u1ea3o v\u1ec7 t\u1ed1i thi\u1ec3u 15 ph\u00fat<\/p>\n","protected":false},"featured_media":8776,"comment_status":"open","ping_status":"closed","template":"","meta":[],"product_cat":[78],"product_tag":[],"class_list":{"0":"post-8768","1":"product","2":"type-product","3":"status-publish","4":"has-post-thumbnail","6":"product_cat-bang-keo-cong-nghiep","7":"yith_product_brand-drager","9":"first","10":"instock","11":"shipping-taxable","12":"product-type-simple"},"acf":[],"_links":{"self":[{"href":"https:\/\/achisonsafety.com.vn\/en\/wp-json\/wp\/v2\/product\/8768"}],"collection":[{"href":"https:\/\/achisonsafety.com.vn\/en\/wp-json\/wp\/v2\/product"}],"about":[{"href":"https:\/\/achisonsafety.com.vn\/en\/wp-json\/wp\/v2\/types\/product"}],"replies":[{"embeddable":true,"href":"https:\/\/achisonsafety.com.vn\/en\/wp-json\/wp\/v2\/comments?post=8768"}],"wp:featuredmedia":[{"embeddable":true,"href":"https:\/\/achisonsafety.com.vn\/en\/wp-json\/wp\/v2\/media\/8776"}],"wp:attachment":[{"href":"https:\/\/achisonsafety.com.vn\/en\/wp-json\/wp\/v2\/media?parent=8768"}],"wp:term":[{"taxonomy":"product_cat","embeddable":true,"href":"https:\/\/achisonsafety.com.vn\/en\/wp-json\/wp\/v2\/product_cat?post=8768"},{"taxonomy":"product_tag","embeddable":true,"href":"https:\/\/achisonsafety.com.vn\/en\/wp-json\/wp\/v2\/product_tag?post=8768"}],"curies":[{"name":"wp","href":"https:\/\/api.w.org\/{rel}","templated":true}]}}