{"id":8780,"date":"2023-05-08T11:41:19","date_gmt":"2023-05-08T04:41:19","guid":{"rendered":"https:\/\/achisonsafety.com.vn\/?post_type=product&#038;p=8780"},"modified":"2025-09-17T16:44:35","modified_gmt":"2025-09-17T09:44:35","slug":"dung-dich-ve-sinh-da-nang-3m-38350","status":"publish","type":"product","link":"https:\/\/achisonsafety.com.vn\/en\/san-pham\/dung-dich-ve-sinh-da-nang-3m-38350\/","title":{"rendered":"Dung d\u1ecbch v\u1ec7 sinh \u0111a n\u0103ng 3M\u2122 38350"},"content":{"rendered":"<p>Dung d\u1ecbch v\u1ec7 sinh \u0111a n\u0103ng 3M\u2122 38350 \u0111\u01b0\u1ee3c d\u00f9ng \u0111\u1ec3 l\u00e0m s\u1ea1ch cho c\u1ea3 n\u1ed9i, ngo\u1ea1i th\u1ea5t xe v\u00e0 v\u1ec7 sinh khoang m\u00e1y. Dung d\u1ecbch c\u00f3 kh\u1ea3 n\u0103ng lo\u1ea1i b\u1ecf d\u1ea7u , m\u1ee1, v\u00e0 c\u00e1c v\u1ebft b\u1ea9n c\u1ee9ng \u0111\u1ea7u b\u00e1m tr\u00ean \u0111\u1ed9ng c\u01a1 xe , l\u1ed1p xe , b\u00e1nh xe, v\u00e0 c\u00e1c chi ti\u1ebft n\u1ed9i th\u1ea5t nh\u01b0 th\u1ea3m, v\u1ea3i b\u1ecdc gh\u1ebf , nh\u1ef1a vinyl , da, v\u00e0 c\u00e1c b\u1ec1 m\u1eb7t n\u1ed9i th\u1ea5t chi\u1ebfc xe kh\u00e1c.<\/p>\n<p><strong>Th\u00f4ng tin chi ti\u1ebft:<\/strong><\/p>\n<p><strong>Th\u01b0\u01a1ng hi\u1ec7u:<\/strong> 3M<\/p>\n<p><strong>M\u00e3 s\u1ea3n ph\u1ea9m:<\/strong> 38350<\/p>\n<p><strong>M\u00f4 t\u1ea3:<\/strong><\/p>\n<p>Dung d\u1ecbch v\u1ec7 sinh \u0111a n\u0103ng 3M\u2122 38350 kh\u00f4ng ch\u1ee9a silicone. Pha lo\u00e3ng t\u1ef7 l\u1ec7 1:15 \u0111\u1ec3 t\u1ea9y d\u1ea7u m\u1ee1 v\u00e0 v\u1ebft b\u1ea9n n\u1eb7ng. Pha lo\u00e3ng t\u1ef7 l\u1ec7 1:30 \u0111\u1ec3 t\u1ea9y r\u1eeda nh\u1eb9 cho n\u1ed9i th\u1ea5t n\u00f3i chung<\/p>\n<p>D\u00f9ng cho nh\u1ef1a, da, v\u1ea3i v\u00e0 th\u1ea3m s\u00e0n<\/p>\n<p>An to\u00e0n cho m\u00f4i tr\u01b0\u1eddng x\u01b0\u1edfng s\u01a1n v\u00ec kh\u00f4ng ch\u1ee9a silicone<\/p>\n<p><strong>\u1ee8ng d\u1ee5ng:<\/strong> \u0110\u01b0\u1ee3c s\u1eed d\u1ee5ng \u0111\u1ec3 l\u00e0m s\u1ea1ch, t\u1ea9y r\u1eeda c\u00e1c v\u1ebft b\u1ea9n nh\u01b0: d\u1ea7u m\u1ee1 v\u00e0 c\u00e1c v\u1ebft b\u1ea9n tr\u00ean \u0111\u1ed9ng c\u01a1, l\u1ed1p v\u00e0 b\u00e1nh xe<\/p>\n","protected":false},"excerpt":{"rendered":"<p>D\u00f9ng cho nh\u1ef1a, da, v\u1ea3i v\u00e0 th\u1ea3m s\u00e0n<\/p>\n<p>An to\u00e0n cho m\u00f4i tr\u01b0\u1eddng x\u01b0\u1edfng s\u01a1n v\u00ec kh\u00f4ng ch\u1ee9a silicone<\/p>\n","protected":false},"featured_media":8786,"comment_status":"open","ping_status":"closed","template":"","meta":[],"product_cat":[78],"product_tag":[],"class_list":{"0":"post-8780","1":"product","2":"type-product","3":"status-publish","4":"has-post-thumbnail","6":"product_cat-bang-keo-cong-nghiep","7":"yith_product_brand-3m","9":"first","10":"instock","11":"shipping-taxable","12":"product-type-simple"},"acf":[],"_links":{"self":[{"href":"https:\/\/achisonsafety.com.vn\/en\/wp-json\/wp\/v2\/product\/8780"}],"collection":[{"href":"https:\/\/achisonsafety.com.vn\/en\/wp-json\/wp\/v2\/product"}],"about":[{"href":"https:\/\/achisonsafety.com.vn\/en\/wp-json\/wp\/v2\/types\/product"}],"replies":[{"embeddable":true,"href":"https:\/\/achisonsafety.com.vn\/en\/wp-json\/wp\/v2\/comments?post=8780"}],"wp:featuredmedia":[{"embeddable":true,"href":"https:\/\/achisonsafety.com.vn\/en\/wp-json\/wp\/v2\/media\/8786"}],"wp:attachment":[{"href":"https:\/\/achisonsafety.com.vn\/en\/wp-json\/wp\/v2\/media?parent=8780"}],"wp:term":[{"taxonomy":"product_cat","embeddable":true,"href":"https:\/\/achisonsafety.com.vn\/en\/wp-json\/wp\/v2\/product_cat?post=8780"},{"taxonomy":"product_tag","embeddable":true,"href":"https:\/\/achisonsafety.com.vn\/en\/wp-json\/wp\/v2\/product_tag?post=8780"}],"curies":[{"name":"wp","href":"https:\/\/api.w.org\/{rel}","templated":true}]}}