{"id":8790,"date":"2023-05-09T16:17:27","date_gmt":"2023-05-09T09:17:27","guid":{"rendered":"https:\/\/achisonsafety.com.vn\/?post_type=product&#038;p=8790"},"modified":"2025-09-17T16:44:35","modified_gmt":"2025-09-17T09:44:35","slug":"giay-bao-ho-phong-sach-jogger-bestlight","status":"publish","type":"product","link":"https:\/\/achisonsafety.com.vn\/en\/san-pham\/giay-bao-ho-phong-sach-jogger-bestlight\/","title":{"rendered":"Gi\u00e0y B\u1ea3o H\u1ed9 Ph\u00f2ng S\u1ea1ch Jogger Bestlight"},"content":{"rendered":"<p style=\"text-align: justify;\"><a href=\"https:\/\/achisonsafety.com.vn\/san-pham\/giay-bao-ho-phong-sach-jogger-bestlight\/\" target=\"_blank\" rel=\"noopener\">Gi\u00e0y B\u1ea3o H\u1ed9 Ph\u00f2ng S\u1ea1ch Jogger Bestlight<\/a> l\u00e0 s\u1ea3n ph\u1ea9m chuy\u00ean d\u1ee5ng d\u00e0nh cho m\u00f4i tr\u01b0\u1eddng trong nh\u00e0, ph\u00f2ng s\u1ea1ch. S\u1ea3n ph\u1ea9m c\u00f3 c\u1ea5u t\u1ea1o t\u1eeb EVA gi\u00fap tr\u1ecdng l\u01b0\u1ee3ng c\u1ef1c nh\u1eb9 v\u00e0 kh\u1ea3 n\u0103ng gi\u1ea3m x\u00f3c t\u1ed1t. Ph\u1ea7n \u0111\u1ebf b\u1eb1ng cao su v\u1edbi kh\u1ea3 n\u0103ng ch\u1ed1ng tr\u01b0\u1ee3t c\u1ea5p SRC.<\/p>\n<h2 style=\"text-align: justify;\"><strong>Gi\u1edbi thi\u1ec7u v\u1ec1 gi\u00e0y b\u1ea3o h\u1ed9 ph\u00f2ng s\u1ea1ch Jogger Bestlight<\/strong><\/h2>\n<p style=\"text-align: justify;\">Gi\u00e0y b\u1ea3o h\u1ed9 ph\u00f2ng s\u1ea1ch Jogger Bestlight c\u00f3 quai h\u1eadu, si\u00eau nh\u1eb9.<\/p>\n<p style=\"text-align: justify;\">Ti\u1ec7t tr\u00f9ng \u0111\u01b0\u1ee3c b\u1eb1ng h\u00f3a h\u1ecdc v\u00e0 tia UV, c\u00f3 th\u1ec3 gi\u1eb7t \u1edf nhi\u1ec7t \u0111\u1ed9 40 \u0111\u1ed9 C.<\/p>\n<p style=\"text-align: justify;\">Ch\u1ed1ng tr\u01a1n tr\u1ee3t v\u00e0 c\u00f3 ven tho\u00e1ng kh\u00ed.<\/p>\n<p style=\"text-align: justify;\"><strong>\u1ee8ng d\u1ee5ng:\u00a0<\/strong>S\u1ea3n ph\u1ea9m thu\u1ed9c <strong><a href=\"https:\/\/achisonsafety.com.vn\/thiet-bi-phong-sach\/\" target=\"_blank\" rel=\"noopener\">thi\u1ebft b\u1ecb ph\u00f2ng s\u1ea1ch<\/a><\/strong>, \u0111\u01b0\u1ee3c s\u1eed d\u1ee5ng trong nh\u00e0 b\u1ebfp, ph\u00f2ng th\u00ed nghi\u1ec7m, b\u1ec7nh vi\u1ec7n&#8230;<\/p>\n<h2 style=\"text-align: justify;\"><strong>Th\u00f4ng tin chi ti\u1ebft<\/strong><\/h2>\n<p style=\"text-align: justify;\"><strong>Th\u01b0\u01a1ng hi\u1ec7u:<\/strong> Jogger<\/p>\n<p style=\"text-align: justify;\"><strong>M\u00e3 s\u1ea3n ph\u1ea9m:<\/strong> BESTLIGHT1<\/p>\n<p style=\"text-align: justify;\"><strong>M\u00e0u S\u1eafc:<\/strong> \u0110en, Tr\u1eafng<\/p>\n<p style=\"text-align: justify;\"><strong>Lo\u1ea1i gi\u00e0y:<\/strong> Gi\u00e0y ph\u00f2ng s\u1ea1ch<\/p>\n<p style=\"text-align: justify;\"><strong>Xu\u1ea5t x\u1ee9 th\u01b0\u01a1ng hi\u1ec7u:<\/strong> B\u1ec9<\/p>\n<p style=\"text-align: justify;\"><strong>S\u1ea3n xu\u1ea5t:<\/strong>Trung Qu\u1ed1c<\/p>\n<p style=\"text-align: justify;\"><strong>Size Range:<\/strong> 36-46<\/p>\n<p style=\"text-align: justify;\"><strong>Ch\u1ea5t li\u1ec7u<\/strong>: EVA &amp; Cao su<\/p>\n<p style=\"text-align: justify;\"><strong>D\u00f2ng s\u1ea3n ph\u1ea9m:<\/strong> Food S3-S2-SB SRC<\/p>\n<p style=\"text-align: justify;\"><strong>Ti\u00eau chu\u1ea9n:<\/strong> EN ISO 20345: 2012<\/p>\n<p style=\"text-align: justify;\">H\u00e3y li\u00ean h\u1ec7 v\u1edbi <a href=\"https:\/\/achisonsafety.com.vn\/\" target=\"_blank\" rel=\"noopener\">C\u00f4ng ty B\u1ea3o H\u1ed9 Lao \u0110\u1ed9ng Achison<\/a> \u0111\u1ec3 \u0111\u01b0\u1ee3c t\u01b0 v\u1ea5n v\u00e0 \u0111\u1eb7t h\u00e0ng n\u1ebfu b\u1ea1n quan t\u00e2m v\u00e0 th\u00edch Gi\u00e0y B\u1ea3o H\u1ed9 Ph\u00f2ng S\u1ea1ch Jogger Bestlight nh\u00e9.<\/p>\n","protected":false},"excerpt":{"rendered":"<p>Gi\u00e0y ph\u00f2ng s\u1ea1ch c\u00f3 quai h\u1eadu, si\u00eau nh\u1eb9.<\/p>\n<p>Ti\u1ec7t tr\u00f9ng \u0111\u01b0\u1ee3c b\u1eb1ng h\u00f3a h\u1ecdc v\u00e0 tia UV, c\u00f3 th\u1ec3 gi\u1eb7t \u1edf nhi\u1ec7t \u0111\u1ed9 40 \u0111\u1ed9 C.<\/p>\n<p>Ch\u1ed1ng tr\u01a1n tr\u1ee3t v\u00e0 c\u00f3 ven tho\u00e1ng kh\u00ed.<\/p>\n","protected":false},"featured_media":8791,"comment_status":"open","ping_status":"closed","template":"","meta":[],"product_cat":[73],"product_tag":[898,975,976,977],"class_list":{"0":"post-8790","1":"product","2":"type-product","3":"status-publish","4":"has-post-thumbnail","6":"product_cat-giay-dep-phong-sach","7":"product_tag-giay-bao-ho","8":"product_tag-giay-bao-ho-phong-sach","9":"product_tag-giay-bao-ho-phong-sach-jogger-bestlight","10":"product_tag-giay-jogger","11":"yith_product_brand-jogger","13":"first","14":"instock","15":"shipping-taxable","16":"product-type-simple"},"acf":[],"_links":{"self":[{"href":"https:\/\/achisonsafety.com.vn\/en\/wp-json\/wp\/v2\/product\/8790"}],"collection":[{"href":"https:\/\/achisonsafety.com.vn\/en\/wp-json\/wp\/v2\/product"}],"about":[{"href":"https:\/\/achisonsafety.com.vn\/en\/wp-json\/wp\/v2\/types\/product"}],"replies":[{"embeddable":true,"href":"https:\/\/achisonsafety.com.vn\/en\/wp-json\/wp\/v2\/comments?post=8790"}],"wp:featuredmedia":[{"embeddable":true,"href":"https:\/\/achisonsafety.com.vn\/en\/wp-json\/wp\/v2\/media\/8791"}],"wp:attachment":[{"href":"https:\/\/achisonsafety.com.vn\/en\/wp-json\/wp\/v2\/media?parent=8790"}],"wp:term":[{"taxonomy":"product_cat","embeddable":true,"href":"https:\/\/achisonsafety.com.vn\/en\/wp-json\/wp\/v2\/product_cat?post=8790"},{"taxonomy":"product_tag","embeddable":true,"href":"https:\/\/achisonsafety.com.vn\/en\/wp-json\/wp\/v2\/product_tag?post=8790"}],"curies":[{"name":"wp","href":"https:\/\/api.w.org\/{rel}","templated":true}]}}