{"id":8816,"date":"2023-05-17T16:12:54","date_gmt":"2023-05-17T09:12:54","guid":{"rendered":"https:\/\/achisonsafety.com.vn\/?post_type=product&#038;p=8816"},"modified":"2025-09-17T16:44:34","modified_gmt":"2025-09-17T09:44:34","slug":"may-tinh-laptop-dell-vostro-13-5301_c4vv92","status":"publish","type":"product","link":"https:\/\/achisonsafety.com.vn\/en\/san-pham\/may-tinh-laptop-dell-vostro-13-5301_c4vv92\/","title":{"rendered":"M\u00e1y t\u00ednh laptop Dell\u2122 Vostro 13 5301_C4VV92"},"content":{"rendered":"<p>M\u00e1y t\u00ednh laptop Dell\u2122 Vostro 13 5301_C4VV92 l\u00e0 m\u1ed9t trong nh\u1eefng th\u1ebf h\u1ec7 laptop hi\u1ec7n \u0111\u1ea1i, \u0111\u01b0\u1ee3c thi\u1ebft k\u1ebf si\u00eau m\u1ecfng, si\u00eau g\u1ecdn nh\u1eb9.<\/p>\n<p>Dell\u2122 Vostro 13 5301_C4VV92 s\u1edf h\u1eefu hi\u1ec7u n\u0103ng ho\u1ea1t \u0111\u1ed9ng v\u00f4 c\u00f9ng \u1ea5n t\u01b0\u1ee3ng, lu\u00f4n mang \u0111\u1ebfn nh\u1eefng tr\u1ea3i nghi\u1ec7m th\u00fa v\u1ecb, \u0111\u00e1p \u1ee9ng t\u1ed1t cho nhu c\u1ea7u h\u1ecdc t\u1eadp c\u0169ng nh\u01b0 l\u00e0m vi\u1ec7c c\u1ee7a ng\u01b0\u1eddi d\u00f9ng.<\/p>\n<p>S\u1edf h\u1eefu hi\u1ec7u n\u0103ng ho\u1ea1t \u0111\u1ed9ng m\u1ea1nh m\u1ebd nh\u01b0ng v\u1eabn \u0111\u1ea3m b\u1ea3o \u0111\u01b0\u1ee3c t\u00ednh n\u0103ng nh\u1ecf g\u1ecdn v\u00e0 ti\u1ec7n l\u1ee3i.<\/p>\n<p><strong>Th\u00f4ng tin s\u1ea3n ph\u1ea9m<\/strong><\/p>\n<p><strong>Th\u01b0\u01a1ng hi\u1ec7u: <\/strong>Dell<\/p>\n<p><strong>M\u00e3 s\u1ea3n ph\u1ea9m:\u00a0<\/strong>Vostro 13 5301_C4VV92<\/p>\n<p><strong>Lo\u1ea1i card \u0111\u1ed3 h\u1ecda:\u00a0<\/strong>Intel\u00ae Iris\u00ae Xe Graphics<\/p>\n<p><strong>\u1ed4 c\u1ee9ng :\u00a0<\/strong>512GB M.2 PCIe NVMe SSD<\/p>\n<p><strong>C\u00f4ng ngh\u1ec7 m\u00e0n h\u00ecnh:\u00a0<\/strong>LED ch\u1ed1ng ch\u00f3i<\/p>\n<p><strong>K\u00edch th\u01b0\u1edbc m\u00e0n h\u00ecnh:\u00a0<\/strong>13.3 inches<\/p>\n<p><strong>H\u1ec7 \u0111i\u1ec1u h\u00e0nh:\u00a0<\/strong>Windows 10 Home SL<\/p>\n<p><strong>\u0110\u1ed9 ph\u00e2n gi\u1ea3i m\u00e0n h\u00ecnh:<\/strong> 1080 x 1920 pixels (FullHD)<\/p>\n<p><strong>M\u00f4 t\u1ea3:<\/strong><\/p>\n<p>&#8211; M\u00e1y t\u00ednh laptop Dell\u2122 Vostro 13 5301_C4VV92 c\u00f3 khung m\u00e1y \u0111\u01b0\u1ee3c l\u00e0m ch\u1eafc ch\u1eafn. Kh\u1ed1i l\u01b0\u1ee3ng ch\u1ec9 v\u1ecfn v\u1eb9n 1.06kg, d\u00e0y 15.9mm \u0111em l\u1ea1i s\u1ef1 c\u01a1 \u0111\u1ed9ng gi\u00fap ng\u01b0\u1eddi s\u1eed d\u1ee5ng c\u00f3 th\u1ec3 tho\u1ea3i m\u00e1i \u0111em m\u00e1y \u0111i l\u00e0m xa m\u00e0 kh\u00f4ng lo v\u1ec1 tr\u1ecdng l\u01b0\u1ee3ng c\u1ee7a n\u00f3.<\/p>\n<p>&#8211; B\u1ea3n l\u1ec1 \u0111\u01b0\u1ee3c thi\u1ebft k\u1ebf n\u00e2ng, c\u00f3 \u0111\u1ed9 nghi\u00eang gi\u00fap t\u1ea1o c\u1ea3m gi\u00e1c d\u1ec5 ch\u1ecbu, h\u1ea1n ch\u1ebf b\u1ecb m\u1ecfi tay khi \u0111\u00e1nh m\u00e1y c\u0169ng nh\u01b0 t\u0103ng hi\u1ec7u su\u1ea5t t\u1ea3n nhi\u1ec7t c\u1ee7a m\u00e1y.<\/p>\n<p>&#8211; Dell Vostro 13 5301 C4VV92 \u0111\u01b0\u1ee3c trang b\u1ecb \u0111\u1ea7y \u0111\u1ee7 c\u00e1c c\u1ed5ng nh\u01b0\u00a0 2 c\u1ed5ng\u00a0 USB 3.1 Gen 1, 1 c\u1ed5ng USB 3.2 Type C v\u1edbi t\u1ed1c \u0111\u1ed9 truy\u1ec1n t\u1ea3i d\u1eef li\u1ec7u nhanh. Ngo\u00e0i ra laptop c\u00f2n trang b\u1ecb khe c\u1eafm th\u1ebb nh\u1edb, jack c\u1eafm tai nghe, c\u1ed5ng HDMI v\u00e0 webcam HD s\u1eafc n\u00e9t. Ch\u01b0a k\u1ebf m\u00e1y c\u00f2n \u0111\u01b0\u1ee3c h\u1ec7 th\u1ed1ng k\u1ebft n\u1ed1i 802.11ac 2&#215;2 WiFi\u00a0 Bluetooth 5.0 gi\u00fap kh\u1ea3 n\u0103ng k\u1ebft n\u1ed1i Internet c\u1ee7a m\u00e1y \u0111\u01b0\u1ee3c n\u00e2ng \u0111\u1ebfn t\u1ed1i \u0111a.<\/p>\n<p>Ngo\u00e0i ra, c\u00f4ng ngh\u1ec7 \u00e2m thanh Realtek High Definition Audio s\u1ebd cung c\u1ea5p b\u1ed9 t\u00f9y ch\u1ec9nh chuy\u00ean s\u00e2u gi\u00fap b\u1ea1n t\u00f9y ch\u1ec9nh \u00e2m nh\u1ea1c theo s\u1edf th\u00edch c\u1ee7a m\u00ecnh v\u00e0 c\u00f3 th\u1ec3 khu\u1ebfch \u0111\u1ea1i \u00e2m thanh khi xem phim nghe nh\u1ea1c c\u0169ng nh\u01b0 ch\u01a1i game nh\u1edd v\u00e0o c\u00e1c b\u1ed9 gi\u1ea3 m\u00e3 b\u00ean trong.<\/p>\n","protected":false},"excerpt":{"rendered":"<p>&#8211; M\u00e1y t\u00ednh laptop Dell\u2122 Vostro 13 5301_C4VV92 c\u00f3 khung m\u00e1y \u0111\u01b0\u1ee3c l\u00e0m ch\u1eafc ch\u1eafn. Kh\u1ed1i l\u01b0\u1ee3ng ch\u1ec9 v\u1ecfn v\u1eb9n 1.06kg, d\u00e0y 15.9mm \u0111em l\u1ea1i s\u1ef1 c\u01a1 \u0111\u1ed9ng gi\u00fap ng\u01b0\u1eddi s\u1eed d\u1ee5ng c\u00f3 th\u1ec3 tho\u1ea3i m\u00e1i \u0111em m\u00e1y \u0111i l\u00e0m xa m\u00e0 kh\u00f4ng lo v\u1ec1 tr\u1ecdng l\u01b0\u1ee3ng c\u1ee7a n\u00f3.<\/p>\n<p>&#8211; B\u1ea3n l\u1ec1 \u0111\u01b0\u1ee3c thi\u1ebft k\u1ebf n\u00e2ng, c\u00f3 \u0111\u1ed9 nghi\u00eang gi\u00fap t\u1ea1o c\u1ea3m gi\u00e1c d\u1ec5 ch\u1ecbu, h\u1ea1n ch\u1ebf b\u1ecb m\u1ecfi tay khi \u0111\u00e1nh m\u00e1y c\u0169ng nh\u01b0 t\u0103ng hi\u1ec7u su\u1ea5t t\u1ea3n nhi\u1ec7t c\u1ee7a m\u00e1y.<\/p>\n","protected":false},"featured_media":8827,"comment_status":"open","ping_status":"closed","template":"","meta":[],"product_cat":[692],"product_tag":[],"class_list":{"0":"post-8816","1":"product","2":"type-product","3":"status-publish","4":"has-post-thumbnail","6":"product_cat-dell","7":"yith_product_brand-thuong-hieu-khac","9":"first","10":"instock","11":"shipping-taxable","12":"product-type-simple"},"acf":[],"_links":{"self":[{"href":"https:\/\/achisonsafety.com.vn\/en\/wp-json\/wp\/v2\/product\/8816"}],"collection":[{"href":"https:\/\/achisonsafety.com.vn\/en\/wp-json\/wp\/v2\/product"}],"about":[{"href":"https:\/\/achisonsafety.com.vn\/en\/wp-json\/wp\/v2\/types\/product"}],"replies":[{"embeddable":true,"href":"https:\/\/achisonsafety.com.vn\/en\/wp-json\/wp\/v2\/comments?post=8816"}],"wp:featuredmedia":[{"embeddable":true,"href":"https:\/\/achisonsafety.com.vn\/en\/wp-json\/wp\/v2\/media\/8827"}],"wp:attachment":[{"href":"https:\/\/achisonsafety.com.vn\/en\/wp-json\/wp\/v2\/media?parent=8816"}],"wp:term":[{"taxonomy":"product_cat","embeddable":true,"href":"https:\/\/achisonsafety.com.vn\/en\/wp-json\/wp\/v2\/product_cat?post=8816"},{"taxonomy":"product_tag","embeddable":true,"href":"https:\/\/achisonsafety.com.vn\/en\/wp-json\/wp\/v2\/product_tag?post=8816"}],"curies":[{"name":"wp","href":"https:\/\/api.w.org\/{rel}","templated":true}]}}