{"id":8829,"date":"2023-05-17T16:38:13","date_gmt":"2023-05-17T09:38:13","guid":{"rendered":"https:\/\/achisonsafety.com.vn\/?post_type=product&#038;p=8829"},"modified":"2025-09-17T16:44:34","modified_gmt":"2025-09-17T09:44:34","slug":"may-do-da-khi-drager-x-am-5000-phat-hien-5-loai-khi","status":"publish","type":"product","link":"https:\/\/achisonsafety.com.vn\/en\/san-pham\/may-do-da-khi-drager-x-am-5000-phat-hien-5-loai-khi\/","title":{"rendered":"M\u00e1y d\u00f2 \u0111a kh\u00ed Dr\u00e4ger X-am\u00ae 5000. Ph\u00e1t hi\u1ec7n 5 lo\u1ea1i kh\u00ed"},"content":{"rendered":"<p>M\u00e1y d\u00f2 \u0111a kh\u00ed Drager X-am\u00ae 5000 gi\u00fap ph\u00e1t hi\u1ec7n t\u1eeb 1 \u0111\u1ebfn 5 lo\u1ea1i kh\u00ed. \u0110o ch\u00ednh x\u00e1c c\u00e1c n\u1ed3ng \u0111\u1ed9 c\u1ee7a kh\u00ed bay h\u01a1i, kh\u00ed d\u1ec5 ch\u00e1y, O2 v\u00e0 c\u00e1c ch\u1ea5t \u0111\u1ed9c h\u1ea1i kh\u00e1c v\u00ed d\u1ee5 nh\u01b0 Cl2, CO, CO2, H2, H2S, HCN, NH3, NO, NO2, PH3, SO2 v\u00e0 c\u00e1c kh\u00ed bay h\u01a1i h\u1eefu c\u01a1.<\/p>\n<p><strong>Th\u00f4ng tin chi ti\u1ebft<\/strong><\/p>\n<p><strong>Th\u01b0\u01a1ng hi\u1ec7u:\u00a0<\/strong>Drager<\/p>\n<p><strong>M\u00e3 s\u1ea3n ph\u1ea9m:\u00a0<\/strong>X-am\u00ae 5000<\/p>\n<p><strong>D\u00f2ng m\u00e1y: <\/strong>D\u00f2\u00a0\u0111a kh\u00ed<\/p>\n<p><strong>C\u00e1c lo\u1ea1i kh\u00ed \u0111o \u0111\u01b0\u1ee3c:\u00a0<\/strong>Cl2, CO, CO2, H2, H2S, HCN, NH3, NO, NO2, PH3, SO2 v\u00e0 c\u00e1c kh\u00ed bay h\u01a1i h\u1eefu c\u01a1<\/p>\n<p><strong>M\u00f4 t\u1ea3:<\/strong><\/p>\n<p>M\u00e1y d\u00f2 \u0111a kh\u00ed Drager X-am\u00ae 5000 c\u00f3 thi\u1ebft k\u1ebf nh\u1ecf g\u1ecdn v\u00e0 ti\u1ec7n d\u1ee5ng. Gi\u00fap d\u1ec5 d\u00e0ng mang theo v\u00e0 s\u1eed d\u1ee5ng<\/p>\n<p>S\u1ea3n ph\u1ea9m ph\u1ea3n \u1ee9ng nhanh v\u1edbi c\u00e1c lo\u1ea1i kh\u00ed n\u1ed5 v\u00e0 h\u01a1i h\u1eefu c\u01a1 d\u1ec5 ch\u00e1y, thi\u1ebft b\u1ecb c\u00f2n c\u00f3 kh\u1ea3 n\u0103ng kh\u00e1ng c\u00e1c lo\u1ea1i \u0111\u1ed9c ch\u1ea5t cao v\u00ed d\u1ee5 nh\u01b0 silicon v\u00e0 hydro sunfua<\/p>\n<p>C\u00f9ng v\u1edbi t\u00ednh \u1ed5n \u0111\u1ecbnh l\u00e2u d\u00e0i, thi\u1ebft b\u1ecb n\u00e0y c\u00f2n c\u00f3 tu\u1ed5i th\u1ecd v\u01b0\u1ee3t tr\u1ed9i h\u01a1n 4 n\u0103m s\u1eed d\u1ee5ng<\/p>\n<p>Dr\u00e4ger X-am 5000 c\u00f3 kh\u1ea3 n\u0103ng ch\u1ed1ng n\u01b0\u1edbc v\u00e0 b\u1ee5i theo ti\u00eau chu\u1ea9n IP 67<\/p>\n<p>\u0110\u01b0\u1ee3c trang b\u1ecb c\u00f4ng ngh\u1ec7 c\u1ea3m bi\u1ebfn XXS b\u1ec1n v\u1eefng, Dr\u00e4ger X-am 5000 \u0111\u1ea3m b\u1ea3o an to\u00e0n t\u1ed1i \u0111a v\u1edbi m\u1ee9c chi ph\u00ed v\u1eadn h\u00e0nh c\u1ef1c th\u1ea5p. Kh\u1ea3 n\u0103ng ch\u1ed1ng ch\u1ecbu c\u1ee7a c\u1ea3m bi\u1ebfn, c\u00f9ng v\u1edbi s\u1ef1 \u1ed5n \u0111\u1ecbnh d\u00e0i l\u00e2u, gi\u00fap c\u1ea3m bi\u1ebfn c\u00f3 tu\u1ed5i th\u1ecd tr\u00ean b\u1ed1n n\u0103m, do \u0111\u00f3 gi\u1ea3m thi\u1ec3u \u0111\u01b0\u1ee3c chi ph\u00ed v\u1eadn h\u00e0nh<\/p>\n","protected":false},"excerpt":{"rendered":"<p>S\u1ea3n ph\u1ea9m ph\u1ea3n \u1ee9ng nhanh v\u1edbi c\u00e1c lo\u1ea1i kh\u00ed n\u1ed5 v\u00e0 h\u01a1i h\u1eefu c\u01a1 d\u1ec5 ch\u00e1y, thi\u1ebft b\u1ecb c\u00f2n c\u00f3 kh\u1ea3 n\u0103ng kh\u00e1ng c\u00e1c lo\u1ea1i \u0111\u1ed9c ch\u1ea5t cao v\u00ed d\u1ee5 nh\u01b0 silicon v\u00e0 hydro sunfua<\/p>\n<p>C\u00f9ng v\u1edbi t\u00ednh \u1ed5n \u0111\u1ecbnh l\u00e2u d\u00e0i, thi\u1ebft b\u1ecb n\u00e0y c\u00f2n c\u00f3 tu\u1ed5i th\u1ecd v\u01b0\u1ee3t tr\u1ed9i h\u01a1n 4 n\u0103m s\u1eed d\u1ee5ng<\/p>\n<p>Dr\u00e4ger X-am 5000 c\u00f3 kh\u1ea3 n\u0103ng ch\u1ed1ng n\u01b0\u1edbc v\u00e0 b\u1ee5i theo ti\u00eau chu\u1ea9n IP 67<\/p>\n","protected":false},"featured_media":8830,"comment_status":"open","ping_status":"closed","template":"","meta":[],"product_cat":[154],"product_tag":[],"class_list":{"0":"post-8829","1":"product","2":"type-product","3":"status-publish","4":"has-post-thumbnail","6":"product_cat-may-do-da-khi","7":"yith_product_brand-drager","9":"first","10":"instock","11":"shipping-taxable","12":"product-type-simple"},"acf":[],"_links":{"self":[{"href":"https:\/\/achisonsafety.com.vn\/en\/wp-json\/wp\/v2\/product\/8829"}],"collection":[{"href":"https:\/\/achisonsafety.com.vn\/en\/wp-json\/wp\/v2\/product"}],"about":[{"href":"https:\/\/achisonsafety.com.vn\/en\/wp-json\/wp\/v2\/types\/product"}],"replies":[{"embeddable":true,"href":"https:\/\/achisonsafety.com.vn\/en\/wp-json\/wp\/v2\/comments?post=8829"}],"wp:featuredmedia":[{"embeddable":true,"href":"https:\/\/achisonsafety.com.vn\/en\/wp-json\/wp\/v2\/media\/8830"}],"wp:attachment":[{"href":"https:\/\/achisonsafety.com.vn\/en\/wp-json\/wp\/v2\/media?parent=8829"}],"wp:term":[{"taxonomy":"product_cat","embeddable":true,"href":"https:\/\/achisonsafety.com.vn\/en\/wp-json\/wp\/v2\/product_cat?post=8829"},{"taxonomy":"product_tag","embeddable":true,"href":"https:\/\/achisonsafety.com.vn\/en\/wp-json\/wp\/v2\/product_tag?post=8829"}],"curies":[{"name":"wp","href":"https:\/\/api.w.org\/{rel}","templated":true}]}}