{"id":8836,"date":"2023-05-17T17:26:45","date_gmt":"2023-05-17T10:26:45","guid":{"rendered":"https:\/\/achisonsafety.com.vn\/?post_type=product&#038;p=8836"},"modified":"2025-09-17T16:44:34","modified_gmt":"2025-09-17T09:44:34","slug":"day-cuu-sinh-tam-thoi-phuong-ngang-kstrong-afa940014","status":"publish","type":"product","link":"https:\/\/achisonsafety.com.vn\/en\/san-pham\/day-cuu-sinh-tam-thoi-phuong-ngang-kstrong-afa940014\/","title":{"rendered":"D\u00e2y c\u1ee9u sinh t\u1ea1m th\u1eddi ph\u01b0\u01a1ng ngang KStrong AFA940014"},"content":{"rendered":"<p><span style=\"font-weight: 400\"><a href=\"https:\/\/achisonsafety.com.vn\/danh-muc-san-pham\/bao-ho-lao-dong\/giai-phap-chong-roi-nga-tren-cao\/he-thong-day-cuu-sinh\/\">D\u00e2y c\u1ee9u sinh ph\u01b0\u01a1ng ngang t\u1ea1m th\u1eddi KStrong Wrangler<\/a> c\u00f3 thi\u1ebft k\u1ebf \u0111\u1ec3 l\u1eafp \u0111\u1eb7t d\u1ec5 d\u00e0ng tr\u00ean m\u1eb7t ph\u1eb3ng ngang, gi\u00fap ng\u01b0\u1eddi s\u1eed d\u1ee5ng ti\u1ebfp c\u1eadn \u0111i\u1ec3m neo an to\u00e0n h\u01a1n trong khi l\u00e0m vi\u1ec7c tr\u00ean m\u1ed9t kho\u1ea3ng c\u00e1ch l\u1edbn. D\u00e2y c\u1ee9u sinh n\u00e0y ph\u00f9 h\u1ee3p cho t\u1ed1i \u0111a 2 ng\u01b0\u1eddi s\u1eed d\u1ee5ng<\/span><\/p>\n<p><strong>Th\u00f4ng tin chi ti\u1ebft:<\/strong><\/p>\n<p><strong>Th\u01b0\u01a1ng hi\u1ec7u:\u00a0<\/strong> KStrong A<\/p>\n<p><strong>M\u00e3 s\u1ea3n ph\u1ea9m:\u00a0<\/strong>FA940014<\/p>\n<p><strong>Lo\u1ea1i:\u00a0<\/strong>D\u00e2y c\u1ee9u sinh t\u1ea1m th\u1eddi ph\u01b0\u01a1ng ngang<\/p>\n<p><strong>Ch\u1ea5t li\u1ec7u d\u00e2y:\u00a0<\/strong>D\u00e2y c\u00e1p th\u00e9p m\u1ea1 k\u1ebdm<\/p>\n<p><strong>\u0110\u1ed9 b\u1ec1n \u0111\u1ee9t:\u00a0<\/strong>22kN<\/p>\n<p><strong>Chi\u1ec1u d\u00e0i t\u1ed1i \u0111a gi\u1eefa hai \u0111\u1ea7u d\u00e2y c\u00e1p: <\/strong>T\u1ed1i \u0111a 18m<\/p>\n<p><strong>Ti\u00eau chu\u1ea9n:\u00a0<\/strong>EN795:2012 lo\u1ea1i C<\/p>\n<p><strong>M\u00f4 t\u1ea3:\u00a0<\/strong><\/p>\n<p><span style=\"font-weight: 400\">&#8211; V\u1ecf d\u00e2y c\u1ee9u sinh t\u1ea1m th\u1eddi ph\u01b0\u01a1ng ngang KStrong AFA940014 \u0111\u01b0\u1ee3c l\u00e0m b\u1eb1ng polymer, c\u00f3 \u0111\u1ed9 b\u1ec1n cao<\/span><\/p>\n<p><span style=\"font-weight: 400\">&#8211; Thi\u1ebft k\u1ebf ti\u1ec7n d\u1ee5ng v\u00e0 d\u1ec5 d\u00e0ng di chuy\u1ec3n<\/span><\/p>\n<p><span style=\"font-weight: 400\">&#8211; C\u1ef1c k\u1ef3 d\u1ec5 l\u1eafp \u0111\u1eb7t. Ch\u1ec9 c\u1ea7n k\u00e9o d\u00e2y c\u1ee9u sinh t\u1ef1 r\u00fat \u0111\u1ebfn \u0111\u1ed9 d\u00e0i c\u1ea7n thi\u1ebft \u0111\u1ec3 l\u1eafp \u0111\u1eb7t v\u00e0 r\u00fat l\u1ea1i v\u00e0o h\u1ed9p \u0111\u1ef1ng\u00a0<\/span><\/p>\n<p><span style=\"font-weight: 400\">&#8211; T\u1eddi c\u00f3 s\u1eb5n gi\u00fap d\u1ec5 d\u00e0ng r\u00fat d\u00e2y tr\u1edf l\u1ea1i h\u1ed9p \u0111\u1ec3 th\u00e1o d\u1ee1 nhanh ch\u00f3ng v\u00e0 \u0111\u01a1n gi\u1ea3n, an to\u00e0n. Do \u0111\u00f3, lo\u1ea1i b\u1ecf nhu c\u1ea7u s\u1eed d\u1ee5ng c\u00e1c cu\u1ed9n d\u00e2y l\u1edbn, c\u1ed3ng k\u1ec1nh, kh\u00f3 l\u1eafp \u0111\u1eb7t v\u00e0 c\u1ea5t gi\u1eef<\/span><\/p>\n<p><span style=\"font-weight: 400\">&#8211; C\u00f3 s\u1eb5n c\u01a1 ch\u1ebf gi\u1ea3m ch\u1ea5n \u0111\u1ec3 h\u1ea1n ch\u1ebf c\u00e1c l\u1ef1c va \u0111\u1eadp trong qu\u00e1 tr\u00ecnh ch\u1ed1ng r\u01a1i ng\u00e3<\/span><\/p>\n<p><span style=\"font-weight: 400\">&#8211; Tay c\u1ea7m \u0111\u00fac s\u1eb5n v\u00e0 c\u00f3 \u0111\u1ec7m \u0111\u1ec3 d\u1ec5 c\u1ea7m n\u1eafm<\/span><\/p>\n<p><span style=\"font-weight: 400\">&#8211; C\u00f3 m\u00f3c \u1edf \u0111\u1ea7u &#8211; cu\u1ed1i gi\u00fap k\u1ebft n\u1ed1i d\u1ec5 d\u00e0ng<\/span><\/p>\n<p><span style=\"font-weight: 400\">&#8211; C\u00f3 th\u1ec3 s\u1eed d\u1ee5ng cho t\u1ed1i \u0111a 2 ng\u01b0\u1eddi c\u00f9ng m\u1ed9t l\u00fac<\/span><\/p>\n<p><span style=\"font-weight: 400\">&#8211; C\u00f3 ch\u1ec9 b\u00e1o \u0111\u1ed9 c\u0103ng cho bi\u1ebft \u0111\u1ed9 c\u0103ng c\u1ea7n thi\u1ebft tr\u00ean d\u00e2y<\/span><\/p>\n<p><span style=\"font-weight: 400\">&#8211; Ch\u1ec9 b\u00e1o va \u0111\u1eadp tr\u00ean m\u00f3c chuy\u1ec3n sang m\u00e0u \u0111\u1ecf trong tr\u01b0\u1eddng h\u1ee3p b\u1ecb ng\u00e3<\/span><\/p>\n<p><strong>\u1ee8ng d\u1ee5ng: <\/strong>C\u00f4ng tr\u00ecnh x\u00e2y d\u1ef1ng, nh\u00e0 m\u00e1y, \u0111i\u1ec7n l\u1ef1c, c\u1ed1i xoay gi\u00f3,&#8230;<\/p>\n","protected":false},"excerpt":{"rendered":"<p><span style=\"font-weight: 400\">&#8211; Tay c\u1ea7m \u0111\u00fac s\u1eb5n v\u00e0 c\u00f3 \u0111\u1ec7m \u0111\u1ec3 d\u1ec5 c\u1ea7m n\u1eafm<\/span><\/p>\n<p><span style=\"font-weight: 400\">&#8211; C\u00f3 m\u00f3c \u1edf \u0111\u1ea7u &#8211; cu\u1ed1i gi\u00fap k\u1ebft n\u1ed1i d\u1ec5 d\u00e0ng<\/span><\/p>\n<p><span style=\"font-weight: 400\">&#8211; C\u00f3 th\u1ec3 s\u1eed d\u1ee5ng cho t\u1ed1i \u0111a 2 ng\u01b0\u1eddi c\u00f9ng m\u1ed9t l\u00fac<\/span><\/p>\n","protected":false},"featured_media":8837,"comment_status":"open","ping_status":"closed","template":"","meta":[],"product_cat":[551],"product_tag":[],"class_list":{"0":"post-8836","1":"product","2":"type-product","3":"status-publish","4":"has-post-thumbnail","6":"product_cat-day-cuu-sinh-phuong-ngang","7":"yith_product_brand-kstrong","9":"first","10":"instock","11":"shipping-taxable","12":"product-type-simple"},"acf":[],"_links":{"self":[{"href":"https:\/\/achisonsafety.com.vn\/en\/wp-json\/wp\/v2\/product\/8836"}],"collection":[{"href":"https:\/\/achisonsafety.com.vn\/en\/wp-json\/wp\/v2\/product"}],"about":[{"href":"https:\/\/achisonsafety.com.vn\/en\/wp-json\/wp\/v2\/types\/product"}],"replies":[{"embeddable":true,"href":"https:\/\/achisonsafety.com.vn\/en\/wp-json\/wp\/v2\/comments?post=8836"}],"wp:featuredmedia":[{"embeddable":true,"href":"https:\/\/achisonsafety.com.vn\/en\/wp-json\/wp\/v2\/media\/8837"}],"wp:attachment":[{"href":"https:\/\/achisonsafety.com.vn\/en\/wp-json\/wp\/v2\/media?parent=8836"}],"wp:term":[{"taxonomy":"product_cat","embeddable":true,"href":"https:\/\/achisonsafety.com.vn\/en\/wp-json\/wp\/v2\/product_cat?post=8836"},{"taxonomy":"product_tag","embeddable":true,"href":"https:\/\/achisonsafety.com.vn\/en\/wp-json\/wp\/v2\/product_tag?post=8836"}],"curies":[{"name":"wp","href":"https:\/\/api.w.org\/{rel}","templated":true}]}}