{"id":8852,"date":"2023-05-23T09:53:41","date_gmt":"2023-05-23T02:53:41","guid":{"rendered":"https:\/\/achisonsafety.com.vn\/?post_type=product&#038;p=8852"},"modified":"2025-09-17T16:44:33","modified_gmt":"2025-09-17T09:44:33","slug":"diem-neo-gan-lan-can-kstrong-afa930101","status":"publish","type":"product","link":"https:\/\/achisonsafety.com.vn\/en\/san-pham\/diem-neo-gan-lan-can-kstrong-afa930101\/","title":{"rendered":"\u0110i\u1ec3m neo g\u1eafn lan can KStrong AFA930101"},"content":{"rendered":"<p><span style=\"font-weight: 400\">\u0110i\u1ec3m neo l\u00e0 m\u1ed9t b\u1ed9 ph\u1eadn trong h\u1ec7 th\u1ed1ng ch\u1ed1ng r\u01a1i ng\u00e3 c\u00e1 nh\u00e2n, \u0111\u1ea3m b\u1ea3o k\u1ebft n\u1ed1i v\u1edbi ng\u01b0\u1eddi s\u1eed d\u1ee5ng trong khi l\u00e0m vi\u1ec7c tr\u00ean cao m\u1ed9t c\u00e1ch an to\u00e0n &#8211; <a href=\"https:\/\/achisonsafety.com.vn\/danh-muc-san-pham\/bao-ho-lao-dong\/giai-phap-chong-roi-nga-tren-cao\/diem-neo\/\">\u0110i\u1ec3m neo g\u1eafn lan can<\/a> AFA930101<\/span><\/p>\n<p><b>Th\u00f4ng tin chi ti\u1ebft:<\/b><\/p>\n<p><b>Th\u01b0\u01a1ng hi\u1ec7u: <\/b><span style=\"font-weight: 400\">KStrong<\/span><\/p>\n<p><b>M\u00e3 s\u1ea3n ph\u1ea9m: <\/b><span style=\"font-weight: 400\">AFA930101<\/span><\/p>\n<p><b>Ch\u1ea5t li\u1ec7u: <\/b><span style=\"font-weight: 400\">Th\u00e9p h\u1ee3p kim ph\u1ee7 ED m\u00e0u \u0111en<\/span><\/p>\n<p><b>\u0110\u1ed9 b\u1ec1n \u0111\u1ee9t t\u1ed1i thi\u1ec3u: <\/b><span style=\"font-weight: 400\">23kN<\/span><\/p>\n<p><b>Chi\u1ec1u r\u1ed9ng m\u1eb7t b\u00edch:<\/b><span style=\"font-weight: 400\"> 60 mm &#8211; 360mm<\/span><\/p>\n<p><b>Ti\u00eau chu\u1ea9n:<\/b><span style=\"font-weight: 400\"> EN 795:2012 lo\u1ea1i B. ANSI Z359.18-2017 lo\u1ea1i A<\/span><\/p>\n<p><b>M\u00f4 t\u1ea3:<\/b><\/p>\n<p><span style=\"font-weight: 400\">\u0110i\u1ec3m neo g\u1eafn lan can KStrong AFA930101 \u00a0cung c\u1ea5p \u0111i\u1ec3m neo an to\u00e0n tr\u00ean lan can v\u00e0 m\u1eb7t ti\u1ec1n \u0111\u1ec3 s\u1eed d\u1ee5ng tr\u00ean nhi\u1ec1u c\u00f4ng tr\u00ecnh kh\u00e1c nhau<\/span><\/p>\n<p><span style=\"font-weight: 400\">Kh\u00f4ng s\u1eed d\u1ee5ng neo g\u1eafn b\u1eb1ng v\u00edt &#8211; Bulong th\u00f4ng th\u01b0\u1eddng \u1edf nh\u1eefng n\u01a1i \u0111\u00f3 v\u00ec d\u1ec5 l\u00e0m h\u1ecfng k\u1ebft c\u1ea5u c\u01a1 b\u1ea3n. Neo g\u1eafn lan can Kstrong gi\u00fap gi\u1eef g\u00ecn v\u1ebb ngo\u00e0i c\u1ee7a lan can v\u00e0 m\u1eb7t ti\u1ec1n m\u00e0 v\u1eabn t\u1ea1o ra m\u1ed9t \u0111i\u1ec3m neo an to\u00e0n<\/span><\/p>\n<p><span style=\"font-weight: 400\">Ph\u1ea7n m\u1ec1m \u1edf ph\u00eda trong c\u1ee7a c\u00e1c m\u1eb7t b\u00edch c\u0169ng \u0111\u1ea3m b\u1ea3o kh\u00f4ng g\u00e2y h\u01b0 h\u1ecfng cho lan can<\/span><\/p>\n<p><span style=\"font-weight: 400\">C\u00f3 m\u1eb7t b\u00edch \u0111i\u1ec1u ch\u1ec9nh \u0111\u01b0\u1ee3c, gi\u00fap thi\u1ebft b\u1ecb \u0111a n\u0103ng \u0111\u1ec3 s\u1eed d\u1ee5ng tr\u00ean nhi\u1ec1u c\u1ea5u tr\u00fac kh\u00e1c nhau c\u00f3 chi\u1ec1u r\u1ed9ng t\u1eeb 30 &#8211; 360mm<\/span><\/p>\n<p><span style=\"font-weight: 400\">\u0110\u1ea3m b\u1ea3o t\u00ecnh tr\u1ea1ng \u0111ung \u0111\u01b0a c\u1ee7a ng\u01b0\u1eddi s\u1eed d\u1ee5ng d\u01b0\u1edbi 30 \u0111\u1ed9 khi l\u00e0m vi\u1ec7c trong \u0111i\u1ec1u ki\u1ec7n treo<\/span><\/p>\n<p><b>L\u01b0u \u00fd:\u00a0<\/b><\/p>\n<p><span style=\"font-weight: 400\">Lu\u00f4n \u0111\u1ea3m b\u1ea3o \u0111i\u1ec3m neo \u0111\u01b0\u1ee3c s\u1eed d\u1ee5ng \u0111\u1ee7 ch\u1eafc ch\u1eafn \u0111\u1ec3 gi\u1eef ng\u01b0\u1eddi s\u1eed d\u1ee5ng khi x\u1ea3y ra r\u01a1i ng\u00e3<\/span><\/p>\n<p><span style=\"font-weight: 400\">Ng\u01b0\u1eddi s\u1eed d\u1ee5ng ph\u1ea3i lu\u00f4n lu\u00f4n g\u1eafn neo \u1edf \u0111\u1ed9 cao tr\u00ean vai ho\u1eb7c \u00edt nh\u1ea5t ngang t\u1ea7m vai<\/span><\/p>\n<p><span style=\"font-weight: 400\">Ki\u1ec3m tra v\u00e0 b\u1ea3o d\u01b0\u1ee1ng s\u1ea3n ph\u1ea9m \u0111\u1ecbnh k\u1ef3 \u0111\u1ec3 ki\u1ec3m so\u00e1t ch\u1ea5t l\u01b0\u1ee3ng c\u1ee7a s\u1ea3n ph\u1ea9m<\/span><\/p>\n<p><b>H\u01b0\u1edbng d\u1eabn v\u1ec7 sinh b\u1ea3o tr\u00ec<\/b><\/p>\n<p><b>V\u1ec7 sinh:\u00a0<\/b><\/p>\n<p><span style=\"font-weight: 400\">Ph\u1ea3i v\u1ec7 sinh thi\u1ebft b\u1ecb b\u1ea3o v\u1ec7 c\u00e1 nh\u00e2n m\u00e0 kh\u00f4ng g\u00e2y \u1ea3nh h\u01b0\u1edfng x\u1ea5u \u0111\u1ebfn v\u1eadt li\u1ec7u \u0111\u01b0\u1ee3c s\u1eed d\u1ee5ng \u0111\u1ec3 s\u1ea3n xu\u1ea5t thi\u1ebft b\u1ecb<\/span><\/p>\n<p><span style=\"font-weight: 400\">\u0110\u1ed1i v\u1edbi c\u00e1c b\u1ed9 ph\u1eadn b\u1eb1ng v\u1ea3i d\u1ec7t (D\u00e2y \u0111ai v\u00e0 d\u00e2y th\u1eebng) v\u00e0 b\u1eb1ng nh\u1ef1a, lau b\u1eb1ng v\u1ea3i b\u00f4ng ho\u1eb7c b\u00e0n tr\u1ea3i m\u1ec1m. Kh\u00f4ng s\u1eed d\u1ee5ng b\u1ea5t k\u1ef3 v\u1eadt li\u1ec7u m\u00e0i m\u00f2n n\u00e0o<\/span><\/p>\n<p><span style=\"font-weight: 400\">\u0110\u1ec3 l\u00e0m s\u1ea1ch s\u00e2u, h\u00e3y gi\u1eb7t d\u00e2y \u0111ai an to\u00e0n \u1edf nhi\u1ec7t \u0111\u1ed9 kh\u00f4ng qu\u00e1 40 \u0111\u1ed9 C b\u1eb1ng ch\u1ea5t t\u1ea9y r\u1eeda trung t\u00ednh, sau \u0111\u00f3 ph\u01a1i kh\u00f4 trong b\u00f3ng r\u00e2m<\/span><\/p>\n<p><span style=\"font-weight: 400\">Ph\u1ea3i lau c\u00e1c b\u1ed9 ph\u1eadn \u0111\u01b0\u1ee3c l\u00e0m b\u1eb1ng kim lo\u1ea1i \u0111\u01b0\u1ee3c k\u1ebft h\u1ee3p v\u1edbi d\u00e2y \u0111ai an to\u00e0n b\u1eb1ng kh\u0103n \u01b0\u1edbt. Khi thi\u1ebft b\u1ecb b\u1ecb \u01b0\u1edbt do \u0111ang s\u1eed d\u1ee5ng ho\u1eb7c trong qu\u00e1 tr\u00ecnh, ph\u1ea3i \u0111\u1ec3 thi\u1ebft b\u1ecb kh\u00f4 t\u1ef1 nhi\u00ean, tr\u00e1nh ti\u1ebfp x\u00fac v\u1edbi ngu\u1ed3n nhi\u1ec7t<\/span><\/p>\n<p><b>B\u1ea3o qu\u1ea3n:<\/b><\/p>\n<p><span style=\"font-weight: 400\">Thi\u1ebft b\u1ecb b\u1ea3o v\u1ec7 c\u00e1 nh\u00e2n ph\u1ea3i \u0111\u01b0\u1ee3c \u0111\u00f3ng g\u00f3i k\u00edn \u0111\u00e1o, b\u1ea3o qu\u1ea3n \u1edf n\u01a1i kh\u00f4 r\u00e1o v\u00e0 tho\u00e1ng kh\u00ed, tr\u00e1nh \u00e1nh s\u00e1ng tr\u1ef1c ti\u1ebfp, tia c\u1ef1c t\u00edm, b\u1ee5i, c\u1ea1nh s\u1eafc nh\u1ecdn, nhi\u1ec7t \u0111\u1ed9 cao v\u00e0 c\u00e1c ch\u1ea5t \u0103n m\u00f2n<\/span><\/p>\n<p><b>S\u1eeda ch\u1eefa:<\/b><\/p>\n<p><span style=\"font-weight: 400\">Ch\u1ec9 nh\u00e0 s\u1ea3n xu\u1ea5t thi\u1ebft b\u1ecb ho\u1eb7c \u0111\u1ea1i di\u1ec7n \u0111\u01b0\u1ee3c \u1ee7y quy\u1ec1n c\u1ee7a nh\u00e0 s\u1ea3n xu\u1ea5t \u0111\u01b0\u1ee3c ph\u00e9p s\u1eeda ch\u1eefa thi\u1ebft b\u1ecb theo quy tr\u00ecnh c\u1ee7a nh\u00e0 s\u1ea3n xu\u1ea5t<\/span><\/p>\n<p><span style=\"font-weight: 400\">T\u00e1ch thi\u1ebft b\u1ecb v\u00e0o ba th\u00f9ng kh\u00e1c nhau \u0111\u1ec3 \u0111\u1eb7t c\u00e1c b\u1ed9 ph\u1eadn c\u1ee7a thi\u1ebft b\u1ecb t\u01b0\u01a1ng \u1ee9ng v\u1edbi v\u1ea3i d\u1ec7t, kim lo\u1ea1i v\u00e0 nh\u1ef1a<\/span><\/p>\n","protected":false},"excerpt":{"rendered":"<p><span style=\"font-weight: 400\">Ph\u1ea7n m\u1ec1m \u1edf ph\u00eda trong c\u1ee7a c\u00e1c m\u1eb7t b\u00edch c\u0169ng \u0111\u1ea3m b\u1ea3o kh\u00f4ng g\u00e2y h\u01b0 h\u1ecfng cho lan can<\/span><\/p>\n<p><span style=\"font-weight: 400\">C\u00f3 m\u1eb7t b\u00edch \u0111i\u1ec1u ch\u1ec9nh \u0111\u01b0\u1ee3c, gi\u00fap thi\u1ebft b\u1ecb \u0111a n\u0103ng \u0111\u1ec3 s\u1eed d\u1ee5ng tr\u00ean nhi\u1ec1u c\u1ea5u tr\u00fac kh\u00e1c nhau c\u00f3 chi\u1ec1u r\u1ed9ng t\u1eeb 30 &#8211; 360mm<\/span><\/p>\n<p><span style=\"font-weight: 400\">\u0110\u1ea3m b\u1ea3o t\u00ecnh tr\u1ea1ng \u0111ung \u0111\u01b0a c\u1ee7a ng\u01b0\u1eddi s\u1eed d\u1ee5ng d\u01b0\u1edbi 30 \u0111\u1ed9 khi l\u00e0m vi\u1ec7c trong \u0111i\u1ec1u ki\u1ec7n treo<\/span><\/p>\n","protected":false},"featured_media":8853,"comment_status":"open","ping_status":"closed","template":"","meta":[],"product_cat":[136],"product_tag":[],"class_list":{"0":"post-8852","1":"product","2":"type-product","3":"status-publish","4":"has-post-thumbnail","6":"product_cat-diem-neo","7":"yith_product_brand-kstrong","9":"first","10":"instock","11":"shipping-taxable","12":"product-type-simple"},"acf":[],"_links":{"self":[{"href":"https:\/\/achisonsafety.com.vn\/en\/wp-json\/wp\/v2\/product\/8852"}],"collection":[{"href":"https:\/\/achisonsafety.com.vn\/en\/wp-json\/wp\/v2\/product"}],"about":[{"href":"https:\/\/achisonsafety.com.vn\/en\/wp-json\/wp\/v2\/types\/product"}],"replies":[{"embeddable":true,"href":"https:\/\/achisonsafety.com.vn\/en\/wp-json\/wp\/v2\/comments?post=8852"}],"wp:featuredmedia":[{"embeddable":true,"href":"https:\/\/achisonsafety.com.vn\/en\/wp-json\/wp\/v2\/media\/8853"}],"wp:attachment":[{"href":"https:\/\/achisonsafety.com.vn\/en\/wp-json\/wp\/v2\/media?parent=8852"}],"wp:term":[{"taxonomy":"product_cat","embeddable":true,"href":"https:\/\/achisonsafety.com.vn\/en\/wp-json\/wp\/v2\/product_cat?post=8852"},{"taxonomy":"product_tag","embeddable":true,"href":"https:\/\/achisonsafety.com.vn\/en\/wp-json\/wp\/v2\/product_tag?post=8852"}],"curies":[{"name":"wp","href":"https:\/\/api.w.org\/{rel}","templated":true}]}}