{"id":8885,"date":"2023-06-07T14:35:35","date_gmt":"2023-06-07T07:35:35","guid":{"rendered":"https:\/\/achisonsafety.com.vn\/?post_type=product&#038;p=8885"},"modified":"2025-09-17T16:44:32","modified_gmt":"2025-09-17T09:44:32","slug":"gang-tay-chong-tinh-dien-ansell-edge-48-140-esd","status":"publish","type":"product","link":"https:\/\/achisonsafety.com.vn\/en\/san-pham\/gang-tay-chong-tinh-dien-ansell-edge-48-140-esd\/","title":{"rendered":"G\u0103ng tay ch\u1ed1ng t\u0129nh \u0111i\u1ec7n Ansell EDGE\u00ae 48-140 ESD"},"content":{"rendered":"<p><a href=\"https:\/\/achisonsafety.com.vn\/danh-muc-san-pham\/bao-ho-lao-dong\/gang-tay-bao-ho\/gang-tay-da-dung\/\">G\u0103ng tay ch\u1ed1ng t\u0129nh \u0111i\u1ec7n Ansell EDGE\u00ae 48-140 ESD<\/a>\u00a0 &#8211; v\u1edbi kh\u1ea3 n\u0103ng ch\u1ed1ng l\u1ea1i s\u1ef1 ph\u00f3ng t\u0129nh \u0111i\u1ec7n, ch\u1ed1ng c\u1eaft v\u00e0 ch\u1ed1ng m\u00e0i m\u00f2n c\u1ef1c hi\u1ec7u qu\u1ea3.<\/p>\n<p>Th\u00f4ng tin s\u1ea3n ph\u1ea9m:<\/p>\n<p><strong>Th\u01b0\u01a1ng hi\u1ec7u:\u00a0<\/strong>Ansell<\/p>\n<p><strong>M\u00e3 s\u1ea3n ph\u1ea9m:\u00a0<\/strong>EDGE\u00ae 48-140 ESD<\/p>\n<p><strong>Ti\u00eau chu\u1ea9n:\u00a0<\/strong>EN 1149<\/p>\n<p><strong>M\u00e0u s\u1eafc:\u00a0<\/strong>X\u00e1m tr\u1eafng<\/p>\n<p><strong>Ch\u1ea5t li\u1ec7u l\u1edbp l\u00f3t: <\/strong>Polyester, Carbon<\/p>\n<p><strong>M\u00f4 t\u1ea3:<\/strong><\/p>\n<p>G\u0103ng tay ch\u1ed1ng t\u0129nh \u0111i\u1ec7n Ansell EDGE\u00ae 48-140 ESD\u00a0 \u0111\u01b0\u1ee3c l\u00e0m b\u1eb1ng l\u1edbp l\u00f3t s\u1ee3i carbon &amp; polyester, m\u0169i kh\u00e2u gauge 13 li\u1ec1n m\u1ea3nh, v\u1edbi l\u1edbp ph\u1ee7 l\u00f2ng b\u00e0n tay b\u1eb1ng polyurethane<\/p>\n<p>B\u1ea3o v\u1ec7 s\u1ea3n ph\u1ea9m ch\u1ed1ng ph\u00f3ng t\u0129nh \u0111i\u1ec7n nh\u1edd c\u00f3 s\u1ee3i carbon<\/p>\n<p>\u0110\u1ed3ng th\u1eddi, ph\u1ea7n l\u00f2ng b\u00e0n tay \u0111\u01b0\u1ee3c tr\u00e1ng ph\u1ee7 c\u0169ng ng\u0103n ch\u1eb7n t\u00ecnh tr\u1ea1ng m\u1ed3 h\u00f4i d\u00ednh sang linh ki\u1ec7n \u0111i\u1ec7n t\u1eed EDGE 48-140 EN1149-3: Ph\u00e2n r\u00e3 \u0111i\u1ec7n t\u00edch T50 &lt;0,01 gi\u00e2y<\/p>\n<p><strong>\u1ee8ng d\u1ee5ng:\u00a0<\/strong><\/p>\n<p>&#8211; L\u1eafp r\u00e1p ho\u00e0n thi\u1ec7n b\u1ea3ng \u0111i\u1ec1u khi\u1ec3n, d\u00e2y c\u00e1p v\u00e0 d\u00e2y \u0111i\u1ec7n<\/p>\n<p>&#8211; L\u1eafp r\u00e1p ho\u00e0n thi\u1ec7n c\u00e1c linh ki\u1ec7n \u0111i\u1ec7n t\u1eed v\u00e0 bo m\u1ea1ch ch\u1ee7<\/p>\n<p><strong>L\u01b0u \u00fd:<\/strong><\/p>\n<p>&#8211; S\u1eed d\u1ee5ng g\u0103ng tay theo \u0111\u00fang k\u00edch c\u1ee1 \u0111\u1ec3 c\u1ea3m th\u1ea5y tho\u1ea3i m\u00e1i khi v\u1eadn h\u00e0nh v\u00e0 s\u1eed d\u1ee5ng<\/p>\n<p>&#8211; Tu\u00e2n th\u1ee7 c\u00e1c quy \u0111\u1ecbnh s\u1eed d\u1ee5ng s\u1ea3n ph\u1ea9m c\u1ee7a nh\u00e0 s\u1ea3n xu\u1ea5t<\/p>\n<p>&#8211; Thay s\u1ea3n ph\u1ea9m n\u1ebfu c\u00f3 d\u1ea5u hi\u1ec7u b\u1ecb m\u00f2n, r\u00e1ch<\/p>\n","protected":false},"excerpt":{"rendered":"<p>B\u1ea3o v\u1ec7 s\u1ea3n ph\u1ea9m ch\u1ed1ng ph\u00f3ng t\u0129nh \u0111i\u1ec7n nh\u1edd c\u00f3 s\u1ee3i carbon<\/p>\n<p>Tr\u00e1ng ph\u1ee7 c\u0169ng ng\u0103n ch\u1eb7n t\u00ecnh tr\u1ea1ng m\u1ed3 h\u00f4i d\u00ednh sang linh ki\u1ec7n \u0111i\u1ec7n t\u1eed EDGE 48-140 EN1149-3<\/p>\n<p>Ph\u00e2n r\u00e3 \u0111i\u1ec7n t\u00edch T50 &lt;0,01 gi\u00e2y<\/p>\n","protected":false},"featured_media":8888,"comment_status":"open","ping_status":"closed","template":"","meta":[],"product_cat":[125],"product_tag":[],"class_list":{"0":"post-8885","1":"product","2":"type-product","3":"status-publish","4":"has-post-thumbnail","6":"product_cat-gang-tay-da-dung","7":"yith_product_brand-ansell","9":"first","10":"instock","11":"shipping-taxable","12":"product-type-simple"},"acf":[],"_links":{"self":[{"href":"https:\/\/achisonsafety.com.vn\/en\/wp-json\/wp\/v2\/product\/8885"}],"collection":[{"href":"https:\/\/achisonsafety.com.vn\/en\/wp-json\/wp\/v2\/product"}],"about":[{"href":"https:\/\/achisonsafety.com.vn\/en\/wp-json\/wp\/v2\/types\/product"}],"replies":[{"embeddable":true,"href":"https:\/\/achisonsafety.com.vn\/en\/wp-json\/wp\/v2\/comments?post=8885"}],"wp:featuredmedia":[{"embeddable":true,"href":"https:\/\/achisonsafety.com.vn\/en\/wp-json\/wp\/v2\/media\/8888"}],"wp:attachment":[{"href":"https:\/\/achisonsafety.com.vn\/en\/wp-json\/wp\/v2\/media?parent=8885"}],"wp:term":[{"taxonomy":"product_cat","embeddable":true,"href":"https:\/\/achisonsafety.com.vn\/en\/wp-json\/wp\/v2\/product_cat?post=8885"},{"taxonomy":"product_tag","embeddable":true,"href":"https:\/\/achisonsafety.com.vn\/en\/wp-json\/wp\/v2\/product_tag?post=8885"}],"curies":[{"name":"wp","href":"https:\/\/api.w.org\/{rel}","templated":true}]}}