{"id":8957,"date":"2023-06-08T17:27:33","date_gmt":"2023-06-08T10:27:33","guid":{"rendered":"https:\/\/achisonsafety.com.vn\/?post_type=product&#038;p=8957"},"modified":"2025-09-17T16:44:30","modified_gmt":"2025-09-17T09:44:30","slug":"gang-tay-da-dung-ansell-edge-48-122","status":"publish","type":"product","link":"https:\/\/achisonsafety.com.vn\/en\/san-pham\/gang-tay-da-dung-ansell-edge-48-122\/","title":{"rendered":"G\u0103ng tay \u0111a d\u1ee5ng Ansell EDGE\u00ae 48-122"},"content":{"rendered":"<p><a href=\"https:\/\/achisonsafety.com.vn\/danh-muc-san-pham\/bao-ho-lao-dong\/gang-tay-bao-ho\/gang-tay-da-dung\/\">G\u0103ng tay \u0111a d\u1ee5ng Ansell EDGE\u00ae 48-122<\/a>\u2013 gi\u1ea3i ph\u00e1p cho c\u00e1c \u1ee9ng d\u1ee5ng thao t\u00e1c nh\u1eb9 \u0111\u00f2i h\u1ecfi s\u1ef1 kh\u00e9o l\u00e9o v\u00e0 linh ho\u1ea1t cao trong m\u00f4i tr\u01b0\u1eddng kh\u00f4 \u0111\u1ebfn \u00edt d\u1ea7u<\/p>\n<p><strong>Th\u00f4ng tin s\u1ea3n ph\u1ea9m:<\/strong><\/p>\n<p><strong>Th\u01b0\u01a1ng hi\u1ec7u:\u00a0<\/strong>\u00a0Ansell<\/p>\n<p><strong>M\u00e3 s\u1ea3n ph\u1ea9m:\u00a0<\/strong>48-122<\/p>\n<p><strong>M\u00e0u s\u1eafc: <\/strong>Tr\u1eafng<\/p>\n<p><strong>Ch\u1ea5t li\u1ec7u l\u1edbp l\u00f3t:\u00a0<\/strong>Polyester<\/p>\n<p><strong>Ch\u1ea5t li\u1ec7u l\u1edbp ph\u1ee7:\u00a0<\/strong>Polyurethane<\/p>\n<p><strong>Ti\u00eau chu\u1ea9n: <\/strong>ISO 21420:2020, EN388:2016 3121A<\/p>\n<p><strong>K\u00edch c\u1ee1:\u00a0<\/strong>220 \u0111\u1ebfn 270 mm<\/p>\n<p><strong>M\u00f4 t\u1ea3 s\u1ea3n ph\u1ea9m:<\/strong><\/p>\n<p><span>G\u0103ng tay \u0111a d\u1ee5ng Ansell EDGE\u00ae 48-122 \u0111\u01b0\u1ee3c l\u00e0m b\u1eb1ng l\u1edbp l\u00f3t polyester t\u1ea1o c\u1ea3m tho\u1ea3i m\u00e1i v\u00e0 kh\u00e9o l\u00e9o khi thao t\u00e1c<\/span><\/p>\n<p>S\u1ea3n ph\u1ea9m \u0111\u01b0\u1ee3c k\u1ebft h\u1ee3p l\u1edbp l\u00f3t d\u1ec7t kim li\u1ec1n m\u1ea1ch v\u1edbi c\u1ed5 tay d\u1ec7t kim \u0111\u00e0n h\u1ed3i nh\u00fang v\u00e0o l\u1edbp ph\u1ee7 polyurethane m\u00e0u tr\u1eafng. S\u1ef1 k\u1ebft h\u1ee3p n\u00e0y mang l\u1ea1i \u0111\u1ed9 linh ho\u1ea1t v\u00e0 s\u1ef1 kh\u00e9o l\u00e9o cho ng\u00f3n tay so v\u1edbi v\u1ea3i cotton ho\u1eb7c g\u0103ng tay cotton d\u00e0y<\/p>\n<p><strong>\u1ee8ng d\u1ee5ng:\u00a0<\/strong>C\u00f4ng ngh\u1ec7 \u00f4 t\u00f4, OEM, Thi\u1ebft b\u1ecb \u0111i\u1ec7n t\u1eed, d\u1ea7u kh\u00ed, M\u00e1y m\u00f3c v\u00e0 thi\u1ebft b\u1ecb, V\u1eadn t\u1ea3i<\/p>\n<p><strong>L\u01b0u \u00fd:<\/strong><\/p>\n<p>\u2013 S\u1eed d\u1ee5ng g\u0103ng tay theo \u0111\u00fang k\u00edch c\u1ee1 \u0111\u1ec3 c\u1ea3m th\u1ea5y tho\u1ea3i m\u00e1i khi v\u1eadn h\u00e0nh v\u00e0 s\u1eed d\u1ee5ng<\/p>\n<p>\u2013 Tu\u00e2n th\u1ee7 c\u00e1c quy \u0111\u1ecbnh s\u1eed d\u1ee5ng s\u1ea3n ph\u1ea9m c\u1ee7a nh\u00e0 s\u1ea3n xu\u1ea5t<\/p>\n<p>\u2013 Thay s\u1ea3n ph\u1ea9m n\u1ebfu c\u00f3 d\u1ea5u hi\u1ec7u b\u1ecb m\u00f2n, r\u00e1ch<\/p>\n","protected":false},"excerpt":{"rendered":"<p>G\u0103ng tay \u0111a d\u1ee5ng Ansell EDGE\u00ae 48-122 \u0111\u01b0\u1ee3c l\u00e0m b\u1eb1ng l\u1edbp l\u00f3t polyester t\u1ea1o c\u1ea3m tho\u1ea3i m\u00e1i v\u00e0 kh\u00e9o l\u00e9o khi thao t\u00e1c<\/p>\n<p>S\u1ea3n ph\u1ea9m \u0111\u01b0\u1ee3c k\u1ebft h\u1ee3p l\u1edbp l\u00f3t d\u1ec7t kim li\u1ec1n m\u1ea1ch v\u1edbi c\u1ed5 tay d\u1ec7t kim \u0111\u00e0n h\u1ed3i nh\u00fang v\u00e0o l\u1edbp ph\u1ee7 polyurethane m\u00e0u tr\u1eafng.<\/p>\n<p>S\u1ef1 k\u1ebft h\u1ee3p n\u00e0y mang l\u1ea1i \u0111\u1ed9 linh ho\u1ea1t v\u00e0 s\u1ef1 kh\u00e9o l\u00e9o cho ng\u00f3n tay so v\u1edbi v\u1ea3i cotton ho\u1eb7c g\u0103ng tay cotton d\u00e0y<\/p>\n","protected":false},"featured_media":8958,"comment_status":"open","ping_status":"closed","template":"","meta":[],"product_cat":[125],"product_tag":[],"class_list":{"0":"post-8957","1":"product","2":"type-product","3":"status-publish","4":"has-post-thumbnail","6":"product_cat-gang-tay-da-dung","7":"yith_product_brand-ansell","9":"first","10":"instock","11":"shipping-taxable","12":"product-type-simple"},"acf":[],"_links":{"self":[{"href":"https:\/\/achisonsafety.com.vn\/en\/wp-json\/wp\/v2\/product\/8957"}],"collection":[{"href":"https:\/\/achisonsafety.com.vn\/en\/wp-json\/wp\/v2\/product"}],"about":[{"href":"https:\/\/achisonsafety.com.vn\/en\/wp-json\/wp\/v2\/types\/product"}],"replies":[{"embeddable":true,"href":"https:\/\/achisonsafety.com.vn\/en\/wp-json\/wp\/v2\/comments?post=8957"}],"wp:featuredmedia":[{"embeddable":true,"href":"https:\/\/achisonsafety.com.vn\/en\/wp-json\/wp\/v2\/media\/8958"}],"wp:attachment":[{"href":"https:\/\/achisonsafety.com.vn\/en\/wp-json\/wp\/v2\/media?parent=8957"}],"wp:term":[{"taxonomy":"product_cat","embeddable":true,"href":"https:\/\/achisonsafety.com.vn\/en\/wp-json\/wp\/v2\/product_cat?post=8957"},{"taxonomy":"product_tag","embeddable":true,"href":"https:\/\/achisonsafety.com.vn\/en\/wp-json\/wp\/v2\/product_tag?post=8957"}],"curies":[{"name":"wp","href":"https:\/\/api.w.org\/{rel}","templated":true}]}}