{"id":8968,"date":"2023-06-13T08:41:55","date_gmt":"2023-06-13T01:41:55","guid":{"rendered":"https:\/\/achisonsafety.com.vn\/?post_type=product&#038;p=8968"},"modified":"2025-09-17T16:44:30","modified_gmt":"2025-09-17T09:44:30","slug":"may-in-tem-nhan-cam-tay-brady-m210","status":"publish","type":"product","link":"https:\/\/achisonsafety.com.vn\/en\/san-pham\/may-in-tem-nhan-cam-tay-brady-m210\/","title":{"rendered":"M\u00e1y in tem nh\u00e3n c\u1ea7m tay Brady M210"},"content":{"rendered":"<p data-test-id=\"ProductOverview\"><a href=\"https:\/\/achisonsafety.com.vn\/danh-muc-san-pham\/vat-tu-ho-tro-cong-nghiep\/may-in-nhan\/\">M\u00e1y in tem nh\u00e3n c\u1ea7m tay<\/a> Brady M210 &#8211; Gi\u00fap thao t\u00e1c in Tem\/Nh\u00e3n tr\u1edf n\u00ean \u0111\u01a1n gi\u1ea3n &#8211; nhanh g\u1ecdn &#8211; ti\u1ec7n l\u1ee3i h\u01a1n<\/p>\n<p data-test-id=\"ProductOverview\"><strong>Th\u00f4ng s\u1ed1 k\u1ef9 thu\u1eadt:<\/strong><\/p>\n<p data-test-id=\"ProductOverview\"><strong>Th\u01b0\u01a1ng hi\u1ec7u: Brady<\/strong><\/p>\n<p data-test-id=\"ProductOverview\"><strong>M\u00e3 s\u1ea3n ph\u1ea9m:\u00a0<\/strong>M210<\/p>\n<p data-test-id=\"ProductOverview\"><strong>M\u00e0u s\u1eafc:\u00a0<\/strong>V\u00e0ng\/\u0110\u00e8n<\/p>\n<div class=\"BR-ProductDetails__Property\">\n<p class=\"BR-ProductDetails__Property__Name\"><span><strong>Chi\u1ec1u r\u1ed9ng nh\u00e3n\/b\u0103ng t\u1ed1i \u0111a:<\/strong> <\/span><span>0,75 trong<\/span><\/p>\n<\/div>\n<div class=\"BR-ProductDetails__Property\">\n<p class=\"BR-ProductDetails__Property__Name\"><span><strong>Kh\u1ea3 n\u0103ng in m\u00e0u<\/strong>: <\/span><span>M\u00e0u \u0111\u01a1n<\/span><\/p>\n<\/div>\n<div class=\"BR-ProductDetails__Property\">\n<p class=\"BR-ProductDetails__Property__Name\"><span><strong>Nh\u00e3n t\u1ed1i \u0111a m\u1ed7i ng\u00e0y<\/strong>: <\/span><span>100<\/span><\/p>\n<\/div>\n<div class=\"BR-ProductDetails__Property\">\n<p class=\"BR-ProductDetails__Property__Name\"><strong>In \u0111\u1ed9c l\u1eadp: \u0110<\/strong><span>\u1ed9c l\u1eadp<\/span><\/p>\n<\/div>\n<div class=\"BR-ProductDetails__Property\">\n<p class=\"BR-ProductDetails__Property__Name\"><span><strong>\u0110\u1ed9 ph\u00e2n gi\u1ea3i in:<\/strong> <\/span><span>203 dpi<\/span><\/p>\n<\/div>\n<div class=\"BR-ProductDetails__Property\">\n<p class=\"BR-ProductDetails__Property__Name\"><strong>C\u00f4ng ngh\u1ec7 in: <\/strong><span>S\u1ef1 truy\u1ec1n nhi\u1ec7t<\/span><\/p>\n<p><strong>M\u00f4 t\u1ea3:<\/strong><\/p>\n<\/div>\n<p data-test-id=\"ProductOverview\"><span>M\u00e1y in tem nh\u00e3n c\u1ea7m tay Brady M210, th\u1ef1c hi\u1ec7n c\u00e1c th\u1eed th\u00e1ch ghi nh\u00e3n t\u1ea1i ch\u1ed7 kh\u00f3 kh\u0103n nh\u1ea5t. T\u1ea1o nh\u00e3n nhanh, \u0111\u00e1ng tin c\u1eady v\u00e0 c\u00f3 k\u00edch th\u01b0\u1edbc s\u1eb5n v\u1edbi nhi\u1ec1u t\u00f9y ch\u1ecdn v\u1eadt li\u1ec7u h\u01a1n. \u0110\u01a1n gi\u1ea3n ch\u1ec9 c\u1ea7n b\u1ecf h\u1ed9p m\u1ef1c v\u00e0o, nh\u1eadp v\u00e0 in.<\/span><\/p>\n<ul>\n<li><span>T\u1ea1o v\u00e0 in b\u1eb1ng b\u00e0n ph\u00edm \u0111\u01a1n gi\u1ea3n v\u00e0 tr\u1ef1c quan<\/span><\/li>\n<li><span>Nh\u1eadn nh\u00e3n nhanh v\u00e0 ch\u00ednh x\u00e1c t\u1ea1i ch\u1ed7 b\u1eb1ng c\u00e1ch s\u1eed d\u1ee5ng \u0111\u1ecbnh d\u1ea1ng t\u1ef1 \u0111\u1ed9ng v\u1edbi 11 h\u01b0\u1edbng d\u1eabn thi\u1ebft k\u1ebf \u1ee9ng d\u1ee5ng \u0111\u01b0\u1ee3c t\u1ea3i s\u1eb5n<\/span><\/li>\n<li><span>Thi\u1ebft k\u1ebf nh\u00e3n t\u00f9y ch\u1ec9nh m\u00e0 b\u1ea1n c\u1ea7n cho b\u1ea5t k\u1ef3 \u1ee9ng d\u1ee5ng n\u00e0o \u2013 bao g\u1ed3m v\u0103n b\u1ea3n v\u00e0 m\u00e3 UPC, DataMatrix v\u00e0 QR<\/span><\/li>\n<li><span>\u0110\u1ea3m nh\u1eadn nh\u1eefng c\u00f4ng vi\u1ec7c d\u00e1n nh\u00e3n kh\u00f3 kh\u0103n nh\u1ea5t <\/span><\/li>\n<li><span>Kh\u1ea3 n\u0103ng ch\u1ed1ng s\u1ed1c v\u00e0 rung c\u1ea5p \u0111\u1ed9 qu\u00e2n s\u1ef1 theoti\u00eau chu\u1ea9n MIL-STD-810G 5.16.6 SA4.6.5.<\/span><\/li>\n<li><span>Chuy\u1ec3n \u0111\u1ed5i li\u1ec1n m\u1ea1ch t\u1eeb h\u1ed9p m\u1ef1c c\u0169 sang h\u1ed9p m\u1ef1c m\u1edbi trong t\u00edch t\u1eafc<\/span><\/li>\n<li><span>L\u01b0u tr\u1eef thu\u1eadn ti\u1ec7n t\u1ed1i \u0111a 12 t\u1ec7p nh\u00e3n l\u00ean t\u1edbi 2MB<\/span><\/li>\n<li><span>Ch\u1ecdn trong s\u1ed1 90 h\u1ed9p m\u1ef1c t\u01b0\u01a1ng th\u00edch, d\u1ec5 n\u1ea1p \u0111\u01b0\u1ee3c l\u00e0m t\u1eeb 12 lo\u1ea1i v\u1eadt li\u1ec7u<\/span><\/li>\n<li><span>Bao g\u1ed3m: (1) B\u1ea3ng v\u00e1 v\u1ea3i nylon s\u00ea-ri M21 v\u00e0 Nh\u00e3n d\u00e2y v\u00e0 c\u00e1p (M21-750-499), H\u01b0\u1edbng d\u1eabn b\u1eaft \u0111\u1ea7u nhanh v\u00e0 M\u00e1y in nh\u00e3n M210 (M210)<\/span><\/li>\n<\/ul>\n","protected":false},"excerpt":{"rendered":"<ul>\n<li>T\u1ea1o v\u00e0 in b\u1eb1ng b\u00e0n ph\u00edm \u0111\u01a1n gi\u1ea3n v\u00e0 tr\u1ef1c quan<\/li>\n<li>Nh\u1eadn nh\u00e3n nhanh v\u00e0 ch\u00ednh x\u00e1c t\u1ea1i ch\u1ed7 b\u1eb1ng c\u00e1ch s\u1eed d\u1ee5ng \u0111\u1ecbnh d\u1ea1ng t\u1ef1 \u0111\u1ed9ng v\u1edbi 11 h\u01b0\u1edbng d\u1eabn thi\u1ebft k\u1ebf \u1ee9ng d\u1ee5ng \u0111\u01b0\u1ee3c t\u1ea3i s\u1eb5n<\/li>\n<li>Thi\u1ebft k\u1ebf nh\u00e3n t\u00f9y ch\u1ec9nh m\u00e0 b\u1ea1n c\u1ea7n cho b\u1ea5t k\u1ef3 \u1ee9ng d\u1ee5ng n\u00e0o \u2013 bao g\u1ed3m v\u0103n b\u1ea3n v\u00e0 m\u00e3 UPC, DataMatrix v\u00e0 QR<\/li>\n<\/ul>\n","protected":false},"featured_media":8973,"comment_status":"open","ping_status":"closed","template":"","meta":[],"product_cat":[148],"product_tag":[],"class_list":{"0":"post-8968","1":"product","2":"type-product","3":"status-publish","4":"has-post-thumbnail","6":"product_cat-may-in-nhan-cam-tay","7":"yith_product_brand-brady","9":"first","10":"instock","11":"shipping-taxable","12":"product-type-simple"},"acf":[],"_links":{"self":[{"href":"https:\/\/achisonsafety.com.vn\/en\/wp-json\/wp\/v2\/product\/8968"}],"collection":[{"href":"https:\/\/achisonsafety.com.vn\/en\/wp-json\/wp\/v2\/product"}],"about":[{"href":"https:\/\/achisonsafety.com.vn\/en\/wp-json\/wp\/v2\/types\/product"}],"replies":[{"embeddable":true,"href":"https:\/\/achisonsafety.com.vn\/en\/wp-json\/wp\/v2\/comments?post=8968"}],"wp:featuredmedia":[{"embeddable":true,"href":"https:\/\/achisonsafety.com.vn\/en\/wp-json\/wp\/v2\/media\/8973"}],"wp:attachment":[{"href":"https:\/\/achisonsafety.com.vn\/en\/wp-json\/wp\/v2\/media?parent=8968"}],"wp:term":[{"taxonomy":"product_cat","embeddable":true,"href":"https:\/\/achisonsafety.com.vn\/en\/wp-json\/wp\/v2\/product_cat?post=8968"},{"taxonomy":"product_tag","embeddable":true,"href":"https:\/\/achisonsafety.com.vn\/en\/wp-json\/wp\/v2\/product_tag?post=8968"}],"curies":[{"name":"wp","href":"https:\/\/api.w.org\/{rel}","templated":true}]}}