{"id":9011,"date":"2023-06-19T14:45:08","date_gmt":"2023-06-19T07:45:08","guid":{"rendered":"https:\/\/achisonsafety.com.vn\/?post_type=product&#038;p=9011"},"modified":"2025-09-17T16:44:29","modified_gmt":"2025-09-17T09:44:29","slug":"arc-flash-risk-assessment","status":"publish","type":"product","link":"https:\/\/achisonsafety.com.vn\/en\/san-pham\/arc-flash-risk-assessment\/","title":{"rendered":"Arc-flash Risk Assessment"},"content":{"rendered":"<p>ACHISON offers electrical risk assessment include arc flash containment, intelligent components, and personal safety features. Our products include safety features to help protect equipment and employees, monitor performance, and help reduce unplanned outages and downtime.<\/p>\n<p><span style=\"font-family: Inter\">An arc flash risk assessment of the entire electrical distribution system was performed as per NFPA-70E-2018 regulations. Vinyl UV-resistant arc flash labels were provided and installed on all applicable electrical enclosures. The arc flash labels list detailed information such as the required work distance for each task, the arc flash incident energy exposure in cal\/cm2, and the type of PPE that must be worn when working in the enclosure live and the identification of the enclosure with a specific name.<\/span><\/p>\n<figure id=\"attachment_9002\" aria-describedby=\"caption-attachment-9002\" style=\"width: 800px\" class=\"wp-caption alignnone\"><img loading=\"lazy\" decoding=\"async\" class=\"size-full wp-image-9002\" src=\"https:\/\/achisonsafety.com.vn\/wp-content\/uploads\/2023\/06\/ser-ms-800x600-30019-circuit-breaker-maintenance_103739_0.jpeg\" alt=\"\u0110\u00e1nh gi\u00e1 r\u1ee7i ro tia h\u1ed3 quang \u0111i\u1ec7n\" width=\"800\" height=\"600\" title=\"\" srcset=\"https:\/\/achisonsafety.com.vn\/wp-content\/uploads\/2023\/06\/ser-ms-800x600-30019-circuit-breaker-maintenance_103739_0.jpeg 800w, https:\/\/achisonsafety.com.vn\/wp-content\/uploads\/2023\/06\/ser-ms-800x600-30019-circuit-breaker-maintenance_103739_0-533x400.jpeg 533w, https:\/\/achisonsafety.com.vn\/wp-content\/uploads\/2023\/06\/ser-ms-800x600-30019-circuit-breaker-maintenance_103739_0-768x576.jpeg 768w, https:\/\/achisonsafety.com.vn\/wp-content\/uploads\/2023\/06\/ser-ms-800x600-30019-circuit-breaker-maintenance_103739_0-40x30.jpeg 40w, https:\/\/achisonsafety.com.vn\/wp-content\/uploads\/2023\/06\/ser-ms-800x600-30019-circuit-breaker-maintenance_103739_0-80x60.jpeg 80w, https:\/\/achisonsafety.com.vn\/wp-content\/uploads\/2023\/06\/ser-ms-800x600-30019-circuit-breaker-maintenance_103739_0-510x383.jpeg 510w\" sizes=\"(max-width: 800px) 100vw, 800px\" \/><figcaption id=\"caption-attachment-9002\" class=\"wp-caption-text\">Arc-flash Risk Assessment<\/figcaption><\/figure>\n<p><strong><span style=\"color: #ed1c24\">ARC-FLASH STUDY<\/span><\/strong><\/p>\n<p>PART 1 &#8211; EXECUTIVE SUMMARY: Introduction &amp; Purpose<\/p>\n<p>PART 2 \u2013 PROCEDURES: Introduction, Electrical Survey, Input and Data Analysis, Utility Data<\/p>\n<p>PART 3 &#8211; ARC FLASH RISK ASSESSMENT: Study Procedure, Arc Flash Label Example, Protective Clothing Characteristics, Results of Arc Flash Risk Assessment, Detailed Arc Flash Hazard Report \u2013 Heading Descriptions, Detailed Arc Flash Hazard Report<\/p>\n<p>PART 4 &#8211; SHORT-CIRCUIT ANALYSIS: Results of Short Circuit Analysis, 3-Phase High V oltage Momentary Duty Reports<\/p>\n<p>PART 5 &#8211; PROTECTIVE DEVICE COORDINATION ANALYSIS: Detailed Protective Device Coordination Report, Time Current Curves<\/p>\n<p>PART 6 \u2013 RECOMMENDATIONS: Observations, Arc Flash Hazard Recommendations, Short Circuit Analysis Recommendations, Protective Device Coordination Recommendations<\/p>\n<p>PART 7 &#8211; ONE-LINE DIAGRAMS<\/p>\n<p>PART 8 &#8211; ENERGIZED WORK PERMITS TEMPALTE<\/p>\n<p>PART 9 &#8211; WRITTEN PROGRAM ELECTRICAL SAFE WORK PRACTICE TEMPLATE<\/p>\n<figure id=\"attachment_9008\" aria-describedby=\"caption-attachment-9008\" style=\"width: 800px\" class=\"wp-caption alignnone\"><img loading=\"lazy\" decoding=\"async\" class=\"size-full wp-image-9008\" src=\"https:\/\/achisonsafety.com.vn\/wp-content\/uploads\/2023\/06\/Bie\u0302\u0309n-ca\u0309nh-ba\u0301o-tia-ho\u0302\u0300-quang-die\u0323\u0302n-Arc-Flash.png\" alt=\"B\u1ea3ng c\u1ea3nh b\u00e1o tia h\u1ed3 quang \u0111i\u1ec7n\" width=\"800\" height=\"535\" title=\"\" srcset=\"https:\/\/achisonsafety.com.vn\/wp-content\/uploads\/2023\/06\/Bie\u0302\u0309n-ca\u0309nh-ba\u0301o-tia-ho\u0302\u0300-quang-die\u0323\u0302n-Arc-Flash.png 800w, https:\/\/achisonsafety.com.vn\/wp-content\/uploads\/2023\/06\/Bie\u0302\u0309n-ca\u0309nh-ba\u0301o-tia-ho\u0302\u0300-quang-die\u0323\u0302n-Arc-Flash-598x400.png 598w, https:\/\/achisonsafety.com.vn\/wp-content\/uploads\/2023\/06\/Bie\u0302\u0309n-ca\u0309nh-ba\u0301o-tia-ho\u0302\u0300-quang-die\u0323\u0302n-Arc-Flash-768x514.png 768w, https:\/\/achisonsafety.com.vn\/wp-content\/uploads\/2023\/06\/Bie\u0302\u0309n-ca\u0309nh-ba\u0301o-tia-ho\u0302\u0300-quang-die\u0323\u0302n-Arc-Flash-45x30.png 45w, https:\/\/achisonsafety.com.vn\/wp-content\/uploads\/2023\/06\/Bie\u0302\u0309n-ca\u0309nh-ba\u0301o-tia-ho\u0302\u0300-quang-die\u0323\u0302n-Arc-Flash-90x60.png 90w, https:\/\/achisonsafety.com.vn\/wp-content\/uploads\/2023\/06\/Bie\u0302\u0309n-ca\u0309nh-ba\u0301o-tia-ho\u0302\u0300-quang-die\u0323\u0302n-Arc-Flash-510x341.png 510w\" sizes=\"(max-width: 800px) 100vw, 800px\" \/><figcaption id=\"caption-attachment-9008\" class=\"wp-caption-text\">Arc-flash Label<\/figcaption><\/figure>\n","protected":false},"excerpt":{"rendered":"<p>Rockwell Automation Safety Services:<\/p>\n<ul>\n<li>Electrical Safety<\/li>\n<li>Hazardous Energy Control<\/li>\n<li>Machine Safety<\/li>\n<li>Safety Trainings &amp; Certifications<\/li>\n<li>Data-driven Smart Safety Services<\/li>\n<\/ul>\n","protected":false},"featured_media":9002,"comment_status":"open","ping_status":"closed","template":"","meta":[],"product_cat":[766],"product_tag":[380,343,374,379,375,378,342,341,377,376],"class_list":{"0":"post-9011","1":"product","2":"type-product","3":"status-publish","4":"has-post-thumbnail","6":"product_cat-risk-assessment","7":"product_tag-automation-industry","8":"product_tag-construction-logistics-chemical-industry","9":"product_tag-electricity-electronics","10":"product_tag-food-production-and-processing-industry","11":"product_tag-footwear-and-garment-industry","12":"product_tag-general","13":"product_tag-nganh-gia-cong-kim-loai-en","14":"product_tag-oil-and-gas-industry-mining-shipbuilding-seaports-aviation","15":"product_tag-pharmaceutical-pharmaceutical-hospital-industry","16":"product_tag-wood-exploitation-and-processing-industry-furniture","18":"first","19":"instock","20":"shipping-taxable","21":"product-type-simple"},"acf":[],"_links":{"self":[{"href":"https:\/\/achisonsafety.com.vn\/en\/wp-json\/wp\/v2\/product\/9011"}],"collection":[{"href":"https:\/\/achisonsafety.com.vn\/en\/wp-json\/wp\/v2\/product"}],"about":[{"href":"https:\/\/achisonsafety.com.vn\/en\/wp-json\/wp\/v2\/types\/product"}],"replies":[{"embeddable":true,"href":"https:\/\/achisonsafety.com.vn\/en\/wp-json\/wp\/v2\/comments?post=9011"}],"wp:featuredmedia":[{"embeddable":true,"href":"https:\/\/achisonsafety.com.vn\/en\/wp-json\/wp\/v2\/media\/9002"}],"wp:attachment":[{"href":"https:\/\/achisonsafety.com.vn\/en\/wp-json\/wp\/v2\/media?parent=9011"}],"wp:term":[{"taxonomy":"product_cat","embeddable":true,"href":"https:\/\/achisonsafety.com.vn\/en\/wp-json\/wp\/v2\/product_cat?post=9011"},{"taxonomy":"product_tag","embeddable":true,"href":"https:\/\/achisonsafety.com.vn\/en\/wp-json\/wp\/v2\/product_tag?post=9011"}],"curies":[{"name":"wp","href":"https:\/\/api.w.org\/{rel}","templated":true}]}}