{"id":9050,"date":"2023-06-30T14:57:32","date_gmt":"2023-06-30T07:57:32","guid":{"rendered":"https:\/\/achisonsafety.com.vn\/?post_type=product&#038;p=9050"},"modified":"2025-09-17T16:44:28","modified_gmt":"2025-09-17T09:44:28","slug":"tay-don-can-truc-neo-de-chu-h-kstrong-aft751011","status":"publish","type":"product","link":"https:\/\/achisonsafety.com.vn\/en\/san-pham\/tay-don-can-truc-neo-de-chu-h-kstrong-aft751011\/","title":{"rendered":"Tay \u0111\u00f2n c\u1ea7n tr\u1ee5c neo \u0111\u1ebf ch\u1eef H KStrong AFT751011"},"content":{"rendered":"<p><span style=\"font-weight: 400\"><a href=\"https:\/\/achisonsafety.com.vn\/danh-muc-san-pham\/bao-ho-lao-dong\/giai-phap-chong-roi-nga-tren-cao\/diem-neo\/\">Tay \u0111\u00f2n c\u1ea7n tr\u1ee5c neo \u0111\u1ebf ch\u1eef H KStrong<\/a> AFT75101 Extreme KStrong c\u00f3 thi\u1ebft k\u1ebf ph\u00f9 h\u1ee3p khi s\u1eed d\u1ee5ng \u0111\u1ec3 ra\/v\u00e0o kh\u00f4ng gian h\u1ea1n ch\u1ebf. Thi\u1ebft k\u1ebf theo m\u00f4-\u0111un c\u00f3 th\u1ec3 ho\u00e1n \u0111\u1ed5i cho ph\u00e9p g\u1eafn h\u1ec7 th\u1ed1ng tr\u00ean nhi\u1ec1u lo\u1ea1i \u0111\u1ec3 ph\u00f9 h\u1ee3p v\u1edbi t\u1ea5t c\u1ea3 c\u00e1c m\u1ee5c \u0111\u00edch s\u1eed d\u1ee5ng<\/span><\/p>\n<p><b>T\u00ednh n\u0103ng:<\/b><\/p>\n<p><b>&#8211; <\/b>Tay \u0111\u00f2n c\u1ea7n tr\u1ee5c neo \u0111\u1ebf ch\u1eef H KStrong AFT75101<span style=\"font-weight: 400\">\u00a0Extreme \u0111\u01b0\u1ee3c chia th\u00e0nh n\u0103m b\u1ed9 ph\u1eadn \u0111\u1ec3 d\u1ec5 b\u1ea3o qu\u1ea3n, v\u1eadn chuy\u1ec3n v\u00e0 thi\u1ebft l\u1eadp. Kh\u00f4ng c\u1ea7n c\u00f4ng c\u1ee5 khi l\u1eafp r\u00e1p<\/span><\/p>\n<p><span style=\"font-weight: 400\">&#8211; Thi\u1ebft k\u1ebf theo m\u00f4-\u0111un cho ph\u00e9p s\u1eed d\u1ee5ng nhi\u1ec1u lo\u1ea1i \u0111\u1ec3 c\u1ed1 \u0111\u1ecbnh v\u00e0 di \u0111\u1ed9ng kh\u00e1c nhau v\u00e0 m\u1ed9t tr\u1ee5 t\u00f9y ch\u1ecdn c\u00f3 ph\u1ea7n m\u1edf r\u1ed9ng<\/span><\/p>\n<p><span style=\"font-weight: 400\">&#8211;\u00a0 D\u1ea7m tay treo \u0111i k\u00e8m v\u1edbi 3 v\u1ecb tr\u00ed \u0111i\u1ec1u ch\u1ec9nh \u0111\u1ec3 ng\u01b0\u1eddi s\u1eed d\u1ee5ng \u0111i\u1ec1u ch\u1ec9nh \u0111\u1ed9 cao theo y\u00eau c\u1ea7u<\/span><\/p>\n<p><span style=\"font-weight: 400\">&#8211; \u0110\u00e2y l\u00e0 l\u1ef1a ch\u1ecdn l\u00fd t\u01b0\u1edfng \u0111\u1ec3 cung c\u1ea5p \u0111i\u1ec3m neo tr\u00ean cao trong c\u00e1c l\u1ed7 l\u1edbn c\u1ee7a kh\u00f4ng gian h\u1ea1n ch\u1ebf<\/span><\/p>\n<p><span style=\"font-weight: 400\">&#8211; Ch\u00e2n c\u00f3 th\u1ec3 th\u00e1o r\u1eddi \u0111\u1ec3 d\u1ec5 d\u00e0ng v\u1eadn chuy\u1ec3n v\u00e0 l\u1eafp \u0111\u1eb7t<\/span><\/p>\n<p><span style=\"font-weight: 400\">&#8211; \u0110i\u1ec3m neo cho c\u00e1c m\u1ee5c \u0111\u00edch s\u1eed d\u1ee5ng \u0111\u1ec3 c\u1ee9u h\u1ed9<\/span><\/p>\n<p><span style=\"font-weight: 400\">&#8211; Tay \u0111\u00f2n \u0111i\u1ec1u ch\u1ec9nh \u0111\u1ed9 cao \u0111\u01a1n gi\u1ea3n v\u1edbi m\u1ee9c Mini Spirit<\/span><\/p>\n<p><span style=\"font-weight: 400\">&#8211; T\u00edch h\u1ee3p t\u00ednh n\u0103ng xoay, c\u1ee5m tr\u1ee5 c\u1ea7n tr\u1ee5c neo c\u00f3 th\u1ec3 xoay t\u1ed1i \u0111a 360 \u0111\u1ed9 b\u1eb1ng c\u00e1ch th\u00e1o c\u00e1c kh\u00f3a ch\u1ed1t \u0111\u01b0\u1ee3c cung c\u1ea5p \u0111\u1ec3 kh\u00f3a tr\u1ee5 v\u00e0 \u0111\u1ebf ch\u1eef H<\/span><\/p>\n<p><b>D\u1eef li\u1ec7u k\u1ef9 thu\u1eadt:<\/b><\/p>\n<p><b>&#8211; Ch\u1ea5t li\u1ec7u: <\/b><span style=\"font-weight: 400\">H\u1ee3p kim nh\u00f4m \u0111\u1ed9 b\u1ec1n cao<\/span><\/p>\n<p><b>&#8211; \u0110\u1ed9 m\u1edf t\u1ed1i thi\u1ec3u v\u00e0 t\u1ed1i \u0111a c\u1ee7a \u0111\u1ebf ch\u1eef H: <\/b><span style=\"font-weight: 400\">1100 mm &#8211; 1510 mm<\/span><\/p>\n<p><b>&#8211; C\u00f4ng su\u1ea5t t\u1ea3i t\u1ed1i \u0111a:<\/b><span style=\"font-weight: 400\"> 500 Kg<\/span><\/p>\n<p><b>&#8211; \u0110\u1ed9 b\u1ec1n c\u1ee7a h\u1ec7 th\u1ed1ng: <\/b><span style=\"font-weight: 400\">15 kN<\/span><\/p>\n<p><b>&#8211; Ch\u1ee9ng nh\u1eadn: <\/b><span style=\"font-weight: 400\">EN795:2012 lo\u1ea1i B v\u00e0 AS\/NZS 5532:2013<\/span><\/p>\n<p><b>&#8211; Tr\u1ecdng l\u01b0\u1ee3ng: <\/b><span style=\"font-weight: 400\">62.56 Kg<\/span><\/p>\n<p><b>\u1ee8ng d\u1ee5ng: <\/b><span style=\"font-weight: 400\">C\u1ee9u h\u1ed9 c\u1ee9u n\u1ea1n, H\u1ea7m m\u1ecf, x\u00e2y d\u1ef1ng, c\u00f4ng nghi\u1ec7p, x\u00ed nghi\u1ec7p<\/span><\/p>\n","protected":false},"excerpt":{"rendered":"<p><span style=\"font-weight: 400\">&#8211; Ch\u00e2n c\u00f3 th\u1ec3 th\u00e1o r\u1eddi \u0111\u1ec3 d\u1ec5 d\u00e0ng v\u1eadn chuy\u1ec3n v\u00e0 l\u1eafp \u0111\u1eb7t<\/span><\/p>\n<p><span style=\"font-weight: 400\">&#8211; \u0110i\u1ec3m neo cho c\u00e1c m\u1ee5c \u0111\u00edch s\u1eed d\u1ee5ng \u0111\u1ec3 c\u1ee9u h\u1ed9<\/span><\/p>\n<p><span style=\"font-weight: 400\">&#8211; Tay \u0111\u00f2n \u0111i\u1ec1u ch\u1ec9nh \u0111\u1ed9 cao \u0111\u01a1n gi\u1ea3n v\u1edbi m\u1ee9c Mini Spirit<\/span><\/p>\n","protected":false},"featured_media":9055,"comment_status":"open","ping_status":"closed","template":"","meta":[],"product_cat":[136],"product_tag":[749,763,577,420,612,188,189],"class_list":{"0":"post-9050","1":"product","2":"type-product","3":"status-publish","4":"has-post-thumbnail","6":"product_cat-diem-neo","7":"product_tag-an-toan-khi-lam-viec-tren-cao","8":"product_tag-an-toan-may-moc","9":"product_tag-day-cuu-sinh","10":"product_tag-day-dai","11":"product_tag-kem-danh-rang","12":"product_tag-nganh-dau-khi-khai-khoang-dong-tau-cang-bien-hang-khong","13":"product_tag-nganh-xay-dung-logistic-hoa-chat","14":"yith_product_brand-kstrong","16":"first","17":"instock","18":"shipping-taxable","19":"product-type-simple"},"acf":[],"_links":{"self":[{"href":"https:\/\/achisonsafety.com.vn\/en\/wp-json\/wp\/v2\/product\/9050"}],"collection":[{"href":"https:\/\/achisonsafety.com.vn\/en\/wp-json\/wp\/v2\/product"}],"about":[{"href":"https:\/\/achisonsafety.com.vn\/en\/wp-json\/wp\/v2\/types\/product"}],"replies":[{"embeddable":true,"href":"https:\/\/achisonsafety.com.vn\/en\/wp-json\/wp\/v2\/comments?post=9050"}],"wp:featuredmedia":[{"embeddable":true,"href":"https:\/\/achisonsafety.com.vn\/en\/wp-json\/wp\/v2\/media\/9055"}],"wp:attachment":[{"href":"https:\/\/achisonsafety.com.vn\/en\/wp-json\/wp\/v2\/media?parent=9050"}],"wp:term":[{"taxonomy":"product_cat","embeddable":true,"href":"https:\/\/achisonsafety.com.vn\/en\/wp-json\/wp\/v2\/product_cat?post=9050"},{"taxonomy":"product_tag","embeddable":true,"href":"https:\/\/achisonsafety.com.vn\/en\/wp-json\/wp\/v2\/product_tag?post=9050"}],"curies":[{"name":"wp","href":"https:\/\/api.w.org\/{rel}","templated":true}]}}