{"id":9057,"date":"2023-06-30T15:51:12","date_gmt":"2023-06-30T08:51:12","guid":{"rendered":"https:\/\/achisonsafety.com.vn\/?post_type=product&#038;p=9057"},"modified":"2025-09-17T16:44:28","modified_gmt":"2025-09-17T09:44:28","slug":"can-truc-neo-extreme-kstrong-aft7500","status":"publish","type":"product","link":"https:\/\/achisonsafety.com.vn\/en\/san-pham\/can-truc-neo-extreme-kstrong-aft7500\/","title":{"rendered":"C\u1ea7n tr\u1ee5c neo EXtreme KStrong AFT7500"},"content":{"rendered":"<p><span style=\"font-weight: 400\"><a href=\"https:\/\/achisonsafety.com.vn\/danh-muc-san-pham\/bao-ho-lao-dong\/giai-phap-chong-roi-nga-tren-cao\/diem-neo\/\">C\u1ea7n tr\u1ee5c neo EXtreme KStrong<\/a> AFT7500 c\u00f3 m\u1ed9t h\u1ec7 th\u1ed1ng an to\u00e0n v\u00e0 ch\u1eafc ch\u1eafn \u0111\u1ec3 d\u1ec5 d\u00e0ng ti\u1ebfp c\u1eadn c\u00e1c kh\u00f4ng gian h\u1ea1n ch\u1ebf. Thi\u1ebft b\u1ecb \u0111\u01b0\u1ee3c thi\u1ebft k\u1ebf \u0111\u1eb7c bi\u1ec7t \u0111\u1ec3 s\u1eed d\u1ee5ng trong c\u00e1c m\u00f4i tr\u01b0\u1eddng \u0103n m\u00f2n nh\u01b0: Ngo\u00e0i kh\u01a1i, c\u00f4ng nghi\u1ec7p h\u00f3a d\u1ea7u, nh\u00e0 m\u00e1y x\u1eed l\u00fd n\u01b0\u1edbc v\u00e0 c\u00f4ng nghi\u1ec7p ch\u1ebf bi\u1ebfn th\u1ef1c ph\u1ea9m<\/span><\/p>\n<p><b>T\u00ednh n\u0103ng:<\/b><\/p>\n<p>&#8211; <span style=\"font-weight: 400\">\u0110\u01b0\u1ee3c l\u00e0m b\u1eb1ng th\u00e9p kh\u00f4ng g\u1ec9 c\u00f3 kh\u1ea3 n\u0103ng ch\u1ed1ng \u0103n m\u00f2n cao<\/span><\/p>\n<p><span style=\"font-weight: 400\">&#8211; C\u00f3 th\u1ec3 xoay ho\u00e0n to\u00e0n 360 \u0111\u1ed9 tr\u00ean ch\u00e2n \u0111\u1ebf \u0111\u00e3 g\u1eafn, t\u1ea1o ra t\u1ea7m v\u1edbi v\u00e0 kh\u1ea3 n\u0103ng ti\u1ebfp c\u1eadn linh ho\u1ea1t<\/span><\/p>\n<p><span style=\"font-weight: 400\">&#8211; Chi\u1ec1u cao c\u1ee7a d\u1ea7m tay treo c\u1ee7a c\u1ea7n tr\u1ee5c treo extreme c\u00f3 th\u1ec3 \u0111i\u1ec1u ch\u1ec9nh \u0111\u01b0\u1ee3c. \u0110i\u1ec1u n\u00e0y cho ph\u00e9p s\u1eed d\u1ee5ng c\u1ea7n tr\u1ee5c treo Extreme ngay c\u1ea3 \u1edf nh\u1eefng khu v\u1ef1c c\u00f3 chi\u1ec1u cao m\u00e1i nh\u00e0 h\u1ea1n ch\u1ebf<\/span><\/p>\n<p><span style=\"font-weight: 400\">&#8211; D\u1ec5 d\u00e0ng g\u1eafn l\u00ean s\u00e0n c\u0169ng nh\u01b0 tr\u00ean t\u01b0\u1eddng b\u1eb1ng c\u00e1c gi\u00e1 g\u1eafn s\u00e0n v\u00e0 t\u01b0\u1eddng chuy\u00ean d\u1ee5ng. C\u1ea7n tr\u1ee5c neo EXtreme c\u0169ng c\u00f3 th\u1ec3 g\u1eafn l\u00ean s\u00e0n c\u1ee7a c\u00e1c lo\u1ea1i xe h\u1ea1ng n\u1eb7ng n\u00ean c\u00f3 kh\u1ea3 n\u0103ng s\u1eed d\u1ee5ng c\u1ef1c k\u1ef3 linh ho\u1ea1t<\/span><\/p>\n<p><span style=\"font-weight: 400\">&#8211; Trang b\u1ecb gi\u00e1 g\u1eafn \u0111a n\u0103ng \u0111\u1ec3 l\u1eafp \u0111\u1eb7t t\u1eddi FT730020 v\u00e0 AFT730040 l\u00ean c\u1ea7n tr\u1ee5c neo Extreme<\/span><\/p>\n<p><span style=\"font-weight: 400\">&#8211; C\u0169ng c\u00f3 th\u1ec3 l\u1eafp \u0111\u1eb7t h\u1ed9p d\u00e2y ch\u1ed1ng r\u01a1i ng\u00e3 AFS510020R, AFS510030R \u0111\u1ec3 d\u1ec5 d\u00e0ng thu d\u00e2y v\u00e0 ng\u0103n kh\u00f4ng \u0111\u1ec3 ng\u01b0\u1eddi s\u1eed d\u1ee5ng r\u01a1i ng\u00e3 b\u1eb1ng gi\u00e1 l\u1eafp chuy\u00ean d\u1ee5ng AFT7500B20 v\u00e0 AFT7500B30<\/span><\/p>\n<p><b>D\u1eef li\u1ec7u k\u1ef9 thu\u1eadt:\u00a0<\/b><\/p>\n<p><b>M\u00e3 s\u1ea3n ph\u1ea9m:<\/b><span style=\"font-weight: 400\"> AFT7500<\/span><\/p>\n<p><b>Ch\u1ea5t li\u1ec7u<\/b><span style=\"font-weight: 400\">: Th\u00e9p kh\u00f4ng g\u1ec9 \u0111\u01b0\u1ee3c \u0111\u00e1nh b\u00f3ng<\/span><\/p>\n<p><b>C\u00f4ng su\u1ea5t t\u1ea3i t\u1ed1i \u0111a: <\/b><span style=\"font-weight: 400\">300 kg<\/span><\/p>\n<p><b>\u0110\u1ed9 b\u1ec1n c\u1ee7a h\u1ec7 th\u1ed1ng: <\/b><span style=\"font-weight: 400\">15kN<\/span><\/p>\n<p><b>Ch\u1ee9ng nh\u1eadn<\/b><span style=\"font-weight: 400\">: EN795:2012 lo\u1ea1i A<\/span><\/p>\n<p><b>Tr\u1ecdng l\u01b0\u1ee3ng:\u00a0<\/b><\/p>\n<p><span style=\"font-weight: 400\">C\u1ea7m tay treo: 15.9kg<\/span><\/p>\n<p><span style=\"font-weight: 400\">D\u1ea7m d\u1ecdc: 19.2 kg<\/span><\/p>\n<p><span style=\"font-weight: 400\">\u0110\u1ebf g\u1eafn s\u00e0n: 9.38kg<\/span><\/p>\n<p><span style=\"font-weight: 400\">\u0110\u1ebf g\u1eafn t\u01b0\u1eddng: 9.97 kg<\/span><\/p>\n","protected":false},"excerpt":{"rendered":"<p>&#8211; <span style=\"font-weight: 400\">\u0110\u01b0\u1ee3c l\u00e0m b\u1eb1ng th\u00e9p kh\u00f4ng g\u1ec9 c\u00f3 kh\u1ea3 n\u0103ng ch\u1ed1ng \u0103n m\u00f2n cao<\/span><\/p>\n<p><span style=\"font-weight: 400\">&#8211; C\u00f3 th\u1ec3 xoay ho\u00e0n to\u00e0n 360 \u0111\u1ed9 tr\u00ean ch\u00e2n \u0111\u1ebf \u0111\u00e3 g\u1eafn, t\u1ea1o ra t\u1ea7m v\u1edbi v\u00e0 kh\u1ea3 n\u0103ng ti\u1ebfp c\u1eadn linh ho\u1ea1t<\/span><\/p>\n<p><span style=\"font-weight: 400\">&#8211; Chi\u1ec1u cao c\u1ee7a d\u1ea7m tay treo c\u1ee7a c\u1ea7n tr\u1ee5c treo extreme c\u00f3 th\u1ec3 \u0111i\u1ec1u ch\u1ec9nh \u0111\u01b0\u1ee3c. \u0110i\u1ec1u n\u00e0y cho ph\u00e9p s\u1eed d\u1ee5ng c\u1ea7n tr\u1ee5c treo Extreme ngay c\u1ea3 \u1edf nh\u1eefng khu v\u1ef1c c\u00f3 chi\u1ec1u cao m\u00e1i nh\u00e0 h\u1ea1n ch\u1ebf<\/span><\/p>\n","protected":false},"featured_media":9058,"comment_status":"open","ping_status":"closed","template":"","meta":[],"product_cat":[136],"product_tag":[188,189],"class_list":{"0":"post-9057","1":"product","2":"type-product","3":"status-publish","4":"has-post-thumbnail","6":"product_cat-diem-neo","7":"product_tag-nganh-dau-khi-khai-khoang-dong-tau-cang-bien-hang-khong","8":"product_tag-nganh-xay-dung-logistic-hoa-chat","9":"yith_product_brand-kstrong","11":"first","12":"instock","13":"shipping-taxable","14":"product-type-simple"},"acf":[],"_links":{"self":[{"href":"https:\/\/achisonsafety.com.vn\/en\/wp-json\/wp\/v2\/product\/9057"}],"collection":[{"href":"https:\/\/achisonsafety.com.vn\/en\/wp-json\/wp\/v2\/product"}],"about":[{"href":"https:\/\/achisonsafety.com.vn\/en\/wp-json\/wp\/v2\/types\/product"}],"replies":[{"embeddable":true,"href":"https:\/\/achisonsafety.com.vn\/en\/wp-json\/wp\/v2\/comments?post=9057"}],"wp:featuredmedia":[{"embeddable":true,"href":"https:\/\/achisonsafety.com.vn\/en\/wp-json\/wp\/v2\/media\/9058"}],"wp:attachment":[{"href":"https:\/\/achisonsafety.com.vn\/en\/wp-json\/wp\/v2\/media?parent=9057"}],"wp:term":[{"taxonomy":"product_cat","embeddable":true,"href":"https:\/\/achisonsafety.com.vn\/en\/wp-json\/wp\/v2\/product_cat?post=9057"},{"taxonomy":"product_tag","embeddable":true,"href":"https:\/\/achisonsafety.com.vn\/en\/wp-json\/wp\/v2\/product_tag?post=9057"}],"curies":[{"name":"wp","href":"https:\/\/api.w.org\/{rel}","templated":true}]}}