{"id":9116,"date":"2023-07-30T16:34:37","date_gmt":"2023-07-30T09:34:37","guid":{"rendered":"https:\/\/achisonsafety.com.vn\/?post_type=product&#038;p=9116"},"modified":"2025-09-17T16:44:28","modified_gmt":"2025-09-17T09:44:28","slug":"customized-pipe-markers","status":"publish","type":"product","link":"https:\/\/achisonsafety.com.vn\/en\/san-pham\/customized-pipe-markers\/","title":{"rendered":"Customized pipe markers"},"content":{"rendered":"<p>High performance and customizable pipe markers allow you to easily identify pipe contents and flow direction that keeps your facilities safe and compliant.<\/p>\n<p>Pipe markers are suited for various industries such as marine, chemical, oil &amp; gas, food &amp; beverage,<br \/>\nmanufacturing and more.<\/p>\n<figure id=\"attachment_9088\" aria-describedby=\"caption-attachment-9088\" style=\"width: 960px\" class=\"wp-caption alignnone\"><img loading=\"lazy\" decoding=\"async\" class=\"size-full wp-image-9088\" src=\"https:\/\/achisonsafety.com.vn\/wp-content\/uploads\/2023\/07\/Brady-tem-nhan-dan-duong-ong.jpg\" alt=\"Brady - tem nh\u00e3n \u0111\u00e1nh d\u1ea5u \u0111\u01b0\u1eddng \u1ed1ng\" width=\"960\" height=\"640\" title=\"\" srcset=\"https:\/\/achisonsafety.com.vn\/wp-content\/uploads\/2023\/07\/Brady-tem-nhan-dan-duong-ong.jpg 960w, https:\/\/achisonsafety.com.vn\/wp-content\/uploads\/2023\/07\/Brady-tem-nhan-dan-duong-ong-600x400.jpg 600w, https:\/\/achisonsafety.com.vn\/wp-content\/uploads\/2023\/07\/Brady-tem-nhan-dan-duong-ong-768x512.jpg 768w, https:\/\/achisonsafety.com.vn\/wp-content\/uploads\/2023\/07\/Brady-tem-nhan-dan-duong-ong-45x30.jpg 45w, https:\/\/achisonsafety.com.vn\/wp-content\/uploads\/2023\/07\/Brady-tem-nhan-dan-duong-ong-90x60.jpg 90w, https:\/\/achisonsafety.com.vn\/wp-content\/uploads\/2023\/07\/Brady-tem-nhan-dan-duong-ong-510x340.jpg 510w\" sizes=\"(max-width: 960px) 100vw, 960px\" \/><figcaption id=\"caption-attachment-9088\" class=\"wp-caption-text\">Tem nh\u00e3n d\u00e1n tr\u1ef1c ti\u1ebfp l\u00ean \u0111\u01b0\u1eddng \u1ed1ng Brady, thi\u1ebft k\u1ebf t\u00f9y ch\u1ec9nh<\/figcaption><\/figure>\n<h3>A good pipe identification program provides many advantages<\/h3>\n<ul>\n<li>Aids in quick identification of pipes&#8217; contents, especially during emergency<\/li>\n<li>Facilitate traceability and eliminate errors, saving time and money<\/li>\n<li>Lower accidents rates and enhance safety in the facilities<\/li>\n<li>Reduce maintenance and repair downtime<\/li>\n<li>Compliance to industry standards<\/li>\n<\/ul>\n<h3>Pipe markers meet all 7 International Industry Standards<\/h3>\n<p><strong>ASME A13.1-2007<\/strong><br \/>\nSpecification of pipe contents and their hazards<\/p>\n<p><strong>Health &amp; Safety Signs Regulation (1.4.96)<\/strong><br \/>\nFull identification of pipes transporting dangerous and hazardous substances required<\/p>\n<p><strong>ISO 14726<\/strong><br \/>\nSpecifies principle colours for identification of substances in pipes<br \/>\n(commonly referred to as Marine pipe identification in ship &amp; offshore sites)<\/p>\n<p><strong>ISO (DIS) 14726-2<\/strong><br \/>\nSpecifies additional colour codes for more detailed identification of substances<\/p>\n<p><strong>AS 1345-1995<\/strong><br \/>\nAddresses elements of design and specifies location of markers and adjacent distances<\/p>\n<p><strong>OSHA &#8211; 29 CFR 1910.261 (a)(3)(ii)<\/strong><br \/>\nScheme for the Identification of Piping Systems, A13.1 &#8211; 1956<\/p>\n<p><strong>IIAR (International Institute of Ammonia Refrigeration)<\/strong><br \/>\nGuidelines for Identification of Ammonia Refrigeration Piping and System Components<\/p>\n<h3>Pipe Marking Overview<\/h3>\n<div class=\"tbw\"><table style=\"border-collapse: collapse;width: 100%;height: 586px\">\n<tbody>\n<tr style=\"height: 21px\">\n<td style=\"width: 14.2857%;height: 21px\"><strong>Type<\/strong><\/td>\n<td style=\"width: 14.2857%;height: 21px\" colspan=\"2\"><strong>Self-sticking<\/strong><\/td>\n<td style=\"width: 14.2857%;height: 21px\" colspan=\"4\"><strong>Mechanically Applied<\/strong><\/td>\n<\/tr>\n<tr style=\"height: 221px\">\n<td style=\"width: 14.2857%;height: 221px\"><strong>Images<\/strong><\/td>\n<td style=\"width: 14.2857%;height: 221px\" colspan=\"6\">\n<figure id=\"attachment_9109\" aria-describedby=\"caption-attachment-9109\" style=\"width: 709px\" class=\"wp-caption alignnone\"><img loading=\"lazy\" decoding=\"async\" class=\" wp-image-9109\" src=\"https:\/\/achisonsafety.com.vn\/wp-content\/uploads\/2023\/07\/Cac-loai-tem-nhan-danh-dau-duong-ong-Brady.png\" alt=\"Ph\u00e2n lo\u1ea1i tem nh\u00e3n \u0111\u00e1nh d\u1ea5u \u0111\u01b0\u1eddng \u1ed1ng\" width=\"709\" height=\"163\" title=\"\"><figcaption id=\"caption-attachment-9109\" class=\"wp-caption-text\">C\u00e1c lo\u1ea1i tem nh\u00e3n theo ki\u1ec3u d\u00e1ng \u0111\u01b0\u1eddng \u1ed1ng<\/figcaption><\/figure><\/td>\n<\/tr>\n<tr style=\"height: 194px\">\n<td style=\"width: 14.2857%;height: 194px\"><strong>Marker Type<\/strong><\/td>\n<td style=\"width: 14.2857%;height: 194px\">Premium self-adhesive marker for indoor or outdoor uses in either individual markers or roll-form<\/td>\n<td style=\"width: 14.2857%;height: 194px\">Economical self-adhesive roll-form markers for smooth, clean, dry pipe surfaces<\/td>\n<td style=\"width: 14.2857%;height: 194px\">Non-adhesive coiled pipe marker &#8220;snaps&#8221; around pipe giving 360 visibility while remaining easily removeable<\/td>\n<td style=\"width: 14.2857%;height: 194px\">Non-adhesive vinyl marker applied with nylon strapping (included)<\/td>\n<td style=\"width: 14.2857%;height: 194px\">Wrap-around marker with an adhesive edge to secure marker. Repeating legends offers 360 visibility<\/td>\n<td style=\"width: 14.2857%;height: 194px\">Polyester marker applied to a fiberglass carrier. Markers fasten to pipe with included mounting clips and strapping (sold separately)<\/td>\n<\/tr>\n<tr style=\"height: 86px\">\n<td style=\"width: 14.2857%;height: 86px\"><strong>Installation Type<\/strong><\/td>\n<td style=\"width: 14.2857%;height: 86px\">Adhesive<\/td>\n<td style=\"width: 14.2857%;height: 86px\">Adhesive<\/td>\n<td style=\"width: 14.2857%;height: 86px\">Snap-on<\/td>\n<td style=\"width: 14.2857%;height: 86px\">Nylon Strapping<\/td>\n<td style=\"width: 14.2857%;height: 86px\">Wrap-around with adhesive edge<\/td>\n<td style=\"width: 14.2857%;height: 86px\">Mounting clips (included) &amp; strapping (Sole separately)<\/td>\n<\/tr>\n<tr style=\"height: 64px\">\n<td style=\"width: 14.2857%;height: 64px\"><strong>Outer Diameter<\/strong><\/td>\n<td style=\"width: 14.2857%;height: 64px\">From less than 0.75 in. to greater than 8 in.<\/td>\n<td style=\"width: 14.2857%;height: 64px\">&#8211;<\/td>\n<td style=\"width: 14.2857%;height: 64px\">0.75 in to 6 in.<\/td>\n<td style=\"width: 14.2857%;height: 64px\">6 in. to 15 in.<\/td>\n<td style=\"width: 14.2857%;height: 64px\">0.2 in. to 7.875 in.<\/td>\n<td style=\"width: 14.2857%;height: 64px\">8 in. or larger<\/td>\n<\/tr>\n<\/tbody>\n<\/table><\/div>\n<h3>Customizable Fields<\/h3>\n<p><img loading=\"lazy\" decoding=\"async\" class=\"alignnone size-full wp-image-9118\" src=\"https:\/\/achisonsafety.com.vn\/wp-content\/uploads\/2023\/07\/Customized-Field.png\" alt=\"\" width=\"491\" height=\"207\" title=\"\" srcset=\"https:\/\/achisonsafety.com.vn\/wp-content\/uploads\/2023\/07\/Customized-Field.png 491w, https:\/\/achisonsafety.com.vn\/wp-content\/uploads\/2023\/07\/Customized-Field-71x30.png 71w, https:\/\/achisonsafety.com.vn\/wp-content\/uploads\/2023\/07\/Customized-Field-142x60.png 142w\" sizes=\"(max-width: 491px) 100vw, 491px\" \/><\/p>\n<h3>Brady&#8217;s Range of Standard\/Non-Standard Colors<\/h3>\n<p><img loading=\"lazy\" decoding=\"async\" class=\"alignnone size-full wp-image-9121\" src=\"https:\/\/achisonsafety.com.vn\/wp-content\/uploads\/2023\/07\/Brady-color-range.png\" alt=\"\" width=\"485\" height=\"281\" title=\"\" srcset=\"https:\/\/achisonsafety.com.vn\/wp-content\/uploads\/2023\/07\/Brady-color-range.png 485w, https:\/\/achisonsafety.com.vn\/wp-content\/uploads\/2023\/07\/Brady-color-range-52x30.png 52w, https:\/\/achisonsafety.com.vn\/wp-content\/uploads\/2023\/07\/Brady-color-range-104x60.png 104w\" sizes=\"(max-width: 485px) 100vw, 485px\" \/><\/p>\n<h3>Brady offers you quality pipe markers<\/h3>\n<p>Our pipe markers are tested as a complete product whereas our competitors do not. All materials used in our production of pipe-markers are put through rigorous performance and durability tests to ensure the quality we promised. Our team of highly trained specialist will be able to assist you in your marking deployment needs.<\/p>\n<p><strong>Durability Testing<\/strong><br \/>\nDurability of our pipe markers are tested in a simulated outdoor environment with UV and humidity testing.<\/p>\n<p><img loading=\"lazy\" decoding=\"async\" class=\"alignnone size-full wp-image-9125\" src=\"https:\/\/achisonsafety.com.vn\/wp-content\/uploads\/2023\/07\/Durability-Test.png\" alt=\"\" width=\"491\" height=\"177\" title=\"\" srcset=\"https:\/\/achisonsafety.com.vn\/wp-content\/uploads\/2023\/07\/Durability-Test.png 491w, https:\/\/achisonsafety.com.vn\/wp-content\/uploads\/2023\/07\/Durability-Test-83x30.png 83w, https:\/\/achisonsafety.com.vn\/wp-content\/uploads\/2023\/07\/Durability-Test-166x60.png 166w\" sizes=\"(max-width: 491px) 100vw, 491px\" \/><\/p>\n<p><strong>Performance Testing<\/strong><\/p>\n<p>Performance of our pipe markers are tested under high temperature.<\/p>\n<p><img loading=\"lazy\" decoding=\"async\" class=\"alignnone size-full wp-image-9127\" src=\"https:\/\/achisonsafety.com.vn\/wp-content\/uploads\/2023\/07\/Peformance-Testing.png\" alt=\"\" width=\"487\" height=\"177\" title=\"\" srcset=\"https:\/\/achisonsafety.com.vn\/wp-content\/uploads\/2023\/07\/Peformance-Testing.png 487w, https:\/\/achisonsafety.com.vn\/wp-content\/uploads\/2023\/07\/Peformance-Testing-83x30.png 83w, https:\/\/achisonsafety.com.vn\/wp-content\/uploads\/2023\/07\/Peformance-Testing-165x60.png 165w\" sizes=\"(max-width: 487px) 100vw, 487px\" \/><\/p>\n<p><strong>Chemcial Resistance Testing<\/strong><\/p>\n<p>Resistance against solvents such as salt, acid and base are tested<\/p>\n<p><img loading=\"lazy\" decoding=\"async\" class=\"alignnone size-full wp-image-9130\" src=\"https:\/\/achisonsafety.com.vn\/wp-content\/uploads\/2023\/07\/Chemical-Testing.png\" alt=\"\" width=\"443\" height=\"156\" title=\"\" srcset=\"https:\/\/achisonsafety.com.vn\/wp-content\/uploads\/2023\/07\/Chemical-Testing.png 443w, https:\/\/achisonsafety.com.vn\/wp-content\/uploads\/2023\/07\/Chemical-Testing-85x30.png 85w, https:\/\/achisonsafety.com.vn\/wp-content\/uploads\/2023\/07\/Chemical-Testing-170x60.png 170w\" sizes=\"(max-width: 443px) 100vw, 443px\" \/><\/p>\n","protected":false},"excerpt":{"rendered":"<p><strong>Special service only at Achison:<\/strong><\/p>\n<ul>\n<li>Consult and design label<\/li>\n<li>Site check<\/li>\n<li>Label sample<\/li>\n<li>Guarantee<\/li>\n<\/ul>\n","protected":false},"featured_media":11178,"comment_status":"open","ping_status":"closed","template":"","meta":[],"product_cat":[],"product_tag":[],"class_list":{"0":"post-9116","1":"product","2":"type-product","3":"status-publish","4":"has-post-thumbnail","6":"yith_product_brand-brady-en","8":"first","9":"instock","10":"shipping-taxable","11":"product-type-simple"},"acf":[],"_links":{"self":[{"href":"https:\/\/achisonsafety.com.vn\/en\/wp-json\/wp\/v2\/product\/9116"}],"collection":[{"href":"https:\/\/achisonsafety.com.vn\/en\/wp-json\/wp\/v2\/product"}],"about":[{"href":"https:\/\/achisonsafety.com.vn\/en\/wp-json\/wp\/v2\/types\/product"}],"replies":[{"embeddable":true,"href":"https:\/\/achisonsafety.com.vn\/en\/wp-json\/wp\/v2\/comments?post=9116"}],"wp:featuredmedia":[{"embeddable":true,"href":"https:\/\/achisonsafety.com.vn\/en\/wp-json\/wp\/v2\/media\/11178"}],"wp:attachment":[{"href":"https:\/\/achisonsafety.com.vn\/en\/wp-json\/wp\/v2\/media?parent=9116"}],"wp:term":[{"taxonomy":"product_cat","embeddable":true,"href":"https:\/\/achisonsafety.com.vn\/en\/wp-json\/wp\/v2\/product_cat?post=9116"},{"taxonomy":"product_tag","embeddable":true,"href":"https:\/\/achisonsafety.com.vn\/en\/wp-json\/wp\/v2\/product_tag?post=9116"}],"curies":[{"name":"wp","href":"https:\/\/api.w.org\/{rel}","templated":true}]}}