{"id":9246,"date":"2023-10-16T17:47:27","date_gmt":"2023-10-16T10:47:27","guid":{"rendered":"https:\/\/achisonsafety.com.vn\/?post_type=product&#038;p=9246"},"modified":"2025-10-07T17:40:34","modified_gmt":"2025-10-07T10:40:34","slug":"vien-nen-trau","status":"publish","type":"product","link":"https:\/\/achisonsafety.com.vn\/en\/san-pham\/vien-nen-trau\/","title":{"rendered":"Vi\u00ean N\u00e9n Tr\u1ea5u"},"content":{"rendered":"<p style=\"text-align: justify;\"><a href=\"https:\/\/achisonsafety.com.vn\/san-pham\/vien-nen-trau\/\" target=\"_blank\" rel=\"noopener\"><strong>Vi\u00ean N\u00e9n Tr\u1ea5u<\/strong><\/a> (Rice Husk Pellet) \u0111\u01b0\u1ee3c s\u1ea3n xu\u1ea5t t\u1eeb 100% v\u1ecf tr\u1ea5u (l\u00e0 v\u1ecf c\u1ee7a h\u1ea1t l\u00faa sau khi say x\u00e1t xong). Qua c\u00f4ng ngh\u1ec7 (qu\u00e1 tr\u00ecnh) \u00e9p n\u00e9n hi\u1ec7n \u0111\u1ea1i, v\u1ecf tr\u1ea5u \u0111\u01b0\u1ee3c x\u1eed l\u00fd v\u00e0 n\u00e9n th\u00e0nh d\u1ea1ng vi\u00ean nh\u1ecf, c\u00f3 \u0111\u1ed9 c\u1ee9ng cao, d\u1ec5 v\u1eadn chuy\u1ec3n v\u00e0 s\u1eed d\u1ee5ng, \u0111\u1eb7c bi\u1ec7t l\u00e0 r\u1ea5t th\u00e2n thi\u1ec7n v\u1edbi m\u00f4i tr\u01b0\u1eddng.<\/p>\n<p style=\"text-align: justify;\">Tr\u1ea5u \u00e9p vi\u00ean \u0111\u01b0\u1ee3c l\u00e0m t\u1eeb 100% tr\u1ea5u t\u1ef1 nhi\u00ean c\u00f3 \u0111\u1ed9 \u1ea9m nh\u1ecf h\u01a1n 15%. Vi\u00ean n\u00e9n tr\u1ea5u c\u00f3 kh\u1ea3 n\u0103ng ch\u00e1y m\u1ea1nh, nh\u1edd vi\u00ean \u00e9p c\u00f3 k\u00edch c\u1ee1 \u0111\u1ed3ng \u0111\u1ec1u n\u00ean trong qu\u00e1 tr\u00ecnh \u0111\u1ed1t s\u1ea5y vi\u1ec7c b\u1eaft l\u1eeda v\u00e0 ch\u00e1y c\u1ee7a nhi\u00ean li\u1ec7u \u0111\u1ec1u nhau v\u00e0 sinh nhi\u1ec7t t\u1ed1t.<\/p>\n<p style=\"text-align: justify;\"><img loading=\"lazy\" decoding=\"async\" class=\"wp-image-9247  aligncenter\" src=\"https:\/\/achisonsafety.com.vn\/wp-content\/uploads\/2023\/10\/Vien-nen-trau-1.png\" alt=\"Vi\u00ean n\u00e9n tr\u1ea5u\" width=\"948\" height=\"824\" title=\"\" srcset=\"https:\/\/achisonsafety.com.vn\/wp-content\/uploads\/2023\/10\/Vien-nen-trau-1.png 920w, https:\/\/achisonsafety.com.vn\/wp-content\/uploads\/2023\/10\/Vien-nen-trau-1-460x400.png 460w, https:\/\/achisonsafety.com.vn\/wp-content\/uploads\/2023\/10\/Vien-nen-trau-1-768x668.png 768w, https:\/\/achisonsafety.com.vn\/wp-content\/uploads\/2023\/10\/Vien-nen-trau-1-35x30.png 35w, https:\/\/achisonsafety.com.vn\/wp-content\/uploads\/2023\/10\/Vien-nen-trau-1-69x60.png 69w, https:\/\/achisonsafety.com.vn\/wp-content\/uploads\/2023\/10\/Vien-nen-trau-1-510x443.png 510w\" sizes=\"(max-width: 948px) 100vw, 948px\" \/><\/p>\n<p style=\"text-align: justify;\">Vi\u00ean n\u00e9n tr\u1ea5u<\/p>\n<h2 style=\"text-align: justify;\"><strong>\u01afu \u0111i\u1ec3m n\u1ed5i b\u1eadt c\u1ee7a vi\u00ean n\u00e9n tr\u1ea5u<\/strong><\/h2>\n<p style=\"text-align: justify;\">&#8211; Th\u00e2n thi\u1ec7n m\u00f4i tr\u01b0\u1eddng: <em>Vi\u00ean n\u00e9n tr\u1ea5u<\/em> kh\u00f4ng ch\u1ee9a h\u00f3a ch\u1ea5t \u0111\u1ed9c h\u1ea1i, gi\u1ea3m ph\u00e1t th\u1ea3i kh\u00ed CO\u2082 so v\u1edbi than \u0111\u00e1.<\/p>\n<p style=\"text-align: justify;\">&#8211; Hi\u1ec7u su\u1ea5t cao: Vi\u00ean n\u00e9n tr\u1ea5u c\u00f3 kh\u1ea3 n\u0103ng t\u1ecfa nhi\u1ec7t l\u1edbn (3.200 \u2013 3.800 Kcal\/kg), c\u00f3 kh\u1ea3 n\u0103ng duy tr\u00ec ch\u00e1y l\u00e2u v\u00e0 \u1ed5n \u0111\u1ecbnh.<\/p>\n<p style=\"text-align: justify;\">&#8211; Ti\u1ebft ki\u1ec7m chi ph\u00ed: Lo\u1ea1i nhi\u00ean li\u1ec7u n\u00e0y c\u00f3 gi\u00e1 th\u00e0nh th\u1ea5p h\u01a1n nhi\u1ec1u so v\u1edbi nhi\u00ean li\u1ec7u h\u00f3a th\u1ea1ch.<\/p>\n<p style=\"text-align: justify;\">&#8211; Ti\u1ec7n l\u1ee3i: D\u1ec5 v\u1eadn chuy\u1ec3n, b\u1ea3o qu\u1ea3n, \u00edt b\u1ee5i, v\u00e0 \u0111\u1eb7c bi\u1ec7t l\u00e0 kh\u00f4ng g\u00e2y \u00f4 nhi\u1ec5m m\u00f4i tr\u01b0\u1eddng.<\/p>\n<p style=\"text-align: justify;\">&#8211; Ngu\u1ed3n cung d\u1ed3i d\u00e0o: Vi\u1ec7t Nam l\u00e0 qu\u1ed1c gia xu\u1ea5t kh\u1ea9u g\u1ea1o l\u1edbn, ngu\u1ed3n tr\u1ea5u phong ph\u00fa, s\u1ea3n l\u01b0\u1ee3ng vi\u00ean n\u00e9n \u1ed5n \u0111\u1ecbnh.<\/p>\n<h2 style=\"text-align: justify;\"><strong>\u1ee8ng d\u1ee5ng c\u1ee7a vi\u00ean n\u00e9n tr\u1ea5u<\/strong><\/h2>\n<p style=\"text-align: justify;\">Vi\u00ean n\u00e9n tr\u1ea5u ng\u00e0y c\u00e0ng \u0111\u01b0\u1ee3c \u1ee9ng d\u1ee5ng r\u1ed9ng r\u00e3i trong nhi\u1ec1u l\u0129nh v\u1ef1c:<\/p>\n<p style=\"text-align: justify;\">&#8211; Nh\u00e0 m\u00e1y, khu c\u00f4ng nghi\u1ec7p: D\u00f9ng cho l\u00f2 h\u01a1i, l\u00f2 s\u1ea5y, s\u1ea3n xu\u1ea5t g\u1ea1ch, g\u1ed1m, xi m\u0103ng\u2026<\/p>\n<p style=\"text-align: justify;\">&#8211; Trong \u0111\u1eddi s\u1ed1ng h\u00e0ng ng\u00e0y: D\u00f9ng \u0111\u1ec3 \u0111un b\u1ebfp, l\u00f2 s\u01b0\u1edfi, h\u1ec7 th\u1ed1ng s\u01b0\u1edfi \u1ea5m m\u00f9a \u0111\u00f4ng\u2026<\/p>\n<p style=\"text-align: justify;\">&#8211; Xu\u1ea5t kh\u1ea9u: Nhu c\u1ea7u cao t\u1ea1i Nh\u1eadt B\u1ea3n, H\u00e0n Qu\u1ed1c, ch\u00e2u \u00c2u \u2013 Nh\u1eefng n\u01a1i \u01b0u ti\u00ean n\u0103ng l\u01b0\u1ee3ng s\u1ea1ch.<\/p>\n<h2 style=\"text-align: justify;\"><strong>Vi\u00ean n\u00e9n tr\u1ea5u &#8211; Ngu\u1ed3n nhi\u00ean li\u1ec7u kh\u00f4ng th\u1ec3 b\u1ecf qua<\/strong><\/h2>\n<p style=\"text-align: justify;\">S\u1eed d\u1ee5ng <a href=\"https:\/\/achisonsafety.com.vn\/vien-nen-trau\" target=\"_blank\" rel=\"noopener\">vi\u00ean n\u00e9n tr\u1ea5u<\/a> kh\u00f4ng ch\u1ec9 gi\u00fap gi\u1ea3m chi ph\u00ed n\u0103ng l\u01b0\u1ee3ng, m\u00e0 c\u00f2n g\u00f3p ph\u1ea7n t\u00e1i ch\u1ebf ph\u1ee5 ph\u1ea9m n\u00f4ng nghi\u1ec7p, gi\u00fap b\u1ea3o v\u1ec7 m\u00f4i tr\u01b0\u1eddng v\u00e0 gi\u1ea3m ph\u1ee5 thu\u1ed9c v\u00e0o than \u0111\u00e1, d\u1ea7u m\u1ecf&#8230; \u0110\u00e2y ch\u00ednh l\u00e0 gi\u1ea3i ph\u00e1p n\u0103ng l\u01b0\u1ee3ng xanh, b\u1ec1n v\u1eefng v\u00e0 mang t\u00ednh chi\u1ebfn l\u01b0\u1ee3c trong t\u01b0\u01a1ng lai.<\/p>\n<h2 style=\"text-align: justify;\"><strong>Nguy\u00ean l\u00fd s\u1ea3n xu\u1ea5t vi\u00ean n\u00e9n tr\u1ea5u<\/strong><\/h2>\n<p style=\"text-align: justify;\">Vi\u00ean n\u00e9n \u0111\u01b0\u1ee3c l\u00e0m t\u1eeb tr\u1ea5u v\u1ecf t\u1ef1 nhi\u00ean v\u00e0 \u00e9p khu\u00f4n v\u1eadn h\u00e0nh b\u1eb1ng \u0111i\u1ec7n ba pha. V\u1ecf tr\u1ea5u \u0111\u01b0\u1ee3c cho v\u00e0o ph\u1ec5u h\u1ee9ng ph\u00eda tr\u00ean, m\u00e1y s\u1ebd \u00e9p ch\u00e0 x\u00e1t qua khu\u00f4n s\u1ea3n ph\u1ea9m ra ph\u00eda d\u01b0\u1edbi nh\u1eefng vi\u00ean n\u00e9n h\u00ecnh tr\u00f2n d\u00e0i 10mm &#8211; 50mm.<\/p>\n<p style=\"text-align: justify;\">S\u1ea3n ph\u1ea9m c\u00f3 \u0111\u01b0\u1eddng k\u00ednh t\u1eeb 08mm-12mm, \u0111\u1eb7c ru\u1ed9t. C\u00f4ng su\u1ea5t c\u1ee7a m\u00e1y 1,5-2,5 t\u1ea5n\/gi\u1edd, sau khi \u00e9p, vi\u00ean n\u00e9n \u0111\u01b0\u1ee3c gi\u1ea3i nhi\u1ec7t b\u1eb1ng gi\u00f3 ho\u1eb7c h\u01a1i l\u1ea1nh \u0111\u1ec3 \u0111\u1ecbnh h\u00ecnh s\u1ea3n ph\u1ea9m.<\/p>\n<h2 style=\"text-align: justify;\"><strong>C\u00e1c s\u1ea3n ph\u1ea9m n\u0103ng l\u01b0\u1ee3ng t\u1eeb tr\u1ea5u<\/strong><\/h2>\n<ul style=\"text-align: justify;\">\n<li>Tr\u1ea5u \u00e9p vi\u00ean<\/li>\n<li>Tr\u1ea5u nghi\u1ec1n<\/li>\n<li>Tr\u1ea5u thanh<\/li>\n<li>C\u1ee7i tr\u1ea5u \u0111\u1eadp<\/li>\n<li>Tr\u1ea5u h\u1ea1t<\/li>\n<\/ul>\n<h2 style=\"text-align: justify;\"><strong>C\u00e1c ng\u00e0nh c\u00f4ng nghi\u1ec7p ti\u00eau bi\u1ec3u th\u1ef1c hi\u1ec7n chuy\u1ec3n \u0111\u1ed5i n\u0103ng l\u01b0\u1ee3ng sinh kh\u1ed1i BIOMASS<\/strong><\/h2>\n<ul style=\"text-align: justify;\">\n<li>S\u1ea3n xu\u1ea5t gi\u1ea5y<\/li>\n<li>S\u1ea3n xu\u1ea5t xi m\u0103ng<\/li>\n<li>S\u1ea3n xu\u1ea5t x\u01a1 s\u1ee3i<\/li>\n<li>S\u1ea3n xu\u1ea5t v\u1eadt li\u1ec7u x\u00e2y d\u1ef1ng<\/li>\n<li>S\u1ea3n xu\u1ea5t th\u00e9p<\/li>\n<li>S\u1ea3n xu\u1ea5t h\u00f3a ch\u1ea5t<\/li>\n<\/ul>\n<h2 style=\"text-align: justify;\"><strong>Ph\u00e2n lo\u1ea1i c\u00f4ng d\u1ee5ng vi\u00ean n\u00e9n tr\u1ea5u theo \u0111\u1ed9 d\u00e0i<\/strong><\/h2>\n<ul style=\"text-align: justify;\">\n<li>Lo\u1ea1i d\u00e0i: 10-40mm \u0111\u01b0\u1ee3c d\u00f9ng l\u00e0m than b\u1eaft l\u1eeda<\/li>\n<li>Lo\u1ea1i trung b\u00ecnh: 5-10mm, than khi ch\u00e1y m\u1ea1nh, ng\u1ecdn l\u1eeda m\u00e0u h\u1ed3ng<\/li>\n<li>Lo\u1ea1i ng\u1eafn: 0-5mm, chuy\u1ec3n sang s\u1ea3n xu\u1ea5t c\u1ee7i tr\u1ea5u \u0111\u1eadp<\/li>\n<\/ul>\n<p style=\"text-align: justify;\"><strong>C\u00f4ng su\u1ea5t s\u1ea3n xu\u1ea5t:<\/strong> 200 &#8211; 300 t\u1ea5n\/ng\u00e0y<\/p>\n<p style=\"text-align: justify;\"><strong>V\u1eadn chuy\u1ec3n:<\/strong> Xe container, xe ben, xe t\u1ea3i<\/p>\n<p style=\"text-align: justify;\"><strong>\u0110i\u1ec1u ki\u1ec7n giao h\u00e0ng:<\/strong> DDP, DDU<\/p>\n<p style=\"text-align: justify;\">N\u1ebfu b\u1ea1n c\u1ea7n t\u01b0 v\u1ea5n th\u00eam ho\u1eb7c b\u00e1o gi\u00e1 s\u1ea3n ph\u1ea9m vi\u00ean n\u00e9n tr\u1ea5u th\u00ec h\u00e3y li\u00ean h\u1ec7 v\u1edbi <strong><a href=\"https:\/\/achisonsafety.com.vn\" target=\"_blank\" rel=\"noopener\">Achisonsafety.com.vn <\/a><\/strong>qua Hotline 0913 820 539 \u0111\u1ec3 \u0111\u01b0\u1ee3c h\u1ed7 tr\u1ee3 nh\u00e9.<\/p>\n","protected":false},"excerpt":{"rendered":"<p style=\"text-align: justify;\">&#8211; Vi\u00ean n\u00e9n tr\u1ea5u kh\u00f4ng ch\u1ee9a h\u00f3a ch\u1ea5t \u0111\u1ed9c h\u1ea1i, gi\u1ea3m ph\u00e1t th\u1ea3i kh\u00ed CO\u2082 so v\u1edbi than \u0111\u00e1.<\/p>\n<p style=\"text-align: justify;\">&#8211; C\u00f3 kh\u1ea3 n\u0103ng t\u1ecfa nhi\u1ec7t l\u1edbn (3.200 \u2013 3.800 Kcal\/kg), duy tr\u00ec ch\u00e1y l\u00e2u v\u00e0 \u1ed5n \u0111\u1ecbnh.<\/p>\n<p style=\"text-align: justify;\">&#8211; C\u00f3 gi\u00e1 th\u00e0nh th\u1ea5p h\u01a1n nhi\u1ec1u so v\u1edbi c\u00e1c lo\u1ea1i nhi\u00ean li\u1ec7u h\u00f3a th\u1ea1ch kh\u00e1c.<\/p>\n","protected":false},"featured_media":9223,"comment_status":"open","ping_status":"closed","template":"","meta":[],"product_cat":[792],"product_tag":[931,794,932,1002],"class_list":{"0":"post-9246","1":"product","2":"type-product","3":"status-publish","4":"has-post-thumbnail","6":"product_cat-vien-nen-trau","7":"product_tag-nen-trau","8":"product_tag-vien-nen-trau","9":"product_tag-vien-trau","10":"product_tag-vien-trau-nen","11":"yith_product_brand-thuong-hieu-khac","13":"first","14":"instock","15":"shipping-taxable","16":"product-type-simple"},"acf":[],"_links":{"self":[{"href":"https:\/\/achisonsafety.com.vn\/en\/wp-json\/wp\/v2\/product\/9246"}],"collection":[{"href":"https:\/\/achisonsafety.com.vn\/en\/wp-json\/wp\/v2\/product"}],"about":[{"href":"https:\/\/achisonsafety.com.vn\/en\/wp-json\/wp\/v2\/types\/product"}],"replies":[{"embeddable":true,"href":"https:\/\/achisonsafety.com.vn\/en\/wp-json\/wp\/v2\/comments?post=9246"}],"wp:featuredmedia":[{"embeddable":true,"href":"https:\/\/achisonsafety.com.vn\/en\/wp-json\/wp\/v2\/media\/9223"}],"wp:attachment":[{"href":"https:\/\/achisonsafety.com.vn\/en\/wp-json\/wp\/v2\/media?parent=9246"}],"wp:term":[{"taxonomy":"product_cat","embeddable":true,"href":"https:\/\/achisonsafety.com.vn\/en\/wp-json\/wp\/v2\/product_cat?post=9246"},{"taxonomy":"product_tag","embeddable":true,"href":"https:\/\/achisonsafety.com.vn\/en\/wp-json\/wp\/v2\/product_tag?post=9246"}],"curies":[{"name":"wp","href":"https:\/\/api.w.org\/{rel}","templated":true}]}}