{"id":9254,"date":"2023-10-17T14:26:00","date_gmt":"2023-10-17T07:26:00","guid":{"rendered":"https:\/\/achisonsafety.com.vn\/?post_type=product&#038;p=9254"},"modified":"2025-12-15T09:08:11","modified_gmt":"2025-12-15T02:08:11","slug":"vien-nen-go","status":"publish","type":"product","link":"https:\/\/achisonsafety.com.vn\/en\/san-pham\/vien-nen-go\/","title":{"rendered":"Vi\u00ean N\u00e9n G\u1ed7"},"content":{"rendered":"<p style=\"text-align: justify;\">Th\u1ebf gi\u1edbi \u0111ang h\u01b0\u1edbng \u0111\u1ebfn vi\u1ec7c s\u1eed d\u1ee5ng n\u0103ng l\u01b0\u1ee3ng t\u00e1i t\u1ea1o v\u00e0 b\u1ea3o v\u1ec7 m\u00f4i tr\u01b0\u1eddng, ch\u00ednh v\u00ec th\u1ebf <strong>Vi\u00ean N\u00e9n G\u1ed7<\/strong> (Wood Pellet) tr\u1edf th\u00e0nh xu th\u1ebf v\u00e0 l\u00e0 gi\u1ea3i ph\u00e1p h\u1eefu hi\u1ec7u \u0111\u1ec3 thay th\u1ebf cho than \u0111\u00e1, d\u1ea7u, kh\u00ed \u0111\u1ed1t&#8230;<\/p>\n<p style=\"text-align: justify;\">Vi\u00ean n\u00e9n g\u1ed7 l\u00e0 d\u1ea1ng n\u0103ng l\u01b0\u1ee3ng sinh kh\u1ed1i \u0111ang r\u1ea5t \u0111\u01b0\u1ee3c \u01b0a chu\u1ed9ng t\u1ea1i nhi\u1ec1u qu\u1ed1c gia tr\u00ean th\u1ebf gi\u1edbi \u1edf c\u00e1c n\u01b0\u1edbc ph\u00e1t tri\u1ec3n, v\u00e0 ng\u00e0y c\u00e0ng ph\u1ed5 bi\u1ebfn t\u1ea1i Vi\u1ec7t Nam.<\/p>\n<figure id=\"attachment_11704\" aria-describedby=\"caption-attachment-11704\" style=\"width: 800px\" class=\"wp-caption aligncenter\"><img loading=\"lazy\" decoding=\"async\" class=\"wp-image-11704\" src=\"https:\/\/achisonsafety.com.vn\/wp-content\/uploads\/2023\/10\/vien-nen-go-7.jpg\" alt=\"\" width=\"800\" height=\"532\" title=\"\" srcset=\"https:\/\/achisonsafety.com.vn\/wp-content\/uploads\/2023\/10\/vien-nen-go-7.jpg 900w, https:\/\/achisonsafety.com.vn\/wp-content\/uploads\/2023\/10\/vien-nen-go-7-602x400.jpg 602w, https:\/\/achisonsafety.com.vn\/wp-content\/uploads\/2023\/10\/vien-nen-go-7-768x510.jpg 768w, https:\/\/achisonsafety.com.vn\/wp-content\/uploads\/2023\/10\/vien-nen-go-7-45x30.jpg 45w, https:\/\/achisonsafety.com.vn\/wp-content\/uploads\/2023\/10\/vien-nen-go-7-90x60.jpg 90w, https:\/\/achisonsafety.com.vn\/wp-content\/uploads\/2023\/10\/vien-nen-go-7-510x339.jpg 510w\" sizes=\"(max-width: 800px) 100vw, 800px\" \/><figcaption id=\"caption-attachment-11704\" class=\"wp-caption-text\">C\u1eadn c\u1ea3nh s\u1ea3n ph\u1ea9m vi\u00ean n\u00e9n g\u1ed7<\/figcaption><\/figure>\n<h2 style=\"text-align: justify;\"><strong>Gi\u1edbi thi\u1ec7u v\u1ec1 vi\u00ean n\u00e9n g\u1ed7<\/strong><\/h2>\n<p style=\"text-align: justify;\">Vi\u00ean n\u00e9n g\u1ed7 l\u00e0 m\u1ed9t trong nh\u1eefng <a href=\"https:\/\/achisonsafety.com.vn\/vien-nen-go\" target=\"_blank\" rel=\"noopener\">gi\u1ea3i ph\u00e1p n\u0103ng l\u01b0\u1ee3ng<\/a> nhi\u00ean li\u1ec7u sinh kh\u1ed1i BIOMASS, \u0111\u00e2y l\u00e0 nh\u1eefng lo\u1ea1i v\u1eadt li\u1ec7u sinh h\u1ecdc c\u00f3 ngu\u1ed3n g\u1ed1c t\u1eeb sinh v\u1eadt, th\u1ef1c v\u1eadt nh\u01b0 ph\u1ebf ph\u1ea9m t\u1eeb n\u00f4ng nghi\u1ec7p, l\u00e2m nghi\u1ec7p (R\u01a1m, b\u00e3 c\u00e2y, v\u1ecf \u0111i\u1ec1u, m\u00f9n c\u01b0a\u2026).<\/p>\n<p style=\"text-align: justify;\">G\u1ed7 \u00e9p vi\u00ean \u0111\u01b0\u1ee3c l\u00e0m t\u1eeb 100% g\u1ed7 t\u1ef1 nhi\u00ean c\u00f3 \u0111\u1ed9 \u1ea9m nh\u1ecf h\u01a1n 15%, c\u00f3 kh\u1ea3 n\u0103ng ch\u00e1y ki\u1ec7t do vi\u00ean \u00e9p c\u00f3 k\u00edch c\u1ee1 \u0111\u1ed3ng \u0111\u1ec1u n\u00ean trong qu\u00e1 tr\u00ecnh \u0111\u1ed1t s\u1ea5y vi\u1ec7c b\u1eaft l\u1eeda v\u00e0 ch\u00e1y c\u1ee7a nhi\u00ean li\u1ec7u \u0111\u1ec1u nhau v\u00e0 sinh nhi\u1ec7t t\u1ed1t h\u01a1n.<\/p>\n<figure id=\"attachment_9255\" aria-describedby=\"caption-attachment-9255\" style=\"width: 800px\" class=\"wp-caption aligncenter\"><img loading=\"lazy\" decoding=\"async\" class=\"size-full wp-image-9255\" src=\"https:\/\/achisonsafety.com.vn\/wp-content\/uploads\/2023\/10\/vien-nen-1.jpeg\" alt=\"Vi\u00ean n\u00e9n g\u1ed7\" width=\"800\" height=\"533\" title=\"\" srcset=\"https:\/\/achisonsafety.com.vn\/wp-content\/uploads\/2023\/10\/vien-nen-1.jpeg 800w, https:\/\/achisonsafety.com.vn\/wp-content\/uploads\/2023\/10\/vien-nen-1-600x400.jpeg 600w, https:\/\/achisonsafety.com.vn\/wp-content\/uploads\/2023\/10\/vien-nen-1-768x512.jpeg 768w, https:\/\/achisonsafety.com.vn\/wp-content\/uploads\/2023\/10\/vien-nen-1-45x30.jpeg 45w, https:\/\/achisonsafety.com.vn\/wp-content\/uploads\/2023\/10\/vien-nen-1-90x60.jpeg 90w, https:\/\/achisonsafety.com.vn\/wp-content\/uploads\/2023\/10\/vien-nen-1-510x340.jpeg 510w\" sizes=\"(max-width: 800px) 100vw, 800px\" \/><figcaption id=\"caption-attachment-9255\" class=\"wp-caption-text\">Vi\u00ean n\u00e9n g\u1ed7 &#8211; N\u0103ng l\u01b0\u1ee3ng sinh kh\u1ed1i BIOMASS<\/figcaption><\/figure>\n<h2 style=\"text-align: justify;\"><strong>\u01afu \u0111i\u1ec3m n\u1ed5i b\u1eadt c\u1ee7a vi\u00ean n\u00e9n g\u1ed7<\/strong><\/h2>\n<div style=\"text-align: justify;\">\n<p style=\"font-weight: 400;\">D\u01b0\u1edbi \u0111\u00e2y l\u00e0 top 5 \u0111\u1eb7c \u0111i\u1ec3m n\u1ed5i b\u1eadt c\u1ee7a <span style=\"text-decoration: underline;\">vi\u00ean n\u00e9n g\u1ed7<\/span> m\u00e0 b\u1ea1n kh\u00f4ng th\u1ec3 n\u00e0o b\u1ecf qua.<\/p>\n<p style=\"font-weight: 400;\">&#8211; N\u0103ng l\u01b0\u1ee3ng cao, \u1ed5n \u0111\u1ecbnh: 1 t\u1ea5n vi\u00ean n\u00e9n g\u1ed7 cho n\u0103ng l\u01b0\u1ee3ng t\u01b0\u01a1ng \u0111\u01b0\u01a1ng 4,5m\u00b3 c\u1ee7i kh\u00f4 ho\u1eb7c 500 l\u00edt d\u1ea7u.<\/p>\n<p style=\"font-weight: 400;\">&#8211; Th\u00e2n thi\u1ec7n m\u00f4i tr\u01b0\u1eddng: Vi\u00ean n\u00e9n g\u1ed7 ph\u00e1t th\u1ea3i CO\u2082 th\u1ea5p, kh\u00f4ng g\u00e2y \u00f4 nhi\u1ec5m kh\u00f4ng kh\u00ed.<\/p>\n<p style=\"font-weight: 400;\">&#8211; T\u1eadn d\u1ee5ng ph\u1ebf ph\u1ea9m: Gi\u00fap t\u00e1i ch\u1ebf ngu\u1ed3n ph\u1ee5 ph\u1ea9m n\u00f4ng \u2013 l\u00e2m nghi\u1ec7p, gi\u1ea3m l\u00e3ng ph\u00ed.<\/p>\n<p style=\"font-weight: 400;\">&#8211; Chi ph\u00ed ti\u1ebft ki\u1ec7m: S\u1eed d\u1ee5ng <strong>vi\u00ean n\u00e9n g\u1ed7<\/strong> gi\u00e1 th\u00e0nh r\u1ebb h\u01a1n so v\u1edbi vi\u1ec7c s\u1eed d\u1ee5ng d\u1ea7u DO, FO, kh\u00ed LPG.<\/p>\n<p style=\"font-weight: 400;\">&#8211; V\u1eadn chuy\u1ec3n, b\u1ea3o qu\u1ea3n d\u1ec5 d\u00e0ng: Vi\u00ean g\u1ed7 n\u00e9n c\u00f3 d\u1ea1ng vi\u00ean nh\u1ecf g\u1ecdn, \u00edt b\u1ee5i, \u00edt \u1ea9m m\u1ed1c.<\/p>\n<div class=\"mceTemp\"><\/div>\n<figure id=\"attachment_11708\" aria-describedby=\"caption-attachment-11708\" style=\"width: 800px\" class=\"wp-caption aligncenter\"><img loading=\"lazy\" decoding=\"async\" class=\"wp-image-11708\" src=\"https:\/\/achisonsafety.com.vn\/wp-content\/uploads\/2023\/10\/vien-nen-go-8.jpg\" alt=\"\" width=\"800\" height=\"400\" title=\"\" srcset=\"https:\/\/achisonsafety.com.vn\/wp-content\/uploads\/2023\/10\/vien-nen-go-8.jpg 900w, https:\/\/achisonsafety.com.vn\/wp-content\/uploads\/2023\/10\/vien-nen-go-8-800x400.jpg 800w, https:\/\/achisonsafety.com.vn\/wp-content\/uploads\/2023\/10\/vien-nen-go-8-768x384.jpg 768w, https:\/\/achisonsafety.com.vn\/wp-content\/uploads\/2023\/10\/vien-nen-go-8-60x30.jpg 60w, https:\/\/achisonsafety.com.vn\/wp-content\/uploads\/2023\/10\/vien-nen-go-8-120x60.jpg 120w, https:\/\/achisonsafety.com.vn\/wp-content\/uploads\/2023\/10\/vien-nen-go-8-510x255.jpg 510w\" sizes=\"(max-width: 800px) 100vw, 800px\" \/><figcaption id=\"caption-attachment-11708\" class=\"wp-caption-text\">S\u1ea3n ph\u1ea9m vi\u00ean n\u00e9n g\u1ed7 chu\u1ea9n b\u1ecb giao cho kh\u00e1ch h\u00e0ng<\/figcaption><\/figure>\n<h2><strong>\u1ee8ng d\u1ee5ng c\u1ee7a vi\u00ean n\u00e9n g\u1ed7<\/strong><\/h2>\n<p>Ng\u00e0y nay, vi\u00ean n\u00e9n g\u1ed7 \u0111\u01b0\u1ee3c \u1ee9ng d\u1ee5ng r\u1ea5t nhi\u1ec1u trong c\u00e1c l\u0129nh v\u1ef1c kh\u00e1c nhau c\u1ee7a \u0111\u1eddi s\u1ed1ng:<\/p>\n<p>&#8211; Trong c\u00f4ng nghi\u1ec7p: D\u00f9ng \u0111\u1ec3 \u0111\u1ed1t l\u00f2 h\u01a1i, nh\u00e0 m\u00e1y nhi\u1ec7t \u0111i\u1ec7n sinh kh\u1ed1i, s\u1ea3n xu\u1ea5t gi\u1ea5y, ch\u1ebf bi\u1ebfn th\u1ef1c ph\u1ea9m, s\u1ea3n xu\u1ea5t xi m\u0103ng, s\u1ea3n xu\u1ea5t x\u01a1 s\u1ee3i, s\u1ea3n xu\u1ea5t v\u1eadt li\u1ec7u x\u00e2y d\u1ef1ng, s\u1ea3n xu\u1ea5t th\u00e9p, s\u1ea3n xu\u1ea5t h\u00f3a ch\u1ea5t&#8230;<\/p>\n<p>&#8211; Trong gia \u0111\u00ecnh: \u0110\u01b0\u1ee3c d\u00f9ng cho b\u1ebfp \u0111un, l\u00f2 s\u01b0\u1edfi, n\u1ed3i h\u01a1i&#8230;<\/p>\n<p>&#8211; Xu\u1ea5t kh\u1ea9u: Ngo\u00e0i ra, th\u00ec Vi\u1ec7t Nam c\u0169ng l\u00e0 m\u1ed9t trong nh\u1eefng n\u01b0\u1edbc xu\u1ea5t kh\u1ea9u vi\u00ean g\u1ed7 n\u00e9n h\u00e0ng \u0111\u1ea7u th\u1ebf gi\u1edbi, ch\u1ee7 y\u1ebfu sang M\u1ef9, Ch\u00e2u \u00c2u, H\u00e0n Qu\u1ed1c, Nh\u1eadt B\u1ea3n&#8230;<\/p>\n<figure id=\"attachment_11706\" aria-describedby=\"caption-attachment-11706\" style=\"width: 800px\" class=\"wp-caption aligncenter\"><img loading=\"lazy\" decoding=\"async\" class=\"wp-image-11706\" src=\"https:\/\/achisonsafety.com.vn\/wp-content\/uploads\/2023\/10\/vien-nen-go-6.jpg\" alt=\"\" width=\"800\" height=\"533\" title=\"\" srcset=\"https:\/\/achisonsafety.com.vn\/wp-content\/uploads\/2023\/10\/vien-nen-go-6.jpg 900w, https:\/\/achisonsafety.com.vn\/wp-content\/uploads\/2023\/10\/vien-nen-go-6-600x400.jpg 600w, https:\/\/achisonsafety.com.vn\/wp-content\/uploads\/2023\/10\/vien-nen-go-6-768x512.jpg 768w, https:\/\/achisonsafety.com.vn\/wp-content\/uploads\/2023\/10\/vien-nen-go-6-45x30.jpg 45w, https:\/\/achisonsafety.com.vn\/wp-content\/uploads\/2023\/10\/vien-nen-go-6-90x60.jpg 90w, https:\/\/achisonsafety.com.vn\/wp-content\/uploads\/2023\/10\/vien-nen-go-6-510x340.jpg 510w\" sizes=\"(max-width: 800px) 100vw, 800px\" \/><figcaption id=\"caption-attachment-11706\" class=\"wp-caption-text\">D\u00f9ng vi\u00ean n\u00e9n g\u1ed7 \u0111\u1ec3 \u0111\u1ed1t l\u00f2<\/figcaption><\/figure>\n<\/div>\n<h2 style=\"text-align: justify;\"><strong>Nguy\u00ean l\u00fd s\u1ea3n xu\u1ea5t<\/strong><\/h2>\n<p style=\"text-align: justify;\"><a href=\"https:\/\/achisonsafety.com.vn\/san-pham\/vien-nen-go\/\" target=\"_blank\" rel=\"noopener\">Vi\u00ean n\u00e9n g\u1ed7<\/a> \u0111\u01b0\u1ee3c l\u00e0m t\u1eeb g\u1ed7 v\u1ee5n t\u1ef1 nhi\u00ean v\u00e0 \u00e9p khu\u00f4n v\u1eadn h\u00e0nh b\u1eb1ng \u0111i\u1ec7n ba pha. G\u1ed7 v\u1ee5n \u0111\u01b0\u1ee3c cho v\u00e0o ph\u1ec5u h\u1ee9ng ph\u00eda tr\u00ean, m\u00e1y s\u1ebd \u00e9p ch\u00e0 x\u00e1t qua khu\u00f4n s\u1ea3n ph\u1ea9m ra ph\u00eda d\u01b0\u1edbi nh\u1eefng vi\u00ean n\u00e9n h\u00ecnh tr\u00f2n d\u00e0i 10mm \u2013 50mm.<\/p>\n<p style=\"text-align: justify;\">Vi\u00ean n\u00e9n c\u00f3 \u0111\u01b0\u1eddng k\u00ednh t\u1eeb 08mm-12mm, \u0111\u1eb7c ru\u1ed9t. C\u00f4ng su\u1ea5t c\u1ee7a m\u00e1y 1,5-2,5 t\u1ea5n\/gi\u1edd, sau khi \u00e9p, vi\u00ean n\u00e9n \u0111\u01b0\u1ee3c gi\u1ea3i nhi\u1ec7t b\u1eb1ng gi\u00f3 ho\u1eb7c h\u01a1i l\u1ea1nh \u0111\u1ec3 \u0111\u1ecbnh h\u00ecnh s\u1ea3n ph\u1ea9m.<\/p>\n<div style=\"text-align: justify;\">\n<h2 style=\"text-align: justify;\"><span style=\"font-family: arial, helvetica, sans-serif;\"><b>L\u1ee3i \u00edch khi s\u1eed d\u1ee5ng vi\u00ean n\u00e9n g\u1ed7<\/b><b><\/b><\/span><\/h2>\n<\/div>\n<div style=\"text-align: justify;\">\n<p class=\"p\"><span style=\"font-family: arial, helvetica, sans-serif;\"><b><span class=\"15\">\u0110\u1ed1i v\u1edbi doanh nghi\u1ec7p:<\/span><\/b> Gi\u00fap gi\u1ea3m chi ph\u00ed ti\u00eau th\u1ee5 nhi\u00ean li\u1ec7u t\u1eeb 30 \u2013 50%, \u0111\u1ea3m b\u1ea3o ngu\u1ed3n cung \u1ed5n \u0111\u1ecbnh.<\/span><\/p>\n<\/div>\n<div style=\"text-align: justify;\">\n<p class=\"p\"><span style=\"font-family: arial, helvetica, sans-serif;\"><b><span class=\"15\">\u0110\u1ed1i v\u1edbi x\u00e3 h\u1ed9i:<\/span><\/b> Gi\u00fap gi\u1ea3m ph\u00e1t th\u1ea3i kh\u00ed nh\u00e0 k\u00ednh, g\u00f3p ph\u1ea7n trong vi\u1ec7c ch\u1ed1ng bi\u1ebfn \u0111\u1ed5i kh\u00ed h\u1eadu.<\/span><\/p>\n<\/div>\n<div style=\"text-align: justify;\">\n<p class=\"p\" style=\"text-align: justify;\"><span style=\"font-family: arial, helvetica, sans-serif;\"><b><span class=\"15\">\u0110\u1ed1i v\u1edbi n\u00f4ng d\u00e2n:<\/span><\/b> Gi\u00fap t\u1ea1o th\u00eam gi\u00e1 tr\u1ecb t\u1eeb ph\u1ee5 ph\u1ea9m g\u1ed7, t\u0103ng thu nh\u1eadp \u0111\u00e1ng k\u1ec3.<\/span><\/p>\n<figure id=\"attachment_11710\" aria-describedby=\"caption-attachment-11710\" style=\"width: 800px\" class=\"wp-caption aligncenter\"><img loading=\"lazy\" decoding=\"async\" class=\"wp-image-11710\" src=\"https:\/\/achisonsafety.com.vn\/wp-content\/uploads\/2023\/10\/vien-nen-go-9.jpg\" alt=\"\" width=\"800\" height=\"450\" title=\"\" srcset=\"https:\/\/achisonsafety.com.vn\/wp-content\/uploads\/2023\/10\/vien-nen-go-9.jpg 900w, https:\/\/achisonsafety.com.vn\/wp-content\/uploads\/2023\/10\/vien-nen-go-9-711x400.jpg 711w, https:\/\/achisonsafety.com.vn\/wp-content\/uploads\/2023\/10\/vien-nen-go-9-768x432.jpg 768w, https:\/\/achisonsafety.com.vn\/wp-content\/uploads\/2023\/10\/vien-nen-go-9-53x30.jpg 53w, https:\/\/achisonsafety.com.vn\/wp-content\/uploads\/2023\/10\/vien-nen-go-9-107x60.jpg 107w, https:\/\/achisonsafety.com.vn\/wp-content\/uploads\/2023\/10\/vien-nen-go-9-510x287.jpg 510w\" sizes=\"(max-width: 800px) 100vw, 800px\" \/><figcaption id=\"caption-attachment-11710\" class=\"wp-caption-text\">H\u00ecnh \u1ea3nh vi\u00ean n\u00e9n g\u1ed7 \u0111ang ch\u00e1y<\/figcaption><\/figure>\n<\/div>\n<h2 style=\"text-align: justify;\"><strong>Th\u00f4ng tin kh\u00e1c<\/strong><\/h2>\n<p style=\"text-align: justify;\"><strong>C\u00f4ng su\u1ea5t s\u1ea3n xu\u1ea5t:<\/strong>\u00a0200 \u2013 300 t\u1ea5n\/ng\u00e0y<\/p>\n<p style=\"text-align: justify;\"><strong>V\u1eadn chuy\u1ec3n:<\/strong>\u00a0Xe container, xe ben, xe t\u1ea3i<\/p>\n<p style=\"text-align: justify;\"><strong>\u0110i\u1ec1u ki\u1ec7n giao h\u00e0ng:<\/strong>\u00a0DDP, DDU<\/p>\n<p style=\"font-weight: 400; text-align: justify;\">Ch\u1eafc ch\u1eafn r\u1eb1ng, vi\u00ean n\u00e9n g\u1ed7 kh\u00f4ng ch\u1ec9 l\u00e0 ngu\u1ed3n nhi\u00ean li\u1ec7u s\u1ea1ch m\u00e0 c\u00f2n mang \u00fd ngh\u0129a kinh t\u1ebf, x\u00e3 h\u1ed9i v\u00e0 m\u00f4i tr\u01b0\u1eddng r\u1ea5t l\u1edbn. Trong xu th\u1ebf to\u00e0n c\u1ea7u h\u01b0\u1edbng \u0111\u1ebfn ph\u00e1t tri\u1ec3n n\u0103ng l\u01b0\u1ee3ng b\u1ec1n v\u1eefng v\u00e0 n\u0103ng l\u01b0\u1ee3n t\u00e1i t\u1ea1o, th\u00ec vi\u00ean n\u00e9n g\u1ed7 ch\u00ednh l\u00e0 gi\u1ea3i ph\u00e1p n\u0103ng l\u01b0\u1ee3ng thi\u1ebft y\u1ebfu v\u00e0 quan tr\u1ecdng cho h\u00f4m nay v\u00e0 t\u01b0\u01a1ng lai.<\/p>\n<p style=\"text-align: justify;\">N\u1ebfu b\u1ea1n \u0111ang quan t\u00e2m v\u00e0 mu\u1ed1n \u0111\u1eb7t mua vi\u00ean n\u00e9n h\u1ed7 th\u00ec h\u00e3y li\u00ean h\u1ec7 v\u1edbi <a href=\"https:\/\/achisonsafety.com.vn\/\" target=\"_blank\" rel=\"noopener\">C\u00f4ng ty C\u1ed5 ph\u1ea7n Achison<\/a> \u0111\u1ec3 \u0111\u01b0\u1ee3c h\u1ed7 tr\u1ee3 v\u00e0 nh\u1eadn b\u00e1o gi\u00e1 ngay nh\u00e9.<\/p>\n","protected":false},"excerpt":{"rendered":"<p style=\"font-weight: 400; text-align: justify;\">&#8211; N\u0103ng l\u01b0\u1ee3ng cao, \u1ed5n \u0111\u1ecbnh: 1 t\u1ea5n vi\u00ean n\u00e9n g\u1ed7 cho n\u0103ng l\u01b0\u1ee3ng t\u01b0\u01a1ng \u0111\u01b0\u01a1ng 4,5m\u00b3 c\u1ee7i kh\u00f4 ho\u1eb7c 500 l\u00edt d\u1ea7u.<\/p>\n<p style=\"font-weight: 400; text-align: justify;\">&#8211; Th\u00e2n thi\u1ec7n m\u00f4i tr\u01b0\u1eddng: Vi\u00ean n\u00e9n g\u1ed7 ph\u00e1t th\u1ea3i CO\u2082 th\u1ea5p, kh\u00f4ng g\u00e2y \u00f4 nhi\u1ec5m kh\u00f4ng kh\u00ed.<\/p>\n<p style=\"text-align: justify;\">&#8211; K\u00edch th\u01b0\u1edbc v\u00e0 ti\u00eau chu\u1ea9n \u0111\u1ea1t ch\u1ea5t l\u01b0\u1ee3ng xu\u1ea5t kh\u1ea9u.<\/p>\n","protected":false},"featured_media":9255,"comment_status":"open","ping_status":"closed","template":"","meta":[],"product_cat":[790],"product_tag":[934,1082,795],"class_list":{"0":"post-9254","1":"product","2":"type-product","3":"status-publish","4":"has-post-thumbnail","6":"product_cat-vien-nen-go","7":"product_tag-vien-go-nen","8":"product_tag-vien-nen","9":"product_tag-vien-nen-go","10":"yith_product_brand-thuong-hieu-khac","12":"first","13":"instock","14":"shipping-taxable","15":"product-type-simple"},"acf":[],"_links":{"self":[{"href":"https:\/\/achisonsafety.com.vn\/en\/wp-json\/wp\/v2\/product\/9254"}],"collection":[{"href":"https:\/\/achisonsafety.com.vn\/en\/wp-json\/wp\/v2\/product"}],"about":[{"href":"https:\/\/achisonsafety.com.vn\/en\/wp-json\/wp\/v2\/types\/product"}],"replies":[{"embeddable":true,"href":"https:\/\/achisonsafety.com.vn\/en\/wp-json\/wp\/v2\/comments?post=9254"}],"wp:featuredmedia":[{"embeddable":true,"href":"https:\/\/achisonsafety.com.vn\/en\/wp-json\/wp\/v2\/media\/9255"}],"wp:attachment":[{"href":"https:\/\/achisonsafety.com.vn\/en\/wp-json\/wp\/v2\/media?parent=9254"}],"wp:term":[{"taxonomy":"product_cat","embeddable":true,"href":"https:\/\/achisonsafety.com.vn\/en\/wp-json\/wp\/v2\/product_cat?post=9254"},{"taxonomy":"product_tag","embeddable":true,"href":"https:\/\/achisonsafety.com.vn\/en\/wp-json\/wp\/v2\/product_tag?post=9254"}],"curies":[{"name":"wp","href":"https:\/\/api.w.org\/{rel}","templated":true}]}}