{"id":9261,"date":"2023-10-17T15:45:40","date_gmt":"2023-10-17T08:45:40","guid":{"rendered":"https:\/\/achisonsafety.com.vn\/?post_type=product&#038;p=9261"},"modified":"2025-09-17T16:44:26","modified_gmt":"2025-09-17T09:44:26","slug":"than-da","status":"publish","type":"product","link":"https:\/\/achisonsafety.com.vn\/en\/san-pham\/than-da\/","title":{"rendered":"Than \u0111\u00e1"},"content":{"rendered":"<p>Than Indo \u0111\u01b0\u1ee3c chuy\u00ean gia \u0111\u00e1nh gi\u00e1 l\u00e0 ngu\u1ed3n than c\u00f3 tr\u1eef l\u01b0\u1ee3ng \u1ed5n \u0111\u1ecbnh v\u00e0 ch\u1ea5t l\u01b0\u1ee3ng r\u1ea5t t\u1ed1t. Ng\u00e0nh c\u00f4ng nghi\u1ec7p than c\u1ee7a Indonesia ph\u00e1t tri\u1ec3n b\u1ec1n v\u1eefng: s\u1ea3n l\u01b0\u1ee3ng khai th\u00e1c v\u00e0 tr\u1eef l\u01b0\u1ee3ng th\u0103m d\u00f2 \u0111\u1ed3ng \u0111\u1ec1u.<\/p>\n<p><strong>\u01afu \u0111i\u1ec3m c\u1ee7a than Indo:<\/strong><\/p>\n<ul>\n<li>Nhi\u1ec7t tr\u1ecb trung b\u00ecnh t\u1eeb 5000 &#8211; 7000 Kcal\/Kg<\/li>\n<li>H\u00e0m l\u01b0\u1ee3ng tro v\u00e0 h\u00e0m l\u01b0\u1ee3ng l\u01b0u hu\u1ef3nh th\u1ea5p<\/li>\n<li>D\u1ec5 d\u00e0ng \u0111\u1ed1t ch\u00e1y v\u1edbi c\u00e1c nguy\u00ean li\u1ec7u c\u00f3 s\u1eb5n<\/li>\n<\/ul>\n<p><strong>C\u00e1c lo\u1ea1i than Indo m\u00e0 Achison cung c\u1ea5p:<\/strong><\/p>\n<ul>\n<li>Than Indo c\u1ee5c<\/li>\n<li>Than Indo \u0111en c\u1ee5c<\/li>\n<li>Than c\u00e1m Indo<\/li>\n<\/ul>\n<p><strong>C\u00f4ng su\u1ea5t nh\u1eadp kh\u1ea9u:<\/strong> H\u01a1n 1 tri\u1ec7u t\u1ea5n\/n\u0103m<\/p>\n<p><strong>V\u1eadn chuy\u1ec3n:<\/strong> \u0110a d\u1ea1ng theo nhu c\u1ea7u kh\u00e1ch h\u00e0ng<\/p>\n<p><strong>\u0110i\u1ec1u ki\u1ec7n mua h\u00e0ng:<\/strong> FOB, CIF<\/p>\n<figure id=\"attachment_9262\" aria-describedby=\"caption-attachment-9262\" style=\"width: 1141px\" class=\"wp-caption alignnone\"><img loading=\"lazy\" decoding=\"async\" class=\"size-full wp-image-9262\" src=\"https:\/\/achisonsafety.com.vn\/wp-content\/uploads\/2023\/10\/Than-da-4.jpg\" alt=\"Nh\u1eadp kh\u1ea9u than Indo\" width=\"1141\" height=\"582\" title=\"\" srcset=\"https:\/\/achisonsafety.com.vn\/wp-content\/uploads\/2023\/10\/Than-da-4.jpg 1141w, https:\/\/achisonsafety.com.vn\/wp-content\/uploads\/2023\/10\/Than-da-4-784x400.jpg 784w, https:\/\/achisonsafety.com.vn\/wp-content\/uploads\/2023\/10\/Than-da-4-768x392.jpg 768w, https:\/\/achisonsafety.com.vn\/wp-content\/uploads\/2023\/10\/Than-da-4-59x30.jpg 59w, https:\/\/achisonsafety.com.vn\/wp-content\/uploads\/2023\/10\/Than-da-4-118x60.jpg 118w, https:\/\/achisonsafety.com.vn\/wp-content\/uploads\/2023\/10\/Than-da-4-510x260.jpg 510w\" sizes=\"(max-width: 1141px) 100vw, 1141px\" \/><figcaption id=\"caption-attachment-9262\" class=\"wp-caption-text\">Than \u0111\u00e1 Indo nhi\u1ec7t tr\u1ecb cao<\/figcaption><\/figure>\n","protected":false},"excerpt":{"rendered":"<ul>\n<li>Tr\u1eef l\u01b0\u1ee3ng than l\u1edbn<\/li>\n<li>H\u1ec7 th\u1ed1ng kho b\u00e3i v\u00e0 logistic ti\u00eau chu\u1ea9n<\/li>\n<\/ul>\n","protected":false},"featured_media":9264,"comment_status":"open","ping_status":"closed","template":"","meta":[],"product_cat":[788],"product_tag":[188,185,187,184,186,338,190,181,183,189,796,797],"class_list":{"0":"post-9261","1":"product","2":"type-product","3":"status-publish","4":"has-post-thumbnail","6":"product_cat-than-da","7":"product_tag-nganh-dau-khi-khai-khoang-dong-tau-cang-bien-hang-khong","8":"product_tag-nganh-dien-dien-tu","9":"product_tag-nganh-duoc-duoc-pham-benh-vien","10":"product_tag-nganh-gia-cong-kim-loai","11":"product_tag-nganh-giay-da-va-may-mac","12":"product_tag-nganh-khai-thac-va-che-bien-go-noi-that","13":"product_tag-nganh-san-xuat-chung","14":"product_tag-nganh-san-xuat-va-che-bien-thuc-pham","15":"product_tag-nganh-tu-dong-hoa","16":"product_tag-nganh-xay-dung-logistic-hoa-chat","17":"product_tag-than-da","18":"product_tag-than-indo","19":"yith_product_brand-thuong-hieu-khac","21":"first","22":"instock","23":"shipping-taxable","24":"product-type-simple"},"acf":[],"_links":{"self":[{"href":"https:\/\/achisonsafety.com.vn\/en\/wp-json\/wp\/v2\/product\/9261"}],"collection":[{"href":"https:\/\/achisonsafety.com.vn\/en\/wp-json\/wp\/v2\/product"}],"about":[{"href":"https:\/\/achisonsafety.com.vn\/en\/wp-json\/wp\/v2\/types\/product"}],"replies":[{"embeddable":true,"href":"https:\/\/achisonsafety.com.vn\/en\/wp-json\/wp\/v2\/comments?post=9261"}],"wp:featuredmedia":[{"embeddable":true,"href":"https:\/\/achisonsafety.com.vn\/en\/wp-json\/wp\/v2\/media\/9264"}],"wp:attachment":[{"href":"https:\/\/achisonsafety.com.vn\/en\/wp-json\/wp\/v2\/media?parent=9261"}],"wp:term":[{"taxonomy":"product_cat","embeddable":true,"href":"https:\/\/achisonsafety.com.vn\/en\/wp-json\/wp\/v2\/product_cat?post=9261"},{"taxonomy":"product_tag","embeddable":true,"href":"https:\/\/achisonsafety.com.vn\/en\/wp-json\/wp\/v2\/product_tag?post=9261"}],"curies":[{"name":"wp","href":"https:\/\/api.w.org\/{rel}","templated":true}]}}