{"id":9304,"date":"2023-10-18T17:01:55","date_gmt":"2023-10-18T10:01:55","guid":{"rendered":"https:\/\/achisonsafety.com.vn\/?post_type=product&#038;p=9304"},"modified":"2025-09-17T16:44:25","modified_gmt":"2025-09-17T09:44:25","slug":"sani-tred-permaflex-floor-paint","status":"publish","type":"product","link":"https:\/\/achisonsafety.com.vn\/en\/san-pham\/sani-tred-permaflex-floor-paint\/","title":{"rendered":"SANI-TRED Permaflex Floor Paint"},"content":{"rendered":"<p>Permaflex is a liquid polyurethane waterproof coating. In other words, this is a liquid rubber waterproofing product. This product can be applied to surfaces using a roller or small brush for small surfaces. Permaflex can be used with nozzles for larger areas.<\/p>\n<p>When coated, Permaflex bonds to the material, creating a rubber coating that repels water and other liquids.<\/p>\n<p>Permaflex waterproof coating is not only for outdoor use. Basements often experience leaks, mold, and musty odors from groundwater. Using Permaflex in the basement keeps the basement free of groundwater. You can protect your home from water damage and protect your family mold with a layer of Permaflex.<\/p>\n<p><strong>Advantages<\/strong><\/p>\n<ul>\n<li>Acts as a covering ingredient: Superior chemical resistance than Superthane and Epoxy; Faster drying than epoxy paint; construction time is much faster than epoxy paint; superior to epoxy paint in many areas; Not UV resistant, fade resistant<\/li>\n<li>Waterproofing concrete floors, tile floors, terraces, walls, moss, mold<\/li>\n<li>High wear resistance<\/li>\n<li>Impact resistant, elastic<\/li>\n<li>Covers small cracks on the surface<\/li>\n<li>Suitable for hot, cold, and humid weather<\/li>\n<li>No peeling<\/li>\n<\/ul>\n<p><strong>Application<\/strong><\/p>\n<ul>\n<li>Permaflex makes surface coating more durable, and makes cleaning easier. Helps waterproof most construction surfaces, protecting concrete, wood, steel and even some plastics.<\/li>\n<\/ul>\n<p><strong>Color<\/strong><\/p>\n<figure id=\"attachment_9277\" aria-describedby=\"caption-attachment-9277\" style=\"width: 662px\" class=\"wp-caption alignnone\"><img loading=\"lazy\" decoding=\"async\" class=\"size-full wp-image-9277\" src=\"https:\/\/achisonsafety.com.vn\/wp-content\/uploads\/2023\/10\/Son-chong-tham-Permaflex-Bang-mau.png\" alt=\"B\u1ea3ng m\u00e0u s\u01a1n ch\u1ed1ng th\u1ea5m Permaflex\" width=\"662\" height=\"168\" title=\"\" srcset=\"https:\/\/achisonsafety.com.vn\/wp-content\/uploads\/2023\/10\/Son-chong-tham-Permaflex-Bang-mau.png 662w, https:\/\/achisonsafety.com.vn\/wp-content\/uploads\/2023\/10\/Son-chong-tham-Permaflex-Bang-mau-118x30.png 118w, https:\/\/achisonsafety.com.vn\/wp-content\/uploads\/2023\/10\/Son-chong-tham-Permaflex-Bang-mau-236x60.png 236w, https:\/\/achisonsafety.com.vn\/wp-content\/uploads\/2023\/10\/Son-chong-tham-Permaflex-Bang-mau-510x129.png 510w\" sizes=\"(max-width: 662px) 100vw, 662px\" \/><figcaption id=\"caption-attachment-9277\" class=\"wp-caption-text\">S\u01a1n ch\u1ed1ng th\u1ea5m s\u00e0n nh\u00e0 m\u00e1y Permaflex<\/figcaption><\/figure>\n<p><strong>Dry Coat Thickness<\/strong><\/p>\n<ul>\n<li>Thickness dry on the surface of the material 6-8 mil<\/li>\n<\/ul>\n<p><strong>Guarantee<\/strong><\/p>\n<p>3 years<\/p>\n","protected":false},"excerpt":{"rendered":"<ul>\n<li>Waterproofing concrete floors, tile floors, terraces, walls, moss, mold<\/li>\n<li>High wear resistance<\/li>\n<li>Impact resistant, elastic<\/li>\n<li>Covers small cracks on the surface<\/li>\n<\/ul>\n","protected":false},"featured_media":9279,"comment_status":"open","ping_status":"closed","template":"","meta":[],"product_cat":[799],"product_tag":[],"class_list":{"0":"post-9304","1":"product","2":"type-product","3":"status-publish","4":"has-post-thumbnail","6":"product_cat-waterproof-paint","8":"first","9":"instock","10":"shipping-taxable","11":"product-type-simple"},"acf":[],"_links":{"self":[{"href":"https:\/\/achisonsafety.com.vn\/en\/wp-json\/wp\/v2\/product\/9304"}],"collection":[{"href":"https:\/\/achisonsafety.com.vn\/en\/wp-json\/wp\/v2\/product"}],"about":[{"href":"https:\/\/achisonsafety.com.vn\/en\/wp-json\/wp\/v2\/types\/product"}],"replies":[{"embeddable":true,"href":"https:\/\/achisonsafety.com.vn\/en\/wp-json\/wp\/v2\/comments?post=9304"}],"wp:featuredmedia":[{"embeddable":true,"href":"https:\/\/achisonsafety.com.vn\/en\/wp-json\/wp\/v2\/media\/9279"}],"wp:attachment":[{"href":"https:\/\/achisonsafety.com.vn\/en\/wp-json\/wp\/v2\/media?parent=9304"}],"wp:term":[{"taxonomy":"product_cat","embeddable":true,"href":"https:\/\/achisonsafety.com.vn\/en\/wp-json\/wp\/v2\/product_cat?post=9304"},{"taxonomy":"product_tag","embeddable":true,"href":"https:\/\/achisonsafety.com.vn\/en\/wp-json\/wp\/v2\/product_tag?post=9304"}],"curies":[{"name":"wp","href":"https:\/\/api.w.org\/{rel}","templated":true}]}}