{"id":9390,"date":"2023-12-13T16:36:55","date_gmt":"2023-12-13T09:36:55","guid":{"rendered":"https:\/\/achisonsafety.com.vn\/?post_type=product&#038;p=9390"},"modified":"2025-09-17T16:44:23","modified_gmt":"2025-09-17T09:44:23","slug":"may-soc-tim-tu-dong-zoll-aed-3-aed","status":"publish","type":"product","link":"https:\/\/achisonsafety.com.vn\/en\/san-pham\/may-soc-tim-tu-dong-zoll-aed-3-aed\/","title":{"rendered":"M\u00c1Y S\u1ed0C TIM T\u1ef0 \u0110\u1ed8NG ZOLL AED 3 (AED)"},"content":{"rendered":"<p><strong>M\u00e1y s\u1ed1c tim t\u1ef1 \u0111\u1ed9ng<\/strong> (AED &#8211; Automated External Defibrillator) l\u00e0 m\u1ed9t thi\u1ebft b\u1ecb di \u0111\u1ed9ng \u0111\u01b0\u1ee3c thi\u1ebft k\u1ebf \u0111\u1ec3 h\u1ed7 tr\u1ee3 trong nh\u1eefng t\u00ecnh hu\u1ed1ng c\u1ea5p c\u1ee9u tim nh\u01b0 r\u1ed1i lo\u1ea1n nh\u1ecbp tim nguy hi\u1ec3m, rung \u0111\u1ed9ng tim kh\u00f4ng \u0111\u1ec1u, m\u1ed9t tr\u1ea1ng th\u00e1i tim ho\u1ea1t \u0111\u1ed9ng kh\u00f4ng hi\u1ec7u qu\u1ea3, g\u00e2y nguy c\u01a1 cao cho t\u00ednh m\u1ea1ng n\u1ebfu kh\u00f4ng \u0111\u01b0\u1ee3c x\u1eed l\u00fd ngay l\u1eadp t\u1ee9c.<\/p>\n<h1><strong><span style=\"font-size: 75%\">C\u00f4ng d\u1ee5ng c\u1ee7a m\u00e1y s\u1ed1c tim t\u1ef1 \u0111\u1ed9ng<\/span><\/strong><\/h1>\n<div>1. Ph\u00e1t hi\u1ec7n r\u1ed1i lo\u1ea1n nh\u1ecbp tim: M\u00e1y s\u1ed1c tim t\u1ef1 \u0111\u1ed9ng c\u00f3 kh\u1ea3 n\u0103ng t\u1ef1 \u0111\u1ed9ng ph\u00e1t hi\u1ec7n r\u1ed1i lo\u1ea1n nh\u1ecbp tim nh\u01b0 nh\u0129 nh\u1ed3i, rung nh\u0129 hay nh\u1ecbp tim kh\u00f4ng \u0111\u1ec1u.<\/div>\n<div><\/div>\n<div>2. Cung c\u1ea5p \u0111i\u1ec7n gi\u1ea3i t\u1ef1 \u0111\u1ed9ng: N\u1ebfu m\u00e1y ph\u00e1t hi\u1ec7n r\u1eb1ng c\u00f3 s\u1ef1 r\u1ed1i lo\u1ea1n nh\u1ecbp tim c\u00f3 th\u1ec3 \u0111\u01b0\u1ee3c \u0111i\u1ec1u tr\u1ecb b\u1eb1ng \u0111i\u1ec7n gi\u1ea3i, n\u00f3 s\u1ebd t\u1ef1 \u0111\u1ed9ng ph\u00e1t ra m\u1ed9t l\u1ec7nh \u0111\u1ec3 cung c\u1ea5p m\u1ed9t l\u01b0\u1ee3ng \u0111i\u1ec7n nh\u1ea5t \u0111\u1ecbnh \u0111\u1ec3 kh\u1eafc ph\u1ee5c r\u1ed1i lo\u1ea1n.<\/div>\n<div><\/div>\n<div>3. H\u01b0\u1edbng d\u1eabn s\u1eed d\u1ee5ng cho ng\u01b0\u1eddi c\u1ee9u th\u01b0\u01a1ng: M\u00e1y s\u1ed1c tim th\u01b0\u1eddng \u0111i k\u00e8m v\u1edbi h\u01b0\u1edbng d\u1eabn r\u00f5 r\u00e0ng v\u00e0 \u00e2m thanh \u0111\u1ec3 h\u01b0\u1edbng d\u1eabn ng\u01b0\u1eddi s\u1eed d\u1ee5ng trong qu\u00e1 tr\u00ecnh c\u1ea5p c\u1ee9u. H\u01b0\u1edbng d\u1eabn n\u00e0y th\u01b0\u1eddng r\u1ea5t d\u1ec5 hi\u1ec3u v\u00e0 kh\u00f4ng y\u00eau c\u1ea7u kinh nghi\u1ec7m y t\u1ebf \u0111\u1eb7c bi\u1ec7t.<\/div>\n<div>\n<p><strong><em>ZOLL AED 3 (AED) l\u00e0 m\u1ed9t trong nh\u1eefng d\u00f2ng m\u00e1y s\u1ed1c tim t\u1ef1 \u0111\u1ed9ng th\u1ebf h\u1ec7 m\u1edbi, h\u1ed7 tr\u1ee3 c\u1ee9u n\u1ea1n c\u1ee9u h\u1ed9 trong nh\u1eefng t\u00ecnh u\u1ed1ng kh\u1ea9n c\u1ea5p li\u00ean quan \u0111\u1ebfn tim. Thi\u1ebft k\u1ebf nh\u1ecf g\u1ecdn, c\u00e1ch th\u1ee9c s\u1eed d\u1ee5ng \u0111\u01a1n gi\u1ea3n nh\u01b0ng hi\u1ec7u qu\u1ea3 mang l\u1ea1i c\u1ef1c k\u1ef3 cao. C\u00f9ng <a href=\"https:\/\/achisonsafety.com.vn\/\">Achison<\/a> t\u00ecm hi\u1ec3u th\u00eam th\u00f4ng tin v\u1ec1<a href=\"https:\/\/achisonsafety.com.vn\/danh-muc-san-pham\/phong-chay-chua-chay-cuu-ho\/thiet-bi-ung-cuu-su-co\/\"> thi\u1ebft b\u1ecb \u1ee9ng c\u1ee9u s\u1ef1 c\u1ed1<\/a> ZOLL AED 3 (AED) n\u00e0y:<\/em><\/strong><\/p>\n<h2><span style=\"font-size: 75%\"><strong>Th\u00f4ng tin s\u1ea3n ph\u1ea9m:<\/strong><\/span><\/h2>\n<p>M\u00e1y s\u1ed1c tim t\u1ef1 \u0111\u1ed9ng ZOLL AED 3 (AED) s\u1eed d\u1ee5ng c\u00f4ng ngh\u1ec7 Real CPR Help (cardiopulmonary resuscitation) th\u1ebf h\u1ec7 m\u1edbi<\/p>\n<p><img loading=\"lazy\" decoding=\"async\" class=\"wp-image-9391 aligncenter\" src=\"https:\/\/achisonsafety.com.vn\/wp-content\/uploads\/2023\/12\/May-soc-tim-tu-dong.png\" alt=\"M\u00e1y s\u1ed1c tim t\u1ef1 \u0111\u1ed9ng\" width=\"383\" height=\"383\" title=\"\" srcset=\"https:\/\/achisonsafety.com.vn\/wp-content\/uploads\/2023\/12\/May-soc-tim-tu-dong.png 500w, https:\/\/achisonsafety.com.vn\/wp-content\/uploads\/2023\/12\/May-soc-tim-tu-dong-400x400.png 400w, https:\/\/achisonsafety.com.vn\/wp-content\/uploads\/2023\/12\/May-soc-tim-tu-dong-280x280.png 280w, https:\/\/achisonsafety.com.vn\/wp-content\/uploads\/2023\/12\/May-soc-tim-tu-dong-30x30.png 30w, https:\/\/achisonsafety.com.vn\/wp-content\/uploads\/2023\/12\/May-soc-tim-tu-dong-60x60.png 60w, https:\/\/achisonsafety.com.vn\/wp-content\/uploads\/2023\/12\/May-soc-tim-tu-dong-247x247.png 247w, https:\/\/achisonsafety.com.vn\/wp-content\/uploads\/2023\/12\/May-soc-tim-tu-dong-100x100.png 100w\" sizes=\"(max-width: 383px) 100vw, 383px\" \/><\/p>\n<p><strong>C\u00f4ng ngh\u1ec7 Real CPR Help<\/strong> l\u00e0 m\u1ed9t c\u00f4ng ngh\u1ec7 \u0111\u01b0\u1ee3c t\u00edch h\u1ee3p trong c\u00e1c thi\u1ebft b\u1ecb gi\u1ea3m s\u1ed1c t\u1ef1 \u0111\u1ed9ng \u0111\u1ec3 cung c\u1ea5p h\u1ed7 tr\u1ee3 v\u00e0 ph\u1ea3n h\u1ed3i chi ti\u1ebft trong qu\u00e1 tr\u00ecnh th\u1ef1c hi\u1ec7n c\u00e1c \u0111\u1ed9ng t\u00e1c h\u1ed3i s\u1ee9c tim ph\u1ed5i (CPR). C\u00f4ng ngh\u1ec7 n\u00e0y cung c\u1ea5p ng\u01b0\u1eddi \u0111ang th\u1ef1c hi\u1ec7n CPR nh\u1eefng th\u00f4ng tin trong qu\u00e1 tr\u00ecnh \u201c\u00e9p tim ngo\u00e0i l\u1ed3ng ng\u1ef1c\u201d hi\u1ec7u qu\u1ea3 v\u00e0 ch\u00ednh x\u00e1c.<\/p>\n<p>S\u1ea3n ph\u1ea9m cung c\u1ea5p h\u00ecnh \u1ea3nh \u0111\u1ea7y \u0111\u1ee7, m\u00e0u s\u1eafc r\u00f5 r\u00e0ng v\u00e0 b\u1ed9 h\u1eb9n gi\u1edd chu k\u1ef3 CPR, k\u1ebft h\u1ee3p v\u1edbi l\u1eddi nh\u1eafc b\u1eb1ng gi\u1ecdng n\u00f3i v\u00e0 v\u0103n b\u1ea3n. C\u00f4ng ngh\u1ec7 Real CPR Help \u0111\u01b0\u1ee3c t\u00edch h\u1ee3p ph\u1ea3n h\u1ed3i theo th\u1eddi gian th\u1ef1c, cho bi\u1ebft v\u00e0 hi\u1ec3n th\u1ecb \u0111\u1ec3 ng\u01b0\u1eddi th\u1ef1c hi\u1ec7n c\u1ee9u h\u1ed9 bi\u1ebft khi n\u00e0o h\u1ecd c\u1ea7n &#8220;\u00c9p m\u1ea1nh h\u01a1n&#8221; ho\u1eb7c li\u1ec7u h\u1ecd c\u00f3 \u0111ang th\u1ef1c hi\u1ec7n &#8220;\u00c9p tim t\u1ed1t&#8221; hay kh\u00f4ng.<\/p>\n<h3><span style=\"font-size: 75%\"><strong>C\u00f4ng ngh\u1ec7 ph\u00e2n t\u00edch RapidShock<\/strong><\/span><\/h3>\n<p>ZOLL AED 3\u2122 t\u00edch h\u1ee3p c\u00f4ng ngh\u1ec7 Analysis RapidShock cho ph\u00e9p ph\u00e2n t\u00edch nh\u1ecbp tim m\u1ed9t c\u00e1ch nhanh nh\u1ea5t \u0111\u1ec3 quy tr\u00ecnh di\u1ec5n ra su\u00f4n s\u1ebb h\u01a1n v\u00e0 CPR hi\u1ec7u qu\u1ea3 gi\u00fap t\u0103ng t\u1ec9 l\u1ec7 c\u1ee9u s\u1ed1ng. Analysis RapidShock cho ph\u00e9p ZOLL AED 3 g\u00e2y s\u1ed1c ch\u1ec9 trong v\u00f2ng 5 gi\u00e2y. Gi\u1ea3m thi\u1ec3u th\u1eddi gian ng\u1eaft qu\u00e3ng tr\u01b0\u1edbc khi s\u1ed1c v\u00e0 \u00e9p tim ngo\u00e0i l\u1ed3ng ng\u1ef1c li\u00ean t\u1ee5c c\u00f3 th\u1ec3 c\u1ea3i thi\u1ec7n k\u1ebft qu\u1ea3 \u0111i\u1ec1u tr\u1ecb cho b\u1ec7nh nh\u00e2n.<\/p>\n<p>Theo H\u1ed9i \u0111\u1ed3ng C\u1ee9u th\u01b0\u01a1ng Ch\u00e2u \u00c2u (ERC &#8211; European Resuscitation Council) n\u0103m 2015 l\u01b0u \u00fd: &#8220;\u0110\u1ed9 tr\u1ec5 gi\u1eefa vi\u1ec7c ng\u1eebng \u00e9p ng\u1ef1c v\u00e0 th\u1ef1c hi\u1ec7n s\u1ed1c (t\u1ea1m d\u1eebng tr\u01b0\u1edbc s\u1ed1c) ph\u1ea3i \u0111\u01b0\u1ee3c gi\u1eef \u1edf m\u1ee9c t\u1ed1i thi\u1ec3u tuy\u1ec7t \u0111\u1ed1i; b\u1ea5t k\u1ef3 s\u1ef1 ch\u1eadm tr\u1ec5 n\u00e0o c\u0169ng s\u1ebd l\u00e0m gi\u1ea3m c\u01a1 h\u1ed9i s\u1ed1c th\u00e0nh c\u00f4ng.&#8221;<\/p>\n<p><img loading=\"lazy\" decoding=\"async\" class=\"wp-image-9395 aligncenter\" src=\"https:\/\/achisonsafety.com.vn\/wp-content\/uploads\/2023\/12\/May-soc-tim-tu-dong-1.png\" alt=\"M\u00e1y s\u1ed1c tim t\u1ef1 \u0111\u1ed9ng 1\" width=\"345\" height=\"345\" title=\"\" srcset=\"https:\/\/achisonsafety.com.vn\/wp-content\/uploads\/2023\/12\/May-soc-tim-tu-dong-1.png 500w, https:\/\/achisonsafety.com.vn\/wp-content\/uploads\/2023\/12\/May-soc-tim-tu-dong-1-400x400.png 400w, https:\/\/achisonsafety.com.vn\/wp-content\/uploads\/2023\/12\/May-soc-tim-tu-dong-1-280x280.png 280w, https:\/\/achisonsafety.com.vn\/wp-content\/uploads\/2023\/12\/May-soc-tim-tu-dong-1-30x30.png 30w, https:\/\/achisonsafety.com.vn\/wp-content\/uploads\/2023\/12\/May-soc-tim-tu-dong-1-60x60.png 60w, https:\/\/achisonsafety.com.vn\/wp-content\/uploads\/2023\/12\/May-soc-tim-tu-dong-1-247x247.png 247w, https:\/\/achisonsafety.com.vn\/wp-content\/uploads\/2023\/12\/May-soc-tim-tu-dong-1-100x100.png 100w\" sizes=\"(max-width: 345px) 100vw, 345px\" \/><\/p>\n<h3><span style=\"font-size: 75%\"><strong>T\u00edch h\u1ee3p Nhi khoa<\/strong><\/span><\/h3>\n<p>Vi\u1ec7c c\u1ee9u h\u1ed9 tr\u1ebb em tr\u1edf n\u00ean d\u1ec5 d\u00e0ng h\u01a1n nh\u1edd c\u00e1c \u0111i\u1ec7n c\u1ef1c CPR Uni-padz\u2122 \u0111\u1ed9c \u0111\u00e1o c\u1ee7a ZOLL v\u00e0 c\u00e0i \u0111\u1eb7t ch\u1ebf \u0111\u1ed9 tr\u1ebb em. Thi\u1ebft k\u1ebf mi\u1ebfng \u0111\u1ec7m ph\u1ed5 qu\u00e1t cung c\u1ea5p cho ng\u01b0\u1eddi c\u1ee9u h\u1ed9 m\u1ed9t gi\u1ea3i ph\u00e1p duy nh\u1ea5t, c\u00f3 th\u1ec3 \u0111i\u1ec1u tr\u1ecb cho c\u1ea3 n\u1ea1n nh\u00e2n ng\u01b0\u1eddi l\u1edbn v\u00e0 tr\u1ebb em b\u1ecb tri\u1ec7u ch\u1ee9ng SCA ( ng\u01b0ng tim \u0111\u1ed9t ng\u1ed9t) b\u1eb1ng c\u00e1ch s\u1eed d\u1ee5ng c\u00f9ng m\u1ed9t b\u1ed9 mi\u1ebfng \u0111i\u1ec7n c\u1ef1c v\u00e0 ch\u1ec9 c\u1ea7n k\u00edch ho\u1ea1t ch\u1ebf \u0111\u1ed9 tr\u1ebb em.<\/p>\n<p><img loading=\"lazy\" decoding=\"async\" class=\"wp-image-9393 aligncenter\" src=\"https:\/\/achisonsafety.com.vn\/wp-content\/uploads\/2023\/12\/May-soc-tim-tu-dong-2.png\" alt=\"M\u00e1y s\u1ed1c tim t\u1ef1 \u0111\u1ed9ng 2\" width=\"352\" height=\"352\" title=\"\" srcset=\"https:\/\/achisonsafety.com.vn\/wp-content\/uploads\/2023\/12\/May-soc-tim-tu-dong-2.png 500w, https:\/\/achisonsafety.com.vn\/wp-content\/uploads\/2023\/12\/May-soc-tim-tu-dong-2-400x400.png 400w, https:\/\/achisonsafety.com.vn\/wp-content\/uploads\/2023\/12\/May-soc-tim-tu-dong-2-280x280.png 280w, https:\/\/achisonsafety.com.vn\/wp-content\/uploads\/2023\/12\/May-soc-tim-tu-dong-2-30x30.png 30w, https:\/\/achisonsafety.com.vn\/wp-content\/uploads\/2023\/12\/May-soc-tim-tu-dong-2-60x60.png 60w, https:\/\/achisonsafety.com.vn\/wp-content\/uploads\/2023\/12\/May-soc-tim-tu-dong-2-247x247.png 247w, https:\/\/achisonsafety.com.vn\/wp-content\/uploads\/2023\/12\/May-soc-tim-tu-dong-2-100x100.png 100w\" sizes=\"(max-width: 352px) 100vw, 352px\" \/><\/p>\n<h3><span style=\"font-size: 75%\"><strong>T\u1ed1i \u01b0u chi ph\u00ed<\/strong><\/span><\/h3>\n<p>Pin v\u00e0 mi\u1ebfng \u0111i\u1ec7n c\u1ef1c c\u00f3 tu\u1ed5i th\u1ecd d\u00e0i h\u01a1n 5 n\u0103m gi\u00fap gi\u1ea3m y\u00eau c\u1ea7u b\u1ea3o tr\u00ec thi\u1ebft b\u1ecb AED (m\u00e1y kh\u1eed rung t\u1ef1 \u0111\u1ed9ng b\u00ean ngo\u00e0i). \u00cdt b\u1ea3o tr\u00ec h\u01a1n gi\u00fap gi\u1ea3m chi ph\u00ed \u0111\u1ed5i m\u1edbi.<\/p>\n<h3><span style=\"font-size: 75%\"><strong>K\u1ebft n\u1ed1i Wi-Fi<\/strong><\/span><\/h3>\n<p>D\u1ec5 d\u00e0ng qu\u1ea3n l\u00fd thi\u1ebft b\u1ecb c\u1ee7a b\u1ea1n th\u00f4ng qua h\u1ec7 th\u1ed1ng l\u01b0u tr\u1eef \u0111\u00e1m m\u00e2y. M\u1ed7i m\u00e1y ZOLL AED 3 \u0111\u1ec1u \u0111\u01b0\u1ee3c trang b\u1ecb k\u1ebft n\u1ed1i Wi-Fi \u0111\u1ec3 li\u00ean l\u1ea1c li\u1ec1n m\u1ea1ch v\u1edbi h\u1ec7 th\u1ed1ng qu\u1ea3n l\u00fd ch\u01b0\u01a1ng tr\u00ecnh AED th\u00f4ng qua m\u1ea1ng kh\u00f4ng d\u00e2y c\u1ee7a b\u1ea1n. Sau khi \u0111\u01b0\u1ee3c b\u1eadt, ZOLL AED 3 s\u1ebd t\u1ef1 \u0111\u1ed9ng b\u00e1o c\u00e1o tr\u1ea1ng th\u00e1i s\u1eb5n s\u00e0ng, b\u00e1o c\u00e1o qu\u00e1 tr\u00ecnh t\u1ef1 ki\u1ec3m tra kh\u00f4ng th\u00e0nh c\u00f4ng v\u00e0 s\u1ebd g\u1eedi th\u00f4ng b\u00e1o qua email \u0111\u1ec3 b\u1ea1n c\u00f3 th\u1ec3 th\u1ef1c hi\u1ec7n h\u00e0nh \u0111\u1ed9ng kh\u1eafc ph\u1ee5c th\u00edch h\u1ee3p v\u00e0 \u0111\u1ea3m b\u1ea3o AED c\u1ee7a b\u1ea1n s\u1eb5n s\u00e0ng trong tr\u01b0\u1eddng h\u1ee3p kh\u1ea9n c\u1ea5p.<\/p>\n<p><img loading=\"lazy\" decoding=\"async\" class=\"size-full wp-image-9397 aligncenter\" src=\"https:\/\/achisonsafety.com.vn\/wp-content\/uploads\/2023\/12\/ket-noi-wifi.png\" alt=\"k\u1ebft n\u1ed1i wifi\" width=\"500\" height=\"313\" title=\"\" srcset=\"https:\/\/achisonsafety.com.vn\/wp-content\/uploads\/2023\/12\/ket-noi-wifi.png 500w, https:\/\/achisonsafety.com.vn\/wp-content\/uploads\/2023\/12\/ket-noi-wifi-48x30.png 48w, https:\/\/achisonsafety.com.vn\/wp-content\/uploads\/2023\/12\/ket-noi-wifi-96x60.png 96w\" sizes=\"(max-width: 500px) 100vw, 500px\" \/><\/p>\n<h2><span style=\"font-size: 75%\"><strong>H\u01b0\u1edbng d\u1eabn s\u1eed d\u1ee5ng M\u00e1y s\u1ed1c tim t\u1ef1 \u0111\u1ed9ng ZOLL AED 3 (AED) <\/strong><\/span><\/h2>\n<h3><span style=\"font-family: arial, helvetica, sans-serif;font-size: 75%\"><strong>Cho ng\u01b0\u1eddi l\u1edbn<\/strong><\/span><\/h3>\n<p>B\u01b0\u1edbc 1: B\u1ea1n kh\u1edfi \u0111\u1ed9ng m\u00e1y<\/p>\n<p>B\u01b0\u1edbc 2: M\u1edf g\u00f3i \u0111\u1ec7m \u2013 g\u1eafn mi\u1ebfng \u0111\u1ec7m v\u00e0o ng\u1ef1c c\u1ee7a b\u1ec7nh nh\u00e2n ng\u1ef1c tr\u1ea7n (\u0111\u1eb7t qu\u1ea3 b\u00f3ng m\u00e0u t\u00edm v\u00e0o gi\u1eefa n\u00fat ng\u1ef1c, mi\u1ebfng \u0111\u1ec7m m\u00e0u xanh l\u00e1 s\u1ebd \u0111\u01b0\u1ee3c \u0111\u1eb7t \u1edf tr\u01b0\u1edbc ng\u1ef1c, \u0111\u1eb7t mi\u1ebfng \u0111\u1ec7m m\u00e0u xanh d\u01b0\u01a1ng \u1edf gi\u1eefa l\u01b0ng gi\u1eefa hai b\u1ea3 vai)<\/p>\n<p>B\u01b0\u1edbc 3: Kh\u00f4ng ch\u1ea1m v\u00e0o b\u1ec7nh nh\u00e2n khi m\u00e1y \u0111ang ph\u00e2n t\u00edch<\/p>\n<p>B\u01b0\u1edbc 4:\u00a0 Ti\u1ebfp t\u1ee5c l\u00e0m theo l\u1eddi nh\u1eafc b\u1eb1ng gi\u1ecdng n\u00f3i cho \u0111\u1ebfn khi c\u00f3 tr\u1ee3 gi\u00fap y t\u1ebf \u0111\u1ebfn.<\/p>\n<h3><span style=\"font-size: 75%\"><strong>Cho tr\u1ebb em<\/strong><\/span><\/h3>\n<p>B\u01b0\u1edbc 1: B\u1ea1n kh\u1edfi \u0111\u1ed9ng m\u00e1y, nh\u1ea5n ch\u1ecdn n\u00fat tr\u1ebb em<\/p>\n<p>B\u01b0\u1edbc 2: B\u1ea1n s\u1eed d\u1ee5ng c\u00f9ng m\u1ed9t mi\u1ebfng nh\u01b0 c\u00e1ch b\u1ea1n l\u00e0m cho ng\u01b0\u1eddi l\u1edbn, m\u1edf g\u00f3i \u0111\u1ec7m, g\u1eafn mi\u1ebfng \u0111\u1ec7m v\u00e0o ng\u1ef1c c\u1ee7a b\u1ec7nh nh\u00e2n ng\u1ef1c tr\u1ea7n (\u0111\u1eb7t qu\u1ea3 b\u00f3ng m\u00e0u t\u00edm v\u00e0o gi\u1eefa n\u00fat ng\u1ef1c, mi\u1ebfng \u0111\u1ec7m m\u00e0u xanh l\u00e1 s\u1ebd \u0111\u01b0\u1ee3c \u0111\u1eb7t \u1edf tr\u01b0\u1edbc ng\u1ef1c, \u0111\u1eb7t mi\u1ebfng \u0111\u1ec7m m\u00e0u xanh d\u01b0\u01a1ng \u1edf gi\u1eefa l\u01b0ng gi\u1eefa hai b\u1ea3 vai)<\/p>\n<p>B\u01b0\u1edbc 3: Kh\u00f4ng ch\u1ea1m v\u00e0o b\u1ec7nh nh\u00e2n khi m\u00e1y \u0111ang ph\u00e2n t\u00edch<\/p>\n<p>B\u01b0\u1edbc 4: Ti\u1ebfp t\u1ee5c l\u00e0m theo l\u1eddi nh\u1eafc b\u1eb1ng gi\u1ecdng n\u00f3i cho \u0111\u1ebfn khi c\u00f3 tr\u1ee3 gi\u00fap y t\u1ebf \u0111\u1ebfn.<\/p>\n<h2><span style=\"font-size: 75%\"><strong>TH\u00d4NG S\u1ed0 K\u1ef8 THU\u1eacT ZOLL AED 3: <\/strong><\/span><\/h2>\n<p><strong>Giao th\u1ee9c: <\/strong>C\u1ea5u h\u00ecnh b\u00e1n t\u1ef1 \u0111\u1ed9ng v\u00e0 ho\u00e0n to\u00e0n t\u1ef1 \u0111\u1ed9ng<\/p>\n<p><strong>D\u1ea1ng s\u00f3ng: <\/strong>Rectilinear Biphasic (S\u00f3ng tr\u1ef1c tuy\u1ebfn hai pha)<\/p>\n<p><strong>Th\u1eddi gian gi\u1eef \u0111i\u1ec7n t\u00edch c\u1ee7a m\u00e1y kh\u1eed rung tim:<\/strong> 30 gi\u00e2y;<\/p>\n<p><strong>ZOLL AED 3 Model t\u1ef1 \u0111\u1ed9ng:<\/strong> 3 gi\u00e2y tr\u01b0\u1edbc khi ph\u00e1t s\u1ed1c t\u1ef1 \u0111\u1ed9ng<\/p>\n<p><strong>L\u1ef1a ch\u1ecdn n\u0103ng l\u01b0\u1ee3ng:<\/strong> L\u1ef1a ch\u1ecdn \u0111\u01b0\u1ee3c l\u1eadp tr\u00ecnh s\u1eb5n t\u1ea1i nh\u00e0 m\u00e1y (Ng\u01b0\u1eddi l\u1edbn: 120 J, 150 J, 200 J; Tr\u1ebb em: 50 J, 70 J, 85 J)<\/p>\n<p><strong>An to\u00e0n cho b\u1ec7nh nh\u00e2n:<\/strong> S\u1ea3n ph\u1ea9m c\u00e1ch \u0111i\u1ec7n t\u1ed1t \u0111\u1ea3m b\u1ea3o an to\u00e0n cho b\u1ec7nh nh\u00e2n Th\u1eddi gian s\u1ea1c: D\u01b0\u1edbi 10 gi\u00e2y v\u1edbi pin m\u1edbi<\/p>\n<p><strong>T\u1ea1m d\u1eebng tr\u01b0\u1edbc s\u1ed1c: <\/strong>D\u01b0\u1edbi 5 gi\u00e2y (b\u00e1n t\u1ef1 \u0111\u1ed9ng) v\u00e0 d\u01b0\u1edbi 8 gi\u00e2y (t\u1ef1 \u0111\u1ed9ng) v\u1edbi pin m\u1edbi<\/p>\n<p><strong>\u0110i\u1ec7n c\u1ef1c: <\/strong>ZOLL CPR Uni-padz\u2122<\/p>\n<p><strong>T\u1ef1 ki\u1ec3m tra: <\/strong>T\u1ef1 \u0111\u1ed9ng ki\u1ec3m tra c\u00f3 th\u1ec3 \u0111\u1ecbnh c\u1ea5u h\u00ecnh h\u00e0ng ng\u00e0y ho\u1eb7c 7 ng\u00e0y m\u1ed9t l\u1ea7n. M\u1eb7c \u0111\u1ecbnh: 7 ng\u00e0y m\u1ed9t l\u1ea7n. Ki\u1ec3m tra n\u0103ng l\u01b0\u1ee3ng \u0111\u1ea7y \u0111\u1ee7 h\u00e0ng th\u00e1ng (200 J).<\/p>\n<p><strong>Ki\u1ec3m tra t\u1ef1 \u0111\u1ed9ng: <\/strong>Dung l\u01b0\u1ee3ng, tr\u1ea1ng th\u00e1i v\u00e0 th\u1eddi h\u1ea1n s\u1eed d\u1ee5ng c\u1ee7a pin; k\u1ebft n\u1ed1i \u0111i\u1ec7n c\u1ef1c v\u00e0 h\u1ebft h\u1ea1n; ECG v\u00e0 m\u1ea1ch s\u1ea1c\/x\u1ea3; ph\u1ea7n c\u1ee9ng v\u00e0 ph\u1ea7n m\u1ec1m b\u1ed9 vi x\u1eed l\u00fd; M\u1ea1ch CPR v\u00e0 c\u1ea3m bi\u1ebfn mi\u1ebfng \u0111\u1ec7m, m\u1ea1ch \u00e2m thanh<\/p>\n<p><strong>\u0110\u1ed9 s\u00e2u n\u00e9n: <\/strong>1,9 cm \u0111\u1ebfn 10,2 cm; 0,75 inch \u0111\u1ebfn 4 inch<\/p>\n<p><strong>T\u01b0 v\u1ea5n kh\u1eed rung tim: <\/strong>\u0110\u00e1nh gi\u00e1 k\u1ebft n\u1ed1i mi\u1ebfng kh\u1eed rung tim v\u00e0 ECG c\u1ee7a b\u1ec7nh nh\u00e2n \u0111\u1ec3 x\u00e1c \u0111\u1ecbnh xem c\u00f3 c\u1ea7n kh\u1eed rung tim hay kh\u00f4ng.<\/p>\n<p><strong>K\u00edch th\u01b0\u1edbc m\u00e0n h\u00ecnh hi\u1ec3n th\u1ecb:<\/strong> 5,39 cm x 9,5 cm; 2,12 inch x 3,74 inch<\/p>\n<p><strong>Ghi v\u00e0 l\u01b0u tr\u1eef d\u1eef li\u1ec7u: <\/strong>Ng\u01b0\u1eddi d\u00f9ng c\u00f3 th\u1ec3 \u0111\u1ecbnh c\u1ea5u h\u00ecnh cho 1 ho\u1eb7c 2 s\u1ef1 ki\u1ec7n l\u00e2m s\u00e0ng trong t\u1ed5ng th\u1eddi gian 120 ph\u00fat. Bao g\u1ed3m ECG, \u0111o tr\u1edf kh\u00e1ng, l\u1eddi nh\u1eafc thi\u1ebft b\u1ecb v\u00e0 d\u1eef li\u1ec7u CPR.<\/p>\n<p><strong>Ph\u1ee5c h\u1ed3i d\u1eef li\u1ec7u<\/strong>: \u0110\u01b0\u1ee3c \u0111i\u1ec1u khi\u1ec3n b\u1eb1ng m\u00e0n h\u00ecnh c\u1ea3m \u1ee9ng, \u0111\u01b0\u1ee3c t\u1ea3i l\u00ean th\u1ebb nh\u1edb USB ho\u1eb7c Xem l\u1ea1i tr\u01b0\u1eddng h\u1ee3p ZOLL qua m\u1ea1ng Wi-Fi<\/p>\n<p><strong>\u0110\u1ed3ng b\u1ed9 h\u00f3a \u0111\u1ed3ng h\u1ed3 n\u1ed9i b\u1ed9:<\/strong> \u0110\u1ed3ng b\u1ed9 h\u00f3a Gi\u1edd ph\u1ed1i h\u1ee3p qu\u1ed1c t\u1ebf (UTC) x\u1ea3y ra khi giao ti\u1ebfp v\u1edbi m\u00e1y ch\u1ee7 ZOLL Online.<\/p>\n<h3><span style=\"font-family: arial, helvetica, sans-serif;font-size: 75%\"><strong>Thi\u1ebft b\u1ecb<\/strong><\/span><\/h3>\n<p><strong>K\u00edch th\u01b0\u1edbc: <\/strong>(H x W x D) 12,7 cm x 23,6 cm x 24,7 cm; 5,0 inch x 9,3 inch x 9,7 inch<\/p>\n<p><strong>Tr\u1ecdng l\u01b0\u1ee3ng: <\/strong>2,5 kg; 5,5 lbs (c\u00f3 pin)<\/p>\n<p><strong>Ngu\u1ed3n:<\/strong> Pin<\/p>\n<p><strong>Kh\u00f4ng d\u00e2y: <\/strong>802.11 a\/b\/g\/n<\/p>\n<p><strong>Giao th\u1ee9c b\u1ea3o m\u1eadt: <\/strong>WPA 1, WPA2, WPA Personal WPA Enterprise<\/p>\n<p><strong>C\u1ed5ng: <\/strong>USB 2.0<\/p>\n<p><strong>G\u00f3i ph\u1ee5 ki\u1ec7n c\u1ee9u h\u1ed9: <\/strong>G\u0103ng tay kh\u00f4ng cao su, m\u1eb7t n\u1ea1 ng\u0103n CPR, dao c\u1ea1o r\u00e2u, kh\u0103n gi\u1ea5y v\u00e0 kh\u0103n lau.<\/p>\n<p><strong>Ph\u00e2n lo\u1ea1i thi\u1ebft b\u1ecb:<\/strong> Lo\u1ea1i II v\u00e0 \u0111\u01b0\u1ee3c c\u1ea5p ngu\u1ed3n n\u1ed9i b\u1ed9 cho theo EN60601-1<\/p>\n<p><strong>Ti\u00eau chu\u1ea9n thi\u1ebft k\u1ebf:<\/strong> \u0110\u00e1p \u1ee9ng y\u00eau c\u1ea7u \u00e1p d\u1ee5ng c\u1ee7a EN 60601-1, IEC 60601-1-11, IEC 60601-2-4<\/p>\n<p><strong>Thu\u1ed9c v\u1ec1 m\u00f4i tr\u01b0\u1eddng<\/strong><\/p>\n<p><strong>Nhi\u1ec7t \u0111\u1ed9 ho\u1ea1t \u0111\u1ed9ng:<\/strong> 0\u00b0 \u0111\u1ebfn 50\u00b0C; 32\u00b0 \u0111\u1ebfn 122\u00b0F<\/p>\n<p><strong>Nhi\u1ec7t \u0111\u1ed9 b\u1ea3o qu\u1ea3n:<\/strong> -30\u00b0 \u0111\u1ebfn 70\u00b0C; -22\u00b0 \u0111\u1ebfn 158\u00b0F<\/p>\n<p><strong>\u0110\u1ed9 \u1ea9m: <\/strong>t\u01b0\u01a1ng \u0111\u1ed1i 10% \u0111\u1ebfn 95% \u0111\u1ed9 \u1ea9m, kh\u00f4ng ng\u01b0ng t\u1ee5<\/p>\n<p><strong>\u0110\u1ed9 rung: <\/strong>IEC 60068-2-64, Random, Spectrum A.4, Table A.8, Cat 3b; RTCA\/DO-160G, Fixed<\/p>\n<p>Wing Aircraft, Section 8.6, Test Cat. H, Aircraft Zone 1 and 2, EN 1789, Sweep per EN 60068-2-6 Test Fc.<\/p>\n<p><strong>M\u1ee9c \u0111\u1ed9 s\u1ed1c:<\/strong> IEC 60068-2-27; 100G<\/p>\n<p><strong>\u0110\u1ed9 cao: <\/strong>-381 m \u0111\u1ebfn 4573 m;<\/p>\n<p>-1250 \u0111\u1ebfn 15.000 ft<\/p>\n<p><strong>H\u1ea1t v\u00e0 n\u01b0\u1edbc x\u00e2m nh\u1eadp:<\/strong> IP55<\/p>\n<p><strong>Th\u1eed nghi\u1ec7m th\u1ea3 r\u01a1i: <\/strong>1 m\u00e9t; 3,28 feet<\/p>\n<h3><span style=\"font-size: 75%\"><strong>Pin \u0111i\u1ec7n:<\/strong><\/span><\/h3>\n<p><strong>Dung l\u01b0\u1ee3ng pin: <\/strong>Pin m\u1edbi \u0111i\u1ec3n h\u00ecnh ch\u1ea1y \u1edf m\u00f4i tr\u01b0\u1eddng xung quanh nhi\u1ec7t \u0111\u1ed9 t\u1eeb +20\u00b0 C \u0111\u1ebfn +25\u00b0 C (68\u00b0 F \u0111\u1ebfn 77\u00b0 F). C\u00f3 th\u1ec3 cung c\u1ea5p: 140 l\u1ea7n x\u1ea3 m\u00e1y kh\u1eed rung tim \u1edf n\u0103ng l\u01b0\u1ee3ng t\u1ed1i \u0111a (200 joules) ho\u1eb7c 6 gi\u1edd theo d\u00f5i li\u00ean t\u1ee5c (v\u1edbi th\u1eddi gian CPR 2 ph\u00fat)<\/p>\n<p><strong>L\u01b0u \u00fd: <\/strong>Kho\u1ea3ng th\u1eddi gian CPR ng\u1eafn h\u01a1n 2 ph\u00fat c\u00f3 th\u1ec3 l\u00e0m gi\u1ea3m th\u1eddi gian ho\u1ea1t \u0111\u1ed9ng c\u00f3 th\u1ec3 \u0111\u1ea1t \u0111\u01b0\u1ee3c t\u1eeb pin m\u1edbi.<\/p>\n<p><strong>Ki\u1ec3u:<\/strong> Lithium mangan dioxide d\u00f9ng m\u1ed9t l\u1ea7n<\/p>\n<p><strong>Tu\u1ed5i th\u1ecd pin \u1edf ch\u1ebf \u0111\u1ed9 ch\u1edd <\/strong>(sau khi l\u1eafp \u0111\u1eb7t): 5 n\u0103m v\u1edbi ch\u1ebf \u0111\u1ed9 t\u1ef1 ki\u1ec3m tra h\u00e0ng tu\u1ea7n. K\u1ebft th\u00fac v\u00f2ng \u0111\u1eddi \u0111\u01b0\u1ee3c bi\u1ec3u th\u1ecb b\u1eb1ng c\u1eeda s\u1ed5 tr\u1ea1ng th\u00e1i tr\u1ed1ng<\/p>\n<p><strong>Th\u1eddi h\u1ea1n s\u1eed d\u1ee5ng c\u1ee7a pin:<\/strong> B\u1ea3o qu\u1ea3n t\u1ed1i \u0111a 2 n\u0103m \u1edf nhi\u1ec7t \u0111\u1ed9 23\u00b0C (77\u00b0F) tr\u01b0\u1edbc khi l\u1eafp v\u00e0o ZOLL AED 3 \u0111\u1ec3 duy tr\u00ec tu\u1ed5i th\u1ecd pin cao h\u01a1n.<\/p>\n<p><strong>Nhi\u1ec7t \u0111\u1ed9: <\/strong>0\u00b0C \u0111\u1ebfn 50\u00b0C (32\u00b0F \u0111\u1ebfn 122\u00b0F)<\/p>\n<p><strong>\u0110\u1ed9 \u1ea9m: <\/strong>10% \u0111\u1ebfn 95% (kh\u00f4ng ng\u01b0ng t\u1ee5)<\/p>\n<p><strong>Tr\u1ecdng l\u01b0\u1ee3ng: <\/strong>317,5 gam; 0,7 lb<\/p>\n<p><strong><span style=\"vertical-align: inherit\"><span style=\"vertical-align: inherit\">K\u00edch th\u01b0\u1edbc:<\/span><\/span><\/strong><span style=\"vertical-align: inherit\"><span style=\"vertical-align: inherit\"> (H x W x D) 27,75 mm x 133 mm x 88 mm; <\/span><span style=\"vertical-align: inherit\">1,0 inch x 5,16 inch x 3,5 inch<\/span><\/span><\/p>\n<p><strong>\u0110i\u1ec7n \u00e1p danh \u0111\u1ecbnh:<\/strong> 12 volt<\/p>\n<p><strong>CPR Uni-padz (Mi\u1ebfng \u0111\u1ec7m \u0111i\u1ec7n c\u1ef1c) <\/strong><\/p>\n<p><strong>Th\u1eddi h\u1ea1n s\u1eed d\u1ee5ng: <\/strong>5 n\u0103m<\/p>\n<p><strong>Gel d\u1eabn \u0111i\u1ec7n:<\/strong> Polymer Hydrogel<\/p>\n<p><strong>Y\u1ebfu t\u1ed1 d\u1eabn \u0111i\u1ec7n:<\/strong> Thi\u1ebfc<\/p>\n<p><strong>Bao b\u00ec:<\/strong> T\u00fai gi\u1ea5y b\u1ea1c nhi\u1ec1u l\u1edbp<\/p>\n<p><strong>L\u1edbp tr\u1edf kh\u00e1ng:<\/strong> Th\u1ea5p<\/p>\n<p><strong>Chi\u1ec1u d\u00e0i c\u00e1p:<\/strong> 142 (+\/-3,8) cm; 56 (+\/- 1,5) trong<\/p>\n<p><strong>Ti\u00eau chu\u1ea9n thi\u1ebft k\u1ebf:<\/strong> \u0110\u00e1p \u1ee9ng y\u00eau c\u1ea7u c\u1ee7a IEC 60601-2-4, 2010<\/p>\n<\/div>\n","protected":false},"excerpt":{"rendered":"<div>Ph\u00e1t hi\u1ec7n r\u1ed1i lo\u1ea1n nh\u1ecbp tim<\/div>\n<div>Cung c\u1ea5p \u0111i\u1ec7n gi\u1ea3i t\u1ef1 \u0111\u1ed9ng<\/div>\n<div>H\u01b0\u1edbng d\u1eabn s\u1eed d\u1ee5ng cho ng\u01b0\u1eddi c\u1ee9u th\u01b0\u01a1ng<\/div>\n","protected":false},"featured_media":9391,"comment_status":"open","ping_status":"closed","template":"","meta":[],"product_cat":[677],"product_tag":[820,821],"class_list":{"0":"post-9390","1":"product","2":"type-product","3":"status-publish","4":"has-post-thumbnail","6":"product_cat-thiet-bi-ung-cuu-su-co","7":"product_tag-cap-cuu","8":"product_tag-may-soc-tim-tu-dong","9":"yith_product_brand-zoll-medical-corporation","11":"first","12":"instock","13":"shipping-taxable","14":"product-type-simple"},"acf":[],"_links":{"self":[{"href":"https:\/\/achisonsafety.com.vn\/en\/wp-json\/wp\/v2\/product\/9390"}],"collection":[{"href":"https:\/\/achisonsafety.com.vn\/en\/wp-json\/wp\/v2\/product"}],"about":[{"href":"https:\/\/achisonsafety.com.vn\/en\/wp-json\/wp\/v2\/types\/product"}],"replies":[{"embeddable":true,"href":"https:\/\/achisonsafety.com.vn\/en\/wp-json\/wp\/v2\/comments?post=9390"}],"wp:featuredmedia":[{"embeddable":true,"href":"https:\/\/achisonsafety.com.vn\/en\/wp-json\/wp\/v2\/media\/9391"}],"wp:attachment":[{"href":"https:\/\/achisonsafety.com.vn\/en\/wp-json\/wp\/v2\/media?parent=9390"}],"wp:term":[{"taxonomy":"product_cat","embeddable":true,"href":"https:\/\/achisonsafety.com.vn\/en\/wp-json\/wp\/v2\/product_cat?post=9390"},{"taxonomy":"product_tag","embeddable":true,"href":"https:\/\/achisonsafety.com.vn\/en\/wp-json\/wp\/v2\/product_tag?post=9390"}],"curies":[{"name":"wp","href":"https:\/\/api.w.org\/{rel}","templated":true}]}}