{"id":9404,"date":"2023-12-20T09:38:38","date_gmt":"2023-12-20T02:38:38","guid":{"rendered":"https:\/\/achisonsafety.com.vn\/?post_type=product&#038;p=9404"},"modified":"2025-09-17T16:44:23","modified_gmt":"2025-09-17T09:44:23","slug":"giay-bao-ho-lao-dong-chat-luong-cao-acs2092","status":"publish","type":"product","link":"https:\/\/achisonsafety.com.vn\/en\/san-pham\/giay-bao-ho-lao-dong-chat-luong-cao-acs2092\/","title":{"rendered":"Gi\u00e0y B\u1ea3o H\u1ed9 Lao \u0110\u1ed9ng Ch\u1ea5t L\u01b0\u1ee3ng Cao &#8211; ACS:2092"},"content":{"rendered":"<p>D\u00f9 b\u1ea1n l\u00e0m vi\u1ec7c \u1edf x\u01b0\u1edfng s\u1ea3n xu\u1ea5t, c\u00f4ng tr\u00ecnh x\u00e2y d\u1ef1ng hay trong m\u00f4i tr\u01b0\u1eddng c\u00f4ng nghi\u1ec7p kh\u00e1c, gi\u00e0y b\u1ea3o h\u1ed9 lu\u00f4n l\u00e0 s\u1ea3n ph\u1ea9m c\u1ea7n ph\u1ea3i c\u00f3 \u0111\u1ec3 h\u1ed7 tr\u1ee3 b\u1ea3o v\u1ec7 \u0111\u00f4i ch\u00e2n m\u1ed9t an to\u00e0n v\u00e0 lao \u0111\u1ed9ng tho\u1ea3i m\u00e1i. <a href=\"https:\/\/achisonsafety.com.vn\/\">Achison<\/a> cung c\u1ea5p m\u1ed9t trong nh\u1eefng d\u00f2ng <a href=\"https:\/\/achisonsafety.com.vn\/danh-muc-san-pham\/bao-ho-lao-dong\/bao-ve-chan\/\">Gi\u00e0y B\u1ea3o H\u1ed9 Lao \u0110\u1ed9ng Ch\u1ea5t L\u01b0\u1ee3ng Cao<\/a> &#8211; ACS:2092<\/p>\n<p><strong>Th\u00f4ng tin chi ti\u1ebft<\/strong><\/p>\n<p><strong>C\u1ea5u t\u1ea1o<\/strong><\/p>\n<ul>\n<li>Quai m\u0169i gi\u00e0y b\u1ea3o h\u1ed9 ACS:2092 \u0111\u01b0\u1ee3c l\u00e0m t\u1eeb da b\u00f2, c\u00f3 \u0111\u1ed9 d\u00e0y t\u1eeb 1,6 mm \u0111\u1ebfn 1,8 mm.<\/li>\n<li>Quai h\u00f4ng v\u00e0 g\u00f3t gi\u00e0y da nh\u00e2n t\u1ea1o \u0111\u1ed9 d\u00e0y t\u1eeb 1,6 mm \u0111\u1ebfn 1,8 mm.<\/li>\n<li>L\u00f3t gi\u00e0y: S\u1eed d\u1ee5ng v\u1ea3i d\u1ec7t kim c\u00f3 t\u00ednh h\u00fat \u1ea9m, th\u00f4ng tho\u00e1ng, kh\u00f4ng b\u1ecb \u0111\u1ed5 l\u00f4ng, tho\u00e1t m\u1ed3 h\u00f4i.<\/li>\n<li>M\u0169i gi\u00e0y &#8211; th\u00e9p k\u1ef9 thu\u1eadt &#8211; ph\u1ea7n l\u00f3t th\u00e9p kim lo\u1ea1i t\u0103ng c\u01b0\u1eddng ch\u1ecbu l\u1ef1c : Ch\u1ed1ng va \u0111\u1eadp<\/li>\n<li>\u0110\u1ebf gi\u00e0y: Cao su t\u1ed5ng h\u1ee3p kh\u1ea3 n\u0103ng ch\u1ed1ng d\u1ea7u, ho\u00e1 ch\u1ea5t, ch\u1ed1ng tr\u01a1n tr\u01b0\u1ee3t.<\/li>\n<li>L\u00f3t \u0111\u1ebf gi\u00e0y &#8211; th\u00e9p k\u1ef9 thu\u1eadt: L\u00e0 m\u1ed9t mi\u1ebfng kim lo\u1ea1i bao ph\u1ee7 nguy\u00ean m\u1eb7t \u0111\u1ebf, gi\u00fap gi\u1ea3m thi\u1ec3u r\u1ee7i ro b\u1ecb c\u00e1c v\u1eadt nh\u1ecdn ho\u1eb7c \u0111inh \u0111\u00e2m xuy\u00ean.<\/li>\n<li>Ch\u1ec9 may chung quanh \u0111\u1ebf \u0111\u1ec3 t\u0103ng c\u01b0\u1eddng l\u1ef1c k\u1ebft n\u1ed1i gi\u1eefa ph\u1ea7n \u0111\u1ebf v\u00e0 ph\u1ea7n da<\/li>\n<\/ul>\n<p><strong>Lo\u1ea1i d\u00e0y<\/strong><\/p>\n<ul>\n<li>Th\u1ea5p c\u1ed5<\/li>\n<\/ul>\n<p><strong>Th\u00f4ng s\u1ed1 s\u1ea3n ph\u1ea9m:<\/strong><\/p>\n<ul>\n<li>S\u1ea3n xu\u1ea5t t\u1ea1i : Vi\u1ec7t Nam<\/li>\n<li>Nh\u00e3n hi\u1ec7u : ACS<\/li>\n<li>M\u00e3 SP: ACS2092<\/li>\n<li>Ch\u1ea5t li\u1ec7u : Da b\u00f2 + da nh\u00e2n t\u1ea1o<\/li>\n<li>C\u1ea5u t\u1ea1o : M\u0169i th\u00e9p + l\u00f3t th\u00e9p.<\/li>\n<li>Size gi\u00e0y : 35 \u2013 45 ( theo b\u1ea3ng \u0111\u00ednh k\u00e8m)<\/li>\n<\/ul>\n<p><img loading=\"lazy\" decoding=\"async\" class=\"alignnone  wp-image-9426\" src=\"https:\/\/achisonsafety.com.vn\/wp-content\/uploads\/2023\/12\/z4991601366173_cac4a9b1f1aa01e0c2ae241f142a1181.jpg\" alt=\"B\u1ea3ng size\" width=\"476\" height=\"206\" title=\"\" srcset=\"https:\/\/achisonsafety.com.vn\/wp-content\/uploads\/2023\/12\/z4991601366173_cac4a9b1f1aa01e0c2ae241f142a1181.jpg 975w, https:\/\/achisonsafety.com.vn\/wp-content\/uploads\/2023\/12\/z4991601366173_cac4a9b1f1aa01e0c2ae241f142a1181-800x346.jpg 800w, https:\/\/achisonsafety.com.vn\/wp-content\/uploads\/2023\/12\/z4991601366173_cac4a9b1f1aa01e0c2ae241f142a1181-768x332.jpg 768w, https:\/\/achisonsafety.com.vn\/wp-content\/uploads\/2023\/12\/z4991601366173_cac4a9b1f1aa01e0c2ae241f142a1181-69x30.jpg 69w, https:\/\/achisonsafety.com.vn\/wp-content\/uploads\/2023\/12\/z4991601366173_cac4a9b1f1aa01e0c2ae241f142a1181-139x60.jpg 139w, https:\/\/achisonsafety.com.vn\/wp-content\/uploads\/2023\/12\/z4991601366173_cac4a9b1f1aa01e0c2ae241f142a1181-510x221.jpg 510w\" sizes=\"(max-width: 476px) 100vw, 476px\" \/><\/p>\n<ul>\n<li>C\u00f4ng d\u1ee5ng : Ch\u1ed1ng va \u0111\u1eadp, ch\u1ed1ng \u0111\u00e2m xuy\u00ean, ch\u1ed1ng h\u00f3a ch\u1ea5t, ch\u1ed1ng tr\u01a1n tr\u01b0\u1ee3t.<\/li>\n<li>B\u1ea3o h\u00e0nh 04 th\u00e1ng t\u1ea5t c\u1ea3 l\u1ed7i nh\u00e0 s\u1ea3n xu\u1ea5t.<\/li>\n<li><strong>\u1ee8ng d\u1ee5ng:<\/strong><\/li>\n<\/ul>\n<p>Chuy\u00ean d\u1ee5ng trong c\u00e1c ng\u00e0nh:<\/p>\n<ul>\n<li>D\u1ea7u kh\u00ed<\/li>\n<li>C\u01a1 kh\u00ed<\/li>\n<li>T\u00e0u bi\u1ec3n<\/li>\n<li>X\u00e2y d\u1ef1ng<\/li>\n<li>B\u1ea3o v\u1ec7<\/li>\n<\/ul>\n<p>L\u01b0u \u00fd*: Kh\u00f4ng s\u1eed d\u1ee5ng trong m\u00f4i tr\u01b0\u1eddng n\u01b0\u1edbc<\/p>\n","protected":false},"excerpt":{"rendered":"<ul>\n<li>Kh\u1ea3 n\u0103ng ch\u1ecbu l\u1ef1c t\u1ed1t<\/li>\n<li>\u0110\u1ebf gi\u00e0y ch\u1ed1ng tr\u01a1n tr\u01b0\u1ee3t<\/li>\n<li>L\u00f3t gi\u00e0y th\u00f4ng tho\u00e1ng<\/li>\n<\/ul>\n","protected":false},"featured_media":9423,"comment_status":"open","ping_status":"closed","template":"","meta":[],"product_cat":[128,41],"product_tag":[188,184,186,338],"class_list":{"0":"post-9404","1":"product","2":"type-product","3":"status-publish","4":"has-post-thumbnail","6":"product_cat-giay-bao-ho","7":"product_cat-bao-ve-chan","8":"product_tag-nganh-dau-khi-khai-khoang-dong-tau-cang-bien-hang-khong","9":"product_tag-nganh-gia-cong-kim-loai","10":"product_tag-nganh-giay-da-va-may-mac","11":"product_tag-nganh-khai-thac-va-che-bien-go-noi-that","12":"yith_product_brand-thuong-hieu-khac","14":"first","15":"instock","16":"shipping-taxable","17":"product-type-simple"},"acf":[],"_links":{"self":[{"href":"https:\/\/achisonsafety.com.vn\/en\/wp-json\/wp\/v2\/product\/9404"}],"collection":[{"href":"https:\/\/achisonsafety.com.vn\/en\/wp-json\/wp\/v2\/product"}],"about":[{"href":"https:\/\/achisonsafety.com.vn\/en\/wp-json\/wp\/v2\/types\/product"}],"replies":[{"embeddable":true,"href":"https:\/\/achisonsafety.com.vn\/en\/wp-json\/wp\/v2\/comments?post=9404"}],"wp:featuredmedia":[{"embeddable":true,"href":"https:\/\/achisonsafety.com.vn\/en\/wp-json\/wp\/v2\/media\/9423"}],"wp:attachment":[{"href":"https:\/\/achisonsafety.com.vn\/en\/wp-json\/wp\/v2\/media?parent=9404"}],"wp:term":[{"taxonomy":"product_cat","embeddable":true,"href":"https:\/\/achisonsafety.com.vn\/en\/wp-json\/wp\/v2\/product_cat?post=9404"},{"taxonomy":"product_tag","embeddable":true,"href":"https:\/\/achisonsafety.com.vn\/en\/wp-json\/wp\/v2\/product_tag?post=9404"}],"curies":[{"name":"wp","href":"https:\/\/api.w.org\/{rel}","templated":true}]}}