{"id":9613,"date":"2024-06-19T14:36:38","date_gmt":"2024-06-19T07:36:38","guid":{"rendered":"https:\/\/achisonsafety.com.vn\/?post_type=product&#038;p=9613"},"modified":"2025-09-17T16:44:22","modified_gmt":"2025-09-17T09:44:22","slug":"nap-giu-tam-loc-3m-5700","status":"publish","type":"product","link":"https:\/\/achisonsafety.com.vn\/en\/san-pham\/nap-giu-tam-loc-3m-5700\/","title":{"rendered":"N\u1eafp gi\u1eef t\u1ea5m l\u1ecdc 3M 5700"},"content":{"rendered":"<p>N\u1eafp gi\u1eef t\u1ea5m l\u1ecdc 3M 5700 \u0111\u01b0\u1ee3c d\u00f9ng k\u00e8m v\u1edbi t\u1ea5m l\u1ecdc b\u1ee5i h\u1ea1t 3M 5744 ho\u1eb7c t\u1ea5m l\u1ecdc b\u1ee5i h\u1ea1t k\u00e8m l\u1edbp than l\u1ecdc h\u01a1i h\u1eefu c\u01a1 nh\u1eb9 3M 5744C<\/p>\n<h3><strong>H\u01b0\u1edbng d\u1eabn t\u1eebng b\u01b0\u1edbc s\u1eed d\u1ee5ng t\u1ea5m l\u1ecdc h\u1ea1t\/b\u1ee5i 3M 5744<\/strong><\/h3>\n<div class=\"tbw\">\n<div class=\"tbw\"><table>\n<tbody>\n<tr>\n<td>\n<figure id=\"attachment_9571\" class=\"wp-caption alignnone\" aria-describedby=\"caption-attachment-9571\"><img loading=\"lazy\" decoding=\"async\" class=\"size-full wp-image-9571\" src=\"https:\/\/achisonsafety.com.vn\/wp-content\/uploads\/2024\/06\/Huong-dan-mang-tam-loc-bui-3M-5744.jpg\" alt=\"H\u01b0\u1edbng d\u1eabn l\u1eafp m\u1eb7t n\u1ea1 1 phin 3100 v\u00e0 t\u1ea5m l\u1ecdc 3M 5744\" width=\"300\" height=\"200\" title=\"\" srcset=\"https:\/\/achisonsafety.com.vn\/wp-content\/uploads\/2024\/06\/Huong-dan-mang-tam-loc-bui-3M-5744.jpg 300w, https:\/\/achisonsafety.com.vn\/wp-content\/uploads\/2024\/06\/Huong-dan-mang-tam-loc-bui-3M-5744-45x30.jpg 45w, https:\/\/achisonsafety.com.vn\/wp-content\/uploads\/2024\/06\/Huong-dan-mang-tam-loc-bui-3M-5744-90x60.jpg 90w\" sizes=\"(max-width: 300px) 100vw, 300px\" \/><figcaption id=\"caption-attachment-9571\" class=\"wp-caption-text\">H\u01b0\u1edbng d\u1eabn l\u1eafp m\u1eb7t n\u1ea1 1 phin 3100 v\u00e0 t\u1ea5m l\u1ecdc 3M 5744<\/figcaption><\/figure>\n<\/td>\n<td>\u00a0B\u01b0\u1edbc 1: C\u0103n ch\u1ec9nh l\u1ed7 h\u1edf c\u1ee7a n\u1eafp gi\u1eef t\u1ea5m l\u1ecdc 3M 5700 v\u00e0 c\u1ed5ng h\u00edt v\u00e0o tr\u00ean m\u1eb7t n\u1ea1 r\u1ed3i \u1ea5n ch\u00fang v\u00e0o nhau<\/td>\n<\/tr>\n<tr>\n<td>\n<figure id=\"attachment_9573\" class=\"wp-caption alignnone\" aria-describedby=\"caption-attachment-9573\"><img loading=\"lazy\" decoding=\"async\" class=\" wp-image-9573\" src=\"https:\/\/achisonsafety.com.vn\/wp-content\/uploads\/2024\/06\/Huong-dan-lap-tam-loc-3M-5744.jpg\" alt=\"H\u01b0\u1edbng d\u1eabn t\u1eebng b\u01b0\u1edbc c\u00e1ch l\u1eafp m\u1eb7t n\u1ea1 3M 3100 v\u00e0 t\u1ea5m l\u1ecdc b\u1ee5i\" width=\"303\" height=\"201\" title=\"\" srcset=\"https:\/\/achisonsafety.com.vn\/wp-content\/uploads\/2024\/06\/Huong-dan-lap-tam-loc-3M-5744.jpg 263w, https:\/\/achisonsafety.com.vn\/wp-content\/uploads\/2024\/06\/Huong-dan-lap-tam-loc-3M-5744-45x30.jpg 45w, https:\/\/achisonsafety.com.vn\/wp-content\/uploads\/2024\/06\/Huong-dan-lap-tam-loc-3M-5744-90x60.jpg 90w\" sizes=\"(max-width: 303px) 100vw, 303px\" \/><figcaption id=\"caption-attachment-9573\" class=\"wp-caption-text\">H\u01b0\u1edbng d\u1eabn t\u1eebng b\u01b0\u1edbc c\u00e1ch l\u1eafp m\u1eb7t n\u1ea1 3M 3100 v\u00e0 t\u1ea5m l\u1ecdc b\u1ee5i<\/figcaption><\/figure>\n<\/td>\n<td>\u00a0B\u01b0\u1edbc 2: M\u1ed9t \u00e2m thanh t\u00e1ch s\u1ebd \u0111\u1ea3m b\u1ea3o n\u1eafp gi\u1eef t\u1ea5m l\u1ecdc \u0111\u01b0\u1ee3c l\u1eafp \u0111\u1eb7t ch\u1eafn ch\u1eafn. \u0110\u1ea3m b\u1ea3o r\u1eb1ng c\u00e1c \u0111\u00e1nh d\u1ea5u tr\u00ean m\u1eb7t n\u1ea1 v\u00e0 n\u1eafp gi\u1eef t\u1ea5m l\u1ecdc \u0111\u01b0\u1ee3c c\u0103n ch\u1ec9nh ch\u00ednh x\u00e1c<\/td>\n<\/tr>\n<tr>\n<td>\n<figure id=\"attachment_9575\" class=\"wp-caption alignnone\" aria-describedby=\"caption-attachment-9575\"><img loading=\"lazy\" decoding=\"async\" class=\" wp-image-9575\" src=\"https:\/\/achisonsafety.com.vn\/wp-content\/uploads\/2024\/06\/Huong-dan-lap-tam-loc-3M-5744-3.jpg\" alt=\"H\u01b0\u1edbng d\u1eabn c\u00e1ch thay t\u1ea5m l\u1ecdc b\u1ee5i 3M 5744\" width=\"301\" height=\"200\" title=\"\" srcset=\"https:\/\/achisonsafety.com.vn\/wp-content\/uploads\/2024\/06\/Huong-dan-lap-tam-loc-3M-5744-3.jpg 263w, https:\/\/achisonsafety.com.vn\/wp-content\/uploads\/2024\/06\/Huong-dan-lap-tam-loc-3M-5744-3-45x30.jpg 45w, https:\/\/achisonsafety.com.vn\/wp-content\/uploads\/2024\/06\/Huong-dan-lap-tam-loc-3M-5744-3-90x60.jpg 90w\" sizes=\"(max-width: 301px) 100vw, 301px\" \/><figcaption id=\"caption-attachment-9575\" class=\"wp-caption-text\">H\u01b0\u1edbng d\u1eabn c\u00e1ch thay t\u1ea5m l\u1ecdc b\u1ee5i 3M 5744<\/figcaption><\/figure>\n<\/td>\n<td>\u00a0B\u01b0\u1edbc 3: M\u1edf n\u1eafp gi\u1eef t\u1ea5m l\u1ecdc, \u0111\u1eb7t t\u1ea5m l\u1ecdc l\u00ean b\u1ec1 m\u1eb7t n\u1eafp gi\u1eef v\u1edbi ph\u1ea7n ch\u1eef in h\u01b0\u1edbng ra ngo\u00e0i<\/td>\n<\/tr>\n<tr>\n<td>\n<figure id=\"attachment_9577\" class=\"wp-caption alignnone\" aria-describedby=\"caption-attachment-9577\"><img loading=\"lazy\" decoding=\"async\" class=\" wp-image-9577\" src=\"https:\/\/achisonsafety.com.vn\/wp-content\/uploads\/2024\/06\/Huong-dan-thay-tam-loc-3M-5744.jpg\" alt=\"H\u01b0\u1edbng d\u1eabn thay t\u1ea5m l\u1ecdc 3M 5744 ho\u1eb7c 3M 5744C\" width=\"300\" height=\"199\" title=\"\" srcset=\"https:\/\/achisonsafety.com.vn\/wp-content\/uploads\/2024\/06\/Huong-dan-thay-tam-loc-3M-5744.jpg 263w, https:\/\/achisonsafety.com.vn\/wp-content\/uploads\/2024\/06\/Huong-dan-thay-tam-loc-3M-5744-45x30.jpg 45w, https:\/\/achisonsafety.com.vn\/wp-content\/uploads\/2024\/06\/Huong-dan-thay-tam-loc-3M-5744-90x60.jpg 90w\" sizes=\"(max-width: 300px) 100vw, 300px\" \/><figcaption id=\"caption-attachment-9577\" class=\"wp-caption-text\">H\u01b0\u1edbng d\u1eabn thay t\u1ea5m l\u1ecdc 3M 5744 ho\u1eb7c 3M 5744C<\/figcaption><\/figure>\n<\/td>\n<td>\u00a0B\u01b0\u1edbc 4: \u0110\u00f3ng n\u1eafp gi\u1eef t\u1ea5m l\u1ecdc v\u1edbi ti\u1ebfng t\u00e1ch sau khi \u1ea5n v\u00e0o ch\u1ed1t b\u00ean c\u1ea1nh c\u1ee7a n\u1eafp gi\u1eef t\u1ea5m l\u1ecdc<\/td>\n<\/tr>\n<tr>\n<td>\n<figure id=\"attachment_9579\" class=\"wp-caption alignnone\" aria-describedby=\"caption-attachment-9579\"><img loading=\"lazy\" decoding=\"async\" class=\" wp-image-9579\" src=\"https:\/\/achisonsafety.com.vn\/wp-content\/uploads\/2024\/06\/Cach-dep-mat-na-va-phin-loc-3M.jpg\" alt=\"C\u00e1ch \u0111eo m\u1eb7t n\u1ea1 3M 3100 v\u00e0 t\u1ea5m l\u1ecdc 3M 5744\" width=\"304\" height=\"202\" title=\"\" srcset=\"https:\/\/achisonsafety.com.vn\/wp-content\/uploads\/2024\/06\/Cach-dep-mat-na-va-phin-loc-3M.jpg 263w, https:\/\/achisonsafety.com.vn\/wp-content\/uploads\/2024\/06\/Cach-dep-mat-na-va-phin-loc-3M-45x30.jpg 45w, https:\/\/achisonsafety.com.vn\/wp-content\/uploads\/2024\/06\/Cach-dep-mat-na-va-phin-loc-3M-90x60.jpg 90w\" sizes=\"(max-width: 304px) 100vw, 304px\" \/><figcaption id=\"caption-attachment-9579\" class=\"wp-caption-text\">C\u00e1ch \u0111eo m\u1eb7t n\u1ea1 3M 3100 v\u00e0 t\u1ea5m l\u1ecdc 3M 5744<\/figcaption><\/figure>\n<\/td>\n<td>\u00a0B\u01b0\u1edbc 5: B\u1ed9 l\u1ecdc c\u1ee7a b\u1ea1n \u0111\u00e3 s\u1eb5n s\u00e0ng s\u1eed d\u1ee5ng<\/td>\n<\/tr>\n<\/tbody>\n<\/table><\/div>\n<h3><strong>\u0110\u01b0\u1ee3c thi\u1ebft k\u1ebf \u0111\u1ec3 \u1ee9ng d\u1ee5ng trong nhi\u1ec1u ng\u00e0nh c\u00f4ng nghi\u1ec7p<\/strong><\/h3>\n<div class=\"tbw\">\n<div class=\"tbw\"><table>\n<tbody>\n<tr>\n<td><img loading=\"lazy\" decoding=\"async\" class=\"wp-image-9582 aligncenter\" src=\"https:\/\/achisonsafety.com.vn\/wp-content\/uploads\/2024\/06\/Dong-tau.jpg\" alt=\"\" width=\"128\" height=\"128\" title=\"\" srcset=\"https:\/\/achisonsafety.com.vn\/wp-content\/uploads\/2024\/06\/Dong-tau.jpg 100w, https:\/\/achisonsafety.com.vn\/wp-content\/uploads\/2024\/06\/Dong-tau-30x30.jpg 30w, https:\/\/achisonsafety.com.vn\/wp-content\/uploads\/2024\/06\/Dong-tau-60x60.jpg 60w\" sizes=\"(max-width: 128px) 100vw, 128px\" \/><\/td>\n<td>\u0110\u00f3ng t\u00e0u<\/td>\n<td><img loading=\"lazy\" decoding=\"async\" class=\"wp-image-9586 aligncenter\" src=\"https:\/\/achisonsafety.com.vn\/wp-content\/uploads\/2024\/06\/Giao-thong-van-tai.jpg\" alt=\"\" width=\"151\" height=\"151\" title=\"\" srcset=\"https:\/\/achisonsafety.com.vn\/wp-content\/uploads\/2024\/06\/Giao-thong-van-tai.jpg 100w, https:\/\/achisonsafety.com.vn\/wp-content\/uploads\/2024\/06\/Giao-thong-van-tai-30x30.jpg 30w, https:\/\/achisonsafety.com.vn\/wp-content\/uploads\/2024\/06\/Giao-thong-van-tai-60x60.jpg 60w\" sizes=\"(max-width: 151px) 100vw, 151px\" \/><\/td>\n<td>Giao th\u00f4ng v\u1eadn t\u1ea3i<\/td>\n<\/tr>\n<tr>\n<td><img loading=\"lazy\" decoding=\"async\" class=\"wp-image-9584 aligncenter\" src=\"https:\/\/achisonsafety.com.vn\/wp-content\/uploads\/2024\/06\/Duoc-pham.jpg\" alt=\"\" width=\"188\" height=\"188\" title=\"\" srcset=\"https:\/\/achisonsafety.com.vn\/wp-content\/uploads\/2024\/06\/Duoc-pham.jpg 100w, https:\/\/achisonsafety.com.vn\/wp-content\/uploads\/2024\/06\/Duoc-pham-30x30.jpg 30w, https:\/\/achisonsafety.com.vn\/wp-content\/uploads\/2024\/06\/Duoc-pham-60x60.jpg 60w\" sizes=\"(max-width: 188px) 100vw, 188px\" \/><\/td>\n<td>D\u01b0\u1ee3c ph\u1ea9m<\/td>\n<td><img loading=\"lazy\" decoding=\"async\" class=\" wp-image-9588 aligncenter\" src=\"https:\/\/achisonsafety.com.vn\/wp-content\/uploads\/2024\/06\/Han.jpg\" alt=\"\" width=\"150\" height=\"150\" title=\"\" srcset=\"https:\/\/achisonsafety.com.vn\/wp-content\/uploads\/2024\/06\/Han.jpg 100w, https:\/\/achisonsafety.com.vn\/wp-content\/uploads\/2024\/06\/Han-30x30.jpg 30w, https:\/\/achisonsafety.com.vn\/wp-content\/uploads\/2024\/06\/Han-60x60.jpg 60w\" sizes=\"(max-width: 150px) 100vw, 150px\" \/><\/td>\n<td>H\u00e0n c\u1eaft<\/td>\n<\/tr>\n<tr>\n<td><img loading=\"lazy\" decoding=\"async\" class=\"wp-image-9592 aligncenter\" src=\"https:\/\/achisonsafety.com.vn\/wp-content\/uploads\/2024\/06\/May-moc-nang.jpg\" alt=\"\" width=\"151\" height=\"151\" title=\"\" srcset=\"https:\/\/achisonsafety.com.vn\/wp-content\/uploads\/2024\/06\/May-moc-nang.jpg 100w, https:\/\/achisonsafety.com.vn\/wp-content\/uploads\/2024\/06\/May-moc-nang-30x30.jpg 30w, https:\/\/achisonsafety.com.vn\/wp-content\/uploads\/2024\/06\/May-moc-nang-60x60.jpg 60w\" sizes=\"(max-width: 151px) 100vw, 151px\" \/><\/td>\n<td>M\u00e1y m\u00f3c n\u1eb7ng<\/td>\n<td><img loading=\"lazy\" decoding=\"async\" class=\"wp-image-9594 aligncenter\" src=\"https:\/\/achisonsafety.com.vn\/wp-content\/uploads\/2024\/06\/Xay-dung.jpg\" alt=\"\" width=\"122\" height=\"122\" title=\"\" srcset=\"https:\/\/achisonsafety.com.vn\/wp-content\/uploads\/2024\/06\/Xay-dung.jpg 100w, https:\/\/achisonsafety.com.vn\/wp-content\/uploads\/2024\/06\/Xay-dung-30x30.jpg 30w, https:\/\/achisonsafety.com.vn\/wp-content\/uploads\/2024\/06\/Xay-dung-60x60.jpg 60w\" sizes=\"(max-width: 122px) 100vw, 122px\" \/><\/td>\n<td>X\u00e2y d\u1ef1ng<\/td>\n<\/tr>\n<tr>\n<td><img loading=\"lazy\" decoding=\"async\" class=\"wp-image-9590 aligncenter\" src=\"https:\/\/achisonsafety.com.vn\/wp-content\/uploads\/2024\/06\/Khai-thac-mo.jpg\" alt=\"\" width=\"136\" height=\"136\" title=\"\" srcset=\"https:\/\/achisonsafety.com.vn\/wp-content\/uploads\/2024\/06\/Khai-thac-mo.jpg 100w, https:\/\/achisonsafety.com.vn\/wp-content\/uploads\/2024\/06\/Khai-thac-mo-30x30.jpg 30w, https:\/\/achisonsafety.com.vn\/wp-content\/uploads\/2024\/06\/Khai-thac-mo-60x60.jpg 60w\" sizes=\"(max-width: 136px) 100vw, 136px\" \/><\/td>\n<td>Khai th\u00e1c m\u1ecf<\/td>\n<td><img loading=\"lazy\" decoding=\"async\" class=\"wp-image-9596 aligncenter\" src=\"https:\/\/achisonsafety.com.vn\/wp-content\/uploads\/2024\/06\/O-to.jpg\" alt=\"\" width=\"114\" height=\"114\" title=\"\" srcset=\"https:\/\/achisonsafety.com.vn\/wp-content\/uploads\/2024\/06\/O-to.jpg 100w, https:\/\/achisonsafety.com.vn\/wp-content\/uploads\/2024\/06\/O-to-30x30.jpg 30w, https:\/\/achisonsafety.com.vn\/wp-content\/uploads\/2024\/06\/O-to-60x60.jpg 60w\" sizes=\"(max-width: 114px) 100vw, 114px\" \/><\/td>\n<td>\u00d4 t\u00f4<\/td>\n<\/tr>\n<\/tbody>\n<\/table><\/div>\n<\/div>\n<h3><strong>L\u1ef1a ch\u1ecdn m\u1eb7t n\u1ea1 ph\u00f2ng \u0111\u1ed9c v\u00e0 ph\u1ee5 ki\u1ec7n th\u00edch h\u1ee3p<\/strong><\/h3>\n<p>T\u1ea5m l\u1ecdc b\u1ee5i\/h\u1ea1t 3M 5744 th\u00edch h\u1ee3p d\u00f9ng v\u1edbi\u00a0<a href=\"https:\/\/achisonsafety.com.vn\/san-pham\/mat-na-3m-3100-3200\/\">m\u1eb7t n\u1ea1 ph\u00f2ng \u0111\u1ed9c 1 phin l\u1ecdc 3M 3000 series (3M 3100 \u2013 size nh\u1ecf, 3M 3200 \u2013 size l\u1edbn)<\/a>\u00a0ho\u1eb7c m\u1eb7t n\u1ea1 3M HF50 Series (3M HF51 \u2013 size nh\u1ecf, 3M HF52 \u2013 Size l\u1edbn)<\/p>\n<p>T\u1ea5m l\u1ecdc ph\u1ea3i \u0111\u01b0\u1ee3c l\u1eafp c\u00f9ng n\u1eafp \u0111\u1eady m\u00e3 h\u00e0ng 3M 5700<\/p>\n<p><b>ACHISON \u2013 Ti\u00ean phong gi\u1ea3i ph\u00e1p c\u00f4ng nghi\u1ec7p<\/b><\/p>\n<p><strong>Safetyline:<\/strong>\u00a00913.820.539<\/p>\n<p><b>\u0110\u1ecba ch\u1ec9:<\/b>\u00a089\/40\/06-08 Nguy\u1ec5n H\u1ed3ng \u0110\u00e0o, Ph\u01b0\u1eddng 14, Qu\u1eadn T\u00e2n B\u00ecnh, TP. H\u1ed3 Ch\u00ed Minh<\/p>\n<p><b>Website<\/b>: www.achisonsafety.com.vn<\/p>\n<p><b>Email<\/b>:\u00a0<a href=\"mailto:achisonjsc@achison.com\">achisonjsc@achison.com<\/a><\/p>\n<p><b>Fanpage:<\/b>\u00a0https:\/\/www.facebook.com\/Achisongiaiphapcongnghiep<\/p>\n<\/div>\n","protected":false},"excerpt":{"rendered":"<p>N\u1eafp gi\u1eef t\u1ea5m l\u1ecdc \u0111\u01b0\u1ee3c d\u00f9ng k\u00e8m v\u1edbi t\u1ea5m l\u1ecdc b\u1ee5i h\u1ea1t 3M 5744 ho\u1eb7c t\u1ea5m l\u1ecdc b\u1ee5i h\u1ea1t k\u00e8m l\u1edbp than l\u1ecdc h\u01a1i h\u1eefu c\u01a1 nh\u1eb9 3M 5744C<\/p>\n","protected":false},"featured_media":9614,"comment_status":"open","ping_status":"closed","template":"","meta":[],"product_cat":[37,115],"product_tag":[837,825,848,188,184,338,190,183,831],"class_list":{"0":"post-9613","1":"product","2":"type-product","3":"status-publish","4":"has-post-thumbnail","6":"product_cat-mat-na-phin-loc","7":"product_cat-nap-giu-tam-loc","8":"product_tag-3m","9":"product_tag-mat-na-loc-bui-3m","10":"product_tag-nap-giu-tam-loc","11":"product_tag-nganh-dau-khi-khai-khoang-dong-tau-cang-bien-hang-khong","12":"product_tag-nganh-gia-cong-kim-loai","13":"product_tag-nganh-khai-thac-va-che-bien-go-noi-that","14":"product_tag-nganh-san-xuat-chung","15":"product_tag-nganh-tu-dong-hoa","16":"product_tag-tam-loc-bui-3m","17":"yith_product_brand-3m","19":"first","20":"instock","21":"shipping-taxable","22":"product-type-simple"},"acf":[],"_links":{"self":[{"href":"https:\/\/achisonsafety.com.vn\/en\/wp-json\/wp\/v2\/product\/9613"}],"collection":[{"href":"https:\/\/achisonsafety.com.vn\/en\/wp-json\/wp\/v2\/product"}],"about":[{"href":"https:\/\/achisonsafety.com.vn\/en\/wp-json\/wp\/v2\/types\/product"}],"replies":[{"embeddable":true,"href":"https:\/\/achisonsafety.com.vn\/en\/wp-json\/wp\/v2\/comments?post=9613"}],"wp:featuredmedia":[{"embeddable":true,"href":"https:\/\/achisonsafety.com.vn\/en\/wp-json\/wp\/v2\/media\/9614"}],"wp:attachment":[{"href":"https:\/\/achisonsafety.com.vn\/en\/wp-json\/wp\/v2\/media?parent=9613"}],"wp:term":[{"taxonomy":"product_cat","embeddable":true,"href":"https:\/\/achisonsafety.com.vn\/en\/wp-json\/wp\/v2\/product_cat?post=9613"},{"taxonomy":"product_tag","embeddable":true,"href":"https:\/\/achisonsafety.com.vn\/en\/wp-json\/wp\/v2\/product_tag?post=9613"}],"curies":[{"name":"wp","href":"https:\/\/api.w.org\/{rel}","templated":true}]}}