{"id":9650,"date":"2024-07-02T16:03:41","date_gmt":"2024-07-02T09:03:41","guid":{"rendered":"https:\/\/achisonsafety.com.vn\/?post_type=product&#038;p=9650"},"modified":"2025-09-17T16:44:22","modified_gmt":"2025-09-17T09:44:22","slug":"ong-bao-on-cao-su-non-giai-phap-cach-nhiet-toi-uu","status":"publish","type":"product","link":"https:\/\/achisonsafety.com.vn\/en\/san-pham\/ong-bao-on-cao-su-non-giai-phap-cach-nhiet-toi-uu\/","title":{"rendered":"\u1ed0ng B\u1ea3o \u00d4n Cao Su Non &#8211; Gi\u1ea3i Ph\u00e1p C\u00e1ch Nhi\u1ec7t T\u1ed1i \u01afu"},"content":{"rendered":"<p><a href=\"https:\/\/achisonsafety.com.vn\/danh-muc-san-pham\/bao-ve-co-so-ha-tang-va-moi-truong\/bao-on-cong-nghiep\/\">\u1ed0ng b\u1ea3o \u00f4n cao su non<\/a> l\u00e0 m\u1ed9t trong nh\u1eefng v\u1eadt li\u1ec7u b\u1ea3o \u00f4n hi\u1ec7u qu\u1ea3 nh\u1ea5t hi\u1ec7n nay, \u0111\u01b0\u1ee3c s\u1eed d\u1ee5ng r\u1ed9ng r\u00e3i trong c\u00e1c h\u1ec7 th\u1ed1ng \u1ed1ng d\u1eabn n\u01b0\u1edbc l\u1ea1nh, \u0111i\u1ec1u h\u00f2a kh\u00f4ng kh\u00ed v\u00e0 h\u1ec7 th\u1ed1ng nhi\u1ec7t. V\u1edbi kh\u1ea3 n\u0103ng c\u00e1ch nhi\u1ec7t v\u01b0\u1ee3t tr\u1ed9i, \u0111\u1ed9 b\u1ec1n cao v\u00e0 kh\u1ea3 n\u0103ng ch\u1ed1ng \u1ea9m tuy\u1ec7t v\u1eddi, \u1ed1ng b\u1ea3o \u00f4n cao su non gi\u00fap duy tr\u00ec hi\u1ec7u su\u1ea5t h\u1ec7 th\u1ed1ng v\u00e0 ti\u1ebft ki\u1ec7m n\u0103ng l\u01b0\u1ee3ng.<\/p>\n<p><img loading=\"lazy\" decoding=\"async\" class=\"alignnone  wp-image-9651\" src=\"https:\/\/achisonsafety.com.vn\/wp-content\/uploads\/2024\/07\/Ong-bao-on-cao-su-non-3.png\" alt=\"\" width=\"396\" height=\"396\" title=\"\" srcset=\"https:\/\/achisonsafety.com.vn\/wp-content\/uploads\/2024\/07\/Ong-bao-on-cao-su-non-3.png 600w, https:\/\/achisonsafety.com.vn\/wp-content\/uploads\/2024\/07\/Ong-bao-on-cao-su-non-3-400x400.png 400w, https:\/\/achisonsafety.com.vn\/wp-content\/uploads\/2024\/07\/Ong-bao-on-cao-su-non-3-280x280.png 280w, https:\/\/achisonsafety.com.vn\/wp-content\/uploads\/2024\/07\/Ong-bao-on-cao-su-non-3-30x30.png 30w, https:\/\/achisonsafety.com.vn\/wp-content\/uploads\/2024\/07\/Ong-bao-on-cao-su-non-3-60x60.png 60w, https:\/\/achisonsafety.com.vn\/wp-content\/uploads\/2024\/07\/Ong-bao-on-cao-su-non-3-247x247.png 247w, https:\/\/achisonsafety.com.vn\/wp-content\/uploads\/2024\/07\/Ong-bao-on-cao-su-non-3-510x510.png 510w, https:\/\/achisonsafety.com.vn\/wp-content\/uploads\/2024\/07\/Ong-bao-on-cao-su-non-3-100x100.png 100w\" sizes=\"(max-width: 396px) 100vw, 396px\" \/><\/p>\n<p><strong>\u01afu \u0111i\u1ec3m c\u1ee7a d\u00f2ng \u1ed0ng B\u1ea3o \u00d4n Cao Su Non<\/strong><\/p>\n<ol>\n<li><strong>Hi\u1ec7u qu\u1ea3 c\u00e1ch nhi\u1ec7t cao<\/strong>: S\u1ea3n ph\u1ea9m c\u00f3 h\u1ec7 s\u1ed1 d\u1eabn nhi\u1ec7t th\u1ea5p, gi\u00fap duy tr\u00ec nhi\u1ec7t \u0111\u1ed9 \u1ed5n \u0111\u1ecbnh cho h\u1ec7 th\u1ed1ng.<\/li>\n<li><strong>\u0110\u1ed9 b\u1ec1n cao<\/strong>: V\u1edbi kh\u1ea3 n\u0103ng ch\u1ecbu nhi\u1ec7t v\u00e0 ch\u1ed1ng m\u00e0i m\u00f2n t\u1ed1t, \u1ed1ng b\u1ea3o \u00f4n cao su non \u0111\u1ea3m b\u1ea3o tu\u1ed5i th\u1ecd d\u00e0i l\u00e2u.<\/li>\n<li><strong>Kh\u1ea3 n\u0103ng ch\u1ed1ng \u1ea9m tuy\u1ec7t v\u1eddi<\/strong>: C\u1ea5u tr\u00fac b\u1ecdt k\u00edn gi\u00fap \u1ed1ng b\u1ea3o \u00f4n cao su non ch\u1ed1ng th\u1ea5m n\u01b0\u1edbc hi\u1ec7u qu\u1ea3, ng\u0103n ng\u1eeba \u1ea9m m\u1ed1c v\u00e0 b\u1ea3o v\u1ec7 h\u1ec7 th\u1ed1ng.<\/li>\n<li><strong>D\u1ec5 d\u00e0ng thi c\u00f4ng<\/strong>: \u1ed0ng b\u1ea3o \u00f4n cao su non nh\u1eb9, linh ho\u1ea1t v\u00e0 d\u1ec5 l\u1eafp \u0111\u1eb7t, gi\u00fap gi\u1ea3m chi ph\u00ed v\u00e0 th\u1eddi gian thi c\u00f4ng.<\/li>\n<li><strong>Kh\u1ea3 n\u0103ng ch\u1ed1ng ch\u00e1y<\/strong>: V\u1eadt li\u1ec7u cao su non c\u00f3 kh\u1ea3 n\u0103ng ch\u1ed1ng ch\u00e1y t\u1ed1t, gi\u00fap t\u0103ng c\u01b0\u1eddng an to\u00e0n cho h\u1ec7 th\u1ed1ng.<\/li>\n<\/ol>\n<p><strong>\u1ee8ng d\u1ee5ng c\u1ee7a \u1ed0ng B\u1ea3o \u00d4n Cao Su Non<\/strong><\/p>\n<p>S\u1ea3n ph\u1ea9m \u0111\u01b0\u1ee3c s\u1eed d\u1ee5ng trong nhi\u1ec1u l\u0129nh v\u1ef1c v\u00e0 h\u1ec7 th\u1ed1ng kh\u00e1c nhau, bao g\u1ed3m:<\/p>\n<ul>\n<li>H\u1ec7 th\u1ed1ng \u0111i\u1ec1u h\u00f2a kh\u00f4ng kh\u00ed (HVAC)<\/li>\n<li>H\u1ec7 th\u1ed1ng \u1ed1ng d\u1eabn n\u01b0\u1edbc l\u1ea1nh v\u00e0 n\u01b0\u1edbc n\u00f3ng<\/li>\n<li>H\u1ec7 th\u1ed1ng nhi\u1ec7t v\u00e0 l\u00e0m l\u1ea1nh c\u00f4ng nghi\u1ec7p<\/li>\n<li>C\u00e1ch nhi\u1ec7t cho c\u00e1c \u0111\u01b0\u1eddng \u1ed1ng d\u1eabn d\u1ea7u v\u00e0 kh\u00ed<\/li>\n<\/ul>\n<p><img loading=\"lazy\" decoding=\"async\" class=\"alignnone size-full wp-image-9655\" src=\"https:\/\/achisonsafety.com.vn\/wp-content\/uploads\/2024\/07\/Ong-bao-on-cao-su-non-1.png\" alt=\"\" width=\"600\" height=\"600\" title=\"\" srcset=\"https:\/\/achisonsafety.com.vn\/wp-content\/uploads\/2024\/07\/Ong-bao-on-cao-su-non-1.png 600w, https:\/\/achisonsafety.com.vn\/wp-content\/uploads\/2024\/07\/Ong-bao-on-cao-su-non-1-400x400.png 400w, https:\/\/achisonsafety.com.vn\/wp-content\/uploads\/2024\/07\/Ong-bao-on-cao-su-non-1-280x280.png 280w, https:\/\/achisonsafety.com.vn\/wp-content\/uploads\/2024\/07\/Ong-bao-on-cao-su-non-1-30x30.png 30w, https:\/\/achisonsafety.com.vn\/wp-content\/uploads\/2024\/07\/Ong-bao-on-cao-su-non-1-60x60.png 60w, https:\/\/achisonsafety.com.vn\/wp-content\/uploads\/2024\/07\/Ong-bao-on-cao-su-non-1-247x247.png 247w, https:\/\/achisonsafety.com.vn\/wp-content\/uploads\/2024\/07\/Ong-bao-on-cao-su-non-1-510x510.png 510w, https:\/\/achisonsafety.com.vn\/wp-content\/uploads\/2024\/07\/Ong-bao-on-cao-su-non-1-100x100.png 100w\" sizes=\"(max-width: 600px) 100vw, 600px\" \/><\/p>\n<p><strong>L\u01b0u \u00fd khi s\u1eed d\u1ee5ng<\/strong><\/p>\n<ol>\n<li><strong>\u0110i\u1ec1u ki\u1ec7n b\u1ea3o qu\u1ea3n<\/strong>: S\u1ea3n ph\u1ea9m c\u1ea7n \u0111\u01b0\u1ee3c b\u1ea3o qu\u1ea3n \u1edf n\u01a1i kh\u00f4 r\u00e1o, tho\u00e1ng m\u00e1t, tr\u00e1nh \u00e1nh n\u1eafng tr\u1ef1c ti\u1ebfp v\u00e0 n\u01a1i c\u00f3 \u0111\u1ed9 \u1ea9m cao \u0111\u1ec3 duy tr\u00ec ch\u1ea5t l\u01b0\u1ee3ng v\u00e0 hi\u1ec7u qu\u1ea3 c\u00e1ch nhi\u1ec7t.<\/li>\n<li><strong>C\u1eaft v\u00e0 thi c\u00f4ng<\/strong>: S\u1eed d\u1ee5ng d\u1ee5ng c\u1ee5 ph\u00f9 h\u1ee3p nh\u01b0 dao c\u1eaft ho\u1eb7c m\u00e1y c\u1eaft \u0111\u1ec3 \u0111\u1ea3m b\u1ea3o c\u00e1c c\u1ea1nh c\u1eaft \u0111\u1ec1u v\u00e0 kh\u00f4ng b\u1ecb v\u1ee1, gi\u00fap vi\u1ec7c l\u1eafp \u0111\u1eb7t d\u1ec5 d\u00e0ng v\u00e0 hi\u1ec7u qu\u1ea3 h\u01a1n.<\/li>\n<li><strong>An to\u00e0n khi thi c\u00f4ng<\/strong>: \u0110eo \u0111\u1ed3 b\u1ea3o h\u1ed9 nh\u01b0 g\u0103ng tay v\u00e0 k\u00ednh b\u1ea3o h\u1ed9 \u0111\u1ec3 tr\u00e1nh b\u1ecb th\u01b0\u01a1ng do c\u1eaft ho\u1eb7c ti\u1ebfp x\u00fac v\u1edbi c\u00e1c v\u1eadt li\u1ec7u kh\u00e1c.<\/li>\n<li><strong>\u1ee8ng d\u1ee5ng \u0111\u00fang m\u1ee5c \u0111\u00edch<\/strong>: S\u1eed d\u1ee5ng \u1ed1ng b\u1ea3o \u00f4n cao su non \u0111\u00fang m\u1ee5c \u0111\u00edch \u0111\u1ec3 \u0111\u1ea1t hi\u1ec7u qu\u1ea3 c\u00e1ch nhi\u1ec7t t\u1ed1i \u01b0u.<\/li>\n<li><strong>X\u1eed l\u00fd m\u1ed1i n\u1ed1i<\/strong>: Ch\u00fa \u00fd \u0111\u1ebfn c\u00e1c m\u1ed1i n\u1ed1i gi\u1eefa c\u00e1c \u1ed1ng \u0111\u1ec3 \u0111\u1ea3m b\u1ea3o kh\u00f4ng c\u00f3 khe h\u1edf, tr\u00e1nh m\u1ea5t nhi\u1ec7t v\u00e0 \u0111\u1ea3m b\u1ea3o t\u00ednh li\u00ean t\u1ee5c c\u1ee7a l\u1edbp c\u00e1ch nhi\u1ec7t.<\/li>\n<li><strong>T\u01b0\u01a1ng th\u00edch v\u1edbi c\u00e1c v\u1eadt li\u1ec7u kh\u00e1c<\/strong>: Ki\u1ec3m tra t\u00ednh t\u01b0\u01a1ng th\u00edch khi s\u1eed d\u1ee5ng \u1ed1ng cao su non c\u00f9ng v\u1edbi c\u00e1c v\u1eadt li\u1ec7u kh\u00e1c \u0111\u1ec3 tr\u00e1nh ph\u1ea3n \u1ee9ng h\u00f3a h\u1ecdc ho\u1eb7c \u1ea3nh h\u01b0\u1edfng \u0111\u1ebfn hi\u1ec7u qu\u1ea3 c\u00e1ch nhi\u1ec7t.<\/li>\n<li><strong>V\u1ec7 sinh v\u00e0 b\u1ea3o d\u01b0\u1ee1ng<\/strong>: Th\u01b0\u1eddng xuy\u00ean ki\u1ec3m tra v\u00e0 v\u1ec7 sinh \u1ed1ng b\u1ea3o \u00f4n cao su non, \u0111\u1eb7c bi\u1ec7t l\u00e0 trong c\u00e1c khu v\u1ef1c d\u1ec5 b\u00e1m b\u1ee5i v\u00e0 \u1ea9m \u01b0\u1edbt \u0111\u1ec3 duy tr\u00ec hi\u1ec7u qu\u1ea3 c\u00e1ch nhi\u1ec7t l\u00e2u d\u00e0i.<\/li>\n<\/ol>\n<p><strong>Achison &#8211; Ti\u00ean phong trong gi\u1ea3i ph\u00e1p c\u00f4ng nghi\u1ec7p<\/strong><\/p>\n<p>C\u00f4ng Ty C\u1ed5 Ph\u1ea7n Achison t\u1ef1 h\u00e0o l\u00e0 \u0111\u01a1n v\u1ecb ti\u00ean phong trong c\u00e1c gi\u1ea3i ph\u00e1p c\u00f4ng nghi\u1ec7p, \u0111\u1eb7c bi\u1ec7t l\u00e0 trong l\u0129nh v\u1ef1c b\u1ea3o \u00f4n v\u00e0 c\u00e1ch nhi\u1ec7t. Ch\u00fang t\u00f4i lu\u00f4n ti\u00ean phong trong vi\u1ec7c nghi\u00ean c\u1ee9u v\u00e0 \u1ee9ng d\u1ee5ng c\u00e1c c\u00f4ng ngh\u1ec7 m\u1edbi nh\u1ea5t, \u0111\u1ea3m b\u1ea3o mang l\u1ea1i hi\u1ec7u qu\u1ea3 cao nh\u1ea5t cho kh\u00e1ch h\u00e0ng. V\u1edbi \u0111\u1ed9i ng\u0169 k\u1ef9 thu\u1eadt vi\u00ean gi\u00e0u kinh nghi\u1ec7m v\u00e0 h\u1ec7 th\u1ed1ng qu\u1ea3n l\u00fd ch\u1ea5t l\u01b0\u1ee3ng nghi\u00eam ng\u1eb7t, Achison cam k\u1ebft cung c\u1ea5p s\u1ea3n ph\u1ea9m v\u00e0 d\u1ecbch v\u1ee5 \u0111\u1ea1t ti\u00eau chu\u1ea9n qu\u1ed1c t\u1ebf.<\/p>\n<p><img decoding=\"async\" src=\"https:\/\/achisonsafety.com.vn\/wp-content\/uploads\/2022\/12\/AchisonShowroom-3D.jpg\" alt=\"SHOWROOM 3D\" title=\"\"><\/p>\n<p><strong>Li\u00ean h\u1ec7 v\u1edbi ch\u00fang t\u00f4i<\/strong><\/p>\n<p>N\u1ebfu b\u1ea1n \u0111ang t\u00ecm ki\u1ebfm gi\u1ea3i ph\u00e1p c\u00e1ch nhi\u1ec7t hi\u1ec7u qu\u1ea3 cho c\u00f4ng tr\u00ecnh c\u1ee7a m\u00ecnh, h\u00e3y li\u00ean h\u1ec7 ngay v\u1edbi C\u00f4ng Ty C\u1ed5 Ph\u1ea7n Achison \u0111\u1ec3 \u0111\u01b0\u1ee3c t\u01b0 v\u1ea5n chi ti\u1ebft v\u1ec1 s\u1ea3n ph\u1ea9m \u1ed1ng b\u1ea3o \u00f4n cao su non v\u00e0 c\u00e1c gi\u1ea3i ph\u00e1p b\u1ea3o \u00f4n kh\u00e1c. Ch\u00fang t\u00f4i lu\u00f4n s\u1eb5n s\u00e0ng h\u1ed7 tr\u1ee3 v\u00e0 \u0111\u00e1p \u1ee9ng m\u1ecdi nhu c\u1ea7u c\u1ee7a b\u1ea1n.<\/p>\n<p><strong>Th\u00f4ng tin li\u00ean h\u1ec7:<\/strong><\/p>\n<ul>\n<li><strong>Website:<\/strong>\u00a0<a href=\"http:\/\/www.achison.com\/\" target=\"_new\" rel=\"noreferrer noopener nofollow\">www.achison.com<\/a><\/li>\n<li><strong>Email:<\/strong>\u00a0achisonjsc@achison.com<\/li>\n<li><strong>Hotline:\u00a0<\/strong>0913 820 539<\/li>\n<\/ul>\n","protected":false},"excerpt":{"rendered":"<p><strong>Hi\u1ec7u qu\u1ea3 c\u00e1ch nhi\u1ec7t cao<\/strong>: \u1ed0ng b\u1ea3o \u00f4n cao su non c\u00f3 h\u1ec7 s\u1ed1 d\u1eabn nhi\u1ec7t th\u1ea5p, gi\u00fap duy tr\u00ec nhi\u1ec7t \u0111\u1ed9 \u1ed5n \u0111\u1ecbnh cho h\u1ec7 th\u1ed1ng.<\/p>\n<p><strong>\u0110\u1ed9 b\u1ec1n cao<\/strong>: V\u1edbi kh\u1ea3 n\u0103ng ch\u1ecbu nhi\u1ec7t v\u00e0 ch\u1ed1ng m\u00e0i m\u00f2n t\u1ed1t, \u1ed1ng b\u1ea3o \u00f4n cao su non \u0111\u1ea3m b\u1ea3o tu\u1ed5i th\u1ecd d\u00e0i l\u00e2u.<\/p>\n<p><strong>Kh\u1ea3 n\u0103ng ch\u1ed1ng \u1ea9m tuy\u1ec7t v\u1eddi<\/strong>: C\u1ea5u tr\u00fac b\u1ecdt k\u00edn gi\u00fap \u1ed1ng b\u1ea3o \u00f4n cao su non ch\u1ed1ng th\u1ea5m n\u01b0\u1edbc hi\u1ec7u qu\u1ea3, ng\u0103n ng\u1eeba \u1ea9m m\u1ed1c v\u00e0 b\u1ea3o v\u1ec7 h\u1ec7 th\u1ed1ng.<\/p>\n","protected":false},"featured_media":9653,"comment_status":"open","ping_status":"closed","template":"","meta":[],"product_cat":[850],"product_tag":[188,184,189],"class_list":{"0":"post-9650","1":"product","2":"type-product","3":"status-publish","4":"has-post-thumbnail","6":"product_cat-bao-on-cong-nghiep","7":"product_tag-nganh-dau-khi-khai-khoang-dong-tau-cang-bien-hang-khong","8":"product_tag-nganh-gia-cong-kim-loai","9":"product_tag-nganh-xay-dung-logistic-hoa-chat","10":"yith_product_brand-thuong-hieu-khac","12":"first","13":"instock","14":"shipping-taxable","15":"product-type-simple"},"acf":[],"_links":{"self":[{"href":"https:\/\/achisonsafety.com.vn\/en\/wp-json\/wp\/v2\/product\/9650"}],"collection":[{"href":"https:\/\/achisonsafety.com.vn\/en\/wp-json\/wp\/v2\/product"}],"about":[{"href":"https:\/\/achisonsafety.com.vn\/en\/wp-json\/wp\/v2\/types\/product"}],"replies":[{"embeddable":true,"href":"https:\/\/achisonsafety.com.vn\/en\/wp-json\/wp\/v2\/comments?post=9650"}],"wp:featuredmedia":[{"embeddable":true,"href":"https:\/\/achisonsafety.com.vn\/en\/wp-json\/wp\/v2\/media\/9653"}],"wp:attachment":[{"href":"https:\/\/achisonsafety.com.vn\/en\/wp-json\/wp\/v2\/media?parent=9650"}],"wp:term":[{"taxonomy":"product_cat","embeddable":true,"href":"https:\/\/achisonsafety.com.vn\/en\/wp-json\/wp\/v2\/product_cat?post=9650"},{"taxonomy":"product_tag","embeddable":true,"href":"https:\/\/achisonsafety.com.vn\/en\/wp-json\/wp\/v2\/product_tag?post=9650"}],"curies":[{"name":"wp","href":"https:\/\/api.w.org\/{rel}","templated":true}]}}