{"id":9667,"date":"2024-07-04T11:23:13","date_gmt":"2024-07-04T04:23:13","guid":{"rendered":"https:\/\/achisonsafety.com.vn\/?post_type=product&#038;p=9667"},"modified":"2025-09-17T16:44:22","modified_gmt":"2025-09-17T09:44:22","slug":"dich-vu-bao-on-lanh-dam-bao-hieu-qua-cach-nhiet-toi-uu-cho-he-thong-lanh","status":"publish","type":"product","link":"https:\/\/achisonsafety.com.vn\/en\/san-pham\/dich-vu-bao-on-lanh-dam-bao-hieu-qua-cach-nhiet-toi-uu-cho-he-thong-lanh\/","title":{"rendered":"D\u1ecbch v\u1ee5 b\u1ea3o \u00f4n l\u1ea1nh &#8211; \u0110\u1ea3m b\u1ea3o hi\u1ec7u qu\u1ea3 c\u00e1ch nhi\u1ec7t t\u1ed1i \u01b0u cho h\u1ec7 th\u1ed1ng l\u1ea1nh"},"content":{"rendered":"<p>Trong c\u00e1c h\u1ec7 th\u1ed1ng l\u1ea1nh nh\u01b0 kho l\u1ea1nh, \u0111i\u1ec1u h\u00f2a kh\u00f4ng kh\u00ed v\u00e0 c\u00e1c \u1ee9ng d\u1ee5ng c\u00f4ng nghi\u1ec7p kh\u00e1c, vi\u1ec7c duy tr\u00ec nhi\u1ec7t \u0111\u1ed9 \u1ed5n \u0111\u1ecbnh v\u00e0 hi\u1ec7u qu\u1ea3 c\u00e1ch nhi\u1ec7t l\u00e0 y\u1ebfu t\u1ed1 then ch\u1ed1t. Tuy nhi\u00ean, nhi\u1ec1u doanh nghi\u1ec7p g\u1eb7p kh\u00f3 kh\u0103n trong vi\u1ec7c ng\u0103n ch\u1eb7n t\u1ed5n th\u1ea5t nhi\u1ec7t, d\u1eabn \u0111\u1ebfn ti\u00eau hao n\u0103ng l\u01b0\u1ee3ng v\u00e0 chi ph\u00ed v\u1eadn h\u00e0nh cao. H\u01a1n n\u1eefa, c\u00e1c h\u1ec7 th\u1ed1ng l\u1ea1nh kh\u00f4ng \u0111\u01b0\u1ee3c b\u1ea3o \u00f4n \u0111\u00fang c\u00e1ch c\u00f3 th\u1ec3 d\u1eabn \u0111\u1ebfn s\u1ef1 c\u1ed1 v\u00e0 gi\u1ea3m tu\u1ed5i th\u1ecd c\u1ee7a thi\u1ebft b\u1ecb. \u0110\u1ec3 gi\u1ea3i quy\u1ebft nh\u1eefng v\u1ea5n \u0111\u1ec1 n\u00e0y, c\u1ea7n c\u00f3 m\u1ed9t <a href=\"https:\/\/achisonsafety.com.vn\/danh-muc-san-pham\/bao-ve-co-so-ha-tang-va-moi-truong\/bao-on-cong-nghiep\/\">gi\u1ea3i ph\u00e1p b\u1ea3o \u00f4n l\u1ea1nh<\/a> chuy\u00ean nghi\u1ec7p v\u00e0 hi\u1ec7u qu\u1ea3<\/p>\n<p><img loading=\"lazy\" decoding=\"async\" class=\"alignnone  wp-image-9672 aligncenter\" src=\"https:\/\/achisonsafety.com.vn\/wp-content\/uploads\/2024\/07\/Dich-vu-bao-on-lanh.png\" alt=\"D\u1ecbch v\u1ee5 b\u1ea3o \u00f4n l\u1ea1nh\" width=\"417\" height=\"417\" title=\"\" srcset=\"https:\/\/achisonsafety.com.vn\/wp-content\/uploads\/2024\/07\/Dich-vu-bao-on-lanh.png 600w, https:\/\/achisonsafety.com.vn\/wp-content\/uploads\/2024\/07\/Dich-vu-bao-on-lanh-400x400.png 400w, https:\/\/achisonsafety.com.vn\/wp-content\/uploads\/2024\/07\/Dich-vu-bao-on-lanh-280x280.png 280w, https:\/\/achisonsafety.com.vn\/wp-content\/uploads\/2024\/07\/Dich-vu-bao-on-lanh-30x30.png 30w, https:\/\/achisonsafety.com.vn\/wp-content\/uploads\/2024\/07\/Dich-vu-bao-on-lanh-60x60.png 60w, https:\/\/achisonsafety.com.vn\/wp-content\/uploads\/2024\/07\/Dich-vu-bao-on-lanh-247x247.png 247w, https:\/\/achisonsafety.com.vn\/wp-content\/uploads\/2024\/07\/Dich-vu-bao-on-lanh-510x510.png 510w, https:\/\/achisonsafety.com.vn\/wp-content\/uploads\/2024\/07\/Dich-vu-bao-on-lanh-100x100.png 100w\" sizes=\"(max-width: 417px) 100vw, 417px\" \/><\/p>\n<p>\u0110\u1ec3 gi\u1ea3i quy\u1ebft c\u00e1c v\u1ea5n \u0111\u1ec1 tr\u00ean, d\u1ecbch v\u1ee5 b\u1ea3o \u00f4n l\u1ea1nh l\u00e0 gi\u1ea3i ph\u00e1p t\u1ed1i \u01b0u. D\u1ecbch v\u1ee5 n\u00e0y bao g\u1ed3m vi\u1ec7c s\u1eed d\u1ee5ng c\u00e1c v\u1eadt li\u1ec7u c\u00e1ch nhi\u1ec7t ti\u00ean ti\u1ebfn \u0111\u1ec3 b\u1ecdc b\u1ea3o \u00f4n c\u00e1c h\u1ec7 th\u1ed1ng l\u1ea1nh, gi\u00fap gi\u1ea3m thi\u1ec3u t\u1ed5n th\u1ea5t nhi\u1ec7t v\u00e0 duy tr\u00ec hi\u1ec7u su\u1ea5t l\u00e0m vi\u1ec7c c\u1ee7a h\u1ec7 th\u1ed1ng. C\u00e1c v\u1eadt li\u1ec7u b\u1ea3o \u00f4n \u0111\u01b0\u1ee3c l\u1ef1a ch\u1ecdn v\u00e0 thi c\u00f4ng \u0111\u00fang c\u00e1ch s\u1ebd gi\u00fap ng\u0103n ch\u1eb7n s\u1ef1 th\u1ea5t tho\u00e1t nhi\u1ec7t, ch\u1ed1ng \u1ea9m m\u1ed1c v\u00e0 b\u1ea3o v\u1ec7 h\u1ec7 th\u1ed1ng kh\u1ecfi c\u00e1c t\u00e1c \u0111\u1ed9ng b\u00ean ngo\u00e0i.<\/p>\n<p><img loading=\"lazy\" decoding=\"async\" class=\"wp-image-9638 aligncenter\" src=\"https:\/\/achisonsafety.com.vn\/wp-content\/uploads\/2024\/07\/dich-vu-bao-on-cong-nghiep.png\" alt=\"\" width=\"353\" height=\"353\" title=\"\" srcset=\"https:\/\/achisonsafety.com.vn\/wp-content\/uploads\/2024\/07\/dich-vu-bao-on-cong-nghiep.png 600w, https:\/\/achisonsafety.com.vn\/wp-content\/uploads\/2024\/07\/dich-vu-bao-on-cong-nghiep-400x400.png 400w, https:\/\/achisonsafety.com.vn\/wp-content\/uploads\/2024\/07\/dich-vu-bao-on-cong-nghiep-280x280.png 280w, https:\/\/achisonsafety.com.vn\/wp-content\/uploads\/2024\/07\/dich-vu-bao-on-cong-nghiep-30x30.png 30w, https:\/\/achisonsafety.com.vn\/wp-content\/uploads\/2024\/07\/dich-vu-bao-on-cong-nghiep-60x60.png 60w, https:\/\/achisonsafety.com.vn\/wp-content\/uploads\/2024\/07\/dich-vu-bao-on-cong-nghiep-247x247.png 247w, https:\/\/achisonsafety.com.vn\/wp-content\/uploads\/2024\/07\/dich-vu-bao-on-cong-nghiep-510x510.png 510w, https:\/\/achisonsafety.com.vn\/wp-content\/uploads\/2024\/07\/dich-vu-bao-on-cong-nghiep-100x100.png 100w\" sizes=\"(max-width: 353px) 100vw, 353px\" \/><\/p>\n<p>V\u1eadt li\u1ec7u b\u1ea3o \u00f4n l\u1ea1nh l\u00e0 lo\u1ea1i v\u1eadt li\u1ec7u \u0111\u01b0\u1ee3c s\u1eed d\u1ee5ng trong m\u00f4i tr\u01b0\u1eddng c\u00f3 nhi\u1ec7t \u0111\u1ed9 th\u1ea5p d\u01b0\u1edbi m\u1ee9c nhi\u1ec7t \u0111\u1ed9 xung quanh, c\u00f3 kh\u1ea3 n\u0103ng ng\u0103n ch\u1eb7n s\u1ef1 ng\u01b0ng t\u1ee5, x\u00e2m nh\u1eadp c\u1ee7a \u0111\u1ed9 \u1ea9m. \u0110\u1ed9 \u1ea9m t\u1eeb s\u1ef1 ng\u01b0ng \u0111\u1ecdng l\u00e0 m\u1ed9t v\u1ea5n \u0111\u1ec1 trong m\u1ea5t k\u1ef3 h\u1ec7 th\u1ed1ng l\u1ea1nh n\u00e0o<\/p>\n<p>D\u1ecbch v\u1ee5 b\u1ea3o \u00f4n l\u1ea1nh c\u1ee7a C\u00f4ng Ty C\u1ed5 Ph\u1ea7n Achison kh\u00f4ng ch\u1ec9 \u0111\u1ea3m b\u1ea3o hi\u1ec7u qu\u1ea3 c\u00e1ch nhi\u1ec7t t\u1ed1i \u01b0u m\u00e0 c\u00f2n gi\u00fap t\u0103ng c\u01b0\u1eddng tu\u1ed5i th\u1ecd v\u00e0 hi\u1ec7u su\u1ea5t c\u1ee7a c\u00e1c h\u1ec7 th\u1ed1ng l\u1ea1nh. Ch\u00fang t\u00f4i s\u1eed d\u1ee5ng c\u00e1c v\u1eadt li\u1ec7u c\u00e1ch nhi\u1ec7t cao c\u1ea5p nh\u01b0 b\u00f4ng kho\u00e1ng, cao su non, v\u00e0 c\u00e1c lo\u1ea1i v\u1eadt li\u1ec7u b\u1ea3o \u00f4n ti\u00ean ti\u1ebfn kh\u00e1c. \u0110\u1ed9i ng\u0169 k\u1ef9 thu\u1eadt vi\u00ean chuy\u00ean nghi\u1ec7p c\u1ee7a ch\u00fang t\u00f4i s\u1ebd th\u1ef1c hi\u1ec7n quy tr\u00ecnh b\u1ea3o \u00f4n m\u1ed9t c\u00e1ch t\u1ec9 m\u1ec9 v\u00e0 ch\u00ednh x\u00e1c, \u0111\u1ea3m b\u1ea3o r\u1eb1ng m\u1ecdi chi ti\u1ebft c\u1ee7a h\u1ec7 th\u1ed1ng \u0111\u1ec1u \u0111\u01b0\u1ee3c c\u00e1ch nhi\u1ec7t ho\u00e0n h\u1ea3o.<\/p>\n<p>Ch\u00fang t\u00f4i trang b\u1ecb thi\u1ebft b\u1ecb c\u00f4ng ngh\u1ec7 hi\u1ec7n \u0111\u1ea1i, \u1ee9ng d\u1ee5ng ph\u1ea7n m\u1ec1m t\u00ednh to\u00e1n, AutoCad th\u1ef1c hi\u1ec7n b\u1ea3n v\u1ebd, m\u00e1y CNC \u0111\u1ec3 c\u1eaft s\u1ea3n ph\u1ea9m b\u1ea3o \u00f4n \u0111\u1ecbnh h\u00ecnh t\u1eeb foam kh\u1ed1i<\/p>\n<p><img loading=\"lazy\" decoding=\"async\" class=\"wp-image-9668 aligncenter\" src=\"https:\/\/achisonsafety.com.vn\/wp-content\/uploads\/2024\/07\/Dich-vu-bao-on-lanh-2.png\" alt=\"\" width=\"530\" height=\"530\" title=\"\" srcset=\"https:\/\/achisonsafety.com.vn\/wp-content\/uploads\/2024\/07\/Dich-vu-bao-on-lanh-2.png 600w, https:\/\/achisonsafety.com.vn\/wp-content\/uploads\/2024\/07\/Dich-vu-bao-on-lanh-2-400x400.png 400w, https:\/\/achisonsafety.com.vn\/wp-content\/uploads\/2024\/07\/Dich-vu-bao-on-lanh-2-280x280.png 280w, https:\/\/achisonsafety.com.vn\/wp-content\/uploads\/2024\/07\/Dich-vu-bao-on-lanh-2-30x30.png 30w, https:\/\/achisonsafety.com.vn\/wp-content\/uploads\/2024\/07\/Dich-vu-bao-on-lanh-2-60x60.png 60w, https:\/\/achisonsafety.com.vn\/wp-content\/uploads\/2024\/07\/Dich-vu-bao-on-lanh-2-247x247.png 247w, https:\/\/achisonsafety.com.vn\/wp-content\/uploads\/2024\/07\/Dich-vu-bao-on-lanh-2-510x510.png 510w, https:\/\/achisonsafety.com.vn\/wp-content\/uploads\/2024\/07\/Dich-vu-bao-on-lanh-2-100x100.png 100w\" sizes=\"(max-width: 530px) 100vw, 530px\" \/><\/p>\n<p>D\u1ecbch v\u1ee5 b\u1ea3o \u00f4n l\u1ea1nh l\u00e0 gi\u1ea3i ph\u00e1p kh\u00f4ng th\u1ec3 thi\u1ebfu cho c\u00e1c doanh nghi\u1ec7p mu\u1ed1n t\u1ed1i \u01b0u h\u00f3a hi\u1ec7u qu\u1ea3 c\u00e1ch nhi\u1ec7t cho h\u1ec7 th\u1ed1ng l\u1ea1nh. V\u1edbi d\u1ecbch v\u1ee5 b\u1ea3o \u00f4n l\u1ea1nh c\u1ee7a C\u00f4ng Ty C\u1ed5 Ph\u1ea7n Achison, b\u1ea1n c\u00f3 th\u1ec3 ho\u00e0n to\u00e0n y\u00ean t\u00e2m v\u1ec1 ch\u1ea5t l\u01b0\u1ee3ng v\u00e0 hi\u1ec7u qu\u1ea3 c\u1ee7a h\u1ec7 th\u1ed1ng. H\u00e3y l\u1ef1a ch\u1ecdn d\u1ecbch v\u1ee5 c\u1ee7a ch\u00fang t\u00f4i \u0111\u1ec3 ti\u1ebft ki\u1ec7m n\u0103ng l\u01b0\u1ee3ng, gi\u1ea3m chi ph\u00ed v\u1eadn h\u00e0nh v\u00e0 b\u1ea3o v\u1ec7 thi\u1ebft b\u1ecb c\u1ee7a b\u1ea1n kh\u1ecfi nh\u1eefng t\u1ed5n th\u1ea5t nhi\u1ec7t kh\u00f4ng mong mu\u1ed1n.<\/p>\n<h3><strong>M\u1ed9t s\u1ed1 d\u1ef1 \u00e1n b\u1ea3o \u00f4n l\u1ea1nh ti\u00eau bi\u1ec3u<\/strong><\/h3>\n<p><img loading=\"lazy\" decoding=\"async\" class=\"alignnone size-full wp-image-9674\" src=\"https:\/\/achisonsafety.com.vn\/wp-content\/uploads\/2024\/07\/z5600497519726_b4d3a4e8f2d2dfa9e5c40d539d2ae6b4.jpg\" alt=\"D\u1ef1 \u00e1n tham kh\u1ea3o\" width=\"1353\" height=\"501\" title=\"\" srcset=\"https:\/\/achisonsafety.com.vn\/wp-content\/uploads\/2024\/07\/z5600497519726_b4d3a4e8f2d2dfa9e5c40d539d2ae6b4.jpg 1353w, https:\/\/achisonsafety.com.vn\/wp-content\/uploads\/2024\/07\/z5600497519726_b4d3a4e8f2d2dfa9e5c40d539d2ae6b4-800x296.jpg 800w, https:\/\/achisonsafety.com.vn\/wp-content\/uploads\/2024\/07\/z5600497519726_b4d3a4e8f2d2dfa9e5c40d539d2ae6b4-768x284.jpg 768w, https:\/\/achisonsafety.com.vn\/wp-content\/uploads\/2024\/07\/z5600497519726_b4d3a4e8f2d2dfa9e5c40d539d2ae6b4-81x30.jpg 81w, https:\/\/achisonsafety.com.vn\/wp-content\/uploads\/2024\/07\/z5600497519726_b4d3a4e8f2d2dfa9e5c40d539d2ae6b4-162x60.jpg 162w, https:\/\/achisonsafety.com.vn\/wp-content\/uploads\/2024\/07\/z5600497519726_b4d3a4e8f2d2dfa9e5c40d539d2ae6b4-510x189.jpg 510w\" sizes=\"(max-width: 1353px) 100vw, 1353px\" \/> <img loading=\"lazy\" decoding=\"async\" class=\"alignnone size-full wp-image-9676\" src=\"https:\/\/achisonsafety.com.vn\/wp-content\/uploads\/2024\/07\/z5600497541801_7c1901f5e2f13a5b9a8790f9c9d97025.jpg\" alt=\"D\u1ef1 \u00e1n tham kh\u1ea3o\" width=\"1360\" height=\"509\" title=\"\" srcset=\"https:\/\/achisonsafety.com.vn\/wp-content\/uploads\/2024\/07\/z5600497541801_7c1901f5e2f13a5b9a8790f9c9d97025.jpg 1360w, https:\/\/achisonsafety.com.vn\/wp-content\/uploads\/2024\/07\/z5600497541801_7c1901f5e2f13a5b9a8790f9c9d97025-800x299.jpg 800w, https:\/\/achisonsafety.com.vn\/wp-content\/uploads\/2024\/07\/z5600497541801_7c1901f5e2f13a5b9a8790f9c9d97025-768x287.jpg 768w, https:\/\/achisonsafety.com.vn\/wp-content\/uploads\/2024\/07\/z5600497541801_7c1901f5e2f13a5b9a8790f9c9d97025-80x30.jpg 80w, https:\/\/achisonsafety.com.vn\/wp-content\/uploads\/2024\/07\/z5600497541801_7c1901f5e2f13a5b9a8790f9c9d97025-160x60.jpg 160w, https:\/\/achisonsafety.com.vn\/wp-content\/uploads\/2024\/07\/z5600497541801_7c1901f5e2f13a5b9a8790f9c9d97025-510x191.jpg 510w\" sizes=\"(max-width: 1360px) 100vw, 1360px\" \/> <img loading=\"lazy\" decoding=\"async\" class=\"alignnone size-full wp-image-9678\" src=\"https:\/\/achisonsafety.com.vn\/wp-content\/uploads\/2024\/07\/z5600497541805_548e399bc95abea6b2ab14ca8ece5294.jpg\" alt=\"D\u1ef1 \u00e1n tham kh\u1ea3o\" width=\"1355\" height=\"503\" title=\"\" srcset=\"https:\/\/achisonsafety.com.vn\/wp-content\/uploads\/2024\/07\/z5600497541805_548e399bc95abea6b2ab14ca8ece5294.jpg 1355w, https:\/\/achisonsafety.com.vn\/wp-content\/uploads\/2024\/07\/z5600497541805_548e399bc95abea6b2ab14ca8ece5294-800x297.jpg 800w, https:\/\/achisonsafety.com.vn\/wp-content\/uploads\/2024\/07\/z5600497541805_548e399bc95abea6b2ab14ca8ece5294-768x285.jpg 768w, https:\/\/achisonsafety.com.vn\/wp-content\/uploads\/2024\/07\/z5600497541805_548e399bc95abea6b2ab14ca8ece5294-81x30.jpg 81w, https:\/\/achisonsafety.com.vn\/wp-content\/uploads\/2024\/07\/z5600497541805_548e399bc95abea6b2ab14ca8ece5294-162x60.jpg 162w, https:\/\/achisonsafety.com.vn\/wp-content\/uploads\/2024\/07\/z5600497541805_548e399bc95abea6b2ab14ca8ece5294-510x189.jpg 510w\" sizes=\"(max-width: 1355px) 100vw, 1355px\" \/><\/p>\n<h3><a href=\"https:\/\/achison.com\/\" rel=\"nofollow noopener\" target=\"_blank\"><strong>Gi\u1edbi thi\u1ec7u v\u1ec1 C\u00f4ng Ty C\u1ed5 Ph\u1ea7n Achison<\/strong><\/a><\/h3>\n<p>C\u00f4ng Ty C\u1ed5 Ph\u1ea7n Achison t\u1ef1 h\u00e0o l\u00e0 \u0111\u01a1n v\u1ecb ti\u00ean phong trong c\u00e1c gi\u1ea3i ph\u00e1p c\u00f4ng nghi\u1ec7p, \u0111\u1eb7c bi\u1ec7t l\u00e0 trong l\u0129nh v\u1ef1c b\u1ea3o \u00f4n v\u00e0 c\u00e1ch nhi\u1ec7t. Ch\u00fang t\u00f4i lu\u00f4n ti\u00ean phong trong vi\u1ec7c nghi\u00ean c\u1ee9u v\u00e0 \u1ee9ng d\u1ee5ng c\u00e1c c\u00f4ng ngh\u1ec7 m\u1edbi nh\u1ea5t, \u0111\u1ea3m b\u1ea3o mang l\u1ea1i hi\u1ec7u qu\u1ea3 cao nh\u1ea5t cho kh\u00e1ch h\u00e0ng. V\u1edbi \u0111\u1ed9i ng\u0169 k\u1ef9 thu\u1eadt vi\u00ean gi\u00e0u kinh nghi\u1ec7m v\u00e0 h\u1ec7 th\u1ed1ng qu\u1ea3n l\u00fd ch\u1ea5t l\u01b0\u1ee3ng nghi\u00eam ng\u1eb7t, Achison cam k\u1ebft cung c\u1ea5p s\u1ea3n ph\u1ea9m v\u00e0 d\u1ecbch v\u1ee5 \u0111\u1ea1t ti\u00eau chu\u1ea9n qu\u1ed1c t\u1ebf.<\/p>\n<p><img loading=\"lazy\" decoding=\"async\" class=\"size-full wp-image-9680 aligncenter\" src=\"https:\/\/achisonsafety.com.vn\/wp-content\/uploads\/2024\/07\/423584510_827213686083786_8276229236320818572_n-1.jpg\" alt=\"C\u00f4ng Ty C\u1ed5 Ph\u1ea7n Achison\" width=\"2048\" height=\"1365\" title=\"\" srcset=\"https:\/\/achisonsafety.com.vn\/wp-content\/uploads\/2024\/07\/423584510_827213686083786_8276229236320818572_n-1.jpg 2048w, https:\/\/achisonsafety.com.vn\/wp-content\/uploads\/2024\/07\/423584510_827213686083786_8276229236320818572_n-1-600x400.jpg 600w, https:\/\/achisonsafety.com.vn\/wp-content\/uploads\/2024\/07\/423584510_827213686083786_8276229236320818572_n-1-1200x800.jpg 1200w, https:\/\/achisonsafety.com.vn\/wp-content\/uploads\/2024\/07\/423584510_827213686083786_8276229236320818572_n-1-768x512.jpg 768w, https:\/\/achisonsafety.com.vn\/wp-content\/uploads\/2024\/07\/423584510_827213686083786_8276229236320818572_n-1-1536x1024.jpg 1536w, https:\/\/achisonsafety.com.vn\/wp-content\/uploads\/2024\/07\/423584510_827213686083786_8276229236320818572_n-1-45x30.jpg 45w, https:\/\/achisonsafety.com.vn\/wp-content\/uploads\/2024\/07\/423584510_827213686083786_8276229236320818572_n-1-90x60.jpg 90w, https:\/\/achisonsafety.com.vn\/wp-content\/uploads\/2024\/07\/423584510_827213686083786_8276229236320818572_n-1-510x340.jpg 510w\" sizes=\"(max-width: 2048px) 100vw, 2048px\" \/><\/p>\n<h3><strong>Li\u00ean h\u1ec7 v\u1edbi ch\u00fang t\u00f4i<\/strong><\/h3>\n<p>N\u1ebfu b\u1ea1n \u0111ang t\u00ecm ki\u1ebfm gi\u1ea3i ph\u00e1p c\u00e1ch nhi\u1ec7t hi\u1ec7u qu\u1ea3 cho c\u00f4ng tr\u00ecnh c\u1ee7a m\u00ecnh, h\u00e3y li\u00ean h\u1ec7 ngay v\u1edbi C\u00f4ng Ty C\u1ed5 Ph\u1ea7n Achison \u0111\u1ec3 \u0111\u01b0\u1ee3c t\u01b0 v\u1ea5n chi ti\u1ebft v\u1ec1 d\u1ecbch v\u1ee5 b\u1ea3o \u00f4n l\u1ea1nh v\u00e0 c\u00e1c gi\u1ea3i ph\u00e1p b\u1ea3o \u00f4n kh\u00e1c. Ch\u00fang t\u00f4i lu\u00f4n s\u1eb5n s\u00e0ng h\u1ed7 tr\u1ee3 v\u00e0 \u0111\u00e1p \u1ee9ng m\u1ecdi nhu c\u1ea7u c\u1ee7a b\u1ea1n.<\/p>\n<p><strong>Th\u00f4ng tin li\u00ean h\u1ec7:<\/strong><\/p>\n<ul>\n<li><strong>Website:<\/strong> <a href=\"http:\/\/www.achison.com\" target=\"_new\" rel=\"noreferrer noopener nofollow\">www.achison.com<\/a><\/li>\n<li><strong>Email:<\/strong> <a href=\"mailto:achisonjsc@achison.com\">achisonjsc@achison.com<\/a><\/li>\n<li><strong>Hotline:<\/strong> <a href=\"tel:0913820539\">0913 820 53<\/a><\/li>\n<\/ul>\n<h3><strong>L\u01b0u \u00fd khi s\u1eed d\u1ee5ng d\u1ecbch v\u1ee5 b\u1ea3o \u00f4n l\u1ea1nh<\/strong><\/h3>\n<ol>\n<li><strong>Ki\u1ec3m tra \u0111\u1ecbnh k\u1ef3<\/strong>: H\u1ec7 th\u1ed1ng b\u1ea3o \u00f4n c\u1ea7n \u0111\u01b0\u1ee3c ki\u1ec3m tra \u0111\u1ecbnh k\u1ef3 \u0111\u1ec3 \u0111\u1ea3m b\u1ea3o kh\u00f4ng c\u00f3 l\u1ed7 h\u1ed5ng ho\u1eb7c h\u01b0 h\u1ecfng, gi\u1eef cho hi\u1ec7u qu\u1ea3 c\u00e1ch nhi\u1ec7t lu\u00f4n \u1edf m\u1ee9c cao.<\/li>\n<li><strong>B\u1ea3o d\u01b0\u1ee1ng \u0111\u00fang c\u00e1ch<\/strong>: Tu\u00e2n th\u1ee7 h\u01b0\u1edbng d\u1eabn b\u1ea3o d\u01b0\u1ee1ng v\u00e0 s\u1eeda ch\u1eefa k\u1ecbp th\u1eddi n\u1ebfu ph\u00e1t hi\u1ec7n b\u1ea5t k\u1ef3 s\u1ef1 c\u1ed1 n\u00e0o \u0111\u1ec3 tr\u00e1nh \u1ea3nh h\u01b0\u1edfng \u0111\u1ebfn hi\u1ec7u su\u1ea5t h\u1ec7 th\u1ed1ng.<\/li>\n<li><strong>L\u1ef1a ch\u1ecdn v\u1eadt li\u1ec7u ph\u00f9 h\u1ee3p<\/strong>: Ch\u1ecdn \u0111\u00fang lo\u1ea1i v\u1eadt li\u1ec7u c\u00e1ch nhi\u1ec7t cho t\u1eebng ph\u1ea7n c\u1ee7a h\u1ec7 th\u1ed1ng l\u1ea1nh \u0111\u1ec3 \u0111\u1ea1t \u0111\u01b0\u1ee3c hi\u1ec7u qu\u1ea3 b\u1ea3o \u00f4n t\u1ed1i \u01b0u.<\/li>\n<li><strong>Thi c\u00f4ng chuy\u00ean nghi\u1ec7p<\/strong>: S\u1eed d\u1ee5ng \u0111\u1ed9i ng\u0169 thi c\u00f4ng chuy\u00ean nghi\u1ec7p \u0111\u1ec3 \u0111\u1ea3m b\u1ea3o qu\u00e1 tr\u00ecnh b\u1ea3o \u00f4n \u0111\u01b0\u1ee3c th\u1ef1c hi\u1ec7n ch\u00ednh x\u00e1c v\u00e0 hi\u1ec7u qu\u1ea3.<\/li>\n<\/ol>\n","protected":false},"excerpt":{"rendered":"<p>D\u1ecbch v\u1ee5 b\u1ea3o \u00f4n l\u1ea1nh c\u1ee7a C\u00f4ng Ty C\u1ed5 Ph\u1ea7n Achison mang \u0111\u1ebfn gi\u1ea3i ph\u00e1p c\u00e1ch nhi\u1ec7t hi\u1ec7u qu\u1ea3 cho c\u00e1c h\u1ec7 th\u1ed1ng l\u1ea1nh nh\u01b0 kho l\u1ea1nh, \u0111i\u1ec1u h\u00f2a kh\u00f4ng kh\u00ed v\u00e0 c\u00e1c \u1ee9ng d\u1ee5ng c\u00f4ng nghi\u1ec7p. Ch\u00fang t\u00f4i s\u1eed d\u1ee5ng c\u00e1c v\u1eadt li\u1ec7u c\u00e1ch nhi\u1ec7t ti\u00ean ti\u1ebfn, gi\u00fap gi\u1ea3m thi\u1ec3u t\u1ed5n th\u1ea5t nhi\u1ec7t, ti\u1ebft ki\u1ec7m n\u0103ng l\u01b0\u1ee3ng v\u00e0 t\u0103ng c\u01b0\u1eddng tu\u1ed5i th\u1ecd thi\u1ebft b\u1ecb.<\/p>\n","protected":false},"featured_media":9670,"comment_status":"open","ping_status":"closed","template":"","meta":[],"product_cat":[852],"product_tag":[188,187,184,338],"class_list":{"0":"post-9667","1":"product","2":"type-product","3":"status-publish","4":"has-post-thumbnail","6":"product_cat-dich-vu-bao-on","7":"product_tag-nganh-dau-khi-khai-khoang-dong-tau-cang-bien-hang-khong","8":"product_tag-nganh-duoc-duoc-pham-benh-vien","9":"product_tag-nganh-gia-cong-kim-loai","10":"product_tag-nganh-khai-thac-va-che-bien-go-noi-that","11":"yith_product_brand-thuong-hieu-khac","13":"first","14":"instock","15":"shipping-taxable","16":"product-type-simple"},"acf":[],"_links":{"self":[{"href":"https:\/\/achisonsafety.com.vn\/en\/wp-json\/wp\/v2\/product\/9667"}],"collection":[{"href":"https:\/\/achisonsafety.com.vn\/en\/wp-json\/wp\/v2\/product"}],"about":[{"href":"https:\/\/achisonsafety.com.vn\/en\/wp-json\/wp\/v2\/types\/product"}],"replies":[{"embeddable":true,"href":"https:\/\/achisonsafety.com.vn\/en\/wp-json\/wp\/v2\/comments?post=9667"}],"wp:featuredmedia":[{"embeddable":true,"href":"https:\/\/achisonsafety.com.vn\/en\/wp-json\/wp\/v2\/media\/9670"}],"wp:attachment":[{"href":"https:\/\/achisonsafety.com.vn\/en\/wp-json\/wp\/v2\/media?parent=9667"}],"wp:term":[{"taxonomy":"product_cat","embeddable":true,"href":"https:\/\/achisonsafety.com.vn\/en\/wp-json\/wp\/v2\/product_cat?post=9667"},{"taxonomy":"product_tag","embeddable":true,"href":"https:\/\/achisonsafety.com.vn\/en\/wp-json\/wp\/v2\/product_tag?post=9667"}],"curies":[{"name":"wp","href":"https:\/\/api.w.org\/{rel}","templated":true}]}}