{"id":9686,"date":"2024-07-04T13:59:12","date_gmt":"2024-07-04T06:59:12","guid":{"rendered":"https:\/\/achisonsafety.com.vn\/?post_type=product&#038;p=9686"},"modified":"2026-04-01T09:57:21","modified_gmt":"2026-04-01T02:57:21","slug":"dich-vu-bao-on-hydro-long-dam-bao-an-toan-va-hieu-qua-cho-he-thong-chua-hydro","status":"publish","type":"product","link":"https:\/\/achisonsafety.com.vn\/en\/san-pham\/dich-vu-bao-on-hydro-long-dam-bao-an-toan-va-hieu-qua-cho-he-thong-chua-hydro\/","title":{"rendered":"D\u1ecbch v\u1ee5 b\u1ea3o \u00f4n hydro l\u1ecfng &#8211; \u0110\u1ea3m b\u1ea3o an to\u00e0n v\u00e0 hi\u1ec7u qu\u1ea3 cho h\u1ec7 th\u1ed1ng ch\u1ee9a hydro"},"content":{"rendered":"<p>Hydro l\u1ecfng l\u00e0 m\u1ed9t ch\u1ea5t d\u1ec5 bay h\u01a1i v\u00e0 y\u00eau c\u1ea7u nhi\u1ec7t \u0111\u1ed9 c\u1ef1c th\u1ea5p \u0111\u1ec3 duy tr\u00ec tr\u1ea1ng th\u00e1i l\u1ecfng. Vi\u1ec7c b\u1ea3o \u00f4n cho h\u1ec7 th\u1ed1ng ch\u1ee9a hydro l\u1ecfng \u0111\u00f2i h\u1ecfi ph\u1ea3i s\u1eed d\u1ee5ng c\u00e1c v\u1eadt li\u1ec7u c\u00e1ch nhi\u1ec7t ch\u1ea5t l\u01b0\u1ee3ng cao v\u00e0 k\u1ef9 thu\u1eadt thi c\u00f4ng chuy\u00ean nghi\u1ec7p. Tuy nhi\u00ean, nhi\u1ec1u doanh nghi\u1ec7p g\u1eb7p kh\u00f3 kh\u0103n trong vi\u1ec7c duy tr\u00ec nhi\u1ec7t \u0111\u1ed9 c\u1ea7n thi\u1ebft v\u00e0 ng\u0103n ch\u1eb7n t\u1ed5n th\u1ea5t nhi\u1ec7t, d\u1eabn \u0111\u1ebfn nguy c\u01a1 an to\u00e0n v\u00e0 t\u0103ng chi ph\u00ed v\u1eadn h\u00e0nh. \u0110\u1ec3 gi\u1ea3i quy\u1ebft nh\u1eefng v\u1ea5n \u0111\u1ec1 n\u00e0y, c\u1ea7n c\u00f3 m\u1ed9t <a href=\"https:\/\/achisonsafety.com.vn\/danh-muc-san-pham\/bao-ve-co-so-ha-tang-va-moi-truong\/bao-on-cong-nghiep\/\">d\u1ecbch v\u1ee5 b\u1ea3o \u00f4n hydro l\u1ecfng<\/a> chuy\u00ean nghi\u1ec7p v\u00e0 hi\u1ec7u qu\u1ea3.<\/p>\n<p><img loading=\"lazy\" decoding=\"async\" class=\"alignnone wp-image-9687 size-full\" src=\"https:\/\/achisonsafety.com.vn\/wp-content\/uploads\/2024\/07\/hydro-long-1-e1720075578799.jpg\" alt=\"hydro-long-(1)\" width=\"1920\" height=\"1118\" title=\"\" srcset=\"https:\/\/achisonsafety.com.vn\/wp-content\/uploads\/2024\/07\/hydro-long-1-e1720075578799.jpg 1920w, https:\/\/achisonsafety.com.vn\/wp-content\/uploads\/2024\/07\/hydro-long-1-e1720075578799-687x400.jpg 687w, https:\/\/achisonsafety.com.vn\/wp-content\/uploads\/2024\/07\/hydro-long-1-e1720075578799-1374x800.jpg 1374w, https:\/\/achisonsafety.com.vn\/wp-content\/uploads\/2024\/07\/hydro-long-1-e1720075578799-768x447.jpg 768w, https:\/\/achisonsafety.com.vn\/wp-content\/uploads\/2024\/07\/hydro-long-1-e1720075578799-1536x894.jpg 1536w, https:\/\/achisonsafety.com.vn\/wp-content\/uploads\/2024\/07\/hydro-long-1-e1720075578799-52x30.jpg 52w, https:\/\/achisonsafety.com.vn\/wp-content\/uploads\/2024\/07\/hydro-long-1-e1720075578799-103x60.jpg 103w, https:\/\/achisonsafety.com.vn\/wp-content\/uploads\/2024\/07\/hydro-long-1-e1720075578799-510x297.jpg 510w\" sizes=\"(max-width: 1920px) 100vw, 1920px\" \/><\/p>\n<h3><strong>Gi\u1ea3i Ph\u00e1p D\u00e0nh Cho Vi\u1ec7c L\u01b0u Tr\u1eef Hydro L\u1ecfng?<\/strong><\/h3>\n<p>D\u1ecbch v\u1ee5 b\u1ea3o \u00f4n hydro l\u1ecfng cung c\u1ea5p gi\u1ea3i ph\u00e1p to\u00e0n di\u1ec7n \u0111\u1ec3 b\u1ea3o v\u1ec7 h\u1ec7 th\u1ed1ng ch\u1ee9a hydro l\u1ecfng kh\u1ecfi t\u1ed5n th\u1ea5t nhi\u1ec7t v\u00e0 \u0111\u1ea3m b\u1ea3o an to\u00e0n. Ch\u00fang t\u00f4i s\u1eed d\u1ee5ng c\u00e1c v\u1eadt li\u1ec7u c\u00e1ch nhi\u1ec7t ti\u00ean ti\u1ebfn nh\u01b0 b\u00f4ng kho\u00e1ng, foam c\u00e1ch nhi\u1ec7t v\u00e0 c\u00e1c lo\u1ea1i v\u1eadt li\u1ec7u \u0111\u1eb7c bi\u1ec7t kh\u00e1c \u0111\u1ec3 t\u1ea1o ra m\u1ed9t l\u1edbp b\u1ea3o \u00f4n hi\u1ec7u qu\u1ea3. Quy tr\u00ecnh thi c\u00f4ng \u0111\u01b0\u1ee3c th\u1ef1c hi\u1ec7n b\u1edfi \u0111\u1ed9i ng\u0169 k\u1ef9 thu\u1eadt vi\u00ean gi\u00e0u kinh nghi\u1ec7m, \u0111\u1ea3m b\u1ea3o m\u1ed7i chi ti\u1ebft c\u1ee7a h\u1ec7 th\u1ed1ng \u0111\u1ec1u \u0111\u01b0\u1ee3c c\u00e1ch nhi\u1ec7t ho\u00e0n h\u1ea3o.<\/p>\n<p><strong>V\u1eadt li\u1ec7u c\u00e1ch nhi\u1ec7t cho h\u1ec7 th\u1ed1ng x\u1eed l\u00fd v\u00e0 l\u01b0u tr\u1eef Hydro l\u1ecfng \u1edf -252,87 \u0111\u1ed9 C l\u00e0 g\u00ec?<\/strong><br \/>\nC\u00f4ng Ty C\u1ed5 Ph\u1ea7n Achison \u0111ang nghi\u00ean c\u1ee9u v\u00e0 ph\u00e1t tri\u1ec3n h\u1ec7 v\u1eadt li\u1ec7u c\u00e1ch nhi\u1ec7t si\u00eau l\u1ea1nh cho Hydro l\u1ecfng, g\u1ed3m nhi\u1ec1u l\u1edbp kh\u00e1c nhau<\/p>\n<p><img loading=\"lazy\" decoding=\"async\" class=\" wp-image-9691 aligncenter\" src=\"https:\/\/achisonsafety.com.vn\/wp-content\/uploads\/2024\/07\/Dich-vu-bao-on-hydro-long.png\" alt=\"\" width=\"412\" height=\"412\" title=\"\" srcset=\"https:\/\/achisonsafety.com.vn\/wp-content\/uploads\/2024\/07\/Dich-vu-bao-on-hydro-long.png 600w, https:\/\/achisonsafety.com.vn\/wp-content\/uploads\/2024\/07\/Dich-vu-bao-on-hydro-long-400x400.png 400w, https:\/\/achisonsafety.com.vn\/wp-content\/uploads\/2024\/07\/Dich-vu-bao-on-hydro-long-280x280.png 280w, https:\/\/achisonsafety.com.vn\/wp-content\/uploads\/2024\/07\/Dich-vu-bao-on-hydro-long-30x30.png 30w, https:\/\/achisonsafety.com.vn\/wp-content\/uploads\/2024\/07\/Dich-vu-bao-on-hydro-long-60x60.png 60w, https:\/\/achisonsafety.com.vn\/wp-content\/uploads\/2024\/07\/Dich-vu-bao-on-hydro-long-247x247.png 247w, https:\/\/achisonsafety.com.vn\/wp-content\/uploads\/2024\/07\/Dich-vu-bao-on-hydro-long-510x510.png 510w, https:\/\/achisonsafety.com.vn\/wp-content\/uploads\/2024\/07\/Dich-vu-bao-on-hydro-long-100x100.png 100w\" sizes=\"(max-width: 412px) 100vw, 412px\" \/><\/p>\n<p><strong>Cellular Glass (-268 \u0111\u1ed9 C)<\/strong><\/p>\n<ul>\n<li>Ph\u1ea1m vi nhi\u1ec7t \u0111\u1ed9 ho\u1ea1t \u0111\u1ed9ng: -268 \u0111\u1ebfn 482 \u0111\u1ed9 C<\/li>\n<li>Th\u00edch h\u1ee3p cho \u1ed1ng ch\u1ee9a l\u01b0u ch\u1ea5t Nito l\u1ecfng, Helium, Oxy v\u00e0 Hydro l\u1ecfng<\/li>\n<li>\u0110\u01b0\u1eddng \u1ed1ng v\u00e0 thi\u1ebft b\u1ecb LNG<\/li>\n<\/ul>\n<p><img loading=\"lazy\" decoding=\"async\" class=\"alignnone size-full wp-image-9695\" src=\"https:\/\/achisonsafety.com.vn\/wp-content\/uploads\/2024\/07\/z5600947092070_f7b8f43000937681da34c3069e9fecb4.jpg\" alt=\"V\u1eadt li\u1ec7u c\u00e1ch nhi\u1ec7t\" width=\"581\" height=\"333\" title=\"\" srcset=\"https:\/\/achisonsafety.com.vn\/wp-content\/uploads\/2024\/07\/z5600947092070_f7b8f43000937681da34c3069e9fecb4.jpg 581w, https:\/\/achisonsafety.com.vn\/wp-content\/uploads\/2024\/07\/z5600947092070_f7b8f43000937681da34c3069e9fecb4-52x30.jpg 52w, https:\/\/achisonsafety.com.vn\/wp-content\/uploads\/2024\/07\/z5600947092070_f7b8f43000937681da34c3069e9fecb4-105x60.jpg 105w, https:\/\/achisonsafety.com.vn\/wp-content\/uploads\/2024\/07\/z5600947092070_f7b8f43000937681da34c3069e9fecb4-510x292.jpg 510w\" sizes=\"(max-width: 581px) 100vw, 581px\" \/><\/p>\n<p><strong>Aerogel (-200 \u0111\u1ed9 C)<\/strong><\/p>\n<ul>\n<li>Ph\u1ea1m vi nhi\u1ec7t \u0111\u1ed9 ho\u1ea1t \u0111\u1ed9ng: -200 \u0111\u1ebfn 100 \u0111\u1ed9 C<\/li>\n<li>H\u1ec7 truy\u1ec1n nhi\u1ec7t c\u1ef1c th\u1ea5p \u2013 \u0110\u1ed9 d\u00e0y l\u1edbp b\u1ea3o \u00f4n m\u1ecfng h\u01a1n so v\u1edbi thi\u1ebft k\u1ebf<\/li>\n<li>\u0110\u00e3 \u0111\u01b0\u1ee3c \u1ee9ng d\u1ee5ng trong d\u1ecbch v\u1ee5 h\u00f3a l\u1ecfng v\u00e0 t\u00e1i h\u00f3a kh\u00ed LNG to\u00e0n c\u1ea7u<\/li>\n<\/ul>\n<p><img loading=\"lazy\" decoding=\"async\" class=\"alignnone size-full wp-image-9693\" src=\"https:\/\/achisonsafety.com.vn\/wp-content\/uploads\/2024\/07\/z5600947091944_aa3356657fac437d115d8acb0680336e.jpg\" alt=\"\" width=\"589\" height=\"345\" title=\"\" srcset=\"https:\/\/achisonsafety.com.vn\/wp-content\/uploads\/2024\/07\/z5600947091944_aa3356657fac437d115d8acb0680336e.jpg 589w, https:\/\/achisonsafety.com.vn\/wp-content\/uploads\/2024\/07\/z5600947091944_aa3356657fac437d115d8acb0680336e-51x30.jpg 51w, https:\/\/achisonsafety.com.vn\/wp-content\/uploads\/2024\/07\/z5600947091944_aa3356657fac437d115d8acb0680336e-102x60.jpg 102w, https:\/\/achisonsafety.com.vn\/wp-content\/uploads\/2024\/07\/z5600947091944_aa3356657fac437d115d8acb0680336e-510x299.jpg 510w\" sizes=\"(max-width: 589px) 100vw, 589px\" \/><\/p>\n<p>D\u1ecbch v\u1ee5 b\u1ea3o \u00f4n hydro l\u1ecfng c\u1ee7a C\u00f4ng Ty C\u1ed5 Ph\u1ea7n Achison kh\u00f4ng ch\u1ec9 \u0111\u1ea3m b\u1ea3o hi\u1ec7u qu\u1ea3 c\u00e1ch nhi\u1ec7t t\u1ed1i \u01b0u m\u00e0 c\u00f2n gi\u00fap t\u0103ng c\u01b0\u1eddng an to\u00e0n cho h\u1ec7 th\u1ed1ng ch\u1ee9a hydro l\u1ecfng. Ch\u00fang t\u00f4i cam k\u1ebft s\u1eed d\u1ee5ng c\u00e1c v\u1eadt li\u1ec7u c\u00e1ch nhi\u1ec7t ch\u1ea5t l\u01b0\u1ee3ng cao, tu\u00e2n th\u1ee7 c\u00e1c ti\u00eau chu\u1ea9n qu\u1ed1c t\u1ebf v\u00e0 \u00e1p d\u1ee5ng k\u1ef9 thu\u1eadt thi c\u00f4ng ti\u00ean ti\u1ebfn. \u0110\u1ed9i ng\u0169 k\u1ef9 thu\u1eadt vi\u00ean chuy\u00ean nghi\u1ec7p c\u1ee7a ch\u00fang t\u00f4i s\u1ebd th\u1ef1c hi\u1ec7n quy tr\u00ecnh b\u1ea3o \u00f4n m\u1ed9t c\u00e1ch t\u1ec9 m\u1ec9 v\u00e0 ch\u00ednh x\u00e1c, \u0111\u1ea3m b\u1ea3o r\u1eb1ng h\u1ec7 th\u1ed1ng c\u1ee7a b\u1ea1n lu\u00f4n ho\u1ea1t \u0111\u1ed9ng \u1ed5n \u0111\u1ecbnh v\u00e0 an to\u00e0n.<\/p>\n<p><img loading=\"lazy\" decoding=\"async\" class=\"alignnone size-full wp-image-9689\" src=\"https:\/\/achisonsafety.com.vn\/wp-content\/uploads\/2024\/07\/Dich-vu-bao-on-hydro-long-1.png\" alt=\"\" width=\"600\" height=\"600\" title=\"\" srcset=\"https:\/\/achisonsafety.com.vn\/wp-content\/uploads\/2024\/07\/Dich-vu-bao-on-hydro-long-1.png 600w, https:\/\/achisonsafety.com.vn\/wp-content\/uploads\/2024\/07\/Dich-vu-bao-on-hydro-long-1-400x400.png 400w, https:\/\/achisonsafety.com.vn\/wp-content\/uploads\/2024\/07\/Dich-vu-bao-on-hydro-long-1-280x280.png 280w, https:\/\/achisonsafety.com.vn\/wp-content\/uploads\/2024\/07\/Dich-vu-bao-on-hydro-long-1-30x30.png 30w, https:\/\/achisonsafety.com.vn\/wp-content\/uploads\/2024\/07\/Dich-vu-bao-on-hydro-long-1-60x60.png 60w, https:\/\/achisonsafety.com.vn\/wp-content\/uploads\/2024\/07\/Dich-vu-bao-on-hydro-long-1-247x247.png 247w, https:\/\/achisonsafety.com.vn\/wp-content\/uploads\/2024\/07\/Dich-vu-bao-on-hydro-long-1-510x510.png 510w, https:\/\/achisonsafety.com.vn\/wp-content\/uploads\/2024\/07\/Dich-vu-bao-on-hydro-long-1-100x100.png 100w\" sizes=\"(max-width: 600px) 100vw, 600px\" \/><\/p>\n<p><strong>L\u01b0u \u00fd khi s\u1eed d\u1ee5ng d\u1ecbch v\u1ee5 b\u1ea3o \u00f4n hydro l\u1ecfng<\/strong><\/p>\n<ol>\n<li><strong>Ki\u1ec3m tra \u0111\u1ecbnh k\u1ef3<\/strong>: H\u1ec7 th\u1ed1ng b\u1ea3o \u00f4n c\u1ea7n \u0111\u01b0\u1ee3c ki\u1ec3m tra \u0111\u1ecbnh k\u1ef3 \u0111\u1ec3 \u0111\u1ea3m b\u1ea3o kh\u00f4ng c\u00f3 l\u1ed7 h\u1ed5ng ho\u1eb7c h\u01b0 h\u1ecfng, gi\u1eef cho hi\u1ec7u qu\u1ea3 c\u00e1ch nhi\u1ec7t lu\u00f4n \u1edf m\u1ee9c cao.<\/li>\n<li><strong>B\u1ea3o d\u01b0\u1ee1ng \u0111\u00fang c\u00e1ch<\/strong>: Tu\u00e2n th\u1ee7 h\u01b0\u1edbng d\u1eabn b\u1ea3o d\u01b0\u1ee1ng v\u00e0 s\u1eeda ch\u1eefa k\u1ecbp th\u1eddi n\u1ebfu ph\u00e1t hi\u1ec7n b\u1ea5t k\u1ef3 s\u1ef1 c\u1ed1 n\u00e0o \u0111\u1ec3 tr\u00e1nh \u1ea3nh h\u01b0\u1edfng \u0111\u1ebfn hi\u1ec7u su\u1ea5t h\u1ec7 th\u1ed1ng.<\/li>\n<li><strong>L\u1ef1a ch\u1ecdn v\u1eadt li\u1ec7u ph\u00f9 h\u1ee3p<\/strong>: Ch\u1ecdn \u0111\u00fang lo\u1ea1i v\u1eadt li\u1ec7u c\u00e1ch nhi\u1ec7t cho t\u1eebng ph\u1ea7n c\u1ee7a h\u1ec7 th\u1ed1ng ch\u1ee9a hydro l\u1ecfng \u0111\u1ec3 \u0111\u1ea1t \u0111\u01b0\u1ee3c hi\u1ec7u qu\u1ea3 b\u1ea3o \u00f4n t\u1ed1i \u01b0u.<\/li>\n<li><strong>Thi c\u00f4ng chuy\u00ean nghi\u1ec7p<\/strong>: S\u1eed d\u1ee5ng \u0111\u1ed9i ng\u0169 thi c\u00f4ng chuy\u00ean nghi\u1ec7p \u0111\u1ec3 \u0111\u1ea3m b\u1ea3o qu\u00e1 tr\u00ecnh b\u1ea3o \u00f4n \u0111\u01b0\u1ee3c th\u1ef1c hi\u1ec7n ch\u00ednh x\u00e1c v\u00e0 hi\u1ec7u qu\u1ea3<\/li>\n<\/ol>\n<p>D\u1ecbch v\u1ee5 b\u1ea3o \u00f4n hydro l\u1ecfng l\u00e0 gi\u1ea3i ph\u00e1p kh\u00f4ng th\u1ec3 thi\u1ebfu cho c\u00e1c doanh nghi\u1ec7p mu\u1ed1n t\u1ed1i \u01b0u h\u00f3a hi\u1ec7u qu\u1ea3 c\u00e1ch nhi\u1ec7t v\u00e0 \u0111\u1ea3m b\u1ea3o an to\u00e0n cho h\u1ec7 th\u1ed1ng ch\u1ee9a hydro l\u1ecfng. V\u1edbi d\u1ecbch v\u1ee5 b\u1ea3o \u00f4n hydro l\u1ecfng c\u1ee7a C\u00f4ng Ty C\u1ed5 Ph\u1ea7n Achison, b\u1ea1n c\u00f3 th\u1ec3 ho\u00e0n to\u00e0n y\u00ean t\u00e2m v\u1ec1 ch\u1ea5t l\u01b0\u1ee3ng v\u00e0 hi\u1ec7u qu\u1ea3 c\u1ee7a h\u1ec7 th\u1ed1ng. H\u00e3y l\u1ef1a ch\u1ecdn d\u1ecbch v\u1ee5 c\u1ee7a ch\u00fang t\u00f4i \u0111\u1ec3 ti\u1ebft ki\u1ec7m n\u0103ng l\u01b0\u1ee3ng, gi\u1ea3m chi ph\u00ed v\u1eadn h\u00e0nh v\u00e0 b\u1ea3o v\u1ec7 thi\u1ebft b\u1ecb c\u1ee7a b\u1ea1n kh\u1ecfi nh\u1eefng t\u1ed5n th\u1ea5t nhi\u1ec7t kh\u00f4ng mong mu\u1ed1n.<\/p>\n<h3><a href=\"https:\/\/achison.com\/\" rel=\"nofollow noopener\" target=\"_blank\"><strong>Gi\u1edbi thi\u1ec7u v\u1ec1 C\u00f4ng Ty C\u1ed5 Ph\u1ea7n Achison<\/strong><\/a><\/h3>\n<p>C\u00f4ng Ty C\u1ed5 Ph\u1ea7n Achison t\u1ef1 h\u00e0o l\u00e0 \u0111\u01a1n v\u1ecb ti\u00ean phong trong c\u00e1c gi\u1ea3i ph\u00e1p c\u00f4ng nghi\u1ec7p, \u0111\u1eb7c bi\u1ec7t l\u00e0 trong l\u0129nh v\u1ef1c b\u1ea3o \u00f4n v\u00e0 c\u00e1ch nhi\u1ec7t. Ch\u00fang t\u00f4i lu\u00f4n ti\u00ean phong trong vi\u1ec7c nghi\u00ean c\u1ee9u v\u00e0 \u1ee9ng d\u1ee5ng c\u00e1c c\u00f4ng ngh\u1ec7 m\u1edbi nh\u1ea5t, \u0111\u1ea3m b\u1ea3o mang l\u1ea1i hi\u1ec7u qu\u1ea3 cao nh\u1ea5t cho kh\u00e1ch h\u00e0ng. V\u1edbi \u0111\u1ed9i ng\u0169 k\u1ef9 thu\u1eadt vi\u00ean gi\u00e0u kinh nghi\u1ec7m v\u00e0 h\u1ec7 th\u1ed1ng qu\u1ea3n l\u00fd ch\u1ea5t l\u01b0\u1ee3ng nghi\u00eam ng\u1eb7t, Achison cam k\u1ebft cung c\u1ea5p s\u1ea3n ph\u1ea9m v\u00e0 d\u1ecbch v\u1ee5 \u0111\u1ea1t ti\u00eau chu\u1ea9n qu\u1ed1c t\u1ebf.<\/p>\n<p><img loading=\"lazy\" decoding=\"async\" class=\"size-full wp-image-9680 aligncenter\" src=\"https:\/\/achisonsafety.com.vn\/wp-content\/uploads\/2024\/07\/423584510_827213686083786_8276229236320818572_n-1.jpg\" alt=\"C\u00f4ng Ty C\u1ed5 Ph\u1ea7n Achison\" width=\"2048\" height=\"1365\" title=\"\" srcset=\"https:\/\/achisonsafety.com.vn\/wp-content\/uploads\/2024\/07\/423584510_827213686083786_8276229236320818572_n-1.jpg 2048w, https:\/\/achisonsafety.com.vn\/wp-content\/uploads\/2024\/07\/423584510_827213686083786_8276229236320818572_n-1-600x400.jpg 600w, https:\/\/achisonsafety.com.vn\/wp-content\/uploads\/2024\/07\/423584510_827213686083786_8276229236320818572_n-1-1200x800.jpg 1200w, https:\/\/achisonsafety.com.vn\/wp-content\/uploads\/2024\/07\/423584510_827213686083786_8276229236320818572_n-1-768x512.jpg 768w, https:\/\/achisonsafety.com.vn\/wp-content\/uploads\/2024\/07\/423584510_827213686083786_8276229236320818572_n-1-1536x1024.jpg 1536w, https:\/\/achisonsafety.com.vn\/wp-content\/uploads\/2024\/07\/423584510_827213686083786_8276229236320818572_n-1-45x30.jpg 45w, https:\/\/achisonsafety.com.vn\/wp-content\/uploads\/2024\/07\/423584510_827213686083786_8276229236320818572_n-1-90x60.jpg 90w, https:\/\/achisonsafety.com.vn\/wp-content\/uploads\/2024\/07\/423584510_827213686083786_8276229236320818572_n-1-510x340.jpg 510w\" sizes=\"(max-width: 2048px) 100vw, 2048px\" \/><\/p>\n<h3><strong>Li\u00ean h\u1ec7 v\u1edbi ch\u00fang t\u00f4i<\/strong><\/h3>\n<p>N\u1ebfu b\u1ea1n \u0111ang t\u00ecm ki\u1ebfm gi\u1ea3i ph\u00e1p c\u00e1ch nhi\u1ec7t hi\u1ec7u qu\u1ea3 cho c\u00f4ng tr\u00ecnh c\u1ee7a m\u00ecnh, h\u00e3y li\u00ean h\u1ec7 ngay v\u1edbi C\u00f4ng Ty C\u1ed5 Ph\u1ea7n Achison \u0111\u1ec3 \u0111\u01b0\u1ee3c t\u01b0 v\u1ea5n chi ti\u1ebft v\u1ec1 d\u1ecbch v\u1ee5 b\u1ea3o \u00f4n l\u1ea1nh v\u00e0 c\u00e1c gi\u1ea3i ph\u00e1p b\u1ea3o \u00f4n kh\u00e1c. Ch\u00fang t\u00f4i lu\u00f4n s\u1eb5n s\u00e0ng h\u1ed7 tr\u1ee3 v\u00e0 \u0111\u00e1p \u1ee9ng m\u1ecdi nhu c\u1ea7u c\u1ee7a b\u1ea1n.<\/p>\n<p><strong>Th\u00f4ng tin li\u00ean h\u1ec7:<\/strong><\/p>\n<ul>\n<li><strong>Website:<\/strong>\u00a0<a href=\"http:\/\/www.achison.com\/\" target=\"_new\" rel=\"noreferrer noopener nofollow\">www.achison.com<\/a><\/li>\n<li><strong>Email:<\/strong>\u00a0<a href=\"mailto:achisonjsc@achison.com\">achisonjsc@achison.com<\/a><\/li>\n<li><strong>Hotline:<\/strong>\u00a0<a href=\"tel:0913820539\">0913 820 53<\/a><\/li>\n<\/ul>\n<p>&nbsp;<\/p>\n","protected":false},"excerpt":{"rendered":"<p>Ch\u00fang t\u00f4i s\u1eed d\u1ee5ng c\u00e1c v\u1eadt li\u1ec7u c\u00e1ch nhi\u1ec7t ti\u00ean ti\u1ebfn, gi\u00fap gi\u1ea3m thi\u1ec3u t\u1ed5n th\u1ea5t nhi\u1ec7t, ti\u1ebft ki\u1ec7m n\u0103ng l\u01b0\u1ee3ng v\u00e0 t\u0103ng c\u01b0\u1eddng tu\u1ed5i th\u1ecd thi\u1ebft b\u1ecb.<\/p>\n","protected":false},"featured_media":12327,"comment_status":"open","ping_status":"closed","template":"","meta":[],"product_cat":[852],"product_tag":[],"class_list":{"0":"post-9686","1":"product","2":"type-product","3":"status-publish","4":"has-post-thumbnail","6":"product_cat-dich-vu-bao-on","7":"yith_product_brand-thuong-hieu-khac","9":"first","10":"instock","11":"shipping-taxable","12":"product-type-simple"},"acf":[],"_links":{"self":[{"href":"https:\/\/achisonsafety.com.vn\/en\/wp-json\/wp\/v2\/product\/9686"}],"collection":[{"href":"https:\/\/achisonsafety.com.vn\/en\/wp-json\/wp\/v2\/product"}],"about":[{"href":"https:\/\/achisonsafety.com.vn\/en\/wp-json\/wp\/v2\/types\/product"}],"replies":[{"embeddable":true,"href":"https:\/\/achisonsafety.com.vn\/en\/wp-json\/wp\/v2\/comments?post=9686"}],"wp:featuredmedia":[{"embeddable":true,"href":"https:\/\/achisonsafety.com.vn\/en\/wp-json\/wp\/v2\/media\/12327"}],"wp:attachment":[{"href":"https:\/\/achisonsafety.com.vn\/en\/wp-json\/wp\/v2\/media?parent=9686"}],"wp:term":[{"taxonomy":"product_cat","embeddable":true,"href":"https:\/\/achisonsafety.com.vn\/en\/wp-json\/wp\/v2\/product_cat?post=9686"},{"taxonomy":"product_tag","embeddable":true,"href":"https:\/\/achisonsafety.com.vn\/en\/wp-json\/wp\/v2\/product_tag?post=9686"}],"curies":[{"name":"wp","href":"https:\/\/api.w.org\/{rel}","templated":true}]}}